{"id":212,"date":"2021-06-05T07:58:09","date_gmt":"2021-06-05T07:58:09","guid":{"rendered":"https:\/\/www.eliteprogram.ca\/fr\/?page_id=212"},"modified":"2021-07-06T03:15:59","modified_gmt":"2021-07-06T03:15:59","slug":"a-la-rencontre-de-lelite-dr-andre-mcdonald-directeur-du-programme-elite","status":"publish","type":"page","link":"https:\/\/www.eliteprogram.ca\/fr\/a-la-rencontre-de-lelite-dr-andre-mcdonald-directeur-du-programme-elite\/","title":{"rendered":"\u00c0 LA RENCONTRE de l\u2019\u00c9LITE : Dr Andr\u00e9 McDonald, Directeur du Programme ELITE"},"content":{"rendered":"\n\n\t\t\t\t<img loading=\"lazy\" decoding=\"async\" src=\"https:\/\/www.eliteprogram.ca\/fr\/wp-content\/uploads\/sites\/2\/2021\/05\/McDonald_Head-Shot-rotated.jpg\" alt=\"McDonald_Head Shot\" itemprop=\"image\" height=\"2000\" width=\"1500\" title=\"McDonald_Head Shot\" onerror=\"this.style.display='none'\"  \/>\n\t\n<p>18 mai 2021<\/p>\n\n<p>Apr\u00e8s avoir pass\u00e9 quelques minutes avec Dr McDonald, il est devenu clair pour moi que Dr. McDonald aime que les choses bougent.<\/p>\n<p>Le syst\u00e8me de courrier \u00e9lectronique du Dr McDonald ne fonctionnait pas bien pendant une de nos premi\u00e8res rencontres virtuelles. Au d\u00e9but, je n&#8217;arrivais pas \u00e0 saisir pleinement la frustration dans sa voix. Mais il m&#8217;a expliqu\u00e9 comment ce probl\u00e8me particulier finira par rallonger toutes ses t\u00e2ches du jour, au point o\u00f9 il accumulera un retard de 20 \u00e0 30 minutes d&#8217;ici la fin de la journ\u00e9e.<\/p>\n<p>Cette rigueur persistante est ce vous attendez d&#8217;un professeur de g\u00e9nie de l&#8217;Universit\u00e9 de l&#8217;Alberta ; elle r\u00e9v\u00e8le l&#8217;attitude que le Dr McDonald d\u00e9montre dans tous ses projets.<\/p>\n<p>C&#8217;est aussi la raison pour laquelle, je n&#8217;\u00e9tais pas surpris d&#8217;apprendre que le Dr. McDonald avait commenc\u00e9 \u00e0 pr\u00e9parer le programme ELITE pour la jeunesse noire tr\u00e8s t\u00f4t et en \u00e0 peine un an, ce programme est devenu une initiative florissante avec plus de 40 stagiaires, 40 responsables de stage, 4 commanditaires majeurs et des centaines de milliers de dollars de financement.<\/p>\n<p>J&#8217;ai vraiment commenc\u00e9 \u00e0 conceptualiser [ELITE] vers juin 2020 \u00bb, explique le Dr McDonald.\u00a0<\/p>\n<p>\u00ab Ce \u00e0 quoi je voulais contribuer, c&#8217;\u00e9tait l&#8217;\u00e9l\u00e9ment de formation int\u00e9gr\u00e9e au travail. Alors j&#8217;ai commenc\u00e9 \u00e0 penser \u00e0 le faire et \u00e0 me concentrer sur les STIM\u00a0\u00bb.\u00a0<\/p>\n<p>ELITE est en fait un acronyme pour Experiential Learning in Innovation, Technology and Entrepreneurship (en fran\u00e7ais Apprentissage Exp\u00e9rimental en Innovation, Technologie et Entrepreneuriat). Le programme est con\u00e7u pour initier les jeunes noirs \u00e0 des carri\u00e8res dans les STIM gr\u00e2ce \u00e0 des stages r\u00e9mun\u00e9r\u00e9s avec des leaders de l&#8217;industrie, tout en les pr\u00e9parant aux r\u00e9alit\u00e9s du march\u00e9 du travail et en leur offrant une formation en leadership, un accompagnement en bien-\u00eatre et une formation \u00e0 l&#8217;entrepreneuriat.\u00a0<\/p>\n<p>Offrir un programme de stage si complet peut para\u00eetre \u00eatre un choix \u00e9tonnant pour certains. Cependant, pour le Dr McDonald, c&#8217;est sa mani\u00e8re de s&#8217;assurer que les stagiaires b\u00e9n\u00e9ficient de tous les avantages possibles.\u00a0<\/p>\n<p>\u00ab La recherche a montr\u00e9 que les innovateurs ont tendance \u00e0 \u00eatre des entrepreneurs \u00bb, dit le Dr McDonald. \u00ab Nous voulons que tout \u00e9tudiant qui travaille en sciences et en ing\u00e9nierie commence \u00e0 penser, \u00e0 cr\u00e9er des choses, pas seulement \u00e0 analyser. Nous voulons qu&#8217;ils synth\u00e9tisent \u00e9galement. \u00bb\u00a0<\/p>\n<p>Il est surtout important pour lui que ces opportunit\u00e9s d&#8217;innover soient sp\u00e9cifiquement offertes aux jeunes noirs.\u00a0<\/p>\n<p>\u00ab Il n&#8217;y a pas beaucoup d&#8217;opportunit\u00e9s offertes aux jeunes noirs ou aux personnes noires qui les obligent \u00e0 innover \u00bb, dit le Dr McDonald. \u00ab Je veux que la jeunesse noire soit pr\u00e9sente et je veux qu&#8217;elle r\u00e9fl\u00e9chisse dans un sens d&#8217;innovation. Je veux\u00a0qu&#8217;elle r\u00e9fl\u00e9chisse \u00e0 la mani\u00e8re dont elle pourra tirer profit de l&#8217;apprentissage re\u00e7u gr\u00e2ce \u00e0 l&#8217;exp\u00e9rience int\u00e9gr\u00e9e au travail pour innover si possible, et ensuite commencer \u00e0 r\u00e9fl\u00e9chir \u00e0 comment cr\u00e9er une opportunit\u00e9 d&#8217;affaires avec les connaissances nouvelles en science, technologie et ing\u00e9nierie \u00bb.<\/p>\n<p>Le Dr McDonald esp\u00e8re qu&#8217;en \u00e9quipant la jeunesse noire avec des comp\u00e9tences n\u00e9cessaires pour devenir un entrepreneur &#8211; et non seulement des employ\u00e9s &#8211; sur un march\u00e9 du travail de plus en plus technique, les dipl\u00f4m\u00e9s du Programme ELITE pourront cr\u00e9er des opportunit\u00e9s non seulement pour eux-m\u00eames, mais aussi pour la communaut\u00e9 au sens large.<\/p>\n<p>\u00ab S&#8217;ils sont capables de le faire, alors cela renforce la durabilit\u00e9 \u00e0 long terme dans la communaut\u00e9 \u00bb, dit le Dr McDonald, parlant de l&#8217;effet d&#8217;entra\u00eenement de l&#8217;autonomisation des jeunes noirs. \u00ab Les noirs cr\u00e9eront ces opportunit\u00e9s d&#8217;entreprise ou d&#8217;affaires pour embaucher ensuite plus de noirs\u00a0; ceci cr\u00e9era ce beau syst\u00e8me sous-macro\u00e9conomique au sein de notre communaut\u00e9 \u00bb.<\/p>\n<p>Le programme ELITE en est peut-\u00eatre encore \u00e0 sa premi\u00e8re ann\u00e9e de fonctionnement, mais avec l&#8217;aide des facult\u00e9s des sciences et de l&#8217;ing\u00e9nierie de l&#8217;Universit\u00e9 de l&#8217;Alberta, des donateurs et du comit\u00e9 directeur du programme ELITE, le Dr McDonald est convaincu que le programme pourrait prendre un \u00e9lan.<\/p>\n<p>Ceci dit, comme vous pouvez vous en douter, le Dr McDonald se concentre en m\u00eame temps fermement sur le pr\u00e9sent du programme ELITE et son avenir.\u00a0<\/p>\n<p>\u00ab Nous soutenons actuellement environ 40 \u00e9tudiants, et nous aimerions augmenter ce nombre \u00e0 peut-\u00eatre 60 ou 80 d&#8217;ici l&#8217;ann\u00e9e prochaine et l&#8217;ann\u00e9e d&#8217;apr\u00e8s \u00bb, dit le Dr McDonald. \u00ab C&#8217;est ce \u00e0 quoi nous pensons en termes de prochaine \u00e9tape et de plan de d\u00e9veloppement durable. Pour vraiment faire cro\u00eetre la cohorte d&#8217;Edmonton et ensuite aussi pour s&#8217;\u00e9tendre au moins \u00e0 Ottawa et \u00e0 Montr\u00e9al dans un processus d&#8217;initiation graduelle pour l&#8217;expansion \u00e0 l&#8217;\u00e9chelle nationale.\u00a0<\/p>\n<p>Une \u00e9volution progressive, stable et constante. Connaissant le Dr McDonald, il ne s&#8217;attend \u00e0 rien de moins.<\/p>\n\n","protected":false},"excerpt":{"rendered":"<p>18 mai 2021 Apr\u00e8s avoir pass\u00e9 quelques minutes avec Dr McDonald, il est devenu clair pour moi que Dr. McDonald aime que les choses bougent. Le syst\u00e8me de courrier \u00e9lectronique du Dr McDonald ne fonctionnait pas bien pendant une de nos premi\u00e8res rencontres virtuelles. Au d\u00e9but, je n&#8217;arrivais pas \u00e0 saisir pleinement la frustration dans [&hellip;]<\/p>\n","protected":false},"author":1,"featured_media":0,"parent":0,"menu_order":0,"comment_status":"closed","ping_status":"closed","template":"","meta":{"footnotes":""},"class_list":["post-212","page","type-page","status-publish","hentry"],"_links":{"self":[{"href":"https:\/\/www.eliteprogram.ca\/fr\/wp-json\/wp\/v2\/pages\/212","targetHints":{"allow":["GET"]}}],"collection":[{"href":"https:\/\/www.eliteprogram.ca\/fr\/wp-json\/wp\/v2\/pages"}],"about":[{"href":"https:\/\/www.eliteprogram.ca\/fr\/wp-json\/wp\/v2\/types\/page"}],"author":[{"embeddable":true,"href":"https:\/\/www.eliteprogram.ca\/fr\/wp-json\/wp\/v2\/users\/1"}],"replies":[{"embeddable":true,"href":"https:\/\/www.eliteprogram.ca\/fr\/wp-json\/wp\/v2\/comments?post=212"}],"version-history":[{"count":3,"href":"https:\/\/www.eliteprogram.ca\/fr\/wp-json\/wp\/v2\/pages\/212\/revisions"}],"predecessor-version":[{"id":247,"href":"https:\/\/www.eliteprogram.ca\/fr\/wp-json\/wp\/v2\/pages\/212\/revisions\/247"}],"wp:attachment":[{"href":"https:\/\/www.eliteprogram.ca\/fr\/wp-json\/wp\/v2\/media?parent=212"}],"curies":[{"name":"wp","href":"https:\/\/api.w.org\/{rel}","templated":true}]}}