{"id":216,"date":"2021-06-05T08:04:33","date_gmt":"2021-06-05T08:04:33","guid":{"rendered":"https:\/\/www.eliteprogram.ca\/fr\/?page_id=216"},"modified":"2021-07-06T03:16:36","modified_gmt":"2021-07-06T03:16:36","slug":"a-la-rencontre-de-lelite-dr-adetola-adesida-co-directeur-du-programme-elite","status":"publish","type":"page","link":"https:\/\/www.eliteprogram.ca\/fr\/a-la-rencontre-de-lelite-dr-adetola-adesida-co-directeur-du-programme-elite\/","title":{"rendered":"\u00c0 La rencontre de l\u2019\u00c9LITE : Dr Adetola Adesida, Co-Directeur du Programme ELITE"},"content":{"rendered":"\n\n\t\t\t\t<img loading=\"lazy\" decoding=\"async\" src=\"https:\/\/www.eliteprogram.ca\/fr\/wp-content\/uploads\/sites\/2\/2021\/06\/Adesida-Article-Picture.jpeg\" alt=\"Adesida Article Picture\" itemprop=\"image\" height=\"450\" width=\"800\" title=\"Adesida Article Picture\" onerror=\"this.style.display='none'\"  \/>\n\t\n<p>25 mai 2021<\/p>\n\n<p>Il est peut-\u00eatre vrai que le Programme ELITE pour la jeunesse noire se trouve encore \u00e0 sa premi\u00e8re ann\u00e9e d&#8217;op\u00e9ration, mais pour le co-directeur, Professeur Adetola Adesida, l&#8217;accent mis sur le mentorat qui sous-tend le Programme a \u00e9t\u00e9 un th\u00e8me constant pendant ses plus de dix ann\u00e9es de carri\u00e8re.<\/p>\n<p>Dr Adesida, n\u00e9 et a grandi au Royaume Uni, a \u00e9tudi\u00e9 \u00e0 l&#8217;Universit\u00e9 d&#8217;Essex avant de compl\u00e9ter son doctorat \u00e0 l&#8217;Universit\u00e9 de Manchester. Ces exp\u00e9riences formatives lui ont donn\u00e9 l&#8217;occasion de se retrouver au Pays-Bas, \u00e0 l&#8217;H\u00f4pital universitaire de B\u00e2le, \u00e0 l&#8217;Universit\u00e9 Harvard, et \u00e9ventuellement au d\u00e9partement de chirurgie de l&#8217;Universit\u00e9 de l&#8217;Alberta. C&#8217;est aussi l&#8217;endroit o\u00f9 il a vu pour la premi\u00e8re fois l&#8217;importance du mentorat.<\/p>\n<p>\u00ab La raison pour laquelle le mentorat est si important pour moi, c&#8217;est parce que c&#8217;est la fa\u00e7on dont j&#8217;ai \u00e9t\u00e9 form\u00e9 au Royaume-Uni \u00bb, me dit Dr Adesida.<\/p>\n<p>Il raconte l&#8217;effet que cela a eu sur lui en tant que jeune universitaire, quand son superviseur du post-doctorat l&#8217;encourageait de mener des discussions et des pr\u00e9sentations, ainsi que de l&#8217;introduire aux leaders de l&#8217;industrie. Il se rappelle \u00e9galement de petits gestes, tel qu&#8217;un mot aimable ou un rendez-vous au d\u00e9jeuner honor\u00e9.<\/p>\n<p>Des d\u00e9cennies plus tard, Dr Adesida applique ces m\u00eames principes dans son propre laboratoire en dirigeant une \u00e9quipe d&#8217;\u00e9tudiants du doctorat, en clinique, du premier cycle et parfois au secondaire.<\/p>\n<p>\u00ab Je forme des \u00e9l\u00e8ves du secondaire dans mon laboratoire depuis la fin de 2009 \u00bb, dit Dr Adesida. \u00ab Ils commencent typiquement comme \u00e9tant des b\u00e9n\u00e9voles qui font des t\u00e2ches administratives, et c&#8217;est avec cette exp\u00e9rience qu&#8217;ils gagnent acc\u00e8s \u00e0 ce qui se d\u00e9roule dans le laboratoire. \u00bb\u00a0<\/p>\n<p>C&#8217;est un petit geste qui va tr\u00e8s loin. Au fil des ans, Dr Adesida a vu ses curieux \u00e9l\u00e8ves du secondaire passer du classement de documents dans son laboratoire, \u00e0 la fin de leurs programmes de r\u00e9sidence et devenir des chirurgiens.<\/p>\n<p>En ce qui concerne la meilleure fa\u00e7on d&#8217;encourager cette croissance, Dr Adesida croit fortement qu&#8217;il faut capitaliser sur les forces et les int\u00e9r\u00eats des \u00e9tudiants. Ces \u00e9tudiants sont chanceux, car il ne manque pas de sujets de recherche dans le laboratoire Adesida. Que les \u00e9tudiants soient int\u00e9ress\u00e9s par la m\u00e9canique de l&#8217;ing\u00e9nierie tissulaire, la science de la diff\u00e9renciation cellulaire, ou la recherche de pointe sur la \u00ab bio-impression \u00bb ou la recherche de meilleurs moyens pour cr\u00e9er du cartilage fonctionnel, Dr Adesida s&#8217;assure de garder une place \u00e0 la table de laboratoire pour ces chercheurs de demain.<\/p>\n<p>\u00ab Si vous allez au laboratoire, vous verrez parfois mes \u00e9tudiants \u00e0 neuf ou dix heures du soir toujours en train de travailler. \u00bb, dit Dr Adesida. \u00ab Je leur donne cette libert\u00e9 acad\u00e9mique afin de m&#8217;assurer que leur passion soit investie dans le domaine appropri\u00e9. Si c&#8217;est un \u00e9tudiant en g\u00e9nie, je lui donne un projet qui n\u00e9cessite beaucoup d&#8217;aptitude en ing\u00e9nierie. Si la personne vient d&#8217;une formation en biologie, je la mets dans un projet plut\u00f4t orient\u00e9 vers la biologie pour qu&#8217;elle puisse r\u00e9ellement s&#8217;\u00e9panouir et utiliser les connaissances de bases qu&#8217;elle aurait acquises. \u00bb<\/p>\n<p>\u00ab Pour quelle raison je le fais ? C&#8217;est \u00e0 cause de la passion. J&#8217;implique les \u00e9tudiants dans des choses qui les passionnent, pour que lorsqu&#8217;ils dorment la nuit, ils aient envie de reprendre le projet le matin. \u00bb<\/p>\n<p>En tant que Co-Directeur du Programme ELITE pour la jeunesse noire &#8211; qui a accueillie trois stagiaires dans son laboratoire cet \u00e9t\u00e9 &#8211; Dr Adesida cherche \u00e0 apporter cette m\u00eame combinaison de mentorat et modelage aux jeunes noirs qui sont int\u00e9ress\u00e9s par la science, la technologie, l&#8217;ing\u00e9nierie et les math\u00e9matiques.<\/p>\n<p>\u00ab Lorsqu&#8217;une personne comme moi s&#8217;implique au sein du Programme ELITE, les jeunes personnes noires ont la possibilit\u00e9 d&#8217;interagir avec ces mod\u00e8les. \u00bb, dit Dr Adesida. \u00ab Mais je pense que ce que le Programme ELITE fait surtout, c&#8217;est cr\u00e9er une occasion o\u00f9 la jeunesse noire peut non seulement identifier ses opportunit\u00e9s, mais aussi les vivre. Et ceci fait une grande diff\u00e9rence. \u00bb<\/p>\n\n","protected":false},"excerpt":{"rendered":"<p>25 mai 2021 Il est peut-\u00eatre vrai que le Programme ELITE pour la jeunesse noire se trouve encore \u00e0 sa premi\u00e8re ann\u00e9e d&#8217;op\u00e9ration, mais pour le co-directeur, Professeur Adetola Adesida, l&#8217;accent mis sur le mentorat qui sous-tend le Programme a \u00e9t\u00e9 un th\u00e8me constant pendant ses plus de dix ann\u00e9es de carri\u00e8re. Dr Adesida, n\u00e9 [&hellip;]<\/p>\n","protected":false},"author":1,"featured_media":0,"parent":0,"menu_order":0,"comment_status":"closed","ping_status":"closed","template":"","meta":{"footnotes":""},"class_list":["post-216","page","type-page","status-publish","hentry"],"_links":{"self":[{"href":"https:\/\/www.eliteprogram.ca\/fr\/wp-json\/wp\/v2\/pages\/216","targetHints":{"allow":["GET"]}}],"collection":[{"href":"https:\/\/www.eliteprogram.ca\/fr\/wp-json\/wp\/v2\/pages"}],"about":[{"href":"https:\/\/www.eliteprogram.ca\/fr\/wp-json\/wp\/v2\/types\/page"}],"author":[{"embeddable":true,"href":"https:\/\/www.eliteprogram.ca\/fr\/wp-json\/wp\/v2\/users\/1"}],"replies":[{"embeddable":true,"href":"https:\/\/www.eliteprogram.ca\/fr\/wp-json\/wp\/v2\/comments?post=216"}],"version-history":[{"count":3,"href":"https:\/\/www.eliteprogram.ca\/fr\/wp-json\/wp\/v2\/pages\/216\/revisions"}],"predecessor-version":[{"id":248,"href":"https:\/\/www.eliteprogram.ca\/fr\/wp-json\/wp\/v2\/pages\/216\/revisions\/248"}],"wp:attachment":[{"href":"https:\/\/www.eliteprogram.ca\/fr\/wp-json\/wp\/v2\/media?parent=216"}],"curies":[{"name":"wp","href":"https:\/\/api.w.org\/{rel}","templated":true}]}}