{"id":220,"date":"2021-06-05T08:11:14","date_gmt":"2021-06-05T08:11:14","guid":{"rendered":"https:\/\/www.eliteprogram.ca\/fr\/?page_id=220"},"modified":"2021-07-06T03:17:18","modified_gmt":"2021-07-06T03:17:18","slug":"a-la-rencontre-de-lelite-dre-sedami-gnidehou-chargee-des-affaires-francophones-du-programme-elite","status":"publish","type":"page","link":"https:\/\/www.eliteprogram.ca\/fr\/a-la-rencontre-de-lelite-dre-sedami-gnidehou-chargee-des-affaires-francophones-du-programme-elite\/","title":{"rendered":"\u00c0 la rencontre de l\u2019\u00c9LITE : Dre S\u00e9dami Gnidehou, Charg\u00e9e des affaires francophones du Programme ELITE"},"content":{"rendered":"\n\n\t\t\t\t<img loading=\"lazy\" decoding=\"async\" src=\"https:\/\/www.eliteprogram.ca\/fr\/wp-content\/uploads\/sites\/2\/2021\/06\/Sedami-Gnidehou.jpg\" alt=\"Sedami Gnidehou\" itemprop=\"image\" height=\"480\" width=\"421\" title=\"Sedami Gnidehou\" onerror=\"this.style.display='none'\"  \/>\n\t\n<p>14 juin 2021<\/p>\n\n<p>Dre S\u00e9dami Gnidehou est fi\u00e8re d&#8217;\u00eatre francophone et une scientifique, mais c&#8217;est s\u00fbr qu&#8217;elle n&#8217;appr\u00e9cie pas \u00eatre appel\u00e9e une scientifique francophone.<\/p>\n<p>\u00ab Je ne pense pas qu&#8217;il soit juste de nous qualifier de scientifiques francophones, parce que nous enseignons en fran\u00e7ais. Nous menons nos recherches en anglais et en fran\u00e7ais \u00e9galement \u00bb, m&#8217;explique Dre Gnidehou. \u00ab La plupart de mes collaborateurs ne sont pas francophones, et tu sais, la recherche ne renvoie pas \u00e0 la langue. La recherche renvoie \u00e0 une \u00e9quipe de recherche et un sujet de recherche. \u00bb<\/p>\n<p>Le commentaire de Dre Gnidehou serait difficile \u00e0 rejeter en toute instance. Mais, il est surtout convaincant si l&#8217;on consid\u00e8re l&#8217;ampleur de son exp\u00e9rience de recherche.<\/p>\n<p>N\u00e9e au B\u00e9nin, en Afrique de l&#8217;ouest, Dre Gnidehou quitte son pays natal pour la premi\u00e8re fois pour fr\u00e9quenter une universit\u00e9 en France. Sa recherche finie par lui donner l&#8217;occasion d&#8217;aller partout dans le monde et de s\u00e9journer en France, Danemark, Su\u00e8de, Kenya et en Colombie, avant de rejoindre le d\u00e9partement de biologie au Campus Saint-Jean en tant que professeure adjointe.<\/p>\n<p>Et quel est son domaine de recherche ? C&#8217;est la pathogen\u00e8se, c.-\u00e0-d. l&#8217;installation du paludisme chez les femmes enceintes, ainsi que la gestion du paludisme import\u00e9 au Canada. Ce sujet international est tr\u00e8s conforme \u00e0 son curriculum vitae international, et c&#8217;est s\u00fbr que ce n&#8217;est pas une carri\u00e8re scientifique qui peut \u00eatre expliqu\u00e9e par un caract\u00e8re unique.<\/p>\n<p>Ceci dit, Dre Gnidehou n&#8217;a pas toujours pu vivre si facilement au sein de l&#8217;intersection d&#8217;autant de cultures. En fait, au d\u00e9but de sa carri\u00e8re en recherche, elle se souvient souvent de s&#8217;\u00eatre sentie coinc\u00e9e.<\/p>\n<p>\u00ab C&#8217;\u00e9tait tellement difficile d&#8217;\u00eatre une doctorante noire en France \u00bb, dit Dre Gnidehou. \u00ab \u00c0 mon \u00e9poque, il \u00e9tait difficile d&#8217;obtenir une bourse ou une subvention ou quelque chose de la sorte. \u00bb\u00a0<\/p>\n<p>\u00ab Je me souviens avoir essay\u00e9 d&#8217;obtenir un poste dans un institut de recherche, et quelqu&#8217;un m&#8217;avait dit que je devrais retourner dans mon pays d&#8217;origine, puisque selon lui, je n&#8217;\u00e9tais pas admissible pour cette position. Mais je me suis dit : &#8216;Je suis citoyenne d&#8217;ici, alors je ne comprends pas en quoi je pourrai \u00eatre diff\u00e9rente d&#8217;une personne qui est n\u00e9e dans ce pays.&#8217; \u00bb<\/p>\n<p>Dre Gnidehou d\u00e9crit son exp\u00e9rience au Canada comme \u00e9tant beaucoup plus positive, mais elle reconna\u00eet encore l&#8217;importance de cr\u00e9er des opportunit\u00e9s pour ceux qui se sentiraient autrement exclus. Cette prise de conscience explique aussi pourquoi elle agit comme la Charg\u00e9e des affaires francophones du Programme ELITE.<\/p>\n<p>\u00ab Lorsque j&#8217;ai eu mon poste de professeur en 2015, j&#8217;ai constat\u00e9 qu&#8217;il n&#8217;y avait pas beaucoup d&#8217;\u00e9tudiants noirs dans notre laboratoire \u00bb, elle explique. \u00ab Et parmi ceux qui \u00e9taient l\u00e0, la plupart ne savait pas qu&#8217;ils pouvaient travailler dans un laboratoire \u00e0 un niveau professionnel. \u00bb<\/p>\n<p>Son r\u00f4le au sein du Programme ELITE qui change cette r\u00e9alit\u00e9 pour la jeunesse francophone noire, est ce qui a pouss\u00e9 Dre Gnidehou \u00e0 offrir des pr\u00e9sentations virtuelles aux \u00e9tudiants du secondaire lors du d\u00e9but du programme. C&#8217;est aussi ce qui l&#8217;a pouss\u00e9 \u00e0 accueillir trois stagiaires de la cohorte de cette ann\u00e9e, dans son laboratoire.<\/p>\n<p>C&#8217;est ce genre de r\u00f4le interm\u00e9diaire dans lequel Dre Gnidehou se sent la plus \u00e0 l&#8217;aise. Par ailleurs, apr\u00e8s avoir pass\u00e9 des ann\u00e9es \u00e0 enseigner dans le seul campus universitaire francophone dans l&#8217;ouest canadien, elle a appris \u00e0 comment \u00eatre un pont plut\u00f4t qu&#8217;un goulet d&#8217;\u00e9tranglement.<\/p>\n<p>Tout comme sa recherche, Dre Gnidehou esp\u00e8re voir le Programme ELITE devenir quelque chose qui transcende les fronti\u00e8res. Mais pour l&#8217;instant, elle veut s&#8217;assurer que la jeunesse francophone noire reconnaisse que le Programme est autant pour eux que pour les autres.<\/p>\n<p>\u00ab Je veux que la jeunesse francophone noire s&#8217;informe sur le Programme et profite de cette occasion unique pour s&#8217;impliquer \u00bb, dit-elle. \u00ab Le Programme ELITE est comme une graine, et dans trois \u00e0 cinq ans, je veux que le Programme ELITE soit un programme pancanadien pour la jeunesse noire. \u00bb<\/p>\n\n","protected":false},"excerpt":{"rendered":"<p>14 juin 2021 Dre S\u00e9dami Gnidehou est fi\u00e8re d&#8217;\u00eatre francophone et une scientifique, mais c&#8217;est s\u00fbr qu&#8217;elle n&#8217;appr\u00e9cie pas \u00eatre appel\u00e9e une scientifique francophone. \u00ab Je ne pense pas qu&#8217;il soit juste de nous qualifier de scientifiques francophones, parce que nous enseignons en fran\u00e7ais. Nous menons nos recherches en anglais et en fran\u00e7ais \u00e9galement \u00bb, [&hellip;]<\/p>\n","protected":false},"author":1,"featured_media":0,"parent":0,"menu_order":0,"comment_status":"closed","ping_status":"closed","template":"","meta":{"footnotes":""},"class_list":["post-220","page","type-page","status-publish","hentry"],"_links":{"self":[{"href":"https:\/\/www.eliteprogram.ca\/fr\/wp-json\/wp\/v2\/pages\/220","targetHints":{"allow":["GET"]}}],"collection":[{"href":"https:\/\/www.eliteprogram.ca\/fr\/wp-json\/wp\/v2\/pages"}],"about":[{"href":"https:\/\/www.eliteprogram.ca\/fr\/wp-json\/wp\/v2\/types\/page"}],"author":[{"embeddable":true,"href":"https:\/\/www.eliteprogram.ca\/fr\/wp-json\/wp\/v2\/users\/1"}],"replies":[{"embeddable":true,"href":"https:\/\/www.eliteprogram.ca\/fr\/wp-json\/wp\/v2\/comments?post=220"}],"version-history":[{"count":3,"href":"https:\/\/www.eliteprogram.ca\/fr\/wp-json\/wp\/v2\/pages\/220\/revisions"}],"predecessor-version":[{"id":249,"href":"https:\/\/www.eliteprogram.ca\/fr\/wp-json\/wp\/v2\/pages\/220\/revisions\/249"}],"wp:attachment":[{"href":"https:\/\/www.eliteprogram.ca\/fr\/wp-json\/wp\/v2\/media?parent=220"}],"curies":[{"name":"wp","href":"https:\/\/api.w.org\/{rel}","templated":true}]}}