{"id":241,"date":"2021-07-01T11:06:41","date_gmt":"2021-07-01T11:06:41","guid":{"rendered":"https:\/\/www.eliteprogram.ca\/fr\/?page_id=241"},"modified":"2022-02-10T21:19:53","modified_gmt":"2022-02-10T21:19:53","slug":"a-la-rencontre-de-lelite-dre-sophie-yohani-chargee-de-lencadrement-et-du-soutien","status":"publish","type":"page","link":"https:\/\/www.eliteprogram.ca\/fr\/a-la-rencontre-de-lelite-dre-sophie-yohani-chargee-de-lencadrement-et-du-soutien\/","title":{"rendered":"\u00c0 la rencontre de l\u2019\u00c9LITE : Dre Sophie Yohani, Charg\u00e9e de l&#8217;encadrement et du soutien"},"content":{"rendered":"\n<img loading=\"lazy\" decoding=\"async\" src=\"https:\/\/www.eliteprogram.ca\/fr\/wp-content\/uploads\/sites\/2\/2021\/07\/Sophie-Yohani_Head-Shot.png\" alt=\"Sophie Yohani_Head Shot\" height=\"420\" width=\"342\" title=\"Sophie Yohani_Head Shot\">\n\t\n<p>23 juin 2021<\/p>\n<p>M\u00eame s&#8217;il existe d&#8217;autres programmes de stages qui se focalisent sur l&#8217;apprentissage pratique, l&#8217;acquisition de comp\u00e9tences et le mentorat professionnel, ce qui diff\u00e9rencie le Programme ELITE pour la jeunesse noire des autres est son caract\u00e8re holistique. Il est tr\u00e8s rare que le repos, le travail et le loisir existent dans le m\u00eame cadre. Mais avec ELITE, le d\u00e9veloppement personnel et professionnel sont les deux c\u00f4t\u00e9s de la m\u00eame m\u00e9daille. Ces caract\u00e9ristiques constituent la base de la philosophie organisationnelle d&#8217;ELITE. Mais si vous voulez les voir sous sa forme la plus nette, vous n&#8217;avez pas \u00e0 chercher plus loin que Dre Sophie Yohani.<\/p>\n<p>\u00c9tant la Charg\u00e9e de l&#8217;encadrement et du soutien, Dre Yohani aide les stagiaires \u00e0 tisser des liens entre leur placement professionnel et les autres dimensions de leurs vies. Un exemple concret s&#8217;agit du fait qu&#8217;elle encadre des groupes de discussion avec les stagiaires du Programme ELITE qui sont anim\u00e9es par des psychologues provisoires.<\/p>\n<p>\u00ab Ce qui est int\u00e9ressant est que le programme de bien-\u00eatre est aussi un programme de mentorat \u00bb, exprime Dre Yohani, qui est psychologue agr\u00e9\u00e9e et professeure dans le d\u00e9partement de Psychologie \u00e9ducative \u00e0 l&#8217;Universit\u00e9 de l&#8217;Alberta. \u00ab&nbsp;La personne qui anime les discussions de groupe est une psychologue provisoire &#8211; signifiant qu&#8217;elle est en cours d&#8217;obtention de sa licence &#8211; et qu&#8217;elle est supervis\u00e9e et encadr\u00e9e par moi. Alors, ceci constitue \u00e9galement une occasion pour elle de partager son exp\u00e9rience et ses connaissances. \u00bb<\/p>\n<p>\u00c0 partir de mai 2021, les stagiaires du Programme ELITE faisant des \u00e9tudes universitaires ont \u00e9t\u00e9 divis\u00e9s dans deux groupes de discussion portant sur le bien-\u00eatre et l&#8217;encadrement. Ces stagiaires se rencontrent virtuellement deux fois par semaine pour discuter de sujets tels que : la gestion du stress, la r\u00e9silience, le bien-\u00eatre, et l&#8217;acc\u00e8s aux ressources de sant\u00e9 mentale. Les groupes ont \u00e9t\u00e9 structur\u00e9s de fa\u00e7on \u00e0 inclure des stagiaires d&#8217;origine, d&#8217;int\u00e9r\u00eats et d&#8217;identit\u00e9s divers. Les sujets de discussion ont \u00e9t\u00e9 choisis \u00e0 l&#8217;aide d&#8217;un comit\u00e9 consultatif communautaire. Dre Yohani a mis une emphase sur l&#8217;aspect collaboratif \u00e0 travers chaque \u00e9tape de l&#8217;\u00e9laboration du curriculum, ce qui a permet d&#8217;avoir des groupes de discussion participatifs plut\u00f4t que prescriptifs. La r\u00e9troaction des stagiaires est aussi en train d&#8217;\u00eatre collect\u00e9e pour am\u00e9liorer les futurs groupes de bien-\u00eatre et d&#8217;encadrement.<\/p>\n<p>\u00ab C&#8217;est ce qu&#8217;on appelle : la recherche participative communautaire \u00bb, m&#8217;explique Dre Yohani. \u00ab&nbsp;C&#8217;est un cadre qui permet d&#8217;impliquer la future client\u00e8le d\u00e8s le d\u00e9but et m\u00eame pendant le processus d&#8217;initiation et de d\u00e9finition des objectifs. \u00bb<\/p>\n<p>Rester connect\u00e9 \u00e0 la communaut\u00e9 a \u00e9t\u00e9 un th\u00e8me commun \u00e0 travers la carri\u00e8re de Dre Yohani, qui a d\u00e9but\u00e9 avec son d\u00e9part de son pays natal, la Tanzanie, pour poursuivre des \u00e9tudes en psychologie aux \u00c9tats-Unis. Apr\u00e8s son arriv\u00e9e au Coll\u00e8ge Mont Holyoke au Massachusetts en tant qu&#8217;\u00e9tudiante internationale, elle a eu l&#8217;occasion de travailler avec la psychologue clinicienne de renomm\u00e9e mondiale Beverly Daniel Tatum, avant de venir compl\u00e9ter ses \u00e9tudes sup\u00e9rieures \u00e0 l&#8217;Universit\u00e9 de l&#8217;Alberta.<\/p>\n<p>24 ans plus tard, Dre Yohani s&#8217;occupe maintenant d&#8217;encadrer sa propre cohorte de futurs professionnels de la sant\u00e9 mentale. Aussi, elle fait de la recherche sur la sant\u00e9 mentale et l&#8217;adaptation psychosociale des r\u00e9fugi\u00e9s et des immigrants.<\/p>\n<p>R\u00e9cemment, Dre Yohani a \u00e9t\u00e9 octroy\u00e9e du prix annuel du Professorat Killam de l&#8217;Universit\u00e9 de l&#8217;Alberta. Ce prix reconna\u00eet l&#8217;excellence d&#8217;un individu dans son enseignement, sa recherche, ses publications ou la supervision d&#8217;\u00e9tudiants dipl\u00f4m\u00e9s ou du premier cycle, ainsi que les contributions \u00e0 la communaut\u00e9 en dehors de l&#8217;universit\u00e9. C&#8217;est un hommage appropri\u00e9 pour la carri\u00e8re de plus de deux d\u00e9cennies de Dre Yohani. Au cours de cette p\u00e9riode, elle a gard\u00e9 l&#8217;intention de non seulement soutenir sa communaut\u00e9, mais aussi de la faire cro\u00eetre.<\/p>\n<p>\u00ab Quand j&#8217;ai d\u00e9m\u00e9nag\u00e9 au Canada pour l&#8217;\u00e9cole sup\u00e9rieure, j&#8217;avais de bons superviseurs et personnes qui m&#8217;ont encadr\u00e9e. Toutefois, par exemple, je n&#8217;ai jamais eu un mentor psychologue noir \u00bb, dit Dre Yohani. \u00ab Alors, maintenant j&#8217;ai fait expr\u00e8s de fournir cette exp\u00e9rience pour de futurs psychologues. \u00bb<\/p>\n<p>\u00ab Une bonne chose qui m&#8217;a \u00e9t\u00e9 utile est le fait que j&#8217;ai toujours gard\u00e9 un pied fermement dans la communaut\u00e9 et l&#8217;autre sur le campus. \u00c0 cause du travail que je fais, j&#8217;ai \u00e9t\u00e9 capable de combler cette lacune du fait qu&#8217;il n&#8217;y ait pas plusieurs personnes qui font ce m\u00eame travail ou qui ont des ant\u00e9c\u00e9dents similaires. Je l&#8217;ai fait en travaillant avec les communaut\u00e9s et les collaborateurs communautaires en dehors de l&#8217;universit\u00e9. \u00bb<\/p>\n<p>Le rapprochement intercommunautaire fut un autre objectif principal de Dre Yohani lors de la conceptualisation des groupes de discussion pour les stagiaires. Malgr\u00e9 les ressemblances qui existent chez les v\u00e9cus des Canadiens noirs &#8211; surtout les jeunes personnes noires qui cherchent \u00e0 \u00e9voluer dans les domaines STIM &#8211; souvent la grande diversit\u00e9 qu&#8217;on y retrouve \u00e9galement est ignor\u00e9e. M\u00eame si leurs exp\u00e9riences v\u00e9cues se ressemblent sur certains plans, Dre Yohani souligne l&#8217;importance de consid\u00e9rer les mani\u00e8res dont elles divergent &#8211; surtout quand \u00e7a vient \u00e0 essayer de formuler une approche au bien-\u00eatre universelle.&nbsp;<\/p>\n<p>\u00ab Souvent, les jeunes personnes noires sont mal comprises et regroup\u00e9es dans une seule cat\u00e9gorie. Ainsi, certaines font face \u00e0 des d\u00e9fis identitaires et \u00e0 la fa\u00e7on dont elles veulent s&#8217;exprimer personnellement et professionnellement comparativement \u00e0 comment elles sont per\u00e7ues \u00bb, dit Dre Yohani. \u00ab J&#8217;esp\u00e8re que gr\u00e2ce \u00e0 ce programme de bien-\u00eatre, les stagiaires augmenteront leur sensibilisation, leurs connaissances, leurs comp\u00e9tences sur ce que le bien-\u00eatre signifie pour eux, ainsi qu&#8217;avoir une meilleure id\u00e9e des ressources disponibles au fur et \u00e0 mesure qu&#8217;ils progressent dans leurs carri\u00e8res. \u00bb<\/p>\n","protected":false},"excerpt":{"rendered":"<p>23 juin 2021 M\u00eame s&#8217;il existe d&#8217;autres programmes de stages qui se focalisent sur l&#8217;apprentissage pratique, l&#8217;acquisition de comp\u00e9tences et le mentorat professionnel, ce qui diff\u00e9rencie le Programme ELITE pour la jeunesse noire des autres est son caract\u00e8re holistique. Il est tr\u00e8s rare que le repos, le travail et le loisir existent dans le m\u00eame [&hellip;]<\/p>\n","protected":false},"author":1,"featured_media":0,"parent":0,"menu_order":0,"comment_status":"closed","ping_status":"closed","template":"","meta":{"footnotes":""},"class_list":["post-241","page","type-page","status-publish","hentry"],"_links":{"self":[{"href":"https:\/\/www.eliteprogram.ca\/fr\/wp-json\/wp\/v2\/pages\/241","targetHints":{"allow":["GET"]}}],"collection":[{"href":"https:\/\/www.eliteprogram.ca\/fr\/wp-json\/wp\/v2\/pages"}],"about":[{"href":"https:\/\/www.eliteprogram.ca\/fr\/wp-json\/wp\/v2\/types\/page"}],"author":[{"embeddable":true,"href":"https:\/\/www.eliteprogram.ca\/fr\/wp-json\/wp\/v2\/users\/1"}],"replies":[{"embeddable":true,"href":"https:\/\/www.eliteprogram.ca\/fr\/wp-json\/wp\/v2\/comments?post=241"}],"version-history":[{"count":4,"href":"https:\/\/www.eliteprogram.ca\/fr\/wp-json\/wp\/v2\/pages\/241\/revisions"}],"predecessor-version":[{"id":367,"href":"https:\/\/www.eliteprogram.ca\/fr\/wp-json\/wp\/v2\/pages\/241\/revisions\/367"}],"wp:attachment":[{"href":"https:\/\/www.eliteprogram.ca\/fr\/wp-json\/wp\/v2\/media?parent=241"}],"curies":[{"name":"wp","href":"https:\/\/api.w.org\/{rel}","templated":true}]}}