{"id":287,"date":"2021-08-17T06:50:46","date_gmt":"2021-08-17T06:50:46","guid":{"rendered":"https:\/\/www.eliteprogram.ca\/fr\/?page_id=287"},"modified":"2021-10-01T19:09:54","modified_gmt":"2021-10-01T19:09:54","slug":"leffet-elite-dr-hossein-rouhani-professeur-adjoint-a-luniversite-de-lalberta","status":"publish","type":"page","link":"https:\/\/www.eliteprogram.ca\/fr\/leffet-elite-dr-hossein-rouhani-professeur-adjoint-a-luniversite-de-lalberta\/","title":{"rendered":"L\u2019Effet ELITE : Dr Hossein Rouhani, Professeur adjoint \u00e0 l\u2019Universit\u00e9 de l\u2019Alberta"},"content":{"rendered":"\n\n\t\t\t\t<img loading=\"lazy\" decoding=\"async\" src=\"https:\/\/www.eliteprogram.ca\/fr\/wp-content\/uploads\/sites\/2\/2021\/08\/Rouhani-in-Lab.jpg\" alt=\"Ben Coxworth\/New Atlas\" itemprop=\"image\" height=\"960\" width=\"1440\" title=\"Rouhani in Lab\" onerror=\"this.style.display='none'\"  \/>\n\t\tBen Coxworth\/New Atlas\n\t\n<p>4 ao\u00fbt 2021\u00a0<\/p>\n<i>L&#8217;Effet ELITE est une s\u00e9rie o\u00f9 nous pr\u00e9sentons un des responsables de stages du Programme ELITE pour la jeunesse noire.<\/i>\n<p><a href=\"https:\/\/www.ncbl.ualberta.ca\/hossein-rouhani\">Dr Hossein Rouhani<\/a> est professeur adjoint \u00e0 la facult\u00e9 de g\u00e9nie \u00e0 l&#8217;Universit\u00e9 de l&#8217;Alberta. Dr Rouhani travaille \u00e0 l&#8217;Universit\u00e9 de l&#8217;Alberta depuis 2015, o\u00f9 il \u00e9tudie les sujets du g\u00e9nie biom\u00e9dical, la bio-m\u00e9catronique, la robotique et l&#8217;intelligence artificielle, ainsi que le d\u00e9veloppement de technologies portables dans le<a href=\"https:\/\/www.ncbl.ualberta.ca\"> Neuromuscular Control and Biomechanics Laboratory (NCBL)<\/a>.<\/p>\n<p>Malgr\u00e9 l&#8217;\u00e9tendue des sujets de recherche au NCBL, tout se trouve dans la recherche de l&#8217;\u00e9quipe de Rouhani sur les moyens de transformer les technologies portables des trackers de fitness g\u00e9n\u00e9raux en outils cliniques adapt\u00e9s. Pour pouvoir faire cette transformation, il faut avoir une compr\u00e9hension approfondie de la biom\u00e9canique et de l&#8217;instrumentation biom\u00e9dicale, ainsi que maintenir des relations avec des professionnels de la sant\u00e9, des athl\u00e8tes de haut niveau, et des experts de s\u00e9curit\u00e9 professionnelle.<\/p>\n<p>Le NCBL a aussi accueilli deux stagiaires du programme ELITE au cours de l&#8217;\u00e9t\u00e9, les exposant \u00e0 un environnement de recherche de haute puissance \u00e0 l&#8217;intersection de plusieurs disciplines de la STIM. Nous avons r\u00e9cemment rencontr\u00e9 le Dr Rouhani pour discuter de la fa\u00e7on dont il s&#8217;est impliqu\u00e9 dans le programme ELITE, de son exp\u00e9rience en tant que responsable de stage, des conseils qu&#8217;il donnerait \u00e0 d&#8217;autres h\u00f4tes potentiels int\u00e9ress\u00e9s par un partenariat avec le programme ELITE, et plus encore.\u00a0<\/p>\n\n\n<p>Dr Rouhani : Initialement, j&#8217;ai \u00e9t\u00e9 invit\u00e9 par Dr McDonald. Ensuite, un autre membre de la Facult\u00e9 de g\u00e9nie m&#8217;a parl\u00e9 et m&#8217;a demand\u00e9 si j&#8217;\u00e9tais int\u00e9ress\u00e9, et bien s\u00fbr j&#8217;\u00e9tais tr\u00e8s int\u00e9ress\u00e9.<\/p>\n<p>J&#8217;aime beaucoup quand on me demande de faire partie des programmes de stages, parce que je pense que c&#8217;est la bonne fa\u00e7on de faire les choses.\u00a0<\/p>\n\n<p>Dans tous les domaines, nous voyons actuellement des personnes qui travaillent et parlent \u00e0 propos de promouvoir l&#8217;\u00e9quit\u00e9, la diversit\u00e9 et l&#8217;inclusion, ce qui est g\u00e9nial. \u00c7a parait bien, c&#8217;est formidable, et il est vraiment temps que nous commencions \u00e0 le faire. Je crois aussi que plusieurs parmi nous sont \u00e0 un stade de d\u00e9veloppement personnel et professionnel o\u00f9 nous souhaitons cr\u00e9er un environnement &#8211; dans notre cas, c&#8217;est un environnement acad\u00e9mique &#8211; qui se concentre sur la diversit\u00e9, l&#8217;\u00e9quit\u00e9 et l&#8217;inclusion.<\/p>\n<p>Pourtant, il n&#8217;y a pas beaucoup de programmes qui existent qui ont un plan pour cr\u00e9er cette inclusion. Maintenant, il existe le Programme ELITE qui est unique pour les personnes qui ont l&#8217;intention de commencer \u00e0 cr\u00e9er ces environnements, parce que \u00e7a leur montre comment ils peuvent aider ; ce qui est tr\u00e8s important. Ceci dit, ce que j&#8217;appr\u00e9cie beaucoup du Programme ELITE est que \u00e7a soutient les individus de groupes dignes de l&#8217;\u00e9quit\u00e9 pour acqu\u00e9rir des connaissances, gagner plus d&#8217;exp\u00e9rience et apprendre comment \u00e9voluer au sein de sa carri\u00e8re professionnelle. Ce n&#8217;est pas seulement une opportunit\u00e9 \u00e0 court-terme, c&#8217;est une occasion d&#8217;apprendre comment se d\u00e9velopper continuellement.\u00a0<\/p>\n<p>Je crois aussi que la formation acad\u00e9mique devrait commencer \u00e0 un bas \u00e2ge. La cr\u00e9ation d&#8217;opportunit\u00e9s devrait commencer \u00e0 partir de l&#8217;\u00e9cole \u00e9l\u00e9mentaire, l&#8217;\u00e9cole secondaire, le premier cycle, le coll\u00e8ge, les \u00e9tudes sup\u00e9rieures et \u00e0 tous les niveaux. On ne devrait pas attendre \u00e0 ce qu&#8217;une personne ait gradu\u00e9e, avant qu&#8217;on ne d\u00e9cide de l&#8217;aider. Alors, quand j&#8217;ai vu le plan du Programme ELITE d&#8217;impliquer des \u00e9tudiants de l&#8217;\u00e9cole secondaire, du coll\u00e8ge et de l&#8217;universit\u00e9 j&#8217;ai pens\u00e9 que c&#8217;\u00e9tait g\u00e9nial. On ne le voit pas autant dans d&#8217;autres programmes, alors je suis ravi de pouvoir \u00eatre en partenariat avec ELITE.<\/p>\n\n<p>Les \u00e9tudiants s\u00e9lectionn\u00e9s par le programme ELITE sont sans doute exceptionnels. Vous n&#8217;avez pas vraiment besoin de les former, vu que d\u00e8s le d\u00e9but ils \u00e9taient exceptionnels.<\/p>\n<p>Ainsi, bien s\u00fbr les stages sont des opportunit\u00e9s pour les \u00e9tudiants ELITE d&#8217;apprendre \u00e0 propos de la recherche et le d\u00e9veloppement de la technologie, mais d&#8217;autre part, c&#8217;est aussi une superbe opportunit\u00e9 pour les stagiaires postdoctoraux et doctorants pour apprendre \u00e0 superviser des \u00e9tudiants du premier cycle. C&#8217;est tout simplement une occasion d&#8217;apprentissage pour tout le monde ; pour les \u00e9tudiants ELITE, les \u00e9tudiants dipl\u00f4m\u00e9s, les stagiaires post doctoraux et m\u00eame pour les superviseurs. C&#8217;est un programme tr\u00e8s bien organis\u00e9 qui a des r\u00e9sultats \u00e9tonnants et bons.<\/p>\n\n<p>Quand un \u00e9tudiant a de bonnes notes, on conna\u00eet les connaissances que la personne poss\u00e8de, mais on n&#8217;a aucune preuve pour savoir comment cette personne peut appliquer les connaissances qu&#8217;elle a acquises. Des programmes comme ELITE fournissent aux futurs employeurs des preuves s\u00fbres, significatives et objectives sur comment un \u00e9tudiant utilise ses ant\u00e9c\u00e9dents acad\u00e9miques dans des contextes de recherches avanc\u00e9es ou lorsqu&#8217;il est confront\u00e9 aux probl\u00e8mes du monde r\u00e9el. C&#8217;est la m\u00eame raison pour laquelle les projets de coop\u00e9ratives sont tr\u00e8s attrayants.<\/p>\n<p>Je pense aussi que la fa\u00e7on dont les projets ont \u00e9t\u00e9 assign\u00e9s par le Programme ELITE a \u00e9t\u00e9 tr\u00e8s bien fait, puisque nous voyons des \u00e9tudiants qui viennent au laboratoire et qui sont d\u00e9j\u00e0 bien pr\u00e9par\u00e9s pour ce que nous devons faire. Ceci permet aux stagiaires d&#8217;\u00eatre form\u00e9s d&#8217;une mani\u00e8re excellente.<\/p>\n\n<p>Je consid\u00e8re certainement les ant\u00e9c\u00e9dents acad\u00e9miques, mais aussi je regarde \u00e0 l&#8217;exp\u00e9rience et aux comp\u00e9tences pratiques. Ceci peut \u00eatre des comp\u00e9tences pratiques et techniques, ou m\u00eame des \u00ab soft skills \u00bb tels que la communication interpersonnelle, le leadership et le travail d&#8217;\u00e9quipe. Ils sont tous importants. La motivation du futur membre d&#8217;\u00e9quipe serait aussi un facteur important, et bien-s\u00fbr parler avec les r\u00e9f\u00e9rences.<\/p>\n\n<p>Absolument. J&#8217;encourage fortement les gens \u00e0 devenir des h\u00f4tes de stage pour le programme ELITE, bien que d&#8217;un autre c\u00f4t\u00e9, je souhaite \u00e9galement avoir tous les stagiaires pour moi.\u00a0<\/p>\n\nMon seul v\u0153u pour le Programme ELITE est qu&#8217;il ait plus de postulants. Ceci dit, cela aura lieu naturellement au cours de la prochaine ann\u00e9e, au fur et \u00e0 mesure que le programme deviendra plus connu et que plus d&#8217;\u00e9tudiants commenceront \u00e0 s&#8217;int\u00e9resser.\n\n","protected":false},"excerpt":{"rendered":"<p>Ben Coxworth\/New Atlas 4 ao\u00fbt 2021\u00a0 L&#8217;Effet ELITE est une s\u00e9rie o\u00f9 nous pr\u00e9sentons un des responsables de stages du Programme ELITE pour la jeunesse noire. Dr Hossein Rouhani est professeur adjoint \u00e0 la facult\u00e9 de g\u00e9nie \u00e0 l&#8217;Universit\u00e9 de l&#8217;Alberta. Dr Rouhani travaille \u00e0 l&#8217;Universit\u00e9 de l&#8217;Alberta depuis 2015, o\u00f9 il \u00e9tudie les sujets [&hellip;]<\/p>\n","protected":false},"author":1,"featured_media":0,"parent":0,"menu_order":0,"comment_status":"closed","ping_status":"closed","template":"","meta":{"footnotes":""},"class_list":["post-287","page","type-page","status-publish","hentry"],"_links":{"self":[{"href":"https:\/\/www.eliteprogram.ca\/fr\/wp-json\/wp\/v2\/pages\/287","targetHints":{"allow":["GET"]}}],"collection":[{"href":"https:\/\/www.eliteprogram.ca\/fr\/wp-json\/wp\/v2\/pages"}],"about":[{"href":"https:\/\/www.eliteprogram.ca\/fr\/wp-json\/wp\/v2\/types\/page"}],"author":[{"embeddable":true,"href":"https:\/\/www.eliteprogram.ca\/fr\/wp-json\/wp\/v2\/users\/1"}],"replies":[{"embeddable":true,"href":"https:\/\/www.eliteprogram.ca\/fr\/wp-json\/wp\/v2\/comments?post=287"}],"version-history":[{"count":4,"href":"https:\/\/www.eliteprogram.ca\/fr\/wp-json\/wp\/v2\/pages\/287\/revisions"}],"predecessor-version":[{"id":301,"href":"https:\/\/www.eliteprogram.ca\/fr\/wp-json\/wp\/v2\/pages\/287\/revisions\/301"}],"wp:attachment":[{"href":"https:\/\/www.eliteprogram.ca\/fr\/wp-json\/wp\/v2\/media?parent=287"}],"curies":[{"name":"wp","href":"https:\/\/api.w.org\/{rel}","templated":true}]}}