{"id":344,"date":"2022-02-02T23:00:08","date_gmt":"2022-02-02T23:00:08","guid":{"rendered":"https:\/\/www.eliteprogram.ca\/fr\/?page_id=344"},"modified":"2022-02-04T00:25:55","modified_gmt":"2022-02-04T00:25:55","slug":"un-membre-du-comite-directeur-du-programme-elite-est-elu-comme-membre-de-iashrae","status":"publish","type":"page","link":"https:\/\/www.eliteprogram.ca\/fr\/un-membre-du-comite-directeur-du-programme-elite-est-elu-comme-membre-de-iashrae\/","title":{"rendered":"Un membre du Comit\u00e9 directeur du Programme ELITE est \u00e9lu comme membre de l\u2019ASHRAE"},"content":{"rendered":"\n<img loading=\"lazy\" decoding=\"async\" src=\"https:\/\/www.eliteprogram.ca\/fr\/wp-content\/uploads\/sites\/2\/2022\/02\/Magande-Headshot.jpg\" alt=\"Magande Headshot\" height=\"1568\" width=\"1045\" title=\"Magande Headshot\">\n\t<p><strong>Auteur : Tom Ndekezi [traduction de l&#8217;anglais au fran\u00e7ais]<\/strong><\/p>\n<p>31 janvier 2022<\/p>\n<i>Quand le directeur du Programme ELITE <a href=\"https:\/\/sites.ualberta.ca\/~andre2\/\">Andr\u00e9 McDonald<\/a> a besoin d&#8217;un deuxi\u00e8me avis, <a href=\"https:\/\/www.linkedin.com\/in\/hugh-magande-60b77a25\/\">Hugh Magande<\/a> est l&#8217;une des premi\u00e8res personnes qu&#8217;il appelle.<br>\n<\/i> \u00ab Dr McDonald et moi avons collabor\u00e9 sur de nombreux projets au fil des ans \u00bb, Magande exprime sur Zoom. \u00ab Nous avons collabor\u00e9 sur un manuel scolaire, des emplois de consultant, ainsi que d&#8217;autres emplois dont je ne me souviens pas en ce moment. Et ceci dure depuis nos jours de coll\u00e8ge. \u00bb\n<p> \u00ab D\u00e8s le d\u00e9part, j&#8217;ai parl\u00e9 au Dr McDonald de ce que le programme signifierait pour la communaut\u00e9 et de ce qu&#8217;il signifierait pour les jeunes qui arrivent et qui ne savent pas o\u00f9 s&#8217;orienter \u00bb, explique Magande. \u00ab Je pensais que c&#8217;\u00e9tait une bonne id\u00e9e et je l&#8217;ai approuv\u00e9e d\u00e8s le d\u00e9but. \u00bb <\/p>\n<p> Bas\u00e9 \u00e0 Atlanta en G\u00e9orgie, l&#8217;enthousiasme \u00e9voqu\u00e9 par Magande pour un programme de formation int\u00e9gr\u00e9e au travail sur l&#8217;autre c\u00f4t\u00e9 du 49e parall\u00e8le peut para\u00eetre un peu inattendu. Mais, en tant qu&#8217;ing\u00e9nieur noir qui a \u00e9tudi\u00e9 \u00e0 une \u00e9poque o\u00f9 les mentors \u00e9taient rares et que les universitaires noirs \u00e9taient une anomalie, le soutien de Magande pour le Programme ELITE est \u00e0 la fois r\u00e9fl\u00e9chi et r\u00e9flexif. <\/p>\n<p> \u00ab Bien qu&#8217;il y avait pas mal d&#8217;ing\u00e9nieurs noirs qui \u00e9taient \u00e0 l&#8217;\u00e9cole avec moi au m\u00eame moment, nous \u00e9tions tous des \u00e9trangers. Il n&#8217;y avait pas d&#8217;Afro-Am\u00e9ricains avec qui je suis all\u00e9 \u00e0 l&#8217;\u00e9cole pendant mes \u00e9tudes de premier cycle \u00bb, dit Magande. \u00ab Ceci dit, le truc est que j&#8217;ai vu beaucoup de potentiel. Je me souviens quand j&#8217;\u00e9tais \u00e0 Harlem et que j&#8217;allais \u00e0 l&#8217;\u00e9cole \u00e0 New York, j&#8217;ai rencontr\u00e9 des enfants qui \u00e9taient super brillants, mais qui suivaient le mauvais parcours. \u00bb <\/p>\n<p> Le temps de Magande \u00e0 l&#8217;universit\u00e9 est aussi celui o\u00f9 il a crois\u00e9 pour la premi\u00e8re fois le chemin du Dr McDonald, les deux continuant \u00e0 collaborer dans les ann\u00e9es qui ont suivi. Le cheminement du Dr McDonald l&#8217;a finalement men\u00e9 \u00e0 un poste de professeur \u00e0 la facult\u00e9 de g\u00e9nie de l&#8217;Universit\u00e9 de l&#8217;Alberta. Magande a ensuite con\u00e7u des syst\u00e8mes de chauffage, de ventilation et de climatisation pour des entreprises \u00e0 travers les \u00c9tats-Unis, notamment la logique de contr\u00f4le alternative pionni\u00e8re du syst\u00e8me de chauffage combin\u00e9 sans r\u00e9servoir Rinnai, qui utilise un algorithme de contr\u00f4le flou adaptatif (AFC); et son travail sur les d\u00e9buts IoT r\u00e9volutionnaires de Heatcraft avec son d\u00e9givrage avanc\u00e9 par gaz chaud MohaVe\u00ae Wireless Remote Refrigeration Control (RRC), un syst\u00e8me de contr\u00f4le r\u00e9volutionnaire bas\u00e9 sur Internet qui d\u00e9ploie la technologie WMN (Wireless Mesh Network). <\/p>\n<p> En 2019, Magande est devenu le Directeur technique de la recherche \u00e0 Southface Institute, mais ce sont les d\u00e9cennies de travail pionnier dans les sciences et le contr\u00f4le de syst\u00e8mes thermiques et l&#8217;automatisation qui lui ont donn\u00e9 l&#8217;honneur d&#8217;\u00eatre nomm\u00e9 membre d&#8217;ASHRAE. <\/p>\n<p> \u00ab C&#8217;est tr\u00e8s difficile d&#8217;\u00eatre nomm\u00e9 membre d&#8217;une organisation technique. C&#8217;est bas\u00e9 sur votre travail \u00bb, exprime Magande. \u00ab Une des exigences est que peu importe le travail que vous produisez, il doit changer l&#8217;industrie. Il doit influencer l&#8217;industrie. Il doit \u00e9galement contenir des \u00e9l\u00e9ments \u00e9ducatifs pour les jeunes. Ils examinent tous ces \u00e9l\u00e9ments lorsqu&#8217;ils prennent des d\u00e9cisions \u00bb. <\/p>\n Avec le Programme ELITE, l&#8217;implication de Magande est \u00e9galement all\u00e9e au-del\u00e0 de la phase de consultation initiale du programme. Magande est membre du <a href=\"https:\/\/www.eliteprogram.ca\/fr\/comite-directeur\/\">Comit\u00e9 directeur<\/a> du programme, travaillant pour orienter le programme au fur et \u00e0 mesure qu&#8217;il grandit et se d\u00e9veloppe. Maintenant qu&#8217;il est en mesure de fournir le mentorat qui \u00e9tait si rare lors de sa jeunesse, Magande est passionn\u00e9 par l&#8217;id\u00e9e de fournir \u00e0 la prochaine g\u00e9n\u00e9ration de dirigeants noirs les comp\u00e9tences n\u00e9cessaires pour changer l&#8217;histoire.<br>\n\n<p> \u00ab Le Programme ELITE est un canal. C&#8217;est un moyen de r\u00e9seauter \u00bb, dit Magande. \u00ab Je ne serais pas surpris si du Programme ELITE naissent quelques jeunes entreprises o\u00f9 les jeunes du programme d\u00e9cident d&#8217;utiliser leurs comp\u00e9tences et id\u00e9es et de s&#8217;y lancer. Ceci pourrait \u00eatre le point de d\u00e9part de quelque chose de plus grand qu&#8217;on pourrait imaginer \u00e0 ce stade. Mais pour le moment, nous essayons simplement d&#8217;apprendre aux jeunes comment se concentrer, les int\u00e9resser aux STIM et \u00e0 \u00eatre disciplin\u00e9s. En fin de compte, ceci est inestimable. \u00bb <\/p>\n","protected":false},"excerpt":{"rendered":"<p>Auteur : Tom Ndekezi [traduction de l&#8217;anglais au fran\u00e7ais] 31 janvier 2022 Quand le directeur du Programme ELITE Andr\u00e9 McDonald a besoin d&#8217;un deuxi\u00e8me avis, Hugh Magande est l&#8217;une des premi\u00e8res personnes qu&#8217;il appelle. \u00ab Dr McDonald et moi avons collabor\u00e9 sur de nombreux projets au fil des ans \u00bb, Magande exprime sur Zoom. \u00ab [&hellip;]<\/p>\n","protected":false},"author":2,"featured_media":0,"parent":0,"menu_order":0,"comment_status":"closed","ping_status":"closed","template":"","meta":{"footnotes":""},"class_list":["post-344","page","type-page","status-publish","hentry"],"_links":{"self":[{"href":"https:\/\/www.eliteprogram.ca\/fr\/wp-json\/wp\/v2\/pages\/344","targetHints":{"allow":["GET"]}}],"collection":[{"href":"https:\/\/www.eliteprogram.ca\/fr\/wp-json\/wp\/v2\/pages"}],"about":[{"href":"https:\/\/www.eliteprogram.ca\/fr\/wp-json\/wp\/v2\/types\/page"}],"author":[{"embeddable":true,"href":"https:\/\/www.eliteprogram.ca\/fr\/wp-json\/wp\/v2\/users\/2"}],"replies":[{"embeddable":true,"href":"https:\/\/www.eliteprogram.ca\/fr\/wp-json\/wp\/v2\/comments?post=344"}],"version-history":[{"count":7,"href":"https:\/\/www.eliteprogram.ca\/fr\/wp-json\/wp\/v2\/pages\/344\/revisions"}],"predecessor-version":[{"id":353,"href":"https:\/\/www.eliteprogram.ca\/fr\/wp-json\/wp\/v2\/pages\/344\/revisions\/353"}],"wp:attachment":[{"href":"https:\/\/www.eliteprogram.ca\/fr\/wp-json\/wp\/v2\/media?parent=344"}],"curies":[{"name":"wp","href":"https:\/\/api.w.org\/{rel}","templated":true}]}}