{"id":363,"date":"2022-02-10T21:11:14","date_gmt":"2022-02-10T21:11:14","guid":{"rendered":"https:\/\/www.eliteprogram.ca\/fr\/?page_id=363"},"modified":"2022-02-14T19:36:20","modified_gmt":"2022-02-14T19:36:20","slug":"reflexions-sur-une-premiere-annee-du-programme-elite-pour-la-jeunesse-noire","status":"publish","type":"page","link":"https:\/\/www.eliteprogram.ca\/fr\/reflexions-sur-une-premiere-annee-du-programme-elite-pour-la-jeunesse-noire\/","title":{"rendered":"R\u00e9flexions sur une premi\u00e8re ann\u00e9e du Programme ELITE pour la jeunesse noire"},"content":{"rendered":"\n\n\t\t\t\t<img loading=\"lazy\" decoding=\"async\" src=\"https:\/\/www.eliteprogram.ca\/fr\/wp-content\/uploads\/sites\/2\/2022\/02\/Final-Workshop-Picture_wLogos.png\" alt=\"Final Workshop Picture_wLogos\" itemprop=\"image\" height=\"738\" width=\"1278\" title=\"Final Workshop Picture_wLogos\" onerror=\"this.style.display='none'\"  \/>\n\t<p><strong>Auteur : Tom Ndekezi [traduction de l&#8217;anglais au fran\u00e7ais]<\/strong><\/p>\n<p><strong>\u00c9tiquette :<\/strong> Le Programme pour la jeunesse noire cl\u00f4ture sa premi\u00e8re ann\u00e9e et d\u00e9bute une deuxi\u00e8me ann\u00e9e de formation exceptionnelle, d&#8217;apprentissage, et de mobilisation<\/p>\n<p><strong>Date:<\/strong> 31 janvier 2022 <\/p>\n<p>Apr\u00e8s 16 semaines de programme, 38 placements en milieu de travail, et plus de 21 000 heures d&#8217;exp\u00e9rience de travail pratique, le <a href=\"https:\/\/www.eliteprogram.ca\/fr\/\">Programme ELITE pour la jeunesse noire<\/a> cl\u00f4ture sa premi\u00e8re ann\u00e9e de fonctionnement en 2021.<\/p>\n<p>Afin de faire un retour sur une ann\u00e9e remplie de travail, d&#8217;apprentissage et de d\u00e9fense des int\u00e9r\u00eats de la jeunesse noire, les participants, le personnel, et les partenaires du Programme ELITE se sont r\u00e9unis le 26 ao\u00fbt 2021 pour un apr\u00e8s-midi de pr\u00e9sentations lors de l&#8217;\u00e9v\u00e9nement du dernier <a href=\"https:\/\/drive.google.com\/drive\/folders\/1xg39CVTb-uMYFJDuhq8sPTH60AuVUlpV?usp=sharing\">atelier technique des stagiaires<\/a> du Programme ELITE. Lors de l&#8217;apr\u00e8s-midi, les participants du programme ont pr\u00e9sent\u00e9 leurs exp\u00e9riences d&#8217;un \u00e9t\u00e9 pass\u00e9s \u00e0 travailler avec des organisations comme l&#8217;Universit\u00e9 de l&#8217;Alberta, Enbridge, Services de sant\u00e9 de l&#8217;Alberta, la ville d&#8217;Edmonton, et Token Naturals. Les projets eux-m\u00eames allaient des tests de stagiaires sur des syst\u00e8mes de contr\u00f4le de la circulation utilis\u00e9s par les services d&#8217;incendie jusqu&#8217;\u00e0 la recherche sur les r\u00e9cepteurs li\u00e9s \u00e0 la s\u00e9questration des globules rouges parasit\u00e9s. Mais malgr\u00e9 la vari\u00e9t\u00e9 des sujets abord\u00e9s \u00e0 travers les dizaines de pr\u00e9sentations, une chose ressort clairement de l&#8217;ambiance du jour\u00a0: apr\u00e8s une ann\u00e9e inaugurale r\u00e9ussie, le travail du Programme ELITE ne fait que commencer.<\/p>\n<p>&nbsp;<\/p>\n<p><b>Diff\u00e9rent du d\u00e9but<\/b><\/p>\n<p>Lanc\u00e9 en d\u00e9cembre 2020, le Programme ELITE pour la jeunesse noire est n\u00e9 de d\u00e9buts pour le moins non conventionnels. Alors que le monde continuait de s&#8217;adapter aux mesures de confinement en 2020, la plupart des organisations fermaient leurs portes, r\u00e9duisaient les programmes offerts, ou se pr\u00e9cipitaient pour passer au num\u00e9rique. La sagesse habituelle aurait peut-\u00eatre d\u00e9conseill\u00e9e de lancer une initiative au milieu d&#8217;une pand\u00e9mie, en particulier une qui n\u00e9cessiterait un financement important. Mais, heureusement pour le fondateur <a href=\"https:\/\/www.eliteprogram.ca\/fr\/a-la-rencontre-de-lelite-dr-andre-mcdonald-directeur-du-programme-elite\/\">du Programme ELITE, Dr Andr\u00e9 McDonald<\/a>, ce n&#8217;\u00e9tait pas un probl\u00e8me conventionnel.<\/p>\n<p>Le choc de la pand\u00e9mie a clairement montr\u00e9 que de nombreux espaces allaient changer pour de bon, le lieu de travail en t\u00eate parmi eux. Bien que la capacit\u00e9 d&#8217;innover, de travailler avec la technologie, et l&#8217;autonomie ont longtemps \u00e9t\u00e9 pr\u00e9sent\u00e9es comme les comp\u00e9tences de demain, l&#8217;effet surprise de la pand\u00e9mie a fait en sorte qu&#8217;elles sont rapidement devenues les comp\u00e9tences d&#8217;aujourd&#8217;hui. La course \u00e0 prot\u00e9ger les lieux de travail de la COVID-19 signifiait \u00e9galement que les normes professionnelles \u00e9tablies de longue date \u00e9taient inefficaces, tandis que des approches moins communes sont devenues la norme. Qu&#8217;ils s&#8217;agissent des groupes de travail qui se rencontraient sur Zoom au lieu de r\u00e9server des vols \u00e0 travers le pays, des organisations devant digitaliser leurs documents pour am\u00e9liorer l&#8217;accessibilit\u00e9, ou le t\u00e9l\u00e9travail qui est devenu une n\u00e9cessit\u00e9, la pand\u00e9mie de la COVID-19 a signifi\u00e9 que l&#8217;avenir du travail est venu beaucoup plus t\u00f4t que pr\u00e9vu.<\/p>\n<p>Les graines du Programme ELITE ont \u00e9galement \u00e9t\u00e9 plant\u00e9es au cours d&#8217;un \u00e9t\u00e9 de d\u00e9nonciation du racisme, stimul\u00e9 par les meurtres de George Floyd, Ahmaud Aubery et Breonna Taylor. \u00c0 la suite d&#8217;une vague de manifestations mondiales, la lutte contre le racisme syst\u00e9mique anti-Noirs \u00e9tait men\u00e9e non seulement dans les services de police et les salles d&#8217;audience, mais dans toutes les sph\u00e8res de la vie publique. Alors que les gouvernements, les communaut\u00e9s, et les individus r\u00e9fl\u00e9chissaient \u00e0 leurs propres contributions aux syst\u00e8mes d&#8217;oppression, les entreprises et corporations en faisaient de m\u00eame. L&#8217;image qui a \u00e9merg\u00e9 \u00e9tait celle d&#8217;un monde des affaires o\u00f9 les personnes noires \u00e9taient souvent sous-estim\u00e9es, sous-repr\u00e9sent\u00e9es ou carr\u00e9ment ignor\u00e9es, mais aussi un monde qui \u00e9tait pr\u00eat \u00e0 commencer \u00e0 prendre des mesures positives et proactives pour am\u00e9liorer la situation.<\/p>\n<p>Entre les nouvelles r\u00e9alit\u00e9s provoqu\u00e9es par la pand\u00e9mie et les probl\u00e8mes historiques ressurgis par les manifestations de George Floyd, le besoin d&#8217;approches plus \u00e9quitables pour l&#8217;avenir du travail n&#8217;aurait pas pu \u00eatre plus \u00e9vident. En tant qu&#8217;expert du transfert thermique, le Dr McDonald a compris l&#8217;importance de ne pas non seulement puiser dans la tendance du moment, mais de plut\u00f4t cr\u00e9er une initiative qui se maintiendrait \u00e0 travers le temps. Pour lui, il n&#8217;y avait qu&#8217;une seule mani\u00e8re de le faire\u00a0: un programme complet d&#8217;exp\u00e9rience au travail centr\u00e9 sur la d\u00e9fense des int\u00e9r\u00eats, l&#8217;apprentissage int\u00e9gr\u00e9 au travail, les technologies futures, et surtout la jeunesse noire.\u00a0<\/p>\n<p>\u00ab Dans le pass\u00e9, il n&#8217;y a pas eu beaucoup d&#8217;opportunit\u00e9s offertes \u00e0 la jeunesse noire qui les obligeaient \u00e0 innover \u00bb, dit le Dr McDonald r\u00e9fl\u00e9chissant \u00e0 l&#8217;inspiration derri\u00e8re ce qui allait devenir le Programme ELITE. \u00ab Il existe une culture o\u00f9 les jeunes Noirs vont \u00e0 l&#8217;\u00e9cole, obtiennent des A, trouvent du boulot, travaillent un neuf \u00e0 cinq, et c&#8217;est tout. Mais, je voulais changer \u00e7a. Je voulais que la jeunesse noire adopte une mentalit\u00e9 d&#8217;innovation. Je voulais qu&#8217;ils r\u00e9fl\u00e9chissent \u00e0 la fa\u00e7on dont ils pourraient utiliser les connaissances acquises gr\u00e2ce \u00e0 leur exp\u00e9rience int\u00e9gr\u00e9e au travail, innover avec elles s&#8217;ils peuvent, puis commencer \u00e0 r\u00e9fl\u00e9chir : &#8220;Comment puis-je cr\u00e9er une opportunit\u00e9 commerciale avec mon nouvel apprentissage en science, technologie, et ing\u00e9nierie ?&#8221; \u00bb.<\/p>\n<p>&nbsp;<\/p>\n<p><b>Un r\u00e9seau gagnant<\/b><\/p>\n<p>Pour faire passer le Programme ELITE de sa conceptualisation \u00e0 son lancement, le Dr McDonald a recrut\u00e9 l&#8217;aide des amis et des coll\u00e8gues \u00e0 travers le continent. Pour le Co-directeur du programme, le Dr McDonald a fait appel \u00e0 l&#8217;expertise du <a href=\"https:\/\/www.eliteprogram.ca\/fr\/a-la-rencontre-de-lelite-dr-adetola-adesida-co-directeur-du-programme-elite\/\">Dr Adetola Adesida<\/a>, professeur dans le d\u00e9partement de chirurgie de l&#8217;Universit\u00e9 de l&#8217;Alberta. La <a href=\"https:\/\/www.eliteprogram.ca\/fr\/a-la-rencontre-de-lelite-dre-sophie-yohani-chargee-de-lencadrement-et-du-soutien\/\">Dre Sophie Yohani<\/a>, professeure dans le D\u00e9partement de psychologie de l&#8217;\u00e9ducation, s&#8217;est engag\u00e9e en tant que la Charg\u00e9e de l&#8217;encadrement et du soutien du programme. Pour compl\u00e9ter l&#8217;\u00e9quipe ex\u00e9cutive du <a href=\"https:\/\/www.eliteprogram.ca\/fr\/comite-directeur\/\">Comit\u00e9 directeur international compos\u00e9 de 13 membres<\/a>, le Dr McDonald a \u00e9galement contact\u00e9 la <a href=\"https:\/\/www.eliteprogram.ca\/fr\/a-la-rencontre-de-lelite-dre-sedami-gnidehou-chargee-des-affaires-francophones-du-programme-elite\/\">Dre S\u00e9dami Gnidehou<\/a> qui est professeure adjointe au Campus Saint-Jean et responsable des affaires francophones du Programme ELITE. Le <a href=\"https:\/\/www.jameskariuki.ca\/home\">Dr James Kariuki<\/a> s&#8217;est r\u00e9cemment joint au Comit\u00e9 directeur pour soutenir le d\u00e9veloppement du programme et la p\u00e9dagogie, \u00e9tant donn\u00e9 son exp\u00e9rience en tant que le Doyen associ\u00e9 au Campus Augustana de l&#8217;Universit\u00e9 de l&#8217;Alberta.<\/p>\n<p>\u00ab Il \u00e9tait important pour nous de veiller \u00e0 ce que le programme valorise l&#8217;\u00e9quit\u00e9, la diversit\u00e9, et l&#8217;inclusion \u00e0 travers la communaut\u00e9 noire, plut\u00f4t que de cr\u00e9er un programme qui sugg\u00e9rerait que la communaut\u00e9 noire est homog\u00e8ne \u00bb, dit Dr McDonald. \u00ab [La communaut\u00e9 noire] est tr\u00e8s h\u00e9t\u00e9rog\u00e8ne, et nous voulions nous assurer que sa diversit\u00e9 fasse partie de notre programme \u00e9galement. Ainsi, bien que le d\u00e9veloppement de comp\u00e9tences technologiques ait \u00e9t\u00e9 \u00e0 l&#8217;origine de la cr\u00e9ation du programme, le d\u00e9veloppement de comp\u00e9tences sociales et \u00e9motionnelles, ainsi que la diversit\u00e9 et l&#8217;inclusion, en faisaient aussi partie \u00bb.<\/p>\n<p>En plus d&#8217;\u00eatre dirig\u00e9 par certaines des personnes les plus brillantes de l&#8217;Universit\u00e9 de l&#8217;Alberta, le Programme ELITE visait \u00e9galement \u00e0 nouer <a href=\"https:\/\/www.eliteprogram.ca\/fr\/nos-donateurs-et-partenaires-montrent-leur-appui-pour-le-programme-elite-pour-la-jeunesse-noire\/\">des relations avec des organisations partageant les m\u00eames id\u00e9es<\/a>. Gr\u00e2ce \u00e0 ses partenariats avec des organisations, telles que l&#8217;<a href=\"https:\/\/uabsa.ca\/\">Association des \u00e9tudiant.e.s noir.e.s de l&#8217;Universit\u00e9 de l&#8217;Alberta<\/a> et <a href=\"https:\/\/www.rbc.com\/dms\/enterprise\/objectifavenir\/\">RBC Objectif avenir<\/a>, le Programme ELITE a pu offrir lors de la premi\u00e8re ann\u00e9e \u00e0 sa cohorte des programmes comme une formation en entrepreneuriat et des ateliers de litt\u00e9ratie financi\u00e8re.<\/p>\n<p>\u00ab Lorsque [RBC] envisage de financer des programmes, nous voulons \u00eatre des philanthropes transformationnels, et non transactionnel \u00bb, exprime Jerilynn Daniels, directrice g\u00e9n\u00e9rale du d\u00e9partement de Marketing communautaire et de la citoyennet\u00e9 pour RBCen Alberta et dans les territoires. \u00ab Nous r\u00e9fl\u00e9chissons \u00e0 la mani\u00e8re dont nous pouvons exploiter les capacit\u00e9s de nos employ\u00e9s pour apporter de la valeur \u00e0 nos partenaires, que ce soit par le d\u00e9veloppement de comp\u00e9tences ou le mentorat. Ainsi, avec le Programme ELITE, nous avons l&#8217;opportunit\u00e9 suppl\u00e9mentaire pour nos gens de g\u00e9rer des s\u00e9ances d&#8217;\u00e9ducation financi\u00e8re avec les participants du programme. \u00bb<\/p>\n<p>Fort de l&#8217;\u00e9tendue de l&#8217;expertise du Comit\u00e9 directeur et d&#8217;un r\u00e9seau complet de partenaires commerciaux et communautaires, il n&#8217;est pas surprenant que la cohorte inaugurale du Programme ELITE ait eu tant de succ\u00e8s. Si les pr\u00e9sentations brillantes faites lors de l&#8217;\u00e9v\u00e9nement de cl\u00f4ture n&#8217;\u00e9taient pas une preuve suffisante \u00e0 cette fin, vous n&#8217;auriez pas \u00e0 chercher beaucoup plus loin que les <a href=\"https:\/\/www.ualberta.ca\/folio\/2021\/10\/new-work-integrated-internship-program-immerses-black-students-in-stem-and-business.html\">t\u00e9moignages \u00e9logieux des participants r\u00e9els du programme<\/a>.<\/p>\n<p>\u00ab C&#8217;est vraiment g\u00e9nial d&#8217;\u00eatre dans cet environnement o\u00f9 vous \u00eates entour\u00e9s d&#8217;autres associ\u00e9s noirs qui travaillent \u00e9galement \u00e0 leurs propres objectifs \u00bb, d\u00e9clare Tinashe Muzah, \u00e9tudiant en finance en troisi\u00e8me ann\u00e9e, s&#8217;adressant \u00e0 Folio, le site officiel de journalisme de l&#8217;Universit\u00e9 de l&#8217;Alberta. \u00ab C&#8217;est certainement quelque chose que je n&#8217;ai jamais eu auparavant : des superviseurs qui comprennent les enjeux sp\u00e9cifiques de l&#8217;exp\u00e9rience des personnes noires au sens professionnel. \u00bb<\/p>\n<p>\u00ab \u00c7a fait vraiment du bien de mettre en pratique ce que j&#8217;apprends \u00bb, ajoute Imani Murray, \u00e9tudiante de troisi\u00e8me ann\u00e9e en physiologie, qui a pass\u00e9 son \u00e9t\u00e9 \u00e0 travailler en tant qu&#8217;assistante de recherche dans le <a href=\"https:\/\/www.ncbl.ualberta.ca\">Laboratoire de contr\u00f4le neuromusculaire et de biom\u00e9canique<\/a> de l&#8217;Universit\u00e9 de l&#8217;Alberta. \u00ab C&#8217;est encourageant d&#8217;avoir un rappel sur pourquoi j&#8217;\u00e9tudie ce que j&#8217;\u00e9tudie. \u00bb<\/p>\n<p>&nbsp;<\/p>\n<p><b>Bases solides<\/b><\/p>\n<p>Bien que le succ\u00e8s de l&#8217;ann\u00e9e inaugurale du programme ELITE puisse sembler \u00eatre un couronnement, en r\u00e9alit\u00e9, c&#8217;est le fondement des ambitions encore plus \u00e9lev\u00e9es du programme.<\/p>\n<p>\u00ab Cette ann\u00e9e a \u00e9t\u00e9 notre catalyseur de r\u00e9f\u00e9rence pour une initiative plus grande qui soutiendra plus d&#8217;\u00e9tudiants \u00bb, d\u00e9clare Dr McDonald. \u00ab Nous avons soutenu environ 40 \u00e9tudiants cette ann\u00e9e et nous aimerions augmenter ce chiffre \u00e0 60 ou 80 \u00e0 l&#8217;avenir l&#8217;ann\u00e9e prochaine et l&#8217;ann\u00e9e suivante. Nous aimerions \u00e9galement que le programme soit national, mais de mani\u00e8re graduelle. \u00bb<\/p>\n<p>Le Programme ELITE devrait d\u00e9j\u00e0 s&#8217;\u00e9tendre \u00e0 Ottawa en 2022, et il ne fait aucun doute que l&#8217;approche unique du programme sera un succ\u00e8s dans les communaut\u00e9s \u00e0 travers le pays et l&#8217;Am\u00e9rique du Nord. Ceci est aussi un sentiment partag\u00e9 par toute la famille du Programme ELITE.<\/p>\n<p>\u00ab Cette ann\u00e9e a \u00e9t\u00e9 notre lancement d&#8217;essai, mais il serait formidable si le programme devenait ensuite national et peut-\u00eatre m\u00eame international \u00bb, dit le Co-directeur du programme, Dr Adetola Adesida. \u00ab Nous savons que c&#8217;est un mod\u00e8le qui marche, et quand on y pense, la jeunesse noire partout aspire plus ou moins aux m\u00eames choses. Ils veulent r\u00e9ussir, ils ont beaucoup d&#8217;\u00e9nergie, et ils ont beaucoup d&#8217;id\u00e9es, mais ils ont aussi besoin de mod\u00e8les pour leur montrer la bonne voie. \u00bb<\/p>\n<p>\u00ab Comme ce serait merveilleux si un programme national \u00e9tait n\u00e9 d&#8217;un partenariat qui a \u00e9t\u00e9 cr\u00e9\u00e9 ici m\u00eame [en Alberta] \u00bb, d\u00e9clare Jerilynn Daniels de RBC. \u00ab Ainsi, l&#8217;espoir que le Programme ELITE devienne national n&#8217;est pas uniquement partag\u00e9 par RBC, mais aussi par les deux autres bailleurs de fonds [<a href=\"https:\/\/fsc-ccf.ca\/fr\/\">Centre des Comp\u00e9tences futures<\/a> et la <a href=\"https:\/\/counselling.foundation\">Fondation canadienne du counseling<\/a>]. Nous esp\u00e9rons que ceci sera une formidable rampe de lancement pour ces jeunes qui ont la possibilit\u00e9 d&#8217;\u00eatre les premiers \u00e0 participer \u00e0 ce programme pour vraiment aider \u00e0 le fa\u00e7onner. \u00bb<\/p>\n<p>Les points forts du mod\u00e8le du Programme ELITE r\u00e9sident invariablement dans l&#8217;accent mis sur l&#8217;exp\u00e9rience pratique du travail, l&#8217;encadrement en bien-\u00eatre et en carri\u00e8re, le d\u00e9veloppement de comp\u00e9tences techniques, ainsi que le mentorat individuel et la d\u00e9fense des int\u00e9r\u00eats de la jeunesse noire. Les efforts impressionnants de collecte de fonds du Comit\u00e9 directeur ont r\u00e9duit le fardeau financier impos\u00e9 aux employeurs, tout en permettant aux \u00e9tudiants de ne pas avoir \u00e0 choisir entre un travail r\u00e9mun\u00e9r\u00e9 et le d\u00e9veloppement de comp\u00e9tences valables.<\/p>\n<p>\u00ab J&#8217;ai eu plusieurs conversations avec de nombreux chercheurs et diverses personnes sur le type de personnes qui peut donner de leur temps pour un stage non r\u00e9mun\u00e9r\u00e9 ou une position b\u00e9n\u00e9vole. Effectivement, il faut \u00eatre assez privil\u00e9gi\u00e9 pour ne pas \u00eatre pay\u00e9 pour son travail \u00bb, mentionne <a href=\"https:\/\/www.eliteprogram.ca\/fr\/leffet-elite-dre-kay-rittenbach-directrice-scientifique-adjointe-du-addiction-mental-health-strategic-clinical-networks-de-alberta-health-services\/\">Dre Kay Rittenbach<\/a>, Directrice scientifique adjointe des <a href=\"https:\/\/www.albertahealthservices.ca\">Services de sant\u00e9 de l&#8217;Alberta<\/a> et responsable de stage du Programme ELITE au cours de l&#8217;\u00e9t\u00e9 pass\u00e9. \u00ab Selon moi, le fait qu&#8217;il s&#8217;agisse des stages r\u00e9mun\u00e9r\u00e9s \u00e9tait un \u00e9norme avantage. \u00bb<\/p>\n<p>\u00ab Le fait qu&#8217;il s&#8217;agissait de stages r\u00e9mun\u00e9r\u00e9s \u00e9tait vraiment important pour nous \u00bb, ajoute <a href=\"https:\/\/www.eliteprogram.ca\/fr\/nos-donateurs-et-partenaires-montrent-leur-appui-pour-le-programme-elite-pour-la-jeunesse-noire\/\">Bruce Lawson, le Pr\u00e9sident de la Fondation canadienne du counseling<\/a>, en \u00e9voquant la d\u00e9cision de la Fondation d&#8217;aider \u00e0 financer le Programme ELITE au cours de sa premi\u00e8re ann\u00e9e. \u00ab Il existe plusieurs stages qui ne sont pas r\u00e9mun\u00e9r\u00e9s, ce qui constitue g\u00e9n\u00e9ralement un obstacle pour toute personne issue d&#8217;un milieu socio-\u00e9conomique d\u00e9favoris\u00e9 &#8211; qu&#8217;elle soit noire, autochtone, ou appartenant \u00e0 une autre communaut\u00e9 racialis\u00e9e. \u00bb<\/p>\n<p>Cet engagement \u00e0 optimiser l&#8217;exp\u00e9rience de stage pour les participants et les employeurs n&#8217;a pas seulement distingu\u00e9 le Programme ELITE, mais il a aussi fait du programme &#8211; ainsi que de ses stagiaires &#8211; des favoris rapides par les responsables des stages.<\/p>\n<p>\u00ab Les stagiaires du Programme ELITE sont tr\u00e8s impressionnants \u00bb, d\u00e9clare <a href=\"https:\/\/www.eliteprogram.ca\/fr\/leffet-elite-keenan-pascal-pdg-et-co-fondateur-de-token-naturals\/\">Keenan Pascal<\/a>, PDG de <a href=\"https:\/\/tokennaturals.com\">Token Naturals<\/a> \u00e0 Edmonton, en Alberta et responsable de stage du Programme ELITE. \u00ab D\u00e8s le d\u00e9but, ils \u00e9taient tr\u00e8s ouverts d&#8217;esprit et talentueux. Vous pouvez voir qu&#8217;ils appr\u00e9cient le temps et les efforts que l&#8217;entreprise investit en eux &#8211; ils sont tr\u00e8s respectueux de ce c\u00f4t\u00e9, et ceci d\u00e9montre jusqu&#8217;\u00e0 quel point ils sont enthousiastes \u00e0 l&#8217;id\u00e9e de s&#8217;impliquer. \u00bb<\/p>\n<p>\u00ab Vous n&#8217;avez pas vraiment besoin de beaucoup pour les former [les \u00e9tudiants] parce qu&#8217;ils sont d\u00e9j\u00e0 exceptionnels depuis le d\u00e9but \u00bb, affirme <a href=\"https:\/\/www.eliteprogram.ca\/fr\/leffet-elite-dr-hossein-rouhani-professeur-adjoint-a-luniversite-de-lalberta\/\">Dr Hossein Rouhani<\/a>, qui est professeur agr\u00e9g\u00e9 \u00e0 la Facult\u00e9 de g\u00e9nie et au <a href=\"https:\/\/www.ncbl.ualberta.ca\">Laboratoire de contr\u00f4le neuromusculaire et de biom\u00e9canique<\/a> \u00e0 l&#8217;Universit\u00e9 de l&#8217;Alberta. \u00ab\u00a0J&#8217;encourage fortement les gens \u00e0 devenir des responsables de stage pour le programme ELITE, m\u00eame si d&#8217;un autre c\u00f4t\u00e9, je souhaite \u00e9galement avoir tous les stagiaires pour moi tout seul. \u00bb<\/p>\n<p>&nbsp;<\/p>\n<p><b>Un impact incontestable<\/b><\/p>\n<p>Lorsque les stagiaires du Programme ELITE, les membres du Comit\u00e9 directeur, les amis et les membres de famille se sont rassembl\u00e9s pour <a href=\"https:\/\/drive.google.com\/drive\/folders\/1xg39CVTb-uMYFJDuhq8sPTH60AuVUlpV\">l&#8217;\u00c9v\u00e9nement du dernier atelier technique interannuel<\/a> en ao\u00fbt 2021, beaucoup de choses n&#8217;avaient toujours pas chang\u00e9 par rapport \u00e0 l&#8217;ann\u00e9e pr\u00e9c\u00e9dente. Bien que l&#8217;\u00e9mergence de quatre diff\u00e9rents vaccins contre la COVID-19 donnaient de l&#8217;espoir pour l&#8217;avenir, le nombre \u00e9lev\u00e9 de cas signifiait que l&#8217;\u00e9v\u00e9nement devait toujours encore se produire dans un cadre virtuel trop familier. Malgr\u00e9 une ann\u00e9e de protestations, d&#8217;actions, et de r\u00e9flexions qui ont expos\u00e9 les r\u00e9alit\u00e9s du racisme anti-Noirs, l&#8217;injustice syst\u00e9mique \u00e9tait encore aussi omnipr\u00e9sente qu&#8217;elle \u00e9tait en 2020. Partout au Canada et dans le monde, les temp\u00e9ratures estivales record ont soulign\u00e9 la plus grande menace de notre \u00e9poque et le besoin urgent d&#8217;innovations durables futures durables au changement climatique.<\/p>\n<p>Alors que les stagiaires du Programme ELITE parcouraient leurs diapositives embellies par des diagrammes techniques et scientifiques de bases de donn\u00e9es de gestion de projet, de produits menstruels durables, et de mat\u00e9riaux de canalisations r\u00e9sistants \u00e0 la corrosion, beaucoup de choses n&#8217;avaient toujours pas chang\u00e9 dans le monde. Le p\u00e9ril du pr\u00e9sent et l&#8217;incertitude du futur \u00e9taient tout aussi r\u00e9els alors qu&#8217;ils l&#8217;\u00e9taient quatre mois avant le d\u00e9but du programme. Cependant, une chose a chang\u00e9 et sa pr\u00e9sence \u00e9tait \u00e9vidente dans les pr\u00e9sentations enthousiastes. En l&#8217;espace de quatre mois, dans des conditions incroyablement difficiles, 38 jeunes personnes noires se sont transform\u00e9es d&#8217;\u00e9tudiants stagiaires en ing\u00e9nieurs, scientifiques, concepteurs, gestionnaires, et personnes qui r\u00e9solvent des probl\u00e8mes en formation. Avec un peu d&#8217;orientation, de d\u00e9fense d&#8217;int\u00e9r\u00eats, d&#8217;exp\u00e9rience de travail pratique, et d&#8217;encadrement &#8211; ainsi que beaucoup d&#8217;investissement personnel et communautaire &#8211; l&#8217;avenir semblait un peu plus brillant, et le pr\u00e9sent un peu plus g\u00e9rable.<\/p>\n\n","protected":false},"excerpt":{"rendered":"<p>Auteur : Tom Ndekezi [traduction de l&#8217;anglais au fran\u00e7ais] \u00c9tiquette : Le Programme pour la jeunesse noire cl\u00f4ture sa premi\u00e8re ann\u00e9e et d\u00e9bute une deuxi\u00e8me ann\u00e9e de formation exceptionnelle, d&#8217;apprentissage, et de mobilisation Date: 31 janvier 2022 Apr\u00e8s 16 semaines de programme, 38 placements en milieu de travail, et plus de 21 000 heures d&#8217;exp\u00e9rience [&hellip;]<\/p>\n","protected":false},"author":2,"featured_media":0,"parent":0,"menu_order":0,"comment_status":"closed","ping_status":"closed","template":"","meta":{"footnotes":""},"class_list":["post-363","page","type-page","status-publish","hentry"],"_links":{"self":[{"href":"https:\/\/www.eliteprogram.ca\/fr\/wp-json\/wp\/v2\/pages\/363","targetHints":{"allow":["GET"]}}],"collection":[{"href":"https:\/\/www.eliteprogram.ca\/fr\/wp-json\/wp\/v2\/pages"}],"about":[{"href":"https:\/\/www.eliteprogram.ca\/fr\/wp-json\/wp\/v2\/types\/page"}],"author":[{"embeddable":true,"href":"https:\/\/www.eliteprogram.ca\/fr\/wp-json\/wp\/v2\/users\/2"}],"replies":[{"embeddable":true,"href":"https:\/\/www.eliteprogram.ca\/fr\/wp-json\/wp\/v2\/comments?post=363"}],"version-history":[{"count":5,"href":"https:\/\/www.eliteprogram.ca\/fr\/wp-json\/wp\/v2\/pages\/363\/revisions"}],"predecessor-version":[{"id":372,"href":"https:\/\/www.eliteprogram.ca\/fr\/wp-json\/wp\/v2\/pages\/363\/revisions\/372"}],"wp:attachment":[{"href":"https:\/\/www.eliteprogram.ca\/fr\/wp-json\/wp\/v2\/media?parent=363"}],"curies":[{"name":"wp","href":"https:\/\/api.w.org\/{rel}","templated":true}]}}