{"id":398,"date":"2022-09-14T02:32:48","date_gmt":"2022-09-14T02:32:48","guid":{"rendered":"https:\/\/www.eliteprogram.ca\/fr\/?page_id=398"},"modified":"2022-09-22T08:18:07","modified_gmt":"2022-09-22T08:18:07","slug":"le-carrefour-du-savoir-pour-lentrepreneuriat-des-communautes-noires-est-venu-a-luniversite-de-lalberta","status":"publish","type":"page","link":"https:\/\/www.eliteprogram.ca\/fr\/le-carrefour-du-savoir-pour-lentrepreneuriat-des-communautes-noires-est-venu-a-luniversite-de-lalberta\/","title":{"rendered":"Le Carrefour du savoir pour l\u2019entrepreneuriat des communaut\u00e9s noires est venu \u00e0 l\u2019Universit\u00e9 de l\u2019Alberta"},"content":{"rendered":"\n\n\t<p><strong>Auteure : <\/strong>Adiki Puplampu [traduit de l&#8217;anglais au fran\u00e7ais]<\/p>\n<p><strong>Objet : <\/strong>\u00a0L&#8217;Universit\u00e9 de l&#8217;Alberta accueille le Carrefour du savoir pour l&#8217;entrepreneuriat des communaut\u00e9s noires, un projet de recherche unique et novateur financ\u00e9 par le gouvernement du Canada.<\/p>\n<p><strong>Date : <\/strong>17 ao\u00fbt 2022<\/p>\n<p>Par une matin\u00e9e ensoleill\u00e9e et chaude \u00e0 Edmonton, les repr\u00e9sentants de l&#8217;Universit\u00e9 de l&#8217;Alberta, l&#8217;Universit\u00e9 de Carleton, <a href=\"https:\/\/sprott.carleton.ca\/profile\/gerald-grant\/\">Dr Gerald Grant<\/a> et <a href=\"https:\/\/sprott.carleton.ca\/profile\/rick-colbourne\/\">Dr Rick Colbourne<\/a>, ainsi que du <a href=\"https:\/\/dreamlegacy.org\">Dream Legacy Foundation<\/a>, repr\u00e9sent\u00e9e par Mme Roxanne Challenger, se sont r\u00e9unis dans une salle de conf\u00e9rence de <a href=\"https:\/\/www.ualberta.ca\/business\/index.html\">l&#8217;\u00c9cole des affaires de l&#8217;Alberta<\/a> pour discuter d&#8217;une initiative de recherche qui est en cours depuis des mois.<\/p>\n<p>&nbsp;<\/p>\n<div id=\"attachment_395\" style=\"width: 631px\" class=\"wp-caption aligncenter\"><img loading=\"lazy\" decoding=\"async\" aria-describedby=\"caption-attachment-395\" src=\"https:\/\/www.eliteprogram.ca\/fr\/wp-content\/uploads\/sites\/2\/2022\/09\/BEKH-Article-Image-1-1024x768.jpg\" alt=\"\" width=\"621\" height=\"466\" \/><p id=\"caption-attachment-395\" class=\"wp-caption-text\">De l&#8217;arri\u00e8re \u00e0 l&#8217;avant (\u00e0 gauche) : Andr\u00e9 McDonald, Idara Effiom, Dipo Alli, Michelle Inness, Philomina Okeke-Ihejirika | De l&#8217;arri\u00e8re \u00e0 l&#8217;avant (\u00e0 droite) : Roxanne Challenger, Andrea Pierce, Gerald Grant, Jared Wesley, Rick Colbourne<\/p><\/div>\n<p>En d\u00e9cembre 2021, le Ministre du Commerce international, de la Promotion des exportations, de la Petite Entreprise et du D\u00e9veloppement \u00e9conomique a annonc\u00e9 que l&#8217;Universit\u00e9 de Carleton et Dream Legacy Foundation (DLF) m\u00e8neraient la cr\u00e9ation du Carrefour du savoir pour l&#8217;entrepreneuriat des communaut\u00e9s noires (CSECN). Le CSECN est l&#8217;un des trois piliers du <a href=\"https:\/\/ised-isde.canada.ca\/site\/programme-entrepreneuriat-communautes-noires\/fr\">Programme pour l&#8217;entrepreneuriat des communaut\u00e9s noires<\/a> et a pour objectif de faire ressortir de l&#8217;information acad\u00e9mique sur l&#8217;exp\u00e9rience entrepreneuriale des Canadiens noirs, afin de mieux comprendre les obstacles syst\u00e9miques auxquels les entrepreneurs noirs sont confront\u00e9s et d&#8217;identifier les outils n\u00e9cessaires pour soutenir les entrepreneurs noirs et leurs entreprises. Sur une p\u00e9riode de quatre ans, le Carrefour recevra un financement de 5 millions de dollars d&#8217;Innovation, Sciences et D\u00e9veloppement \u00e9conomique (ISDE) Canada.<\/p>\n<p>En tant qu&#8217;organisations dirigeant le Carrefour, <a href=\"https:\/\/sprott.carleton.ca\">l&#8217;Universit\u00e9 de Carleton, par l&#8217;interm\u00e9diaire de son \u00c9cole des affaires Sprott<\/a>, et le DLF, un organisme \u00e0 but non lucratif bas\u00e9 \u00e0 Toronto et engag\u00e9 \u00e0 soutenir l&#8217;entrepreneuriat noir au Canada, sont charg\u00e9s de g\u00e9rer les carrefours r\u00e9gionaux h\u00e9berg\u00e9s dans des \u00e9tablissements postsecondaires \u00e0 travers le pays. L&#8217;Universit\u00e9 de l&#8217;Alberta avec <a href=\"https:\/\/sites.ualberta.ca\/~andre2\/\">Dr Andr\u00e9 McDonald<\/a> et <a href=\"https:\/\/pace.ualberta.ca\/people\/dr-philomina-okeke-ihejirika\/\">Dre Philomina Okeke-Ihejirika<\/a>, \u00e0 la barre, dirigera le Carrefour r\u00e9gional central du (CSECN) pour d\u00e9velopper des projets de recherche innovants en collaboration avec des partenaires communautaires et d&#8217;autres \u00e9tablissements universitaires dans la r\u00e9gion des Prairies.<\/p>\n<p>En plus de promouvoir la mission du CSECN de diriger le d\u00e9veloppement de projets de recherche dirig\u00e9s par la communaut\u00e9 en collaboration avec des universitaires, des organisations communautaires et des \u00e9tablissements postsecondaires, la d\u00e9l\u00e9gation de l&#8217;Universit\u00e9 de Carleton a d\u00e9taill\u00e9 des objectifs \u00e0 court, moyen et long terme du Carrefour. Ces objectifs comprennent le d\u00e9veloppement des partenariats plus robustes, la mise en place de projets de recherche quantitatifs et qualitatifs \u00e0 grande \u00e9chelle tout en favorisant des r\u00e9sultats de recherche tangibles dans le but de renforcer la durabilit\u00e9 des projets.<\/p>\n<p>\u00ab <em>L&#8217;objectif de ce CSECN est d&#8217;impliquer non seulement le milieu universitaire, mais la communaut\u00e9 en g\u00e9n\u00e9ral. En fait, notre objectif est de nous assurer que tout ce que nous faisons est ax\u00e9 sur la communaut\u00e9, co-cr\u00e9\u00e9 par la communaut\u00e9 et que nous \u00e9coutons la voix de v\u00e9ritables entrepreneurs et partenaires communautaires<\/em> \u00bb [traduction libre].<\/p>\n<p><em>Dr. Gerald Grant,\u00a0Professor, Information Systems &amp; Director, Centre for Information Technology, Organizations and People<\/em><\/p>\n<p>Apr\u00e8s que l&#8217;Universit\u00e9 Carleton a \u00e9tabli le cadre du Carrefour, les membres du Comit\u00e9 de recherche et d&#8217;intervention communautaire dirig\u00e9 par l&#8217;Universit\u00e9 de l&#8217;Alberta ont pr\u00e9sent\u00e9 certains des projets de recherche con\u00e7us pour le Carrefour r\u00e9gional central. Le CSECN est une initiative intrins\u00e8quement interdisciplinaire avec un fort accent sur la recherche dirig\u00e9e et motiv\u00e9e par la communaut\u00e9. Les pr\u00e9sentations refl\u00e9taient cela avec des id\u00e9es de projets qui venaient de l&#8217;<a href=\"https:\/\/www.ualberta.ca\/business\/index.html\">\u00c9cole des affaires de l&#8217;Alberta<\/a>, de la <a href=\"https:\/\/www.ualberta.ca\/medicine\/index.html\">Facult\u00e9 de m\u00e9decine et de m\u00e9decine dentaire<\/a>, de la <a href=\"https:\/\/www.ualberta.ca\/education\/index.html\">Facult\u00e9 d&#8217;\u00e9ducation<\/a>, de la <a href=\"https:\/\/www.ualberta.ca\/arts\/index.html\">Facult\u00e9 d&#8217;arts<\/a> et de la <a href=\"https:\/\/www.ualberta.ca\/engineering\/index.html\">Facult\u00e9 de g\u00e9nie<\/a>. L&#8217;implication francophone \u00e9tait \u00e9galement prioris\u00e9e gr\u00e2ce aux efforts de <a href=\"https:\/\/www.gnidehoulab.ca\/\">Dre Sedami Gnidehou<\/a> du <a href=\"https:\/\/www.ualberta.ca\/fr\/campus-saint-jean\/index.html\">Campus Saint-Jean<\/a>.<\/p>\n<p>L&#8217;\u00e9quipe du Carrefour r\u00e9gional central a \u00e9galement clairement d\u00e9fini les objectifs et les r\u00e9sultats qu&#8217;elle envisage pour le CSECN. Il s&#8217;agit notamment de d\u00e9velopper des strat\u00e9gies d&#8217;application des connaissances, de r\u00e9investir des fonds directement dans l&#8217;entrepreneuriat noir par le biais de bourses et de programmes pilotes\u00a0; et de conduire des recherches pertinentes pour les partenaires communautaires. Ces recherches \u00e9tant men\u00e9es en coop\u00e9ration avec ces partenaires communautaires. En partageant leurs visions respectives du CSECN, les \u00e9quipes de l&#8217;Universit\u00e9 Carleton, du DLF et du Carrefour r\u00e9gional central ont r\u00e9alis\u00e9 que leurs conceptualiser de l&#8217;impact et de la port\u00e9e du CSECN \u00e9taient fortement align\u00e9es et ont poursuivi la journ\u00e9e avec le sentiment d&#8217;une vision partag\u00e9e.<\/p>\n<p>Apr\u00e8s les pr\u00e9sentations respectives, la conversation s&#8217;est rapidement tourn\u00e9e vers les plans de collaboration avec les partenaires communautaires et l&#8217;innovation en recherche. Parmi les nombreuses id\u00e9es et priorit\u00e9s partag\u00e9es autour de la table figuraient la notion d&#8217;adopter une vision large de l&#8217;entrepreneuriat qui va au-del\u00e0 de la technologie, de favoriser le mentorat pour les \u00e9tudiants noirs dipl\u00f4m\u00e9s dans des programmes de recherche et de cr\u00e9er des projets o\u00f9 les r\u00e9sultats de la recherche sont d\u00e9velopp\u00e9s au niveau communautaire. Ce concept de communaut\u00e9 est un principe central du CSECN et un domaine d&#8217;expertise pour la Dream Legacy Foundation qui collaborera avec des centres r\u00e9gionaux \u00e0 travers le Canada pour s&#8217;assurer que les projets de recherche sont bien ancr\u00e9s dans la communaut\u00e9. Le CSECN conceptualise des projets qui encouragent la participation active et sont responsables envers les organisations communautaires, en communiquant avec ces organisations sur toute dimension, de la conception de la recherche aux r\u00e9sultats ou \u00e0 la vulgarisation des connaissances.<\/p>\n<p>\u00c0 l&#8217;Universit\u00e9 de l&#8217;Alberta, de nombreux chercheurs impliqu\u00e9s dans le fonctionnement du Carrefour r\u00e9gional central ont des liens \u00e9troits avec la communaut\u00e9 noire, notamment <a href=\"https:\/\/jaredwesley.ca\/home\">Dr Jared Wesley<\/a> qui dirige l&#8217;initiative <a href=\"https:\/\/www.commongroundpolitics.ca\/\">Common Ground<\/a>, Dre Philomina Okeke-Ihejirika qui dirige le <a href=\"https:\/\/pace.ualberta.ca\/about\/\">Projet P.A.C.E<\/a>, <a href=\"https:\/\/apps.ualberta.ca\/directory\/person\/shirleya\">Dre Shirley Anne Tate<\/a> qui s&#8217;implique avec <a href=\"https:\/\/fr.bcwinaction.ca\/\">Femmes noires canadiennes en action<\/a>, ainsi que Dr Andr\u00e9 McDonald et <a href=\"https:\/\/www.adesidalab.ca\/team\">Dr Adetola Adesida<\/a> qui dirigent le <a href=\"https:\/\/www.eliteprogram.ca\/fr\/\">Programme ELITE pour la jeunesse noire<\/a>, un programme qui offre des stages r\u00e9mun\u00e9r\u00e9s \u00e0 temps plein en STIM aux jeunes personnes noires. Les partenaires communautaires tels que Dipo Alli de <a href=\"https:\/\/blackventures.org\">l&#8217;Association des entreprises commerciales noires<\/a> et le <a href=\"https:\/\/www.africacentre.ca\">Centre Africa<\/a> jouent \u00e9galement un r\u00f4le essentiel pour garantir que les communaut\u00e9s restent au c\u0153ur des projets de recherche du CSECN.<\/p>\n<p>\u00ab <em>Ainsi, les professeurs noirs (\u00e0 l&#8217;Universit\u00e9 de l&#8217;Alberta et ailleurs), avec leurs alli\u00e9s, peuvent cr\u00e9er un cadre th\u00e9orique \u00e0 partir de leur recherche pour ensuite construire les efforts de vulgarisation des connaissances qui r\u00e9pondent aux questions de la communaut\u00e9<\/em> \u00bb [traduction libre].<\/p>\n<p><em>Dr Andr\u00e9 McDonald, Vice-pr\u00e9sident associ\u00e9 d&#8217;Initiatives de recherche strat\u00e9gique et Performance et Professeur de g\u00e9nie m\u00e9canique<\/em><\/p>\n<p>Avec le soleil toujours haut dans le ciel, la journ\u00e9e s&#8217;est termin\u00e9e par des avanc\u00e9es concr\u00e8tes des deux c\u00f4t\u00e9s et le sentiment que le CSECN \u00e9tait sur la bonne piste pour trouver un moyen de s&#8217;ins\u00e9rer \u00e0 l&#8217;Universit\u00e9 de l&#8217;Alberta. Ensemble, les centres r\u00e9gionaux, avec le soutien de Carleton et du DLF, visent \u00e0 combler les lacunes dans la recherche sur l&#8217;entrepreneuriat noir au Canada. Du point de vue des politiques et du d\u00e9veloppement, cette connaissance approfondie et nuanc\u00e9e de l&#8217;exp\u00e9rience entrepreneuriale noire joue un r\u00f4le important dans le d\u00e9veloppement de programmes et d&#8217;initiatives pour soutenir les entreprises et les entrepreneurs noirs. Gr\u00e2ce \u00e0 des collaborations approfondies et exhaustives avec des organisations communautaires, l&#8217;Universit\u00e9 de l&#8217;Alberta et ses partenaires universitaires sont impatients de faire avancer des projets de recherche novateurs, cr\u00e9atifs et stimulants qui produiront des connaissances essentielles et exploitables sous la banni\u00e8re du CSECN.<\/p>\n<p>&nbsp;<\/p>\n<div id=\"attachment_401\" style=\"width: 640px\" class=\"wp-caption aligncenter\"><img loading=\"lazy\" decoding=\"async\" aria-describedby=\"caption-attachment-401\" src=\"https:\/\/www.eliteprogram.ca\/fr\/wp-content\/uploads\/sites\/2\/2022\/09\/BEKH-Article-Image-2-1024x742.jpg\" alt=\"\" width=\"630\" height=\"457\" \/><p id=\"caption-attachment-401\" class=\"wp-caption-text\">De gauche \u00e0 droite, l&#8217;avant : Roxanne Challenger, Andr\u00e9 McDonald, Rick Colbourne, Idara Effiom De gauche \u00e0 droite, l&#8217;arri\u00e8re : Dipo Alli, Andrea Pierce, Gerald Grant, Philomina Okeke-Ihejirika, Jared Wesley<\/p><\/div>\n<p>&nbsp;<\/p>\n<p>&nbsp;<\/p>\n<p><strong><em>Membres du comit\u00e9 de recherche et d&#8217;intervention communautaire du Carrefour r\u00e9gional central<\/em><\/strong><\/p>\n<ul>\n<li><a href=\"https:\/\/sites.ualberta.ca\/~andre2\/\"><strong>Dr Andr\u00e9 McDonald <\/strong><\/a><strong>(co-responsable)<\/strong>, Vice-pr\u00e9sident associ\u00e9 (Initiatives de recherche strat\u00e9gique et Performance) et Professeur de g\u00e9nie m\u00e9canique, Universit\u00e9 de l&#8217;Alberta.<\/li>\n<li><a href=\"https:\/\/pace.ualberta.ca\/people\/dr-philomina-okeke-ihejirika\/\"><strong>Dre Philomina Okeke-Ihejirika<\/strong><\/a><strong> (co-responsable)<\/strong>, Professeure des \u00e9tudes sur les femmes et le genre, Universit\u00e9 de l&#8217;Alberta.<\/li>\n<li><a href=\"https:\/\/apps.ualberta.ca\/directory\/person\/minness\"><strong>Dre Michelle Inness<\/strong><\/a>, Doyenne associ\u00e9e et Professeure de Strat\u00e9gie, entrepreneuriat et gestion, Universit\u00e9 de l&#8217;Alberta.<\/li>\n<li><a href=\"https:\/\/apps.ualberta.ca\/directory\/person\/hudsonbr\"><strong>Dre Rebecca Hudson-Breen<\/strong><\/a>, Professeure de la Psychologie scolaire, Universit\u00e9 de l&#8217;Alberta.<\/li>\n<li><a href=\"https:\/\/www.adesidalab.ca\/team\"><strong>Dr Adetola Adesida<\/strong><\/a>, Professeur de Chirurgie, Universit\u00e9 de l&#8217;Alberta.<\/li>\n<li><a href=\"https:\/\/apps.ualberta.ca\/directory\/person\/shirleya\"><strong>Dre Shirley Anne Tate<\/strong><\/a>, Professeure de Sociologie, Universit\u00e9 de l&#8217;Alberta.<\/li>\n<li><a href=\"https:\/\/jaredwesley.ca\/home\"><strong>Dr Jared Wesley<\/strong><\/a>, Professeur de Science politique, Universit\u00e9 de l&#8217;Alberta.<\/li>\n<li><a href=\"https:\/\/www.gnidehoulab.ca\/\"><strong>Dre Sedami Gnidehou<\/strong><\/a>, Professeure de Biologie, Campus Saint-Jean, Universit\u00e9 de l&#8217;Alberta.<\/li>\n<li><a href=\"https:\/\/blackventures.org\/team.html\"><strong>M Dipo Alli<\/strong><\/a>, Directeur g\u00e9n\u00e9ral, Black Business Ventures Association.<\/li>\n<\/ul>\n<p>&nbsp;<\/p>\n\n","protected":false},"excerpt":{"rendered":"<p>Auteure : Adiki Puplampu [traduit de l&#8217;anglais au fran\u00e7ais] Objet : \u00a0L&#8217;Universit\u00e9 de l&#8217;Alberta accueille le Carrefour du savoir pour l&#8217;entrepreneuriat des communaut\u00e9s noires, un projet de recherche unique et novateur financ\u00e9 par le gouvernement du Canada. Date : 17 ao\u00fbt 2022 Par une matin\u00e9e ensoleill\u00e9e et chaude \u00e0 Edmonton, les repr\u00e9sentants de l&#8217;Universit\u00e9 de [&hellip;]<\/p>\n","protected":false},"author":1,"featured_media":0,"parent":0,"menu_order":0,"comment_status":"closed","ping_status":"closed","template":"","meta":{"footnotes":""},"class_list":["post-398","page","type-page","status-publish","hentry"],"_links":{"self":[{"href":"https:\/\/www.eliteprogram.ca\/fr\/wp-json\/wp\/v2\/pages\/398","targetHints":{"allow":["GET"]}}],"collection":[{"href":"https:\/\/www.eliteprogram.ca\/fr\/wp-json\/wp\/v2\/pages"}],"about":[{"href":"https:\/\/www.eliteprogram.ca\/fr\/wp-json\/wp\/v2\/types\/page"}],"author":[{"embeddable":true,"href":"https:\/\/www.eliteprogram.ca\/fr\/wp-json\/wp\/v2\/users\/1"}],"replies":[{"embeddable":true,"href":"https:\/\/www.eliteprogram.ca\/fr\/wp-json\/wp\/v2\/comments?post=398"}],"version-history":[{"count":3,"href":"https:\/\/www.eliteprogram.ca\/fr\/wp-json\/wp\/v2\/pages\/398\/revisions"}],"predecessor-version":[{"id":405,"href":"https:\/\/www.eliteprogram.ca\/fr\/wp-json\/wp\/v2\/pages\/398\/revisions\/405"}],"wp:attachment":[{"href":"https:\/\/www.eliteprogram.ca\/fr\/wp-json\/wp\/v2\/media?parent=398"}],"curies":[{"name":"wp","href":"https:\/\/api.w.org\/{rel}","templated":true}]}}