{"id":408,"date":"2022-09-22T20:12:19","date_gmt":"2022-09-22T20:12:19","guid":{"rendered":"https:\/\/www.eliteprogram.ca\/fr\/?page_id=408"},"modified":"2022-09-22T20:14:25","modified_gmt":"2022-09-22T20:14:25","slug":"les-stagiaires-du-programme-elite-presentent-a-latelier-de-mi-ete","status":"publish","type":"page","link":"https:\/\/www.eliteprogram.ca\/fr\/les-stagiaires-du-programme-elite-presentent-a-latelier-de-mi-ete\/","title":{"rendered":"Les stagiaires du Programme ELITE pr\u00e9sentent \u00e0 l&#8217;atelier de mi-\u00e9t\u00e9"},"content":{"rendered":"\n\n\t<p><strong>Auteure : <\/strong>Adiki Puplampu [traduit de l&#8217;anglais au fran\u00e7ais]<\/p>\n<p><strong>Objet : <\/strong>Les stagiaires du Programme ELITE ont pr\u00e9sent\u00e9 leurs travaux de stage \u00e0 mi-parcours jusqu&#8217;\u00e0 date et ont profit\u00e9 d&#8217;une journ\u00e9e de r\u00e9seautage entre eux.<\/p>\n<p><strong>Date : <\/strong>17 ao\u00fbt 2022<\/p>\n<p>&nbsp;<\/p>\n<p>Le vendredi 8 juillet 2022, les stagiaires de premier cycle du Programme ELITE \u00e0 travers le Canada se sont r\u00e9unis en personne et virtuellement \u00e0 l&#8217;Universit\u00e9 de l&#8217;Alberta pour des pr\u00e9sentations techniques et des rapports de progression en milieu de l&#8217;\u00e9t\u00e9. Toute la journ\u00e9e, des stagiaires issus de disciplines diff\u00e9rentes, telles que le g\u00e9nie \u00e9lectrique \u00e0 la biologie en passant par le marketing d&#8217;entreprise, ont pr\u00e9sent\u00e9 leurs travaux de stage \u00e0 ce jour. Malgr\u00e9 les probl\u00e8mes de connexion pos\u00e9s par la panne de Rogers, plus de 30 stagiaires ont partag\u00e9 des d\u00e9tails sur leurs projets, leurs responsabilit\u00e9s, leurs exp\u00e9riences d&#8217;apprentissage et leurs objectifs futurs.<\/p>\n<p>Les pr\u00e9sentations abord\u00e9es au cours de la journ\u00e9e ont \u00e9t\u00e9 organis\u00e9es en cinq cat\u00e9gories de disciplines : ing\u00e9nierie, robotique et informatique, sant\u00e9 et bien-\u00eatre, affaires et finance, et sciences biologiques et environnementales. Avant de plonger dans les pr\u00e9sentations des diff\u00e9rentes disciplines, la journ\u00e9e a commenc\u00e9 par des pr\u00e9sentations de nos stagiaires d&#8217;Ottawa, qui \u00e9tudient \u00e0 la <a href=\"https:\/\/carleton.ca\/engineering-design\/\">Facult\u00e9 de G\u00e9nie et de planification<\/a> de l&#8217;Universit\u00e9 Carleton. Ridha Allaw, un stagiaire travaillant avec le chercheur de l&#8217;Universit\u00e9 Carleton, <a href=\"https:\/\/carleton.ca\/artel\/people\/dr-kamal-hossain\/\">Dr Kamal Hossain<\/a>, a pr\u00e9sent\u00e9 en premier son travail en discutant de la conception alternative des chauss\u00e9es et des infrastructures au bord de la route pour r\u00e9duire la pollution sonore de la circulation. Apr\u00e8s les stagiaires d&#8217;Ottawa, des pr\u00e9sentations en pr\u00e9sentiel d&#8217;\u00e9tudiants en stages en ing\u00e9nierie ont commenc\u00e9.<\/p>\n<p>En petit groupe de trois, les \u00e9tudiants en ing\u00e9nierie ont discut\u00e9 de leurs travaux sur des probl\u00e8mes tels que la s\u00e9curisation des d\u00e9ambulateurs (d\u00e9ambulateurs \u00e0 roues), la conception de l&#8217;\u00e9clairage dans les b\u00e2timents et l&#8217;exploitation prudente des actifs liquides du pipeline.<\/p>\n<p>Les pr\u00e9sentations des \u00e9tudiants en g\u00e9nie ont \u00e9t\u00e9 suivies par celles d&#8217;\u00e9tudiants en stages en robotique et en informatique. Les \u00e9tudiants de ce groupe ont fait des pr\u00e9sentations sur tout, que ce soit de la cr\u00e9ation d&#8217;agents conversationnels RH ou la recherche de syst\u00e8mes de capture de mouvement. Apr\u00e8s le d\u00eener, o\u00f9 les \u00e9tudiants ont eu l&#8217;occasion de se rencontrer et de resauter entre eux, les pr\u00e9sentations des \u00e9tudiants en stages en sant\u00e9 et bien-\u00eatre ont commenc\u00e9. De nombreux \u00e9tudiants de ce groupe font des stages dans des laboratoires de l&#8217;Universit\u00e9 de l&#8217;Alberta, comme Saeeda Saeed, qui est supervis\u00e9e par <a href=\"https:\/\/apps.ualberta.ca\/directory\/person\/sparkins\">Dre Sophie Yohani<\/a> et <a href=\"https:\/\/pace.ualberta.ca\/people\/dr-philomina-okeke-ihejirika\/\">Dre Philomina Okeke-Ihejirika<\/a>, et a discut\u00e9 de sa recherche sur l&#8217;appui de la cr\u00e9ation d&#8217;un cadre pour lutter contre la violence conjugale dans les communaut\u00e9s noires canadiennes. Des projets tels que celui entrepris par Saeeda font partie de l&#8217;expansion du Programme ELITE vers des stages ax\u00e9s sur la sant\u00e9 mentale et le bien-\u00eatre.<\/p>\n<p>Le groupe suivant de pr\u00e9sentateurs des stages en affaires et en finance s&#8217;est bri\u00e8vement \u00e9gar\u00e9 de sujets scientifiques et techniques &#8211; qui ont marqu\u00e9 la premi\u00e8re moiti\u00e9 de la journ\u00e9e. Les pr\u00e9sentations de ce groupe ont d\u00e9montr\u00e9 la diversit\u00e9 des responsables des stages impliqu\u00e9s dans le Programme ELITE, des start-ups comme <a href=\"https:\/\/getruth.ca\">Ruth<\/a>, une entreprise qui produit des serviettes hygi\u00e9niques jetables \u00e0 base de plantes, aux grandes entreprises comme <a href=\"https:\/\/www.enbridge.com\">Enbridge Inc.<\/a>, la plus grande entreprise d&#8217;infrastructure \u00e9nerg\u00e9tique en Am\u00e9rique du Nord. La plus grande cohorte disciplinaire, les \u00e9tudiants en stages en sciences biologiques et en sciences de l&#8217;environnement, a termin\u00e9 la journ\u00e9e. Parmi de nombreuses pr\u00e9sentations fascinantes, nous avons entendu Ara Jamaldin qui travaille \u00e0 cr\u00e9er des taxonomies pour l&#8217;ADN des lichens, sous la supervision de <a href=\"https:\/\/apps.ualberta.ca\/directory\/person\/dianeh\">Dre Diana Haughland<\/a>, avec <a href=\"https:\/\/www.abmi.ca\/home.html\">l&#8217;Institut de surveillance de la biodiversit\u00e9 de l&#8217;Alberta<\/a>, Toluwatise Ehindero dans le groupe de recherche de <a href=\"https:\/\/apps.ualberta.ca\/directory\/person\/dsauvage\">Dr Dominic Sauvageau<\/a>, faisant de la recherche sur le microbiote intestinal, et Anne Rinna Kouassi-Djan qui travaille \u00e0 comprendre l&#8217;impact du paludisme sur les femmes enceintes en travaillant sous la supervision de <a href=\"https:\/\/www.gnidehoulab.ca\/\">Dre Sedami Gnidehou<\/a>.<\/p>\n<p>En plus de souligner leurs activit\u00e9s quotidiennes et ce qu&#8217;ils ont appris jusqu&#8217;\u00e0 pr\u00e9sent, de nombreux stagiaires ont discut\u00e9 de ce qu&#8217;ils esp\u00e8rent apprendre dans la deuxi\u00e8me partie de leur stage. \u00c0 la fin du mois d&#8217;ao\u00fbt, les \u00e9tudiants se r\u00e9uniront \u00e0 nouveau pour pr\u00e9senter leur travail \u00e0 un public plus large et auront l&#8217;occasion de discuter s&#8217;ils ont atteint ces objectifs. En ao\u00fbt, les \u00e9tudiants de premier cycle seront rejoints par leurs pairs de l&#8217;\u00e9cole secondaire qui ont commenc\u00e9 leurs stages en d\u00e9but juillet. Nous avons h\u00e2te d&#8217;en savoir plus sur leur travail et sur le travail des \u00e9l\u00e8ves du secondaire \u00e0 la fin du mois d&#8217;ao\u00fbt. Restez \u00e0 l&#8217;\u00e9coute pour en savoir plus sur notre cohorte de premier cycle de l&#8217;universit\u00e9 et les projets sur lesquels ils ont travaill\u00e9 fort !<\/p>\n\n","protected":false},"excerpt":{"rendered":"<p>Auteure : Adiki Puplampu [traduit de l&#8217;anglais au fran\u00e7ais] Objet : Les stagiaires du Programme ELITE ont pr\u00e9sent\u00e9 leurs travaux de stage \u00e0 mi-parcours jusqu&#8217;\u00e0 date et ont profit\u00e9 d&#8217;une journ\u00e9e de r\u00e9seautage entre eux. Date : 17 ao\u00fbt 2022 &nbsp; Le vendredi 8 juillet 2022, les stagiaires de premier cycle du Programme ELITE \u00e0 [&hellip;]<\/p>\n","protected":false},"author":1,"featured_media":0,"parent":0,"menu_order":0,"comment_status":"closed","ping_status":"closed","template":"","meta":{"footnotes":""},"class_list":["post-408","page","type-page","status-publish","hentry"],"_links":{"self":[{"href":"https:\/\/www.eliteprogram.ca\/fr\/wp-json\/wp\/v2\/pages\/408","targetHints":{"allow":["GET"]}}],"collection":[{"href":"https:\/\/www.eliteprogram.ca\/fr\/wp-json\/wp\/v2\/pages"}],"about":[{"href":"https:\/\/www.eliteprogram.ca\/fr\/wp-json\/wp\/v2\/types\/page"}],"author":[{"embeddable":true,"href":"https:\/\/www.eliteprogram.ca\/fr\/wp-json\/wp\/v2\/users\/1"}],"replies":[{"embeddable":true,"href":"https:\/\/www.eliteprogram.ca\/fr\/wp-json\/wp\/v2\/comments?post=408"}],"version-history":[{"count":2,"href":"https:\/\/www.eliteprogram.ca\/fr\/wp-json\/wp\/v2\/pages\/408\/revisions"}],"predecessor-version":[{"id":410,"href":"https:\/\/www.eliteprogram.ca\/fr\/wp-json\/wp\/v2\/pages\/408\/revisions\/410"}],"wp:attachment":[{"href":"https:\/\/www.eliteprogram.ca\/fr\/wp-json\/wp\/v2\/media?parent=408"}],"curies":[{"name":"wp","href":"https:\/\/api.w.org\/{rel}","templated":true}]}}