{"id":415,"date":"2022-10-04T06:27:41","date_gmt":"2022-10-04T06:27:41","guid":{"rendered":"https:\/\/www.eliteprogram.ca\/fr\/?page_id=415"},"modified":"2022-10-04T06:32:05","modified_gmt":"2022-10-04T06:32:05","slug":"profile-dune-stagiaire-anurika-onyenso","status":"publish","type":"page","link":"https:\/\/www.eliteprogram.ca\/fr\/profile-dune-stagiaire-anurika-onyenso\/","title":{"rendered":"Profile d\u2019une stagiaire : Anurika Onyenso"},"content":{"rendered":"\n\n\t\t\t\t<img loading=\"lazy\" decoding=\"async\" src=\"https:\/\/www.eliteprogram.ca\/fr\/wp-content\/uploads\/sites\/2\/2022\/10\/Anurika-Image--1024x1024.png\" alt=\"Anurika Image\" itemprop=\"image\" height=\"1024\" width=\"1024\" title=\"Anurika Image\" onerror=\"this.style.display='none'\"  \/>\n\t<p><strong>Auteure : <\/strong>Adiki Puplampu<\/p>\n<p><strong>Date : <\/strong>04 Octobre 2022<\/p>\n<p>&nbsp;<\/p>\n<p>Quand elle a re\u00e7u son dipl\u00f4me de l&#8217;\u00e9cole secondaire, le r\u00eave d&#8217;Anurika de devenir une g\u00e9rante d&#8217;entreprise l&#8217;a amen\u00e9e \u00e0 se sp\u00e9cialiser en gestion d&#8217;entreprise \u00e0 l&#8217;Universit\u00e9 de l&#8217;Alberta. Mais comme de nombreux \u00e9tudiants, les id\u00e9es d&#8217;Anurika sur qui elle voulait \u00eatre et ce qu&#8217;elle voulait faire ont chang\u00e9, et ses objectifs de carri\u00e8re sont pass\u00e9e de la propri\u00e9t\u00e9 d&#8217;entreprise au marketing et \u00e0 la consultation. Ce changement d&#8217;objectif s&#8217;est accompagn\u00e9 d&#8217;un d\u00e9sir d&#8217;acqu\u00e9rir plus de connaissances, d&#8217;exp\u00e9rience et de comp\u00e9tences pertinentes dans ce domaine. \u00c9tudiante internationale, Anurika avait occup\u00e9 plusieurs emplois qui, malgr\u00e9 de bonnes exp\u00e9riences d&#8217;apprentissage, n&#8217;\u00e9taient pas dans son domaine d&#8217;int\u00e9r\u00eat professionnel. C&#8217;est ce d\u00e9sir d&#8217;acqu\u00e9rir une exp\u00e9rience de la vie r\u00e9elle et d&#8217;en savoir plus sur le monde des affaires qui l&#8217;a amen\u00e9e \u00e0 postuler pour le <a href=\"https:\/\/www.eliteprogram.ca\/fr\/\">Programme ELITE pour la jeunesse noire<\/a>.<\/p>\n<p>Apr\u00e8s avoir \u00e9t\u00e9 accept\u00e9e dans le Programme ELITE, Anurika a \u00e9t\u00e9 plac\u00e9e en stage chez Ruth, une entreprise de soins menstruels durables. Dans son r\u00f4le de coordinatrice des m\u00e9dias sociaux, elle a g\u00e9r\u00e9 divers comptes de r\u00e9seaux sociaux, cr\u00e9\u00e9 et programm\u00e9 du contenu, g\u00e9r\u00e9 le marketing par courriel, compil\u00e9 des analyses et particip\u00e9 aux recherches de recrutement de nouvelle client\u00e8le. Son implication dans les efforts de marketing de Ruth, dont Anurika consid\u00e8re maintenant les fondateurs comme des mod\u00e8les professionnels exemplaires, a confirm\u00e9 son d\u00e9sir de poursuivre une carri\u00e8re dans la consultation ou le marketing.<\/p>\n<p>Pour Anurika, ce qui rend le Programme ELITE si attrayant est sa nature si holistique.<\/p>\n<p>L&#8217;opportunit\u00e9 non seulement d&#8217;acqu\u00e9rir une exp\u00e9rience de stage, mais aussi d&#8217;apprendre davantage sur l&#8217;ind\u00e9pendance financi\u00e8re, l&#8217;entrepreneuriat et le bien-\u00eatre rend l&#8217;exp\u00e9rience d&#8217;\u00eatre dans le programme encore plus enrichissante.<\/p>\n<p><strong>Citation : <\/strong>\u00ab Je ne sais pas tout, et le but de ce stage est de se rendre compte que ceci est correct. J&#8217;apprends toujours, je prends en compte les r\u00e9troactions de mes superviseurs et je m&#8217;am\u00e9liore. C&#8217;est ce qui est important : mettre en pratique ce qu&#8217;on apprend. \u00bb<\/p>\n<p>Pendant son stage, elle a eu l&#8217;occasion de participer \u00e0 l&#8217;\u00e9v\u00e9nement de Journ\u00e9e mondiale de l&#8217;hygi\u00e8ne menstruelle de l&#8217;entreprise. En plus d&#8217;\u00eatre une organisation socialement consciente ax\u00e9e sur la durabilit\u00e9, Ruth lutte \u00e9galement contre la pauvret\u00e9 menstruelle. Pendant l&#8217;\u00e9v\u00e9nement d&#8217;Hygi\u00e8ne menstruelle, ils ont distribu\u00e9 des \u00e9chantillons gratuits de serviettes hygi\u00e9niques dans les lieux de l&#8217;\u00e9v\u00e9nement \u00e0 Edmonton, Toronto, et Vancouver. Anurika consid\u00e8re sa participation \u00e0 cet \u00e9v\u00e9nement comme l&#8217;un des moments dont elle est la plus fi\u00e8re de son stage.<\/p>\n<p>Avec cette exp\u00e9rience de travail et sa quatri\u00e8me ann\u00e9e dans un dipl\u00f4me en gestion des affaires \u00e0 l&#8217;horizon, Anurika est pr\u00eate \u00e0 commencer \u00e0 se concentrer sur son prochain grand objectif : une ma\u00eetrise en droit des affaires. Nous avons h\u00e2te de voir ce qu&#8217;Anurika fera dans l&#8217;avenir et nous lui souhaitons bonne chance pour ce prochain semestre !<\/p>\n\n","protected":false},"excerpt":{"rendered":"<p>Auteure : Adiki Puplampu Date : 04 Octobre 2022 &nbsp; Quand elle a re\u00e7u son dipl\u00f4me de l&#8217;\u00e9cole secondaire, le r\u00eave d&#8217;Anurika de devenir une g\u00e9rante d&#8217;entreprise l&#8217;a amen\u00e9e \u00e0 se sp\u00e9cialiser en gestion d&#8217;entreprise \u00e0 l&#8217;Universit\u00e9 de l&#8217;Alberta. Mais comme de nombreux \u00e9tudiants, les id\u00e9es d&#8217;Anurika sur qui elle voulait \u00eatre et ce qu&#8217;elle [&hellip;]<\/p>\n","protected":false},"author":1,"featured_media":0,"parent":0,"menu_order":0,"comment_status":"closed","ping_status":"closed","template":"","meta":{"footnotes":""},"class_list":["post-415","page","type-page","status-publish","hentry"],"_links":{"self":[{"href":"https:\/\/www.eliteprogram.ca\/fr\/wp-json\/wp\/v2\/pages\/415","targetHints":{"allow":["GET"]}}],"collection":[{"href":"https:\/\/www.eliteprogram.ca\/fr\/wp-json\/wp\/v2\/pages"}],"about":[{"href":"https:\/\/www.eliteprogram.ca\/fr\/wp-json\/wp\/v2\/types\/page"}],"author":[{"embeddable":true,"href":"https:\/\/www.eliteprogram.ca\/fr\/wp-json\/wp\/v2\/users\/1"}],"replies":[{"embeddable":true,"href":"https:\/\/www.eliteprogram.ca\/fr\/wp-json\/wp\/v2\/comments?post=415"}],"version-history":[{"count":3,"href":"https:\/\/www.eliteprogram.ca\/fr\/wp-json\/wp\/v2\/pages\/415\/revisions"}],"predecessor-version":[{"id":419,"href":"https:\/\/www.eliteprogram.ca\/fr\/wp-json\/wp\/v2\/pages\/415\/revisions\/419"}],"wp:attachment":[{"href":"https:\/\/www.eliteprogram.ca\/fr\/wp-json\/wp\/v2\/media?parent=415"}],"curies":[{"name":"wp","href":"https:\/\/api.w.org\/{rel}","templated":true}]}}