{"id":426,"date":"2022-11-14T14:58:02","date_gmt":"2022-11-14T14:58:02","guid":{"rendered":"https:\/\/www.eliteprogram.ca\/fr\/?page_id=426"},"modified":"2022-11-14T14:59:49","modified_gmt":"2022-11-14T14:59:49","slug":"profile-dun-stagiaire-siegfried-kahama","status":"publish","type":"page","link":"https:\/\/www.eliteprogram.ca\/fr\/profile-dun-stagiaire-siegfried-kahama\/","title":{"rendered":"Profile d\u2019un stagiaire: Siegfried Kahama"},"content":{"rendered":"\n\n\t<p><strong>Auteure: <\/strong>Adiki Puplampu<\/p>\n<p><strong>Date:\u00a0<\/strong>14 November 2022<\/p>\n<p><strong>\u00a0<\/strong><\/p>\n<p>Siegfried Kahama faisait partie d&#8217;une poign\u00e9e d&#8217;\u00e9tudiants de la cohorte de cette ann\u00e9e de ce que la plupart ne consid\u00e9reraient pas qu&#8217;il soit d&#8217;un programme STIM. Dipl\u00f4m\u00e9 en psychologie avec une mineure en \u00e9conomie, la passion de Siegfried pour la psychologie d\u00e9coule de la capacit\u00e9 de cette discipline \u00e0 nourrir sa curiosit\u00e9 pour le monde et ses intersections avec le monde des affaires, un domaine qu&#8217;il souhaite explorer davantage. Cet int\u00e9r\u00eat pour les affaires a fait de Siegfried un candidat id\u00e9al pour son poste de stagiaire en finance chez Sysco Canada cet \u00e9t\u00e9.<\/p>\n<p>En tant que stagiaire en finance, Siegfried a eu l&#8217;occasion d&#8217;observer les finances d&#8217;une entreprise d&#8217;une perspective holistique. Dans son travail, qui consistait principalement \u00e0 travailler sur les remboursements et les dons avec le d\u00e9partement financier et \u00e0 \u00e9valuer l&#8217;efficacit\u00e9 des proc\u00e9dures d\u00e9partementales, il a aussi eu l&#8217;occasion de collaborer avec divers d\u00e9partements au sein de l&#8217;organisation. Ce travail lui a appris que les organisations sont comme des \u00e9cosyst\u00e8mes, chaque \u00e9l\u00e9ment \u00e9tant constamment en communication les uns avec les autres. Sa contribution \u00e0 cet \u00e9cosyst\u00e8me est un point de fiert\u00e9 et de d\u00e9veloppement pour Siegfried qui a pu apprendre de premi\u00e8re main des processus inconnus.<\/p>\n<p>Depuis son stage, Siegfried a internalis\u00e9 deux comp\u00e9tences professionnelles cl\u00e9s : l&#8217;importance de la communication et de la collaboration, ainsi que l&#8217;importance de l&#8217;apprentissage tout au long de la vie. Siegfried sort \u00e9galement de cette exp\u00e9rience avec une plus grande appr\u00e9ciation de la finance, un champ d&#8217;activit\u00e9 qu&#8217;il appr\u00e9cie maintenant pour sa capacit\u00e9 \u00e0 donner un sens aux flux quotidiens de chiffres et de donn\u00e9es.<\/p>\n<p>Concernant son avenir, l&#8217;emploi de r\u00eave de Siegfried serait tout ce qui lui permettrait de combiner et de poursuivre ses passions pour les affaires et la psychologie. Pour lui, cela ressemble \u00e0 travailler dans le monde de l&#8217;entreprise, dans l&#8217;industrie de la sant\u00e9 ou quelque part entre les deux. Lorsqu&#8217;on lui a demand\u00e9 ce qu&#8217;il dirait \u00e0 une personne int\u00e9ress\u00e9e \u00e0 postuler au Programme ELITE, Siegfried a r\u00e9pondu ceci : \u00ab Je leur dirais qu&#8217;ils n&#8217;ont rien \u00e0 perdre. En fait, je crois qu&#8217;ils perdraient s&#8217;ils ne postulaient pas en premier lieu. Nous avons tous un esprit entrepreneurial en nous, quel que soit le domaine qui vous int\u00e9resse. Il n&#8217;y a pas un autre programme qui vous permet de grandir et de partager votre voix comme le fait ELITE. \u00bb<\/p>\n\n","protected":false},"excerpt":{"rendered":"<p>Auteure: Adiki Puplampu Date:\u00a014 November 2022 \u00a0 Siegfried Kahama faisait partie d&#8217;une poign\u00e9e d&#8217;\u00e9tudiants de la cohorte de cette ann\u00e9e de ce que la plupart ne consid\u00e9reraient pas qu&#8217;il soit d&#8217;un programme STIM. Dipl\u00f4m\u00e9 en psychologie avec une mineure en \u00e9conomie, la passion de Siegfried pour la psychologie d\u00e9coule de la capacit\u00e9 de cette discipline [&hellip;]<\/p>\n","protected":false},"author":1,"featured_media":0,"parent":0,"menu_order":0,"comment_status":"closed","ping_status":"closed","template":"","meta":{"footnotes":""},"class_list":["post-426","page","type-page","status-publish","hentry"],"_links":{"self":[{"href":"https:\/\/www.eliteprogram.ca\/fr\/wp-json\/wp\/v2\/pages\/426","targetHints":{"allow":["GET"]}}],"collection":[{"href":"https:\/\/www.eliteprogram.ca\/fr\/wp-json\/wp\/v2\/pages"}],"about":[{"href":"https:\/\/www.eliteprogram.ca\/fr\/wp-json\/wp\/v2\/types\/page"}],"author":[{"embeddable":true,"href":"https:\/\/www.eliteprogram.ca\/fr\/wp-json\/wp\/v2\/users\/1"}],"replies":[{"embeddable":true,"href":"https:\/\/www.eliteprogram.ca\/fr\/wp-json\/wp\/v2\/comments?post=426"}],"version-history":[{"count":2,"href":"https:\/\/www.eliteprogram.ca\/fr\/wp-json\/wp\/v2\/pages\/426\/revisions"}],"predecessor-version":[{"id":428,"href":"https:\/\/www.eliteprogram.ca\/fr\/wp-json\/wp\/v2\/pages\/426\/revisions\/428"}],"wp:attachment":[{"href":"https:\/\/www.eliteprogram.ca\/fr\/wp-json\/wp\/v2\/media?parent=426"}],"curies":[{"name":"wp","href":"https:\/\/api.w.org\/{rel}","templated":true}]}}