{"id":435,"date":"2022-12-11T18:48:57","date_gmt":"2022-12-11T18:48:57","guid":{"rendered":"https:\/\/www.eliteprogram.ca\/fr\/?page_id=435"},"modified":"2023-01-31T22:30:27","modified_gmt":"2023-01-31T22:30:27","slug":"profile-dune-stagiaire-jeronia-morrison","status":"publish","type":"page","link":"https:\/\/www.eliteprogram.ca\/fr\/profile-dune-stagiaire-jeronia-morrison\/","title":{"rendered":"Profile d\u2019une stagiaire: Jeronia Morrison"},"content":{"rendered":"\n\n\t\t\t\t<img loading=\"lazy\" decoding=\"async\" src=\"https:\/\/www.eliteprogram.ca\/fr\/wp-content\/uploads\/sites\/2\/2022\/12\/Jeronia-Image.jpg\" alt=\"Jeronia Image\" itemprop=\"image\" height=\"1199\" width=\"1600\" title=\"Jeronia Image\" onerror=\"this.style.display='none'\"  \/>\n\t<p><strong>Auteure: <\/strong>Adiki Puplampu<\/p>\n<p><strong>Date: <\/strong>12 D\u00e9cembre 2022<\/p>\n<p>&nbsp;<\/p>\nApr\u00e8s avoir chang\u00e9 sa majeure de la biochimie \u00e0 la chimie, Jeronia cherchait \u00e0 acqu\u00e9rir de l&#8217;exp\u00e9rience en dehors de la salle de classe dans son nouveau domaine. Quand elle a entendu parler du Programme ELITE, elle a su que c&#8217;\u00e9tait l&#8217;occasion parfaite d&#8217;avoir cette exp\u00e9rience et de r\u00e9seauter avec d&#8217;autres jeunes noirs en sciences, technologie, ing\u00e9nierie, math\u00e9matiques et m\u00e9decine (STIM).\nLe changement de majeure de Jeronia a \u00e9t\u00e9 motiv\u00e9 par sa passion pour la chimie. Elle consid\u00e8re la chimie comme une science active, o\u00f9 la th\u00e9orie et la pratique sont clairement li\u00e9es. Son r\u00eave est de devenir dermatologue et de fournir un traitement s\u00e9curitaire pour aider les autres \u00e0 se sentir bien dans leur peau. Gr\u00e2ce \u00e0 la chimie, Jeronia acquiert des comp\u00e9tences pratiques et transf\u00e9rables vers ce r\u00eave telle que la pens\u00e9e critique, la recherche, la collecte de donn\u00e9es et le travail d&#8217;\u00e9quipe, tout en faisant un travail qu&#8217;elle aime.\nCet \u00e9t\u00e9, elle a pu mettre ses comp\u00e9tences \u00e0 l&#8217;\u00e9preuve en travaillant comme assistante de laboratoire chez Innotech Alberta au sein de leur d\u00e9partement de Mat\u00e9riaux avanc\u00e9s. Dans ce r\u00f4le, elle a trait\u00e9 et test\u00e9 des \u00e9chantillons de clients, et rencontr\u00e9 des clients pour conna\u00eetre leurs besoins en mati\u00e8re de tests. En plus de contribuer au travail important qu&#8217;Innotech Alberta fait pour soutenir l&#8217;\u00e9conomie albertaine, la partie la plus gratifiante de cette exp\u00e9rience pour Jeronia a \u00e9t\u00e9 de s&#8217;adapter dans un milieu de travail tr\u00e8s dynamique, o\u00f9 la formation sur les techniques d&#8217;essai des mat\u00e9riaux \u00e9tait offerte au fur et \u00e0 mesure que les demandes arrivaient, et plusieurs demandes \u00e9taient trait\u00e9es par semaine avec des d\u00e9lais cons\u00e9cutifs.\nEn parlant de son exp\u00e9rience dans le Programme ELITE, Jeronia encourage les \u00e9tudiants int\u00e9ress\u00e9s \u00e0 postuler et \u00e0 ne pas rater cette opportunit\u00e9 par peur. Elle a \u00e9galement quelques conseils pour les \u00e9l\u00e8ves qui sont \u00e0 l&#8217;\u00e9cole : \u00ab Soyez patient avec vous-m\u00eame. Ayant grandi en tant qu&#8217;immigrante noire, j&#8217;\u00e9tais convaincue que je devais tout comprendre sur le plan de la carri\u00e8re lorsque je suis arriv\u00e9e \u00e0 l&#8217;universit\u00e9. La r\u00e9alit\u00e9 est que vos int\u00e9r\u00eats peuvent changer de fa\u00e7on inattendue. C&#8217;est une exp\u00e9rience tr\u00e8s effrayante, surtout si elle se produit assez tard dans votre parcours acad\u00e9mique, mais le changement est normal, alors prenez le temps d&#8217;\u00e9valuer vos options et rappelez-vous que le parcours de chaque \u00e9tudiant est diff\u00e9rent \u00bb.\n\n","protected":false},"excerpt":{"rendered":"<p>Auteure: Adiki Puplampu Date: 12 D\u00e9cembre 2022 &nbsp; Apr\u00e8s avoir chang\u00e9 sa majeure de la biochimie \u00e0 la chimie, Jeronia cherchait \u00e0 acqu\u00e9rir de l&#8217;exp\u00e9rience en dehors de la salle de classe dans son nouveau domaine. Quand elle a entendu parler du Programme ELITE, elle a su que c&#8217;\u00e9tait l&#8217;occasion parfaite d&#8217;avoir cette exp\u00e9rience et [&hellip;]<\/p>\n","protected":false},"author":1,"featured_media":0,"parent":0,"menu_order":0,"comment_status":"closed","ping_status":"closed","template":"","meta":{"footnotes":""},"class_list":["post-435","page","type-page","status-publish","hentry"],"_links":{"self":[{"href":"https:\/\/www.eliteprogram.ca\/fr\/wp-json\/wp\/v2\/pages\/435","targetHints":{"allow":["GET"]}}],"collection":[{"href":"https:\/\/www.eliteprogram.ca\/fr\/wp-json\/wp\/v2\/pages"}],"about":[{"href":"https:\/\/www.eliteprogram.ca\/fr\/wp-json\/wp\/v2\/types\/page"}],"author":[{"embeddable":true,"href":"https:\/\/www.eliteprogram.ca\/fr\/wp-json\/wp\/v2\/users\/1"}],"replies":[{"embeddable":true,"href":"https:\/\/www.eliteprogram.ca\/fr\/wp-json\/wp\/v2\/comments?post=435"}],"version-history":[{"count":5,"href":"https:\/\/www.eliteprogram.ca\/fr\/wp-json\/wp\/v2\/pages\/435\/revisions"}],"predecessor-version":[{"id":441,"href":"https:\/\/www.eliteprogram.ca\/fr\/wp-json\/wp\/v2\/pages\/435\/revisions\/441"}],"wp:attachment":[{"href":"https:\/\/www.eliteprogram.ca\/fr\/wp-json\/wp\/v2\/media?parent=435"}],"curies":[{"name":"wp","href":"https:\/\/api.w.org\/{rel}","templated":true}]}}