{"id":448,"date":"2023-01-31T22:12:57","date_gmt":"2023-01-31T22:12:57","guid":{"rendered":"https:\/\/www.eliteprogram.ca\/fr\/?page_id=448"},"modified":"2023-01-31T22:18:11","modified_gmt":"2023-01-31T22:18:11","slug":"un-stagiaire-du-programme-elite-recoit-une-bourse-de-leadership","status":"publish","type":"page","link":"https:\/\/www.eliteprogram.ca\/fr\/un-stagiaire-du-programme-elite-recoit-une-bourse-de-leadership\/","title":{"rendered":"Un stagiaire du Programme ELITE re\u00e7oit une bourse de leadership"},"content":{"rendered":"\n\n\t\t\t\t<img loading=\"lazy\" decoding=\"async\" src=\"https:\/\/www.eliteprogram.ca\/fr\/wp-content\/uploads\/sites\/2\/2023\/01\/Salim-Soufi-Headshot-671x1024.jpg\" alt=\"Salim Soufi Headshot\" itemprop=\"image\" height=\"1024\" width=\"671\" title=\"Salim Soufi Headshot\" onerror=\"this.style.display='none'\"  \/>\n\t<p><strong>Auteure : <\/strong>Adiki Puplampu<\/p>\n<p><strong>Date :\u00a0<\/strong>31 January 2023<\/p>\n<p>&nbsp;<\/p>\nLe 1er novembre 2022, Salim Soufi, stagiaire du Programme ELITE 2021 et 2022, a re\u00e7u une Bourse TD pour le leadership communautaire. Stagiaire de retour, Salim a pass\u00e9 cet \u00e9t\u00e9 \u00e0 travailler comme assistant de recherche au <a href=\"https:\/\/www.ualberta.ca\/rehabilitation\/research\/rehabilitation-robotics\/index.html\">Rehab Robotics Lab<\/a>, un groupe de la <a href=\"https:\/\/www.ualberta.ca\/rehabilitation\/index.html\">Facult\u00e9 de m\u00e9decine de r\u00e9adaptation<\/a> de l&#8217;Universit\u00e9 de l&#8217;Alberta qui effectue des recherches sur les solutions robotiques et technologiques aux probl\u00e8mes de r\u00e9adaptation. Alors qu&#8217;il travaillait avec le laboratoire, Salim, un \u00e9tudiant du secondaire \u00e0 l&#8217;\u00e9poque, a produit son premier r\u00e9sum\u00e9 scientifique en collaboration avec ses coll\u00e8gues et chercheur principal, sur les similitudes entre la technologie de capture de mouvement \u00e0 base de marqueurs et sans marqueur.\n\u00ab En tant que mon premier papier scientifique, j&#8217;en ai ressenti une sorte de fiert\u00e9 comme il repr\u00e9sentait tout le travail acharn\u00e9 que j&#8217;ai consacr\u00e9 \u00e0 ce sujet, au cours de l&#8217;\u00e9t\u00e9, \u00bb a d\u00e9clar\u00e9 Salim.\nAu cours de son stage, Salim a eu la chance de rencontrer des professionnels de divers horizons et de leur poser des questions, des conversations qui l&#8217;ont aid\u00e9 \u00e0 d\u00e9terminer son cheminement de carri\u00e8re actuel.\nMaintenant \u00e9tudiant de premi\u00e8re ann\u00e9e au Baccalaur\u00e9at en sciences avec une majeure en informatique \u00e0 l&#8217;Universit\u00e9 de l&#8217;Alberta, Salim s&#8217;est rendu \u00e0 la soir\u00e9e de remise des prix ravi de c\u00e9l\u00e9brer ses r\u00e9alisations avec ses camarades de classe et ses enseignants. Pour Salim, le prix repr\u00e9sente une reconnaissance de tout son travail jusqu&#8217;\u00e0 pr\u00e9sent et marque un bon d\u00e9but pour le travail \u00e0 venir.\nAu d\u00e9part, un dipl\u00f4me en informatique a s\u00e9duit Salim en raison de son int\u00e9r\u00eat pour le d\u00e9veloppement de jeux vid\u00e9o. Mais \u00e0 l&#8217;avenir, il esp\u00e8re utiliser ce dipl\u00f4me et les le\u00e7ons qu&#8217;il a tir\u00e9es de la s\u00e9rie d&#8217;activit\u00e9s sur la conception entrepreneuriale du Programme ELITE pour cr\u00e9er une compagnie de d\u00e9veloppement et de conception de jeux vid\u00e9o qui d\u00e9veloppe une technologie d&#8217;interface cerveau-ordinateur pour am\u00e9liorer les exp\u00e9riences des personnes ayant un handicap physique ou cognitif.\n\u00ab La chose la plus excitante de l&#8217;exp\u00e9rience ELITE elle-m\u00eame est le croisement entre la science et les affaires. L&#8217;ajout de la s\u00e9rie d&#8217;activit\u00e9s sur l&#8217;entrepreneuriat est ce qui, \u00e0 mon avis, le distingue de tout autre programme de stages. \u00bb\nC&#8217;est toujours excitant de c\u00e9l\u00e9brer les succ\u00e8s des stagiaires anciens et actuels du Programme ELITE, et nous continuons d&#8217;\u00eatre fiers d&#8217;eux et d&#8217;elles, ainsi que de leurs diverses r\u00e9alisations.\n\n","protected":false},"excerpt":{"rendered":"<p>Auteure : Adiki Puplampu Date :\u00a031 January 2023 &nbsp; Le 1er novembre 2022, Salim Soufi, stagiaire du Programme ELITE 2021 et 2022, a re\u00e7u une Bourse TD pour le leadership communautaire. Stagiaire de retour, Salim a pass\u00e9 cet \u00e9t\u00e9 \u00e0 travailler comme assistant de recherche au Rehab Robotics Lab, un groupe de la Facult\u00e9 de [&hellip;]<\/p>\n","protected":false},"author":1,"featured_media":0,"parent":0,"menu_order":0,"comment_status":"closed","ping_status":"closed","template":"","meta":{"footnotes":""},"class_list":["post-448","page","type-page","status-publish","hentry"],"_links":{"self":[{"href":"https:\/\/www.eliteprogram.ca\/fr\/wp-json\/wp\/v2\/pages\/448","targetHints":{"allow":["GET"]}}],"collection":[{"href":"https:\/\/www.eliteprogram.ca\/fr\/wp-json\/wp\/v2\/pages"}],"about":[{"href":"https:\/\/www.eliteprogram.ca\/fr\/wp-json\/wp\/v2\/types\/page"}],"author":[{"embeddable":true,"href":"https:\/\/www.eliteprogram.ca\/fr\/wp-json\/wp\/v2\/users\/1"}],"replies":[{"embeddable":true,"href":"https:\/\/www.eliteprogram.ca\/fr\/wp-json\/wp\/v2\/comments?post=448"}],"version-history":[{"count":2,"href":"https:\/\/www.eliteprogram.ca\/fr\/wp-json\/wp\/v2\/pages\/448\/revisions"}],"predecessor-version":[{"id":450,"href":"https:\/\/www.eliteprogram.ca\/fr\/wp-json\/wp\/v2\/pages\/448\/revisions\/450"}],"wp:attachment":[{"href":"https:\/\/www.eliteprogram.ca\/fr\/wp-json\/wp\/v2\/media?parent=448"}],"curies":[{"name":"wp","href":"https:\/\/api.w.org\/{rel}","templated":true}]}}