{"id":451,"date":"2023-01-31T22:26:19","date_gmt":"2023-01-31T22:26:19","guid":{"rendered":"https:\/\/www.eliteprogram.ca\/fr\/?page_id=451"},"modified":"2023-02-02T07:04:11","modified_gmt":"2023-02-02T07:04:11","slug":"profile-dune-stagiaire-imani-murray","status":"publish","type":"page","link":"https:\/\/www.eliteprogram.ca\/fr\/profile-dune-stagiaire-imani-murray\/","title":{"rendered":"Profile d\u2019une stagiaire : Imani Murray"},"content":{"rendered":"\n\n\t\t\t\t<img loading=\"lazy\" decoding=\"async\" src=\"https:\/\/www.eliteprogram.ca\/fr\/wp-content\/uploads\/sites\/2\/2023\/02\/Imani-Headshot-compressed.jpg\" alt=\"Imani Headshot - compressed\" itemprop=\"image\" height=\"1080\" width=\"1080\" title=\"Imani Headshot - compressed\" onerror=\"this.style.display='none'\"  \/>\n\t<p><strong>Auteure : <\/strong>Adiki Puplampu<\/p>\n<p><strong>Date : <\/strong>1 February 2023<\/p>\n<p>&nbsp;<\/p>\nEn tant que stagiaire du Programme ELITE de retour, <a href=\"https:\/\/www.linkedin.com\/in\/imani-murray-aba675224\/\">Imani Murray<\/a> avait h\u00e2te de plonger vers une nouvelle opportunit\u00e9 d&#8217;apprentissage avec son stage d&#8217;\u00e9t\u00e9 en 2022. Sa premi\u00e8re fois dans le Programme ELITE, Imani a pass\u00e9 l&#8217;\u00e9t\u00e9 \u00e0 travailler dans un laboratoire de g\u00e9nie biom\u00e9dical. Cet \u00e9t\u00e9, elle a apport\u00e9 ses comp\u00e9tences et sa passion pour les soins de sant\u00e9 \u00e0 <a href=\"https:\/\/www.albertahealthservices.ca\/\">Alberta Health Services<\/a> (AHS) en collaborant avec leurs <a href=\"https:\/\/www.albertahealthservices.ca\/scns\/scn.aspx\">r\u00e9seaux cliniques strat\u00e9giques<\/a> (RCS).\nCompos\u00e9s de cliniciens, de dirigeants op\u00e9rationnels, de chercheurs, de partenaires communautaires et industriels, de patients et de familles, l&#8217;objectif des RCS est d&#8217;am\u00e9liorer les effets des soins de sant\u00e9 pour tous les Albertains. Dans les RCS, Imani a travaill\u00e9 comme coordonnatrice de projet pour l&#8217;Approche d&#8217;\u00c9quit\u00e9, Diversit\u00e9 et Inclusion du AHS. Le but de cette approche est de d\u00e9terminer la meilleure fa\u00e7on d&#8217;interagir avec des communaut\u00e9s marginalis\u00e9es, vuln\u00e9rables et racialis\u00e9es et de faire entendre leur voix \u00e0 la table de planification du AHS. Ce travail vital est motiv\u00e9 par la n\u00e9cessit\u00e9 de s&#8217;assurer que toutes les perspectives soient prises en compte dans l&#8217;\u00e9laboration des politiques et des programmes de sant\u00e9.\nDans ce r\u00f4le, effectu\u00e9 virtuellement, Imani a eu l&#8217;occasion de faciliter les r\u00e9unions des parties prenantes, de diriger des discussions en petits groupes et de r\u00e9diger des rapports de consultation. Malgr\u00e9 la nature \u00e0 distance de son travail, Imani \u00e9tait ravie de constater qu&#8217;elle avait encore la possibilit\u00e9 de resauter avec des m\u00e9decins et d&#8217;apprendre davantage sur le syst\u00e8me de sant\u00e9 d&#8217;un point de vue non clinique.\nActuellement en quatri\u00e8me ann\u00e9e d&#8217;un dipl\u00f4me de physiologie avec des int\u00e9r\u00eats pour la neurobiologie et la neurophysiologie, Imani a pour objectif de poursuivre une carri\u00e8re en m\u00e9decine et plus particuli\u00e8rement en neurochirurgie. Apr\u00e8s avoir vu des membres de sa famille souffrir des cons\u00e9quences d&#8217;une mauvaise sant\u00e9 neurologique, Imani est d\u00e9termin\u00e9e \u00e0 rejoindre le domaine et \u00e0 \u00eatre la repr\u00e9sentation qu&#8217;elle souhaite voir dans le domaine de la sant\u00e9. Laur\u00e9ate de la <a href=\"https:\/\/www.rbc.com\/dms\/enterprise\/futurelaunch\/black-scholarship.html\">bourse Objectif avenir RBC<\/a> l&#8217;ann\u00e9e derni\u00e8re, Imani a d\u00e9j\u00e0 accompli tant de choses en dehors du Programme ELITE, et nous avons h\u00e2te de voir ce qu&#8217;elle fera ensuite !\n\u00ab Mon exp\u00e9rience [dans] le programme en est une qui a compl\u00e8tement chang\u00e9 ma perspective sur ce que signifie \u00eatre une \u00e9tudiante en STIM. De mon premier stage dans le laboratoire de g\u00e9nie biom\u00e9dical jusqu&#8217;\u00e0 mon travail dans la plus grande organisation de soins de sant\u00e9 d&#8217;AHS, j&#8217;ai vu que qu&#8217;on peut \u00e9voluer dans son chemin d&#8217;\u00e9tudes cibl\u00e9 en effectuant un travail en dehors de son domaine. Bien qu&#8217;il puisse sembler conflictuel\/contradictoire, je comprends qu&#8217;en accumulant des comp\u00e9tences diversifi\u00e9es, on peut faire et accomplir des choses inimaginables qui seront finalement utiles pour vous et vos projets futurs. \u00bb\n\n","protected":false},"excerpt":{"rendered":"<p>Auteure : Adiki Puplampu Date : 1 February 2023 &nbsp; En tant que stagiaire du Programme ELITE de retour, Imani Murray avait h\u00e2te de plonger vers une nouvelle opportunit\u00e9 d&#8217;apprentissage avec son stage d&#8217;\u00e9t\u00e9 en 2022. Sa premi\u00e8re fois dans le Programme ELITE, Imani a pass\u00e9 l&#8217;\u00e9t\u00e9 \u00e0 travailler dans un laboratoire de g\u00e9nie biom\u00e9dical. [&hellip;]<\/p>\n","protected":false},"author":1,"featured_media":0,"parent":0,"menu_order":0,"comment_status":"closed","ping_status":"closed","template":"","meta":{"footnotes":""},"class_list":["post-451","page","type-page","status-publish","hentry"],"_links":{"self":[{"href":"https:\/\/www.eliteprogram.ca\/fr\/wp-json\/wp\/v2\/pages\/451","targetHints":{"allow":["GET"]}}],"collection":[{"href":"https:\/\/www.eliteprogram.ca\/fr\/wp-json\/wp\/v2\/pages"}],"about":[{"href":"https:\/\/www.eliteprogram.ca\/fr\/wp-json\/wp\/v2\/types\/page"}],"author":[{"embeddable":true,"href":"https:\/\/www.eliteprogram.ca\/fr\/wp-json\/wp\/v2\/users\/1"}],"replies":[{"embeddable":true,"href":"https:\/\/www.eliteprogram.ca\/fr\/wp-json\/wp\/v2\/comments?post=451"}],"version-history":[{"count":5,"href":"https:\/\/www.eliteprogram.ca\/fr\/wp-json\/wp\/v2\/pages\/451\/revisions"}],"predecessor-version":[{"id":462,"href":"https:\/\/www.eliteprogram.ca\/fr\/wp-json\/wp\/v2\/pages\/451\/revisions\/462"}],"wp:attachment":[{"href":"https:\/\/www.eliteprogram.ca\/fr\/wp-json\/wp\/v2\/media?parent=451"}],"curies":[{"name":"wp","href":"https:\/\/api.w.org\/{rel}","templated":true}]}}