{"id":480,"date":"2023-03-16T18:41:13","date_gmt":"2023-03-16T18:41:13","guid":{"rendered":"https:\/\/www.eliteprogram.ca\/fr\/?page_id=480"},"modified":"2023-03-16T18:43:53","modified_gmt":"2023-03-16T18:43:53","slug":"focus-sur-une-boursiere-doctorale-ibet-ababo-gudisa","status":"publish","type":"page","link":"https:\/\/www.eliteprogram.ca\/fr\/focus-sur-une-boursiere-doctorale-ibet-ababo-gudisa\/","title":{"rendered":"Focus sur une boursi\u00e8re doctorale IBET : Ababo Gudisa"},"content":{"rendered":"\n\n\t<p><strong>Auteure : <\/strong>Adiki Puplampu<\/p>\n<p><strong>Date :\u00a0<\/strong>16 Mars 2023<\/p>\n<p>&nbsp;<\/p>\n<p><em>Ababo Gudisa est \u00e9tudiante au doctorat en premi\u00e8re ann\u00e9e au D\u00e9partement de g\u00e9nie chimique et des mat\u00e9riaux de l&#8217;Universit\u00e9 de l&#8217;Alberta. En 2022, elle a \u00e9t\u00e9 accept\u00e9e comme boursi\u00e8re du Programme doctoral IBET.<\/em><\/p>\n<p><strong>\u00a0<\/strong><\/p>\n<p><strong>Pouvez-vous me parler un peu de votre cheminement vers l&#8217;ing\u00e9nierie et du travail que vous faites actuellement dans votre programme de doctorat ?<\/strong><\/p>\n<p>Donc, mon parcours vers l&#8217;ing\u00e9nierie remonte \u00e0 environ une d\u00e9cennie. \u00c0 l&#8217;\u00e9cole secondaire, j&#8217;ai d\u00fb choisir entre l&#8217;ing\u00e9nierie et aller \u00e0 l&#8217;\u00e9cole de m\u00e9decine, mais apr\u00e8s avoir consult\u00e9 des \u00e9tudiants des niveaux sup\u00e9rieurs du coll\u00e8ge, j&#8217;ai finalement d\u00e9cid\u00e9 de faire de l&#8217;ing\u00e9nierie. J&#8217;ai fait le g\u00e9nie chimique pour mon baccalaur\u00e9at, puis apr\u00e8s avoir obtenu mon dipl\u00f4me, j&#8217;ai re\u00e7u une bourse en Italie, alors j&#8217;ai fait ma ma\u00eetrise l\u00e0-bas. Ensuite, j&#8217;ai d\u00e9m\u00e9nag\u00e9 au Canada et j&#8217;ai trouv\u00e9 cette opportunit\u00e9 avec ELITE et un doctorat \u00e0 l&#8217;Universit\u00e9 de l&#8217;Alberta.<\/p>\n<p>Le projet sur lequel je travaille actuellement porte sur la nanopr\u00e9cipitation pour l&#8217;analyse des microplastiques. La nanopr\u00e9cipitation de diff\u00e9rents polym\u00e8res peut \u00eatre utilis\u00e9e dans l&#8217;administration de m\u00e9dicaments ou l&#8217;analyse de microplastiques. Nous venons de commencer en septembre, nous avons donc quelques r\u00e9sultats pr\u00e9liminaires.<strong>\u00a0<\/strong><\/p>\n<p><strong>Comment le Programme IBET a-t-il soutenu votre travail acad\u00e9mique et vos aspirations professionnelles ?<\/strong><strong>\u00a0<\/strong><\/p>\n<p>Ce programme m&#8217;est vraiment utile. Nous avons fait le Programme de s\u00e9ries d&#8217;activit\u00e9s sur l&#8217;entrepreneuriat en juillet et en ao\u00fbt. C&#8217;\u00e9tait vraiment int\u00e9ressant et j&#8217;ai beaucoup appris. Nous avons appris beaucoup de choses telles que des choses financi\u00e8res de base comme l&#8217;\u00e9pargne, l&#8217;investissement et l&#8217;entrepreneuriat et nous avons \u00e9galement appris sur l&#8217;id\u00e9ation et l&#8217;innovation. C&#8217;\u00e9tait donc tr\u00e8s utile en plus du programme de doctorat ici.<strong>\u00a0<\/strong><\/p>\n<p><strong>\u00c0 votre avis, pourquoi est-il important qu&#8217;un programme comme l&#8217;IBET existe au Canada ? <\/strong><\/p>\n<p>Je crois que nous avons besoin de plus de programmes comme l&#8217;IBET en fait. Apr\u00e8s avoir rejoint l&#8217;Universit\u00e9 de l&#8217;Alberta, j&#8217;ai observ\u00e9 qu&#8217;il y avait vraiment une \u00e9norme sous-repr\u00e9sentation des communaut\u00e9s autochtones et noires, en particulier dans les d\u00e9partements d&#8217;ing\u00e9nierie et de science. Et je crois que ce genre de programme aidera notre communaut\u00e9 \u00e0 participer davantage et m\u00eame encouragera plus de gens \u00e0 entrer dans le milieu universitaire.<strong>\u00a0<\/strong><\/p>\n<p><strong>Quelle diff\u00e9rence pensez-vous qu&#8217;un programme comme IBET apporte-t-il \u00e0 l&#8217;\u00e9cosyst\u00e8me professionnel et universitaire dans votre domaine ?<\/strong><strong>\u00a0<\/strong><\/p>\n<p>Je pense que les impacts seront \u00e9normes. Je pense que nous venons de commencer [le programme] \u00e0 l&#8217;Universit\u00e9 de l&#8217;Alberta et j&#8217;ai rencontr\u00e9 les autres boursiers IBET ici. Cette ann\u00e9e, il y a trois personnes. Et je crois que dans cinq ans, nous pourrions avoir 15 \u00e0 20 personnes et si m\u00eame la moiti\u00e9 de ces personnes d\u00e9cident de rejoindre le milieu universitaire, cela aurait vraiment un impact.<\/p>\n<p><strong>Selon vous, lesquels des sous-domaines de l&#8217;ing\u00e9nierie et de la technologie b\u00e9n\u00e9ficient le plus du soutien d&#8217;un programme comme ce que l&#8217;IBET offre ? Y a-t-il des domaines que vous voyez o\u00f9 les \u00e9tudiants noirs et autochtones sont particuli\u00e8rement sous-repr\u00e9sent\u00e9s ?<\/strong><\/p>\n<p>J&#8217;ai eu la chance de rencontrer des gens de diff\u00e9rents d\u00e9partements en ing\u00e9nierie et jusqu&#8217;\u00e0 pr\u00e9sent, d&#8217;apr\u00e8s mon exp\u00e9rience, il y a tr\u00e8s peu de personnes issues des communaut\u00e9s autochtones et noires. J&#8217;ai parl\u00e9 \u00e0 des gens qui font du g\u00e9nie chimique, du g\u00e9nie \u00e9lectrique et du g\u00e9nie m\u00e9canique et c&#8217;est la m\u00eame chose, il y a vraiment une \u00e9norme sous-repr\u00e9sentation (en ne parlant que des d\u00e9partements d&#8217;ing\u00e9nierie). Mais je crois que nous pouvons \u00e9galement appliquer cela \u00e0 d&#8217;autres d\u00e9partements scientifiques.<\/p>\n<p><strong>Dans le cadre de ce programme de bourses, vous avez \u00e9t\u00e9 invit\u00e9 \u00e0 participer \u00e0 la s\u00e9rie d&#8217;activit\u00e9s sur la Conception entrepreneuriale du Programme ELITE et \u00e0 faire du mentorat pair-\u00e0-pair pour les stagiaires. Pouvez-vous me parler un peu de votre exp\u00e9rience dans ce r\u00f4le ?<\/strong><\/p>\n<p>La s\u00e9rie d&#8217;activit\u00e9s entrepreneuriales \u00e9tait plus une opportunit\u00e9 d&#8217;apprentissage pour moi qu&#8217;une opportunit\u00e9 de mentorat. Bien s\u00fbr, j&#8217;ai \u00e9t\u00e9 fait mentor\u00e9e parce que les membres du groupe venaient d&#8217;origines diff\u00e9rentes et de diff\u00e9rents niveaux d&#8217;\u00e9ducation. Donc, c&#8217;\u00e9tait vraiment int\u00e9ressant. J&#8217;ai beaucoup appris et j&#8217;esp\u00e8re qu&#8217;ils ont appris de moi. Et j&#8217;ai d\u00e9velopp\u00e9 mes comp\u00e9tences en communication, mes comp\u00e9tences en leadership, en plus bien s\u00fbr des aspects financiers du programme. Donc, je crois que cela m&#8217;a \u00e9t\u00e9 b\u00e9n\u00e9fique et j&#8217;ai aussi aid\u00e9 les membres du groupe.<\/p>\n<p><strong>\u00cates-vous int\u00e9ress\u00e9e \u00e0 explorer de futures opportunit\u00e9s de mentorat ?<\/strong><\/p>\n<p>Oui, cela [la s\u00e9rie d&#8217;activit\u00e9s de Conception entrepreneuriale] m&#8217;a donn\u00e9 l&#8217;occasion de r\u00e9fl\u00e9chir sur la mani\u00e8re dont je peux avoir un impact sur les autres et leur \u00eatre utile. J&#8217;ai donc contact\u00e9 l&#8217;ERIEC et j&#8217;ai commenc\u00e9 \u00e0 faire le mentorat avec eux.<\/p>\n<p><strong>Lorsque vous envisagez l&#8217;avenir, comment vous vous voyez appliquer vos connaissances et votre exp\u00e9rience pour soutenir votre communaut\u00e9 ?<\/strong><\/p>\n<p>Donc, au d\u00e9part, mon int\u00e9r\u00eat \u00e9tait de rejoindre l&#8217;acad\u00e9mie, mais [maintenant] \u00e7a change un peu. Maintenant, depuis que j&#8217;ai particip\u00e9 \u00e0 la s\u00e9rie d&#8217;activit\u00e9s sur la Conception entrepreneuriale, je pourrais rejoindre l&#8217;industrie. En tant qu&#8217;immigrante, j&#8217;ai vu beaucoup de lacunes et de gens qui ont du mal \u00e0 trouver un emploi et qui ont du mal \u00e0 acqu\u00e9rir l&#8217;exp\u00e9rience canadienne. C&#8217;est donc l&#8217;une des raisons pour lesquelles je voulais aussi travailler avec ERIEC. Donc, en utilisant \u00e0 nouveau les exp\u00e9riences et les connaissances, gr\u00e2ce \u00e0 ce programme, j&#8217;aiderai les personnes qui ne peuvent pas trouver d&#8217;emploi et les personnes sous-repr\u00e9sent\u00e9es \u00e0 avoir la possibilit\u00e9 d&#8217;entrer dans l&#8217;industrie.<\/p>\n<p><strong>Autre chose \u00e0 dire ?<\/strong><\/p>\n<p>Je tiens \u00e0 remercier toutes les personnes qui ont organis\u00e9 et facilit\u00e9 cette opportunit\u00e9 pour nous. C&#8217;est vraiment une grande opportunit\u00e9 pour les gens et les gens comme moi d&#8217;avoir cette opportunit\u00e9 de faire un doctorat et en m\u00eame temps de suivre une formation sur l&#8217;entrepreneuriat ainsi que d&#8217;autres choses importantes. Je voudrais donc vous dire un grand merci.<\/p>\n\n","protected":false},"excerpt":{"rendered":"<p>Auteure : Adiki Puplampu Date :\u00a016 Mars 2023 &nbsp; Ababo Gudisa est \u00e9tudiante au doctorat en premi\u00e8re ann\u00e9e au D\u00e9partement de g\u00e9nie chimique et des mat\u00e9riaux de l&#8217;Universit\u00e9 de l&#8217;Alberta. En 2022, elle a \u00e9t\u00e9 accept\u00e9e comme boursi\u00e8re du Programme doctoral IBET. \u00a0 Pouvez-vous me parler un peu de votre cheminement vers l&#8217;ing\u00e9nierie et du [&hellip;]<\/p>\n","protected":false},"author":1,"featured_media":0,"parent":0,"menu_order":0,"comment_status":"closed","ping_status":"closed","template":"","meta":{"footnotes":""},"class_list":["post-480","page","type-page","status-publish","hentry"],"_links":{"self":[{"href":"https:\/\/www.eliteprogram.ca\/fr\/wp-json\/wp\/v2\/pages\/480","targetHints":{"allow":["GET"]}}],"collection":[{"href":"https:\/\/www.eliteprogram.ca\/fr\/wp-json\/wp\/v2\/pages"}],"about":[{"href":"https:\/\/www.eliteprogram.ca\/fr\/wp-json\/wp\/v2\/types\/page"}],"author":[{"embeddable":true,"href":"https:\/\/www.eliteprogram.ca\/fr\/wp-json\/wp\/v2\/users\/1"}],"replies":[{"embeddable":true,"href":"https:\/\/www.eliteprogram.ca\/fr\/wp-json\/wp\/v2\/comments?post=480"}],"version-history":[{"count":2,"href":"https:\/\/www.eliteprogram.ca\/fr\/wp-json\/wp\/v2\/pages\/480\/revisions"}],"predecessor-version":[{"id":482,"href":"https:\/\/www.eliteprogram.ca\/fr\/wp-json\/wp\/v2\/pages\/480\/revisions\/482"}],"wp:attachment":[{"href":"https:\/\/www.eliteprogram.ca\/fr\/wp-json\/wp\/v2\/media?parent=480"}],"curies":[{"name":"wp","href":"https:\/\/api.w.org\/{rel}","templated":true}]}}