{"id":487,"date":"2023-03-29T18:12:44","date_gmt":"2023-03-29T18:12:44","guid":{"rendered":"https:\/\/www.eliteprogram.ca\/fr\/?page_id=487"},"modified":"2023-03-29T18:16:50","modified_gmt":"2023-03-29T18:16:50","slug":"focus-sur-un-boursier-doctoral-ibet-darren-dahunsi","status":"publish","type":"page","link":"https:\/\/www.eliteprogram.ca\/fr\/focus-sur-un-boursier-doctoral-ibet-darren-dahunsi\/","title":{"rendered":"Focus sur un boursier doctoral IBET : Darren Dahunsi"},"content":{"rendered":"\n\n\t\t\t\t<img loading=\"lazy\" decoding=\"async\" src=\"https:\/\/www.eliteprogram.ca\/fr\/wp-content\/uploads\/sites\/2\/2023\/03\/Darren-Image-300x300.png\" alt=\"Darren Image\" itemprop=\"image\" height=\"300\" width=\"300\" title=\"Darren Image\" onerror=\"this.style.display='none'\"  \/>\n\t<p><strong>Auteure : <\/strong>Adiki Puplampu<\/p>\n<p><strong>Date :\u00a0<\/strong>29 Mars 2023<\/p>\n<p><em>\u00a0<\/em><\/p>\n<p><em>Darren est n\u00e9 au Nig\u00e9ria, mais a pass\u00e9 la majeure partie de sa vie \u00e0 St. Albert, en Alberta. Il poursuit actuellement ses \u00e9tudes de doctorat \u00e0 l&#8217;Universit\u00e9 de l&#8217;Alberta \u00e0 la Facult\u00e9 de g\u00e9nie \u00e9lectrique et informatique.<\/em><\/p>\n<p><em>Darren a obtenu son dipl\u00f4me de premier cycle en g\u00e9nie physique \u00e0 l&#8217;Universit\u00e9 de l&#8217;Alberta, o\u00f9 il a particip\u00e9 au programme coop\u00e9ratif d&#8217;ing\u00e9nierie et a travaill\u00e9 deux ans chez Stantec en tant que d\u00e9veloppeur de logiciels de solutions num\u00e9riques. En 2022, il a re\u00e7u une bourse IBET. Voici une s\u00e9ance de questions-r\u00e9ponses avec Darren sur son exp\u00e9rience en tant que boursier IBET et ses aspirations professionnelles.<\/em><\/p>\n<p><strong>Pouvez-vous me parler un peu de votre cheminement vers l&#8217;ing\u00e9nierie et du travail que vous faites actuellement dans votre programme de doctorat\/ma\u00eetrise ?<\/strong><\/p>\n<p>Et bien, j&#8217;avais l&#8217;intention d&#8217;entrer en ing\u00e9nierie depuis probablement l&#8217;\u00e9cole secondaire. J&#8217;ai suivi des cours AP au secondaire et j&#8217;ai pris tous les cours de sciences avant de venir \u00e0 la UofA pour l&#8217;ing\u00e9nierie. Je me suis d&#8217;abord concentr\u00e9 sur le g\u00e9nie biom\u00e9dical parce que j&#8217;\u00e9tais int\u00e9ress\u00e9 par la technologie de ce secteur. Mais j&#8217;ai fini par passer au programme de g\u00e9nie physique de la UofA parce que j&#8217;aime beaucoup les math\u00e9matiques et que le programme avait une large base scientifique et de nombreuses applications int\u00e9ressantes. J&#8217;ai donc fini par faire du g\u00e9nie physique et ma derni\u00e8re ann\u00e9e \u00e9tait en 2021, c&#8217;\u00e9tait pendant COVID-19.<\/p>\n<p>Pendant ce temps, je n&#8217;\u00e9tais pas s\u00fbr de ce que j&#8217;allais faire, et mon superviseur actuel m&#8217;a contact\u00e9 pour m&#8217;informer d&#8217;un poste d&#8217;\u00e9t\u00e9 qui avait un lien avec l&#8217;\u00e9chographie. M\u00eame si je n&#8217;\u00e9tais pas s\u00fbr de ce que j&#8217;allais faire, je voulais voir comment j&#8217;aimerais la recherche. J&#8217;ai pass\u00e9 un \u00e9t\u00e9 dans un autre laboratoire et j&#8217;avais aussi travaill\u00e9 dans l&#8217;industrie parce que j&#8217;avais fait le programme coop\u00e9ratif, mais j&#8217;\u00e9tais int\u00e9ress\u00e9 par plus d&#8217;exp\u00e9rience en recherche. J&#8217;ai trouv\u00e9 que j&#8217;aimais cela et que je\u00a0 trouvais \u00e7a int\u00e9ressant. Le sujet de la recherche \u00e9tait l&#8217;\u00e9chographie biom\u00e9dicale en g\u00e9n\u00e9ral, et apr\u00e8s cela, mon superviseur a dit qu&#8217;il pouvait me superviser en tant qu&#8217;\u00e9tudiant de ma\u00eetrise. Donc, en septembre, j&#8217;ai commenc\u00e9 \u00e0 \u00e9tudier pour ma ma\u00eetrise. Gr\u00e2ce au Programme IBET, j&#8217;ai pu passer du programme de ma\u00eetrise au programme de doctorat un an plus tard.<\/p>\n<p><strong>Comment le programme IBET a-t-il soutenu votre travail acad\u00e9mique et vos aspirations professionnelles ?<\/strong><\/p>\n<p>Donc, la chose la plus importante pour moi a probablement \u00e9t\u00e9 l&#8217;atelier ELITE auquel j&#8217;ai assist\u00e9 \u00e0 cet \u00e9t\u00e9. C&#8217;\u00e9tait un atelier sur l&#8217;entrepreneuriat et j&#8217;ai beaucoup appris. Bien que je ne pr\u00e9vois pas cr\u00e9er une entreprise, cela m&#8217;a aid\u00e9 \u00e0 examiner les applications pratiques de la technologie et m&#8217;a aid\u00e9 \u00e0 la voir d&#8217;une mani\u00e8re diff\u00e9rente. Le financement est \u00e9galement utile. Cela rend tout beaucoup plus faisable. Je ne ferais probablement pas de doctorat plut\u00f4t qu&#8217;une ma\u00eetrise \u00e0 ce stade si ce n&#8217;\u00e9tait pas pour la bourse.<\/p>\n<p><strong>\u00c0 votre avis, pourquoi est-il important qu&#8217;un programme comme l&#8217;IBET existe au Canada ?<\/strong><\/p>\n<p>Je reconnais que vous voulez avoir une diversit\u00e9 dans les chaires et dans l&#8217;industrie de la technologie afin que vous puissiez avoir des id\u00e9es diff\u00e9rentes. Et il est tout \u00e0 fait vrai que les Autochtones et les Noirs sont relativement sous-repr\u00e9sent\u00e9s dans ces secteurs. Avoir des gens avec des exp\u00e9riences de vie et des fa\u00e7ons de penser diff\u00e9rentes diversifiera g\u00e9n\u00e9ralement les id\u00e9es. Tant que ces id\u00e9es sont v\u00e9rifi\u00e9es, en avoir plus ouvre toujours plus de portes \u00e0 la d\u00e9couverte et \u00e0 l&#8217;innovation. Un certain niveau de soutien est donc b\u00e9n\u00e9fique.<\/p>\n<p><strong>Selon vous, quelle diff\u00e9rence un programme comme IBET apporte-t-il \u00e0 l&#8217;\u00e9cosyst\u00e8me professionnel et universitaire dans votre domaine ?<\/strong><\/p>\n<p>Eh bien, je pense vraiment que des initiatives comme celle-ci augmenteront la repr\u00e9sentation dans une certaine mesure. Les effets ne seront probablement pas visibles avant cinq ans \u00e0 une d\u00e9cennie. Mais je pense vraiment que c&#8217;est une avenue importante pour augmenter la repr\u00e9sentation.<\/p>\n<p><strong>Dans le cadre de ce programme de bourses, vous avez \u00e9t\u00e9 invit\u00e9 \u00e0 participer \u00e0 la s\u00e9rie d&#8217;activit\u00e9s sur la Conception entrepreneuriale du Programme ELITE et \u00e0 faire du mentorat pair-\u00e0-pair pour les stagiaires. Pouvez-vous me parler un peu de votre exp\u00e9rience dans ce r\u00f4le ?<\/strong><\/p>\n<p>Eh bien, nous avons \u00e9t\u00e9 mis en \u00e9quipes et nous avons d\u00fb cr\u00e9er une id\u00e9e de d\u00e9marrage de l&#8217;id\u00e9ation \u00e0 la d\u00e9monstration et au pitch. En travaillant avec certains des autres stagiaires ELITE, il \u00e9tait int\u00e9ressant de rencontrer diff\u00e9rents types de personnes avec leurs diff\u00e9rentes contributions \u00e0 l&#8217;\u00e9quipe. C&#8217;\u00e9tait une activit\u00e9 amusante et une exp\u00e9rience utile. Cela a d\u00e9finitivement attis\u00e9 mon int\u00e9r\u00eat pour le mentorat.<\/p>\n<p><strong>Lorsque vous envisagez l&#8217;avenir, comment vous voyez-vous appliquer vos connaissances et votre exp\u00e9rience pour soutenir votre communaut\u00e9 ?<\/strong><\/p>\n<p>Apr\u00e8s mon programme de doctorat, j&#8217;aimerais entrer dans l&#8217;industrie et travailler \u00e0 la cr\u00e9ation d&#8217;appareils d&#8217;imagerie pouvant \u00eatre utilis\u00e9s dans des applications cliniques potentiellement utilis\u00e9es pour le diagnostic. En ce qui concerne la bourse IBET, mon exp\u00e9rience m&#8217;a ouvert au mentorat. Honn\u00eatement, je n&#8217;y ai pas beaucoup r\u00e9fl\u00e9chi jusqu&#8217;\u00e0 pr\u00e9sent, mais c&#8217;est quelque chose qui m&#8217;int\u00e9resse potentiellement.<\/p>\n\n","protected":false},"excerpt":{"rendered":"<p>Auteure : Adiki Puplampu Date :\u00a029 Mars 2023 \u00a0 Darren est n\u00e9 au Nig\u00e9ria, mais a pass\u00e9 la majeure partie de sa vie \u00e0 St. Albert, en Alberta. Il poursuit actuellement ses \u00e9tudes de doctorat \u00e0 l&#8217;Universit\u00e9 de l&#8217;Alberta \u00e0 la Facult\u00e9 de g\u00e9nie \u00e9lectrique et informatique. Darren a obtenu son dipl\u00f4me de premier cycle [&hellip;]<\/p>\n","protected":false},"author":1,"featured_media":0,"parent":0,"menu_order":0,"comment_status":"closed","ping_status":"closed","template":"","meta":{"footnotes":""},"class_list":["post-487","page","type-page","status-publish","hentry"],"_links":{"self":[{"href":"https:\/\/www.eliteprogram.ca\/fr\/wp-json\/wp\/v2\/pages\/487","targetHints":{"allow":["GET"]}}],"collection":[{"href":"https:\/\/www.eliteprogram.ca\/fr\/wp-json\/wp\/v2\/pages"}],"about":[{"href":"https:\/\/www.eliteprogram.ca\/fr\/wp-json\/wp\/v2\/types\/page"}],"author":[{"embeddable":true,"href":"https:\/\/www.eliteprogram.ca\/fr\/wp-json\/wp\/v2\/users\/1"}],"replies":[{"embeddable":true,"href":"https:\/\/www.eliteprogram.ca\/fr\/wp-json\/wp\/v2\/comments?post=487"}],"version-history":[{"count":2,"href":"https:\/\/www.eliteprogram.ca\/fr\/wp-json\/wp\/v2\/pages\/487\/revisions"}],"predecessor-version":[{"id":489,"href":"https:\/\/www.eliteprogram.ca\/fr\/wp-json\/wp\/v2\/pages\/487\/revisions\/489"}],"wp:attachment":[{"href":"https:\/\/www.eliteprogram.ca\/fr\/wp-json\/wp\/v2\/media?parent=487"}],"curies":[{"name":"wp","href":"https:\/\/api.w.org\/{rel}","templated":true}]}}