{"id":50,"date":"2021-01-16T04:16:19","date_gmt":"2021-01-16T04:16:19","guid":{"rendered":"http:\/\/eliteprogram.ca\/fr\/?page_id=50"},"modified":"2022-03-05T03:36:15","modified_gmt":"2022-03-05T03:36:15","slug":"notre-objectif","status":"publish","type":"page","link":"https:\/\/www.eliteprogram.ca\/fr\/notre-objectif\/","title":{"rendered":"Notre Objectif"},"content":{"rendered":"\nLe Programme ELITE cible les jeunes Noir-e-s \u00e2g\u00e9-e-s de 15 \u00e0 22 ans. Le programme est offert aux \u00e9l\u00e8ves du secondaire entre 15 et 19 ans, ainsi qu&#8217;aux \u00e9tudiant-e-s de l&#8217;universit\u00e9, ceux\/celles du coll\u00e8ge \u00e2g\u00e9-e-s de 17 \u00e0 22 ans, de m\u00eame que ceux et celles qui font une transition de l&#8217;\u00e9cole secondaire \u00e0 la formation pour les \u00e9tudes post-secondaire. L&#8217;apprentissage et la formation se feront lors d&#8217;un stage r\u00e9mun\u00e9r\u00e9 dans un environnement centr\u00e9 sur l&#8217;innovation et muni d&#8217;\u00e9quipements de pointe. Les stagiaires seront impliqu\u00e9-e-s dans des projets avec des responsables de stage, tels que des chercheur-e-s universitaires, des entreprises industrielles \u00e0 but lucratif et des agences gouvernementales.\nAvec le Programme ELITE, les stagiaires pourront acqu\u00e9rir des comp\u00e9tences techniques commercialisables. Ceci leur permettra de faire la transition aux \u00e9tudes postsecondaires et fonder un r\u00e9seau professionnel pour de futures perspectives d&#8217;embauche.\n","protected":false},"excerpt":{"rendered":"<p>Le Programme ELITE cible les jeunes Noir-e-s \u00e2g\u00e9-e-s de 15 \u00e0 22 ans. Le programme est offert aux \u00e9l\u00e8ves du secondaire entre 15 et 19 ans, ainsi qu&#8217;aux \u00e9tudiant-e-s de l&#8217;universit\u00e9, ceux\/celles du coll\u00e8ge \u00e2g\u00e9-e-s de 17 \u00e0 22 ans, de m\u00eame que ceux et celles qui font une transition de l&#8217;\u00e9cole secondaire \u00e0 la [&hellip;]<\/p>\n","protected":false},"author":1,"featured_media":0,"parent":0,"menu_order":0,"comment_status":"closed","ping_status":"closed","template":"","meta":{"footnotes":""},"class_list":["post-50","page","type-page","status-publish","hentry"],"_links":{"self":[{"href":"https:\/\/www.eliteprogram.ca\/fr\/wp-json\/wp\/v2\/pages\/50","targetHints":{"allow":["GET"]}}],"collection":[{"href":"https:\/\/www.eliteprogram.ca\/fr\/wp-json\/wp\/v2\/pages"}],"about":[{"href":"https:\/\/www.eliteprogram.ca\/fr\/wp-json\/wp\/v2\/types\/page"}],"author":[{"embeddable":true,"href":"https:\/\/www.eliteprogram.ca\/fr\/wp-json\/wp\/v2\/users\/1"}],"replies":[{"embeddable":true,"href":"https:\/\/www.eliteprogram.ca\/fr\/wp-json\/wp\/v2\/comments?post=50"}],"version-history":[{"count":1,"href":"https:\/\/www.eliteprogram.ca\/fr\/wp-json\/wp\/v2\/pages\/50\/revisions"}],"predecessor-version":[{"id":355,"href":"https:\/\/www.eliteprogram.ca\/fr\/wp-json\/wp\/v2\/pages\/50\/revisions\/355"}],"wp:attachment":[{"href":"https:\/\/www.eliteprogram.ca\/fr\/wp-json\/wp\/v2\/media?parent=50"}],"curies":[{"name":"wp","href":"https:\/\/api.w.org\/{rel}","templated":true}]}}