{"id":508,"date":"2023-07-20T06:54:26","date_gmt":"2023-07-20T06:54:26","guid":{"rendered":"https:\/\/www.eliteprogram.ca\/fr\/?page_id=508"},"modified":"2023-08-03T20:23:45","modified_gmt":"2023-08-03T20:23:45","slug":"des-olympiades-de-sciences-au-prix-de-leadership-schulich","status":"publish","type":"page","link":"https:\/\/www.eliteprogram.ca\/fr\/des-olympiades-de-sciences-au-prix-de-leadership-schulich\/","title":{"rendered":"Des Olympiades de sciences au Prix de Leadership Schulich"},"content":{"rendered":"\n\n\t\t\t\t<img loading=\"lazy\" decoding=\"async\" src=\"https:\/\/www.eliteprogram.ca\/fr\/wp-content\/uploads\/sites\/2\/2023\/07\/Peter_GradPic.png\" alt=\"Peter_GradPic\" itemprop=\"image\" height=\"1080\" width=\"1080\" title=\"Peter_GradPic\" onerror=\"this.style.display='none'\"  \/>\n\t<p><strong>Auteure : <\/strong>Adiki Puplampu<\/p>\n<p><strong>Date :\u00a0<\/strong>20 Juillet 2023<\/p>\n<p>Le parcours de Peter Menghesha vers un <a href=\"https:\/\/schulichleaders.com\/\">Prix de leadership Schulich<\/a> a commenc\u00e9 en deuxi\u00e8me ann\u00e9e aux Olympiades de sciences de l&#8217;APEGA. Dans l&#8217;auditorium, Peter s&#8217;est d\u00e9couvert une passion pour un domaine qu&#8217;il ne pouvait pas encore nommer. Il se souvient avoir demand\u00e9 \u00e0 ses parents comment il pouvait transformer l&#8217;\u00e9nergie qu&#8217;il ressentait dans cet auditorium en une carri\u00e8re. C&#8217;est par apr\u00e8s que son avenir en ing\u00e9nierie est rapidement devenu clair.<\/p>\n<p>Des ann\u00e9es plus tard, cet avenir a \u00e9t\u00e9 affirm\u00e9 et \u00e9clair\u00e9 lorsque Peter a re\u00e7u une Bourse de leadership Schulich en g\u00e9nie. La Bourse de leadership Schulich est l&#8217;une des bourses d&#8217;\u00e9tudes de premier cycle en STIM les plus prestigieuses au Canada. Chaque \u00e9cole secondaire au Canada peut nommer un \u00e9tudiant, ce qui en fait un prix hautement comp\u00e9titif. Attribu\u00e9e \u00e0 100 \u00e9tudiant-e-s du secondaire \u00e0 travers le pays, la bourse offre un financement de 120 000 $ aux \u00e9tudiants en g\u00e9nie et de 100 000 $ aux \u00e9tudiants en sciences et en math\u00e9matiques.<\/p>\n<p>Apr\u00e8s avoir pass\u00e9 l&#8217;obstacle initial d&#8217;\u00eatre s\u00e9lectionn\u00e9 comme candidat de l&#8217;\u00e9cole secondaire Archbishop McDonald, Peter a soumis sa candidature. Avec le soutien de ses professeurs, conseillers scolaires, conseillers en bourses d&#8217;\u00e9tudes et en r\u00e9f\u00e9rence \u00e0 une candidature qu&#8217;il a d\u00e9velopp\u00e9e pour le Programme ELITE pour la jeunesse noire, Peter a soumis et a commenc\u00e9 la longue attente. Il avait lu que certains anciens laur\u00e9ats de l&#8217;<a href=\"https:\/\/www.ualberta.ca\/index.html\">Universit\u00e9 de l&#8217;Alberta<\/a> avaient re\u00e7u des appels tandis que d&#8217;autres avaient re\u00e7u des courriels. Ainsi, chaque appel manqu\u00e9 et chaque nouveau courriel \u00e9tait rempli de possibilit\u00e9s, jusqu&#8217;au jour o\u00f9 dans le cours d&#8217;anglais \u00e0 la deuxi\u00e8me p\u00e9riode, il re\u00e7ut l&#8217;appel qu&#8217;il attendait avec impatience. Debout dans le couloir de son \u00e9cole secondaire, Peter a appris qu&#8217;il faisait partie de la nouvelle cohorte de r\u00e9cipiendaires de la Bourse de leadership Schulich.<\/p>\n<p>Juste un an plus t\u00f4t, Peter n&#8217;aurait pas pu imaginer gagner un prix comme celui-ci. Auparavant, pour lui, de telles r\u00e9compenses \u00e9taient hors de sa port\u00e9e. Mais voir son ami, camarade de stage et ancien du Programme ELITE, Jonathan Afowork, maintenant \u00e9tudiant en biologie \u00e0 l&#8217;Universit\u00e9 de Princeton, remporter plusieurs bourses, a montr\u00e9 \u00e0 Peter que les bourses convoit\u00e9es n&#8217;\u00e9taient pas hors de sa port\u00e9e. La participation au Programme ELITE a \u00e9galement contribu\u00e9 \u00e0 \u00e9largir davantage les horizons de Peter. L&#8217;\u00e9t\u00e9 dernier, Peter a travaill\u00e9 dans le laboratoire <a href=\"https:\/\/sites.ualberta.ca\/~andre2\/\">Advanced Heat Transfer and Surface Technologies<\/a> de Dr Andr\u00e9 McDonald, testant et fabriquant des rev\u00eatements pour diverses surfaces. De retour en tant que stagiaire du Programme ELITE cet \u00e9t\u00e9, Peter travaillera \u00e0 nouveau dans le laboratoire de Dr McDonald, cette fois sur le d\u00e9veloppement de nouveaux rev\u00eatements en alliage \u00e0 haute r\u00e9sistance et \u00e0 haute entropie pour la d\u00e9t\u00e9rioration par l&#8217;hydrog\u00e8ne et la r\u00e9sistance aux dommages. Peter cite une connaissance limit\u00e9e des opportunit\u00e9s professionnelles et des bourses qui s&#8217;offrent \u00e0 lui comme le plus grand d\u00e9fi auquel il a \u00e9t\u00e9 confront\u00e9 dans sa carri\u00e8re acad\u00e9mique et professionnelle jusqu&#8217;\u00e0 pr\u00e9sent. Mais sa participation au Programme ELITE l&#8217;a expos\u00e9 \u00e0 un monde sans cesse croissant d&#8217;opportunit\u00e9s acad\u00e9miques et professionnelles.<\/p>\n<p>Pendant qu&#8217;il continue d&#8217;\u00e9largir ses horizons professionnels, Peter se consacre \u00e9galement \u00e0 soutenir sa communaut\u00e9 par le biais de son initiative \u00ab Pursuit to Wholeness \u00bb. Cr\u00e9\u00e9 pour sa communaut\u00e9 eccl\u00e9siale en collaboration avec quelques-uns de ses coll\u00e8gues, le programme vise \u00e0 outiller les parents et les jeunes pour faire face aux d\u00e9fis du monde moderne. Peter et ses coll\u00e8gues ont cr\u00e9\u00e9 ce programme pour combler les lacunes qu&#8217;ils ont constat\u00e9es dans la vie des parents et des jeunes de leur communaut\u00e9. Pursuit to Wholeness organise des \u00e9v\u00e9nements trimestriels et des s\u00e9ances de tutorat bihebdomadaires, mettant en lumi\u00e8re les voix d&#8217;individus qui r\u00e9ussissent au sein de la communaut\u00e9 pour inspirer et encadrer les autres. Leurs \u00e9v\u00e9nements ont atteint des niveaux de participation de plus de 100 personnes.<\/p>\n<p>Si on leur demandait la famille et les amis de Peter le d\u00e9criraient comme motiv\u00e9. Cette volont\u00e9 est claire dans l&#8217;engagement de Peter dans ses projets, ses \u00e9tudes et sa carri\u00e8re. Peter a de grands r\u00eaves. Apr\u00e8s avoir obtenu son dipl\u00f4me en g\u00e9nie m\u00e9canique, il envisage de poursuivre un MBA dans le but ultime de lancer une entreprise ou une start-up dans le domaine de l&#8217;ing\u00e9nierie ax\u00e9e sur la r\u00e9solution de probl\u00e8mes qui affectent la vie quotidienne des gens. Bien que cette start-up puisse prendre de nombreuses formes, une chose dont Peter est s\u00fbr, c&#8217;est qu&#8217;il veut construire une entreprise qui a un impact positif sur le monde.<\/p>\n<p>Cet automne, Peter commence officiellement son parcours en g\u00e9nie \u00e0 l&#8217;Universit\u00e9 de l&#8217;Alberta. Gagner la bourse de leadership Schulich signifie qu&#8217;il peut consacrer son temps \u00e0 l&#8217;\u00e9cole \u00e0 des initiatives, des passe-temps et des projets qui combinent son enthousiasme pour l&#8217;ing\u00e9nierie et son amour pour la communaut\u00e9. Gr\u00e2ce \u00e0 son travail acharn\u00e9 et \u00e0 son dynamisme, Peter a d\u00e9j\u00e0 commenc\u00e9 \u00e0 r\u00e9aliser ses r\u00eaves, et d&#8217;apr\u00e8s tout ce qu&#8217;il a accompli jusqu&#8217;\u00e0 pr\u00e9sent et ses plans pour l&#8217;avenir, il est clair qu&#8217;il ne fait que commencer.<\/p>\n\n","protected":false},"excerpt":{"rendered":"<p>Auteure : Adiki Puplampu Date :\u00a020 Juillet 2023 Le parcours de Peter Menghesha vers un Prix de leadership Schulich a commenc\u00e9 en deuxi\u00e8me ann\u00e9e aux Olympiades de sciences de l&#8217;APEGA. Dans l&#8217;auditorium, Peter s&#8217;est d\u00e9couvert une passion pour un domaine qu&#8217;il ne pouvait pas encore nommer. Il se souvient avoir demand\u00e9 \u00e0 ses parents comment [&hellip;]<\/p>\n","protected":false},"author":1,"featured_media":0,"parent":0,"menu_order":0,"comment_status":"closed","ping_status":"closed","template":"","meta":{"footnotes":""},"class_list":["post-508","page","type-page","status-publish","hentry"],"_links":{"self":[{"href":"https:\/\/www.eliteprogram.ca\/fr\/wp-json\/wp\/v2\/pages\/508","targetHints":{"allow":["GET"]}}],"collection":[{"href":"https:\/\/www.eliteprogram.ca\/fr\/wp-json\/wp\/v2\/pages"}],"about":[{"href":"https:\/\/www.eliteprogram.ca\/fr\/wp-json\/wp\/v2\/types\/page"}],"author":[{"embeddable":true,"href":"https:\/\/www.eliteprogram.ca\/fr\/wp-json\/wp\/v2\/users\/1"}],"replies":[{"embeddable":true,"href":"https:\/\/www.eliteprogram.ca\/fr\/wp-json\/wp\/v2\/comments?post=508"}],"version-history":[{"count":7,"href":"https:\/\/www.eliteprogram.ca\/fr\/wp-json\/wp\/v2\/pages\/508\/revisions"}],"predecessor-version":[{"id":518,"href":"https:\/\/www.eliteprogram.ca\/fr\/wp-json\/wp\/v2\/pages\/508\/revisions\/518"}],"wp:attachment":[{"href":"https:\/\/www.eliteprogram.ca\/fr\/wp-json\/wp\/v2\/media?parent=508"}],"curies":[{"name":"wp","href":"https:\/\/api.w.org\/{rel}","templated":true}]}}