{"id":52,"date":"2021-01-16T04:16:19","date_gmt":"2021-01-16T04:16:19","guid":{"rendered":"http:\/\/eliteprogram.ca\/fr\/?page_id=52"},"modified":"2025-11-06T08:34:17","modified_gmt":"2025-11-06T08:34:17","slug":"comite-directeur","status":"publish","type":"page","link":"https:\/\/www.eliteprogram.ca\/fr\/comite-directeur\/","title":{"rendered":"Comit\u00e9 directeur"},"content":{"rendered":"\n\n\t<p>Le Comit\u00e9 directeur oriente le Programme par rapport \u00e0 sa dimension strat\u00e9gique et donne des conseils sur les \u00e9l\u00e9ments de programmation pertinents \u00e0 l&#8217;apprentissage pratique et la formation int\u00e9gr\u00e9e au travail. Le Comit\u00e9 directeur \u00e9tudie les demandes et approuve, si n\u00e9cessaire, les changements importants \u00e0 apporter au Programme. Il donne des conseils sur les indicateurs cl\u00e9s de performance et sur les budgets. Il \u00e9value les rapports de progr\u00e8s et approuve les rapports annuels, les plans et budgets. Le Comit\u00e9 collabore \u00e9troitement avec la Communaut\u00e9 Noire, afin de promouvoir et de cr\u00e9er de nouvelles possibilit\u00e9s pour le Programme. Il s&#8217;assure que les annonces de recrutement emploient un vocabulaire qui est attractif pour une cohorte de stagiaires divers-es, y compris les femmes Noires et les Francophones.<\/p>\n\t\t\t\t<img loading=\"lazy\" decoding=\"async\" src=\"https:\/\/www.eliteprogram.ca\/fr\/wp-content\/uploads\/sites\/2\/2021\/04\/McDonald-Profile-Picture_Zoomed-Copy-1.jpg\" alt=\"McDonald Profile Picture_Zoomed Copy (1)\" itemprop=\"image\" height=\"606\" width=\"684\" title=\"McDonald Profile Picture_Zoomed Copy (1)\" onerror=\"this.style.display='none'\"  \/>\n\t<strong>Dr. Andr\u00e9 McDonald<\/strong>,  PEng<br \/>\nDirecteur<br \/>\nVice-pr\u00e9sident associ\u00e9<br \/>\nProfesseur <br \/>\nFacult\u00e9 de g\u00e9nie<br \/>\nUniversit\u00e9 de l&#8217;Alberta\n<p><a href=\"https:\/\/sites.ualberta.ca\/~andre2\/\" target=\"_blank\" rel=\"noopener\">Site Web<\/a><\/p>\n\t\t\t\t<img decoding=\"async\" src=\"https:\/\/eliteprogram.ca\/wp-content\/uploads\/2020\/11\/A-Adesida_head-shot-e1607331141965.jpg\" alt=\"A-Adesida_head-shot-e1607331141965.jpg\" itemprop=\"image\" title=\"A-Adesida_head-shot-e1607331141965.jpg\" onerror=\"this.style.display='none'\"  \/>\n\t<strong>Dr. Adetola Adesida<\/strong><br \/>\nCo-Directeur et charg\u00e9 du programme de sciences de la sant\u00e9<br \/>\nProfesseur et Directeur de Recherche en Science Orthop\u00e9diques Fondamentales<br \/>\nFacult\u00e9 de M\u00e9decine et dentaire<br \/>\nUniversit\u00e9 de l&#8217;Alberta\n<p><a href=\"https:\/\/www.adesidalab.ca\/\" target=\"_blank\" rel=\"noopener\">Site Web<\/a><\/p>\n\t<strong>Dr. Sophie Yohani<\/strong>, R. Psych<br \/>\nCharg\u00e9e de l&#8217;encadrement et du soutien<br \/>\nProfesseure<br \/>\nFacult\u00e9 de l&#8217;\u00e9ducation<br \/>\nUniversit\u00e9 de l&#8217;Alberta\n<p><a href=\"https:\/\/www.sophieyohani.com\/\" target=\"_blank\" rel=\"noopener\">Site Web<\/a><\/p>\n\t\t\t\t<img loading=\"lazy\" decoding=\"async\" src=\"https:\/\/www.eliteprogram.ca\/fr\/wp-content\/uploads\/sites\/2\/2025\/11\/Dr.-Sophie-Yohani_Square-150x150.jpg\" alt=\"Dr. Sophie Yohani_Square\" itemprop=\"image\" height=\"150\" width=\"150\" title=\"Dr. Sophie Yohani_Square\" onerror=\"this.style.display='none'\"  \/>\n\t<strong>Dr. S\u00e9dami Gnidehou<\/strong><br \/>\nCharg\u00e9e des affaires francophones<br \/>\nProfesseure associ\u00e9<br \/>\nCampus Saint-Jean<br \/>\nUniversit\u00e9 de l&#8217;Alberta\n<p><a href=\"https:\/\/www.gnidehoulab.ca\" target=\"_blank\" rel=\"noopener\">Site Web<\/a><\/p>\n\t\t\t\t<img decoding=\"async\" src=\"https:\/\/eliteprogram.ca\/wp-content\/uploads\/2020\/11\/Sedami-Gnidehou.jpg\" alt=\"Sedami-Gnidehou.jpg\" itemprop=\"image\" title=\"Sedami-Gnidehou.jpg\" onerror=\"this.style.display='none'\"  \/>\n\t\t\t\t<img loading=\"lazy\" decoding=\"async\" src=\"https:\/\/www.eliteprogram.ca\/fr\/wp-content\/uploads\/sites\/2\/2021\/10\/James-Kariuki_head-shot.jpg\" alt=\"James Kariuki_head shot\" itemprop=\"image\" height=\"924\" width=\"1068\" title=\"James Kariuki_head shot\" onerror=\"this.style.display='none'\"  \/>\n\t<strong>Dr. James Kariuki<\/strong><br \/>\nProfesseur et Chaire, D\u00e9partement des sciences<br \/>\nCampus Augustana<br \/>\nUniversit\u00e9 de l&#8217;Alberta\n<p><a href=\"https:\/\/www.jameskariuki.ca\/home\" target=\"_blank\" rel=\"noopener\">Site Web<\/a><\/p>\n\t\t\t\t<img decoding=\"async\" src=\"https:\/\/eliteprogram.ca\/wp-content\/uploads\/2020\/11\/ENGLI_GABRIELLE_Heat-Shot.jpg\" alt=\"ENGLI_GABRIELLE_Heat-Shot.jpg\" itemprop=\"image\" title=\"ENGLI_GABRIELLE_Heat-Shot.jpg\" onerror=\"this.style.display='none'\"  \/>\n\t<strong>Mlle. Gabrielle Engli<\/strong><br \/>\nDirecteur adjoint<br \/>\n\u00c9cole Avalon\n<p>&nbsp;<\/p>\n<p><a href=\"https:\/\/harryainlay.epsb.ca\/\" target=\"_blank\" rel=\"noopener\">Site Web<\/a><\/p>\n\t<strong>M. Hugh Magande<\/strong>, MSc, MBA, FASHRAE<br \/>\nDirecteur technique (Recherche)<br \/>\nL&#8217;Institut \u00c9nergie Southface\n<p>&nbsp;<\/p>\n<p><a href=\"https:\/\/www.linkedin.com\/in\/hugh-magande-60b77a25\/\">Site Web<\/a><\/p>\n\t\t\t\t<img decoding=\"async\" src=\"https:\/\/eliteprogram.ca\/wp-content\/uploads\/2020\/11\/Hugh-Magande_Head-Shot.jpg\" alt=\"Hugh-Magande_Head-Shot.jpg\" itemprop=\"image\" title=\"Hugh-Magande_Head-Shot.jpg\" onerror=\"this.style.display='none'\"  \/>\n\t<strong>Dr. Ioanis Nikolaidis<\/strong><br \/>\nProfesseur <br \/>\nFacult\u00e9 des sciences<br \/>\nUniversit\u00e9 de l&#8217;Alberta\n<p>&nbsp;<\/p>\n<p><a href=\"https:\/\/apps.ualberta.ca\/directory\/person\/ioanis\">Site Web<\/a><\/p>\n\t\t\t\t<img decoding=\"async\" src=\"https:\/\/eliteprogram.ca\/wp-content\/uploads\/2020\/11\/Ioanis-Nikolaidis-Head-Shot-e1607331773691.jpg\" alt=\"Ioanis-Nikolaidis-Head-Shot-e1607331773691.jpg\" itemprop=\"image\" title=\"Ioanis-Nikolaidis-Head-Shot-e1607331773691.jpg\" onerror=\"this.style.display='none'\"  \/>\n\t\t\t\t<img decoding=\"async\" src=\"https:\/\/eliteprogram.ca\/wp-content\/uploads\/2020\/11\/Tavakoli_Head-Shot.jpg\" alt=\"Tavakoli_Head-Shot.jpg\" itemprop=\"image\" title=\"Tavakoli_Head-Shot.jpg\" onerror=\"this.style.display='none'\"  \/>\n\t<strong>Dr. Mahdi Tavakoli,<\/strong> PEng<br \/>\nProfesseur <br \/>\nFacult\u00e9 de g\u00e9nie<br \/>\nUniversit\u00e9 de l&#8217;Alberta\n<p><a href=\"http:\/\/www.ece.ualberta.ca\/~mtavakol\/pmwiki\/\">Site Web<\/a><\/p>\n\t\t\t\t<img decoding=\"async\" src=\"https:\/\/eliteprogram.ca\/wp-content\/uploads\/2020\/11\/Rick-Marsden_Head-Shot.jpg\" alt=\"Rick-Marsden_Head-Shot.jpg\" itemprop=\"image\" title=\"Rick-Marsden_Head-Shot.jpg\" onerror=\"this.style.display='none'\"  \/>\n\t<strong>M. Rick Marsden<\/strong>, PEng<br \/>\nIng\u00e9nieur en int\u00e9grit\u00e9 principal<br \/>\nAcuren Group Inc.\n<p><a href=\"https:\/\/www.linkedin.com\/in\/rick-marsden-56653b66\/\">Site Web<\/a><\/p>\n\t<strong>Dr. Natacha Louis <\/strong><br \/>\nProfesseure adjointe<br \/>\nCampus Saint-Jean<br \/>\nUniversit\u00e9 de l&#8217;Alberta<br \/>\n\n<p><a href=\"https:\/\/apps.ualberta.ca\/directory\/person\/nlouis1\" target=\"_blank\" rel=\"noopener\">Site Web<\/a><\/p>\n\t\t\t\t<img loading=\"lazy\" decoding=\"async\" src=\"https:\/\/www.eliteprogram.ca\/fr\/wp-content\/uploads\/sites\/2\/2025\/02\/Picture-NLouis.jpg\" alt=\"Picture NLouis\" itemprop=\"image\" height=\"720\" width=\"636\" title=\"Picture NLouis\" onerror=\"this.style.display='none'\"  \/>\n\t<strong>Mlle. Joy Thomas<\/strong><br \/>\nVice-pr\u00e9sidente<br \/>\nCoalition Nationale des Noir-e-s du Canada &#8211; Branche d&#8217;Edmonton\n<p><a href=\"http:\/\/www.nbccedmonton.ca\/\" target=\"_blank\" rel=\"noopener\">Site Web<\/a><\/p>\n\t\t\t\t<img decoding=\"async\" src=\"https:\/\/eliteprogram.ca\/wp-content\/uploads\/2020\/11\/Thomas_Joy_Head-Shot.jpg\" alt=\"Thomas_Joy_Head-Shot.jpg\" itemprop=\"image\" title=\"Thomas_Joy_Head-Shot.jpg\" onerror=\"this.style.display='none'\"  \/>\n\t\t\t\t<img loading=\"lazy\" decoding=\"async\" src=\"https:\/\/www.eliteprogram.ca\/fr\/wp-content\/uploads\/sites\/2\/2022\/09\/Adiki-Puplampu-2-150x150.jpg\" alt=\"Adiki Puplampu (2)\" itemprop=\"image\" height=\"150\" width=\"150\" title=\"Adiki Puplampu (2)\" onerror=\"this.style.display='none'\"  \/>\n\t<strong>Mlle. Adiki Puplampu, <\/strong>MA<br \/>\nCoordinateur des communications\n<p><a href=\"https:\/\/www.linkedin.com\/in\/adiki-puplampu-23238b1a0\/\" target=\"_blank\" rel=\"noopener\">Site Web<\/a><\/p>\n\t\t\t\t<img loading=\"lazy\" decoding=\"async\" src=\"https:\/\/www.eliteprogram.ca\/fr\/wp-content\/uploads\/sites\/2\/2022\/02\/Idara_Effiom-1-150x150.jpg\" alt=\"Idara_Effiom (1)\" itemprop=\"image\" height=\"150\" width=\"150\" title=\"Idara_Effiom (1)\" onerror=\"this.style.display='none'\"  \/>\n\t<strong>Mlle.Idara Effiom, <\/strong>BA<br \/>\nCoordonnatrice de Programme\n<p><a href=\"https:\/\/www.linkedin.com\/in\/idaraeffiom\/\" target=\"_blank\" rel=\"noopener\">Site Web<\/a><\/p>\n\n","protected":false},"excerpt":{"rendered":"<p>Le Comit\u00e9 directeur oriente le Programme par rapport \u00e0 sa dimension strat\u00e9gique et donne des conseils sur les \u00e9l\u00e9ments de programmation pertinents \u00e0 l&#8217;apprentissage pratique et la formation int\u00e9gr\u00e9e au travail. Le Comit\u00e9 directeur \u00e9tudie les demandes et approuve, si n\u00e9cessaire, les changements importants \u00e0 apporter au Programme. Il donne des conseils sur les indicateurs [&hellip;]<\/p>\n","protected":false},"author":1,"featured_media":0,"parent":0,"menu_order":0,"comment_status":"closed","ping_status":"closed","template":"","meta":{"footnotes":""},"class_list":["post-52","page","type-page","status-publish","hentry"],"_links":{"self":[{"href":"https:\/\/www.eliteprogram.ca\/fr\/wp-json\/wp\/v2\/pages\/52","targetHints":{"allow":["GET"]}}],"collection":[{"href":"https:\/\/www.eliteprogram.ca\/fr\/wp-json\/wp\/v2\/pages"}],"about":[{"href":"https:\/\/www.eliteprogram.ca\/fr\/wp-json\/wp\/v2\/types\/page"}],"author":[{"embeddable":true,"href":"https:\/\/www.eliteprogram.ca\/fr\/wp-json\/wp\/v2\/users\/1"}],"replies":[{"embeddable":true,"href":"https:\/\/www.eliteprogram.ca\/fr\/wp-json\/wp\/v2\/comments?post=52"}],"version-history":[{"count":36,"href":"https:\/\/www.eliteprogram.ca\/fr\/wp-json\/wp\/v2\/pages\/52\/revisions"}],"predecessor-version":[{"id":738,"href":"https:\/\/www.eliteprogram.ca\/fr\/wp-json\/wp\/v2\/pages\/52\/revisions\/738"}],"wp:attachment":[{"href":"https:\/\/www.eliteprogram.ca\/fr\/wp-json\/wp\/v2\/media?parent=52"}],"curies":[{"name":"wp","href":"https:\/\/api.w.org\/{rel}","templated":true}]}}