{"id":523,"date":"2023-08-04T03:47:44","date_gmt":"2023-08-04T03:47:44","guid":{"rendered":"https:\/\/www.eliteprogram.ca\/fr\/?page_id=523"},"modified":"2023-08-08T23:03:43","modified_gmt":"2023-08-08T23:03:43","slug":"provisoire-recherche-et-innovation-proche-de-chez-so","status":"publish","type":"page","link":"https:\/\/www.eliteprogram.ca\/fr\/provisoire-recherche-et-innovation-proche-de-chez-so\/","title":{"rendered":"Provisoire recherche et innovation proche de chez so"},"content":{"rendered":"\n\n\t\t\t\t<img loading=\"lazy\" decoding=\"async\" src=\"https:\/\/www.eliteprogram.ca\/fr\/wp-content\/uploads\/sites\/2\/2023\/08\/Madison-Picture.jpg\" alt=\"Madison-Picture\" itemprop=\"image\" height=\"1323\" width=\"937\" title=\"Madison-Picture\" onerror=\"this.style.display='none'\"  \/>\n\t<p><strong>Auteure : <\/strong>Adiki Puplampu<\/p>\n<p><strong>Date :\u00a0 <\/strong>03 Ao\u00fbt 2023<\/p>\n<p>Depuis les d\u00e9buts du Programme ELITE pour la jeunesse noire, la sant\u00e9 mentale et le bien-\u00eatre ont \u00e9t\u00e9 au c\u0153ur de la structure de notre programme. Ainsi, lorsque <a href=\"https:\/\/www.linkedin.com\/in\/madison-d-09bb57102\/\">Madison Dabbs-Petty<\/a>, la coordonnatrice\/conseill\u00e8re pour la s\u00e9rie d&#8217;activit\u00e9s sur le bien-\u00eatre et l&#8217;encadrement, et \u00e9tudiante au doctorat en psychologie de l&#8217;\u00e9ducation \u00e0 l&#8217;Universit\u00e9 de l&#8217;Alberta, a pr\u00e9sent\u00e9 une affiche \u00e0 la conf\u00e9rence de la Soci\u00e9t\u00e9 canadienne de psychologie en juin, c&#8217;\u00e9tait la concr\u00e9tisation non seulement du travail acharn\u00e9 de l&#8217;\u00e9quipe de Bien-\u00eatre et encadrement, mais aussi un t\u00e9moignage de l&#8217;engagement du Programme ELITE envers l&#8217;innovation en recherche. La pr\u00e9sentation de Madison \u00e0 un public torontois de professionnels de la psychologie a \u00e9t\u00e9 l&#8217;aboutissement de plus d&#8217;un an de travail avec les stagiaires du Programme ELITE et un livrable de recherche majeur pour la s\u00e9rie d&#8217;activit\u00e9s sur le bien-\u00eatre et l&#8217;encadrement.<\/p>\n<p>L&#8217;\u00e9quipe de Bien-\u00eatre et encadrement est dirig\u00e9e par la <a href=\"https:\/\/www.eliteprogram.ca\/fr\/a-la-rencontre-de-lelite-dre-sophie-yohani-chargee-de-lencadrement-et-du-soutien\/\">Dre Sophie Yohani, professeure de psychop\u00e9dagogie \u00e9ducative \u00e0 l&#8217;Universit\u00e9 de l&#8217;Alberta<\/a>. Elle est soutenue par Madison et <a href=\"https:\/\/www.linkedin.com\/in\/evan-essapa\/\">Evan Essapa<\/a>, un nouveau membre de l&#8217;\u00e9quipe, qui sont le personnel interne. Le groupe est compl\u00e9t\u00e9 par deux \u00e9tudiants gradu\u00e9s qui soutiennent la recherche. En tant qu&#8217;\u00e9quipe compos\u00e9e d&#8217;\u00e9tudiants \u00e0 la ma\u00eetrise et au doctorat en psychologie, chaque membre vit un croisement entre son travail acad\u00e9mique et le travail qu&#8217;il fait pour la s\u00e9rie. Pour Madison, \u00e9tudiante au doctorat en premi\u00e8re ann\u00e9e, avec une formation en sociologie, travailler avec le Programme ELITE correspond \u00e9troitement \u00e0 ses valeurs en tant que psychologue conseill\u00e8re et chercheuse int\u00e9ress\u00e9e par les identit\u00e9s minoritaires.<\/p>\n<p>Au Programme ELITE, nous savons que le succ\u00e8s en tant qu&#8217;innovateur et entrepreneur s&#8217;accompagne d&#8217;un ensemble ind\u00e9niable de facteurs de stress. Pour les stagiaires qui se pr\u00e9parent \u00e0 entrer dans des domaines STIMM exigeants, la capacit\u00e9 \u00e0 g\u00e9rer le stress d&#8217;une carri\u00e8re dynamique est essentielle. Gr\u00e2ce \u00e0 la s\u00e9rie d&#8217;activit\u00e9 sur le bien-\u00eatre et l&#8217;encadrement, notre objectif est d&#8217;outiller les stagiaires des outils de bien-\u00eatre dont ils ont besoin pour relever avec succ\u00e8s les d\u00e9fis \u00e9motionnels et structurels associ\u00e9s \u00e0 leurs futures carri\u00e8res.<\/p>\n<p>Pour les jeunes Noirs, qui peuvent \u00eatre issus de famille o\u00f9 la sant\u00e9 mentale n&#8217;est pas discut\u00e9e et o\u00f9 les ressources de la sant\u00e9 mentale ne sont pas accessibles, cette \u00e9ducation est particuli\u00e8rement importante. De la culture \u00e0 la m\u00e9fiance historique envers les syst\u00e8mes de sant\u00e9, il existe une myriade de raisons pour lesquelles les communaut\u00e9s noires h\u00e9sitent \u00e0 discuter de la sant\u00e9 mentale.<\/p>\n<p><em>\u00ab Je pense que c&#8217;est, c&#8217;est difficile pour nous d&#8217;exprimer parfois les, je suppose, les probl\u00e8mes de sant\u00e9 mentale auxquels les gens au sein de la communaut\u00e9 peuvent \u00eatre confront\u00e9s parce que nous sommes toujours per\u00e7us comme &#8216;Oh, ils peuvent endurer. Ils sont, ils sont forts. Ils sont tout cela, ils n&#8217;ont pas besoin de cela. Ils n&#8217;ont pas besoin de soutien parce qu&#8217;ils sont si forts.&#8217; Et je pense que c&#8217;est quelque chose de tr\u00e8s inqui\u00e9tant parce que cela ne tient pas compte du fait que les Noirs sont aussi humains et que nous traversons \u00e9galement des moments difficiles, vous savez ? \u00bb<\/em><\/p>\n<p><em>\u00a0&#8211; Stagiaire ELITE anonyme<\/em><\/p>\n<p>Madison consid\u00e8re qu&#8217;il est essentiel que les stagiaires du Programme ELITE aient des connaissances sur le bien-\u00eatre en raison de leur nature g\u00e9n\u00e9ralement surdou\u00e9e. Les \u00e9l\u00e8ves tr\u00e8s performants n\u00e9gligent souvent leur sant\u00e9 mentale quand ils sont confront\u00e9s \u00e0 des charges de travail exigeantes et \u00e0 des p\u00e9riodes de stress. Madison voit la s\u00e9rie d&#8217;activit\u00e9s sur le bien-\u00eatre et l&#8217;encadrement comme une opportunit\u00e9 de donner \u00e0 ces \u00e9tudiants des outils pour travailler sur eux-m\u00eames et cr\u00e9er des bo\u00eetes \u00e0 outils pratiques de soins personnels, cr\u00e9ant ainsi une base, esp\u00e9rons-le, \u00e9clairera leur approche de leur bien-\u00eatre mental pour les ann\u00e9es \u00e0 venir. En apprenant ces comp\u00e9tences au d\u00e9but de leur carri\u00e8re, les stagiaires ont plus de temps pour les mettre en pratique afin qu&#8217;\u00e0 mesure que leur vie professionnelle et universitaire s&#8217;intensifie, ils disposent d&#8217;outils familiers sur lesquels se rabattre.<\/p>\n<p>Avant que Madison et Evan ne rejoignent le Programme ELITE, la s\u00e9rie d&#8217;activit\u00e9s sur le bien-\u00eatre et l&#8217;encadrement \u00e9tait pilot\u00e9e par Dre Yohani et une petite \u00e9quipe. Lorsque Madison \u00e0 joint en 2022, lors de la deuxi\u00e8me ann\u00e9e du programme, elle a assum\u00e9 l&#8217;\u00e9norme responsabilit\u00e9 de diriger toutes les s\u00e9ances en petits groupes pour les stagiaires du premier cycle et du secondaire. Cette ann\u00e9e, elle a r\u00e9vis\u00e9 le mat\u00e9riel p\u00e9dagogique du programme pour l&#8217;engagement visuel et pour refl\u00e9ter les commentaires des cohortes pr\u00e9c\u00e9dentes. En plus du mat\u00e9riel \u00e9tabli sur des concepts tels que la pleine conscience, le stress et les micro-agressions, le programme de cette ann\u00e9e comprend plus de contenu sur la conciliation travail-vie personnelle. Madison travaille \u00e9galement aux c\u00f4t\u00e9s des assistants de recherche de l&#8217;\u00e9quipe pour analyser les donn\u00e9es recueillies \u00e0 partir des \u00e9valuations qualitatives et quantitatives r\u00e9alis\u00e9es par les stagiaires.<\/p>\n<p>Les recherches men\u00e9es dans le cadre de la s\u00e9rie d&#8217;activit\u00e9s sur le bien-\u00eatre et l&#8217;encadrement ont deux objectifs principaux. Le premier est de juger les activit\u00e9s au niveau \u00e9valuatif, pour comprendre si la prestation du programme est v\u00e9ritablement efficace. Le deuxi\u00e8me objectif principal est de comprendre ce que les activit\u00e9s offrent et ce qu&#8217;elles r\u00e9v\u00e8lent sur le bien-\u00eatre et la communaut\u00e9 noire plus largement.<\/p>\n<p>Pour mener leurs recherches, l&#8217;\u00e9quipe Bien-\u00eatre et encadrement demande aux stagiaires de remplir un questionnaire avant, pendant et apr\u00e8s la s\u00e9rie. Le but de ces questionnaires est d&#8217;\u00e9valuer la familiarit\u00e9 des stagiaires avec le curriculum. L&#8217;ann\u00e9e derni\u00e8re, l&#8217;\u00e9quipe a constat\u00e9 une hausse remarquable dans les connaissances des stagiaires sur le contenu des activit\u00e9s. En plus des questionnaires, l&#8217;ann\u00e9e derni\u00e8re, l&#8217;\u00e9quipe a men\u00e9 des entretiens semi-structur\u00e9s avec un petit groupe de stagiaires qui ont donn\u00e9 de leur temps pour r\u00e9pondre \u00e0 des questions plus approfondies sur leur exp\u00e9rience dans la s\u00e9rie d&#8217;activit\u00e9s. Les r\u00e9ponses \u00e0 ces entretiens ont \u00e9t\u00e9 analys\u00e9es th\u00e9matiquement par Madison et McKenna Gawalko, l&#8217;une des assistantes de recherche de l&#8217;\u00e9quipe Bien-\u00eatre et encadrement. \u00c0 partir des r\u00e9sultats de recherche quantitatifs et qualitatifs, Madison et McKenna ont d\u00e9velopp\u00e9 un \u00a0d&#8217;\u00e9valuation pour la s\u00e9rie. Le contenu de ce rapport a constitu\u00e9 une partie du mat\u00e9riel utilis\u00e9 pour la pr\u00e9sentation d&#8217;affiche de Madison.<\/p>\n<p>Cette ann\u00e9e, l&#8217;\u00e9quipe se concentre sur le concept de l&#8217;espoir. Dre Yohani s&#8217;int\u00e9resse particuli\u00e8rement \u00e0 comprendre la relation entre l&#8217;espoir et le sentiment d&#8217;\u00eatre en contr\u00f4le en ce qui concerne les mentalit\u00e9s des stagiaires.<\/p>\n<p><em>\u00ab L&#8217;espoir n&#8217;est ni joli ni d\u00e9licat. C&#8217;est&#8230; durement disput\u00e9 et c&#8217;est une lutte. Mais je pense que c&#8217;est vraiment aussi comment je per\u00e7ois l&#8217;espoir&#8230; D&#8217;une part je l&#8217;appelle l&#8217;espoir, d&#8217;autre part je le vois comme &#8216;une assurance de choses esp\u00e9r\u00e9es et non-vues.&#8217; Et je pense que c&#8217;est vraiment beau dans le sens o\u00f9 je n&#8217;ai que 16 ans et je ne sais pas vraiment o\u00f9 je vais avec la vie. Mais j&#8217;ai la conviction que les choses vont bien se passer et que tout ira bien. \u00bb<\/em><\/p>\n<p><em>\u00a0&#8211; Stagiaire anonyme du Programme ELITE<\/em><\/p>\n<p>Apr\u00e8s deux cohortes, la s\u00e9rie d&#8217;activit\u00e9s sur le bien-\u00eatre et l&#8217;encadrement est une machine bien huil\u00e9e, \u00e9duquant les stagiaires tout en faisant de la recherche perspicace. Maintenant au milieu de sa troisi\u00e8me cohorte, l&#8217;\u00e9quipe recueille d\u00e9j\u00e0 des r\u00e9sultats de recherche fascinants et outille encore un autre groupe de chercheurs, d&#8217;innovateurs et d&#8217;entrepreneurs en herbe avec les comp\u00e9tences dont ils ont besoin pour maintenir leur bien-\u00eatre mental pour l&#8217;avenir rayonnant qui les attend.<\/p>\n\n","protected":false},"excerpt":{"rendered":"<p>Auteure : Adiki Puplampu Date :\u00a0 03 Ao\u00fbt 2023 Depuis les d\u00e9buts du Programme ELITE pour la jeunesse noire, la sant\u00e9 mentale et le bien-\u00eatre ont \u00e9t\u00e9 au c\u0153ur de la structure de notre programme. Ainsi, lorsque Madison Dabbs-Petty, la coordonnatrice\/conseill\u00e8re pour la s\u00e9rie d&#8217;activit\u00e9s sur le bien-\u00eatre et l&#8217;encadrement, et \u00e9tudiante au doctorat en [&hellip;]<\/p>\n","protected":false},"author":1,"featured_media":0,"parent":0,"menu_order":0,"comment_status":"closed","ping_status":"closed","template":"","meta":{"footnotes":""},"class_list":["post-523","page","type-page","status-publish","hentry"],"_links":{"self":[{"href":"https:\/\/www.eliteprogram.ca\/fr\/wp-json\/wp\/v2\/pages\/523","targetHints":{"allow":["GET"]}}],"collection":[{"href":"https:\/\/www.eliteprogram.ca\/fr\/wp-json\/wp\/v2\/pages"}],"about":[{"href":"https:\/\/www.eliteprogram.ca\/fr\/wp-json\/wp\/v2\/types\/page"}],"author":[{"embeddable":true,"href":"https:\/\/www.eliteprogram.ca\/fr\/wp-json\/wp\/v2\/users\/1"}],"replies":[{"embeddable":true,"href":"https:\/\/www.eliteprogram.ca\/fr\/wp-json\/wp\/v2\/comments?post=523"}],"version-history":[{"count":4,"href":"https:\/\/www.eliteprogram.ca\/fr\/wp-json\/wp\/v2\/pages\/523\/revisions"}],"predecessor-version":[{"id":528,"href":"https:\/\/www.eliteprogram.ca\/fr\/wp-json\/wp\/v2\/pages\/523\/revisions\/528"}],"wp:attachment":[{"href":"https:\/\/www.eliteprogram.ca\/fr\/wp-json\/wp\/v2\/media?parent=523"}],"curies":[{"name":"wp","href":"https:\/\/api.w.org\/{rel}","templated":true}]}}