{"id":532,"date":"2023-09-15T07:54:50","date_gmt":"2023-09-15T07:54:50","guid":{"rendered":"https:\/\/www.eliteprogram.ca\/fr\/?page_id=532"},"modified":"2023-09-15T07:58:10","modified_gmt":"2023-09-15T07:58:10","slug":"profile-dun-stagiaire-larry-afun","status":"publish","type":"page","link":"https:\/\/www.eliteprogram.ca\/fr\/profile-dun-stagiaire-larry-afun\/","title":{"rendered":"Profile d\u2019un stagiaire : Larry Afun"},"content":{"rendered":"\n\n\t\t\t\t<img loading=\"lazy\" decoding=\"async\" src=\"https:\/\/www.eliteprogram.ca\/fr\/wp-content\/uploads\/sites\/2\/2023\/09\/Larry-Afun-Headshot.jpg\" alt=\"Larry Afun Headshot\" itemprop=\"image\" height=\"1063\" width=\"1280\" title=\"Larry Afun Headshot\" onerror=\"this.style.display='none'\"  \/>\n\t<p><strong>Auteure : <\/strong>Adiki Puplampu<\/p>\n<p><strong>Date :\u00a0<\/strong>15 Septembre 2023<\/p>\n<p>&nbsp;<\/p>\n<p>S&#8217;il y a une chose dont <a href=\"https:\/\/www.linkedin.com\/in\/larry-afun-873506208?miniProfileUrn=urn%3Ali%3Afs_miniProfile%3AACoAADTBqVcBpX5nsUt00_0KzNiMENEEfoMXjZo&amp;lipi=urn%3Ali%3Apage%3Ad_flagship3_search_srp_all%3BOcGpZ8K0TsSNuNf31aRscA%3D%3D\">Larry Afun<\/a> est s\u00fbr, c&#8217;est qu&#8217;il est passionn\u00e9 par la recherche. \u00c9tudiant international sur le point d&#8217;entamer sa troisi\u00e8me ann\u00e9e \u00e0 l&#8217;Universit\u00e9 de Toronto, la carri\u00e8re acad\u00e9mique de Larry a \u00e9t\u00e9 motiv\u00e9e par sa curiosit\u00e9 et sa volont\u00e9 d&#8217;apprendre. De sa participation au Comit\u00e9 \u00c9DI de l&#8217;Universit\u00e9 de Toronto \u00e0 ses victoires dans divers concours, notamment la Bourse du Doyen et le Prix Audrey Perry pour la Vie \u00c9tudiante, Larry est un \u00e9tudiant accompli qui r\u00eave depuis des ann\u00e9es de travailler dans un environnement de recherche.<\/p>\n<p>\u00ab Il y a ce paradoxe de l&#8217;exp\u00e9rience, o\u00f9 si vous n&#8217;avez pas d&#8217;exp\u00e9rience, il est difficile d&#8217;acc\u00e9der aux domaines dans lesquels vous pouvez acqu\u00e9rir de l&#8217;exp\u00e9rience et c&#8217;\u00e9tait pr\u00e9cis\u00e9ment mon exp\u00e9rience \u00e0 l&#8217;Universit\u00e9 de Toronto. \u00bb<\/p>\n<p>Ce n&#8217;est que lorsqu&#8217;il a \u00e9t\u00e9 accept\u00e9 dans le Programme ELITE de l&#8217;Universit\u00e9 de l&#8217;Alberta qu&#8217;il a eu l&#8217;occasion d&#8217;explorer concr\u00e8tement son int\u00e9r\u00eat pour la recherche. Encourag\u00e9 \u00e0 postuler par un ami et stagiaire du Programme \u00c9LITE, Larry \u00e9tait enthousiaste face \u00e0 l&#8217;opportunit\u00e9 offerte par le programme de s&#8217;engager dans des recherches pr\u00e9cieuses avec des chercheurs principaux exp\u00e9riment\u00e9s.<\/p>\n<p>\u00c0 l&#8217;Universit\u00e9 de Toronto, Larry est \u00e9tudiant au baccalaur\u00e9at \u00e8s sciences avec sp\u00e9cialisation en physiologie et en immunologie. Choisir une sp\u00e9cialisation a \u00e9t\u00e9 difficile pour Larry dont les int\u00e9r\u00eats vont de la biologie \u00e9volutive \u00e0 la philosophie, \u00e0 la psychologie et m\u00eame aux math\u00e9matiques. Finalement, il a d\u00e9cid\u00e9 de doubler sa sp\u00e9cialisation en raison de la flexibilit\u00e9 que cela lui donne ; la physiologie lui permet d&#8217;explorer des concepts scientifiques plus g\u00e9n\u00e9raux tandis que l&#8217;immunologie permet des d\u00e9couvertes scientifiques plus granulaires, une combinaison parfaite pour quelqu&#8217;un qui est curieux de tout.<\/p>\n<p>Cet \u00e9t\u00e9, Larry met sa passion pour la recherche et son esprit curieux \u00e0 l&#8217;\u00e9preuve en travaillant dans le laboratoire du <a href=\"https:\/\/apps.ualberta.ca\/directory\/person\/jrplemel\">Dr Plemel<\/a> \u00e0 l&#8217;Universit\u00e9 de l&#8217;Alberta, o\u00f9 il \u00e9tudie les cellules microgliales dans le but de trouver des \u00e9tats microgliaux qui pourraient avoir des effets th\u00e9rapeutiques pour les patients de la scl\u00e9rose en plaques (SEP). Plus pr\u00e9cis\u00e9ment, le laboratoire travaille \u00e0 valider la pr\u00e9sence de cellules ayant des effets th\u00e9rapeutiques chez les patients atteints de SEP. Le Canada a le <a href=\"https:\/\/globalnews.ca\/news\/4191203\/multiple-sclerosis-canada-understanding-why-ms-rates-are-the-highest-here\/\">taux de SEP le plus \u00e9lev\u00e9 au monde<\/a>, avec environ 94 000 personnes atteintes de la maladie auto-immune, un nombre qui devrait augmenter dans les ann\u00e9es \u00e0 venir.<\/p>\n<p>Larry a d\u00e9j\u00e0 apport\u00e9 des contributions importantes au laboratoire. Au tout d\u00e9but de son stage, il avait pour mission de trouver un moyen de cartographier spatialement la pr\u00e9sence de cellules microgliales \u00e0 l&#8217;aide d&#8217;un logiciel que personne d&#8217;autre dans le laboratoire n&#8217;avait utilis\u00e9. Au d\u00e9but, il \u00e9tait intimid\u00e9 par cette t\u00e2che. Mais apr\u00e8s quelques semaines de r\u00e9flexion sur le probl\u00e8me, Larry a produit un protocole que le laboratoire utilise d\u00e9sormais pour cartographier la densit\u00e9 cellulaire. Il a \u00e9galement r\u00e9cemment d\u00e9velopp\u00e9 un protocole pour automatiser le comptage cellulaire, une t\u00e2che qui \u00e9tait auparavant effectu\u00e9e manuellement.<\/p>\n<p>\u00ab Ce qui m&#8217;\u00e9tonne, c&#8217;est que je suis pay\u00e9 pour faire cela. Je le ferai gratuitement \u00bb, a d\u00e9clar\u00e9 Larry.<\/p>\n<p>Si l&#8217;on consid\u00e8re l&#8217;\u00e9ventail de personnes que Larry compte comme source d&#8217;inspiration, du neuroscientifique Sam Harris au biologiste \u00e9volutionniste Richard Dawkins et au psychologue Paul Bloom, la curiosit\u00e9 et la d\u00e9termination acad\u00e9mique de Larry ne sont aucunement surprenantes. Ce qui l&#8217;attire vers chacun de ces penseurs, c&#8217;est leur honn\u00eatet\u00e9 intellectuelle, leur r\u00e9flexion profonde et leur adh\u00e9sion \u00e0 la raison. Des traits que Larry, en tant que chercheur \u00e9mergent, cultive clairement dans sa propre pratique scientifique.<\/p>\n<p>M\u00eame si son parcours professionnel est encore en cours de d\u00e9veloppement, Larry sait que son parcours sera scientifique. On peut affirmer sans se tromper que l&#8217;int\u00e9r\u00eat de Larry pour la recherche a \u00e9t\u00e9 confirm\u00e9 par son exp\u00e9rience cet \u00e9t\u00e9 et que ce n&#8217;est que le d\u00e9but de sa carri\u00e8re de chercheur naissante.<\/p>\n\n","protected":false},"excerpt":{"rendered":"<p>Auteure : Adiki Puplampu Date :\u00a015 Septembre 2023 &nbsp; S&#8217;il y a une chose dont Larry Afun est s\u00fbr, c&#8217;est qu&#8217;il est passionn\u00e9 par la recherche. \u00c9tudiant international sur le point d&#8217;entamer sa troisi\u00e8me ann\u00e9e \u00e0 l&#8217;Universit\u00e9 de Toronto, la carri\u00e8re acad\u00e9mique de Larry a \u00e9t\u00e9 motiv\u00e9e par sa curiosit\u00e9 et sa volont\u00e9 d&#8217;apprendre. De [&hellip;]<\/p>\n","protected":false},"author":1,"featured_media":0,"parent":0,"menu_order":0,"comment_status":"closed","ping_status":"closed","template":"","meta":{"footnotes":""},"class_list":["post-532","page","type-page","status-publish","hentry"],"_links":{"self":[{"href":"https:\/\/www.eliteprogram.ca\/fr\/wp-json\/wp\/v2\/pages\/532","targetHints":{"allow":["GET"]}}],"collection":[{"href":"https:\/\/www.eliteprogram.ca\/fr\/wp-json\/wp\/v2\/pages"}],"about":[{"href":"https:\/\/www.eliteprogram.ca\/fr\/wp-json\/wp\/v2\/types\/page"}],"author":[{"embeddable":true,"href":"https:\/\/www.eliteprogram.ca\/fr\/wp-json\/wp\/v2\/users\/1"}],"replies":[{"embeddable":true,"href":"https:\/\/www.eliteprogram.ca\/fr\/wp-json\/wp\/v2\/comments?post=532"}],"version-history":[{"count":2,"href":"https:\/\/www.eliteprogram.ca\/fr\/wp-json\/wp\/v2\/pages\/532\/revisions"}],"predecessor-version":[{"id":535,"href":"https:\/\/www.eliteprogram.ca\/fr\/wp-json\/wp\/v2\/pages\/532\/revisions\/535"}],"wp:attachment":[{"href":"https:\/\/www.eliteprogram.ca\/fr\/wp-json\/wp\/v2\/media?parent=532"}],"curies":[{"name":"wp","href":"https:\/\/api.w.org\/{rel}","templated":true}]}}