{"id":54,"date":"2021-01-16T04:16:20","date_gmt":"2021-01-16T04:16:20","guid":{"rendered":"http:\/\/eliteprogram.ca\/fr\/?page_id=54"},"modified":"2023-09-29T20:19:22","modified_gmt":"2023-09-29T20:19:22","slug":"responsables-de-stage","status":"publish","type":"page","link":"https:\/\/www.eliteprogram.ca\/fr\/responsables-de-stage\/","title":{"rendered":"Responsables de Stage"},"content":{"rendered":"\n\n\t\t\t\t<img decoding=\"async\" src=\"https:\/\/www.eliteprogram.ca\/wp-content\/uploads\/2023\/09\/ELITE Program Hosts.png\" alt=\"ELITE Program Hosts.png\" itemprop=\"image\" title=\"ELITE Program Hosts.png\" onerror=\"this.style.display='none'\"  \/>\n\t<p>Les responsables de stages sont s\u00e9lectionn\u00e9-e-s dans des universit\u00e9s, coll\u00e8ges, entreprises \u00e0 but lucratif, organismes de charit\u00e9 et agences gouvernementales.<\/p>\n\t<p>Les responsables de stages offrent \u00e0 la jeunesse noire des possibilit\u00e9s de formation int\u00e9gr\u00e9e au travail \u00e0 temps plein ou \u00e0 temps partiel. L&#8217;apprentissage et la formation peuvent inclure : des projets de recherche innovants en Ing\u00e9nierie, M\u00e9decine ou Science, un travail dans un bureau professionnel, une usine industrielle ou dans un lieu commercial. Veuillez lire le brochure pour les responsables de stages <a href=\"https:\/\/www.eliteprogram.ca\/fr\/programme\/\" target=\"_blank\" rel=\"noopener\">ICI<\/a>.<\/p>\n<p>&nbsp;<\/p>\n<p><strong>Souhaitez-vous devenir responsable de stage ?<\/strong><\/p>\n\t\t\t<a href=\"https:\/\/applyportal.eliteprogram.ca\/index.php\/Main_Page\" target=\"_blank\" rel=\"noopener\">\n\t\t\t\t\t\t\tResponsables de stages \u00e0 Edmonton Postuler ici\n\t\t\t\t\t<\/a>\n\t\t\t<a href=\"https:\/\/applyportal.eliteprogram.ca\/index.php\/Main_Page\" target=\"_blank\" rel=\"noopener\">\n\t\t\t\t\t\t\tResponsables de stages \u00e0 Ottawa Postuler ici\n\t\t\t\t\t<\/a>\n\t\t\t<a href=\"https:\/\/applyportal.eliteprogram.ca\/index.php\/Main_Page\" target=\"_blank\" rel=\"noopener\">\n\t\t\t\t\t\t\tDirecteur de th\u00e8se ing\u00e9nieur Postuler ici\n\t\t\t\t\t<\/a>\n\n","protected":false},"excerpt":{"rendered":"<p>Les responsables de stages sont s\u00e9lectionn\u00e9-e-s dans des universit\u00e9s, coll\u00e8ges, entreprises \u00e0 but lucratif, organismes de charit\u00e9 et agences gouvernementales. Les responsables de stages offrent \u00e0 la jeunesse noire des possibilit\u00e9s de formation int\u00e9gr\u00e9e au travail \u00e0 temps plein ou \u00e0 temps partiel. L&#8217;apprentissage et la formation peuvent inclure : des projets de recherche innovants [&hellip;]<\/p>\n","protected":false},"author":1,"featured_media":0,"parent":0,"menu_order":0,"comment_status":"closed","ping_status":"closed","template":"","meta":{"footnotes":""},"class_list":["post-54","page","type-page","status-publish","hentry"],"_links":{"self":[{"href":"https:\/\/www.eliteprogram.ca\/fr\/wp-json\/wp\/v2\/pages\/54","targetHints":{"allow":["GET"]}}],"collection":[{"href":"https:\/\/www.eliteprogram.ca\/fr\/wp-json\/wp\/v2\/pages"}],"about":[{"href":"https:\/\/www.eliteprogram.ca\/fr\/wp-json\/wp\/v2\/types\/page"}],"author":[{"embeddable":true,"href":"https:\/\/www.eliteprogram.ca\/fr\/wp-json\/wp\/v2\/users\/1"}],"replies":[{"embeddable":true,"href":"https:\/\/www.eliteprogram.ca\/fr\/wp-json\/wp\/v2\/comments?post=54"}],"version-history":[{"count":4,"href":"https:\/\/www.eliteprogram.ca\/fr\/wp-json\/wp\/v2\/pages\/54\/revisions"}],"predecessor-version":[{"id":540,"href":"https:\/\/www.eliteprogram.ca\/fr\/wp-json\/wp\/v2\/pages\/54\/revisions\/540"}],"wp:attachment":[{"href":"https:\/\/www.eliteprogram.ca\/fr\/wp-json\/wp\/v2\/media?parent=54"}],"curies":[{"name":"wp","href":"https:\/\/api.w.org\/{rel}","templated":true}]}}