{"id":564,"date":"2024-01-12T08:49:46","date_gmt":"2024-01-12T08:49:46","guid":{"rendered":"https:\/\/www.eliteprogram.ca\/fr\/?page_id=564"},"modified":"2024-01-15T06:33:35","modified_gmt":"2024-01-15T06:33:35","slug":"profile-dune-stagiaire-hamidat-bello","status":"publish","type":"page","link":"https:\/\/www.eliteprogram.ca\/fr\/profile-dune-stagiaire-hamidat-bello\/","title":{"rendered":"Profile d\u2019une stagiaire : Hamidat Bello"},"content":{"rendered":"\n\n\t<p><strong>Auteure : <\/strong>Adiki Puplampu<\/p>\n<p><strong>Date : <\/strong>24 Novembre 2023<\/p>\n<p>&nbsp;<\/p>\n<p>Cr\u00e9ative, extravertie, b\u00e9n\u00e9vole passionn\u00e9e et informaticienne \u00e9mergente. <a href=\"https:\/\/www.linkedin.com\/in\/hamidatbello\/\">Hamidat Bello<\/a> est tout cela et bien plus encore, et cette ann\u00e9e, elle ajoute le stagiaire du Programme ELITE \u00e0 son <em>curriculum vitae<\/em>. En septembre, Hamidat entamera sa premi\u00e8re ann\u00e9e en informatique apr\u00e8s avoir quitt\u00e9 le programme de neurosciences.<\/p>\n<p>Introduite au Programme ELITE par l&#8217;interm\u00e9diaire de l&#8217;<a href=\"https:\/\/uabsa.ca\/\">Association des \u00e9tudiants noirs de l&#8217;Universit\u00e9 de l&#8217;Alberta<\/a> (UBSA en anglais), l&#8217;int\u00e9r\u00eat de Hamidat pour le programme a \u00e9t\u00e9 \u00e9veill\u00e9 par la structure int\u00e9gr\u00e9e du programme qui fusionne l&#8217;enseignement acad\u00e9mique avec les applications concr\u00e8tes. Le programme lui a donn\u00e9 l&#8217;occasion d&#8217;apprendre et de contribuer \u00e0 un projet ayant un impact tangible, un attrait majeur pour Hamidat.<\/p>\n<p>Cet \u00e9t\u00e9, Hamidat a mis ses comp\u00e9tences \u00e0 profit au <a href=\"https:\/\/www.ualberta.ca\/rehabilitation\/research\/rehabilitation-robotics\/index.html\">Laboratoire de robotique de <\/a><a href=\"https:\/\/www.ualberta.ca\/rehabilitation\/research\/rehabilitation-robotics\/index.html\">r\u00e9habilitation<\/a> (RRL en anglais). Son r\u00f4le principal a \u00e9t\u00e9 de contribuer \u00e0 la validation des donn\u00e9es du projet. Pour ce faire, elle a cr\u00e9\u00e9 un programme informatique pour le pr\u00e9traitement des r\u00e9f\u00e9rentiels de donn\u00e9es et a utilis\u00e9 une analyse statistique rigoureuse pour valider l&#8217;efficacit\u00e9 de la technologie des fauteuils roulants.<\/p>\n<p>Ce stage est l&#8217;une des premi\u00e8res exp\u00e9riences professionnelles en entreprise d&#8217;Hamidat, et elle a \u00e9t\u00e9 marqu\u00e9e par la diff\u00e9rence entre le monde du travail et celui de l&#8217;\u00e9cole. \u00c0 l&#8217;\u00e9cole, une fois qu&#8217;un projet est termin\u00e9, il est soumis et on passe au travail suivant. Ce n&#8217;est pas le cas des projets de recherche, pour lesquels le plus souvent, les travaux n&#8217;aboutissent pas \u00e0 une conclusion d\u00e9finitive. Alors qu&#8217;elle \u00e9tait autrefois intimid\u00e9e par cette id\u00e9e, Hamidat y voit d\u00e9sormais une motivation pour am\u00e9liorer continuellement son travail.<\/p>\n<p>Lorsqu&#8217;elle pense \u00e0 l&#8217;emploi de ses r\u00eaves, Hamidat envisage un poste d&#8217;ing\u00e9nieur en apprentissage automatique, travaillant et construisant avec du code, mais ayant \u00e9galement suffisamment de temps pour faire du b\u00e9n\u00e9volat. Sa passion pour le b\u00e9n\u00e9volat est d\u00e9montr\u00e9e par les nombreux projets et initiatives dans lesquels elle est d\u00e9j\u00e0 impliqu\u00e9e, depuis son r\u00f4le de vice-pr\u00e9sidente en chef de <a href=\"https:\/\/neuralberta.tech\/\">NeurAlberta Tech<\/a>, une organisation qui offre un espace s\u00fbr aux personnes qui souhaitent apprendre et grandir en neurosciences, jusqu&#8217;\u00e0 son poste au cours de l&#8217;\u00e9t\u00e9 en tant que vice-pr\u00e9sidente interne de <a href=\"https:\/\/www.uofablueprint.org\/\">Blueprint<\/a> \u00e0 l&#8217;Universit\u00e9 de l&#8217;Alberta, un groupe qui code b\u00e9n\u00e9volement des applications pour les groupes dans le besoin, et de son propre site Web <a href=\"https:\/\/www.athenacodes.org\/\">Athena Codes<\/a>. Ressource destin\u00e9e aux femmes travaillant en informatique, Athena Codes propose un tableau des bourses, un tableau des stages et met en lumi\u00e8re des histoires de femmes inspirantes dans le domaine de l&#8217;informatique. Hamidat a \u00e9t\u00e9 contrainte de cr\u00e9er ce site apr\u00e8s avoir \u00e9t\u00e9 orient\u00e9e vers l&#8217;informatique et avoir remarqu\u00e9 qu&#8217;il y avait un manque d&#8217;informations disponibles pour les \u00e9tudiants cherchant \u00e0 s&#8217;orienter dans ce domaine.<\/p>\n<p>\u00ab Il y a tellement de r\u00f4les, de postes et de bourses auxquels ces femmes en informatique pourraient postuler et toutes ces femmes inspirantes qui ne sont tout simplement pas mises en valeur, donc c&#8217;\u00e9tait quelque chose que je n&#8217;aimais tout simplement pas. C&#8217;est un peu pourquoi j&#8217;ai cr\u00e9\u00e9 ce site Web, juste pour centraliser ces ressources, sp\u00e9cialement pour les \u00e9tudiants universitaires.<\/p>\n<p>Bien que le site soit destin\u00e9 aux femmes, qui sont g\u00e9n\u00e9ralement sous-repr\u00e9sent\u00e9es dans le secteur de la technologie, il s&#8217;agit d&#8217;une ressource que tout le monde peut utiliser.<\/p>\n<p>Trois mois apr\u00e8s le d\u00e9but de son stage, ce qu&#8217;elle a retenu le plus, ce sont les relations qu&#8217;elle a d\u00e9velopp\u00e9es avec ses pairs et ses superviseurs. Du Dr Martin Ferguson-Pell aux autres stagiaires du Programme ELITE dans le laboratoire, Hamidat est continuellement inspir\u00e9e et enrichie par les personnes qui l&#8217;entourent. Cr\u00e9er des liens avec des professionnels de l&#8217;industrie technologique et des pairs tout aussi motiv\u00e9s a \u00e9t\u00e9 l&#8217;un des points forts de son stage.<\/p>\n<p><img loading=\"lazy\" decoding=\"async\" src=\"https:\/\/www.eliteprogram.ca\/fr\/wp-content\/uploads\/sites\/2\/2024\/01\/Hamidat-in-RRL-738x738.jpg\" alt=\"\" width=\"738\" height=\"738\" \/><\/p>\n\n","protected":false},"excerpt":{"rendered":"<p>Auteure : Adiki Puplampu Date : 24 Novembre 2023 &nbsp; Cr\u00e9ative, extravertie, b\u00e9n\u00e9vole passionn\u00e9e et informaticienne \u00e9mergente. Hamidat Bello est tout cela et bien plus encore, et cette ann\u00e9e, elle ajoute le stagiaire du Programme ELITE \u00e0 son curriculum vitae. En septembre, Hamidat entamera sa premi\u00e8re ann\u00e9e en informatique apr\u00e8s avoir quitt\u00e9 le programme de [&hellip;]<\/p>\n","protected":false},"author":1,"featured_media":0,"parent":0,"menu_order":0,"comment_status":"closed","ping_status":"closed","template":"","meta":{"footnotes":""},"class_list":["post-564","page","type-page","status-publish","hentry"],"_links":{"self":[{"href":"https:\/\/www.eliteprogram.ca\/fr\/wp-json\/wp\/v2\/pages\/564","targetHints":{"allow":["GET"]}}],"collection":[{"href":"https:\/\/www.eliteprogram.ca\/fr\/wp-json\/wp\/v2\/pages"}],"about":[{"href":"https:\/\/www.eliteprogram.ca\/fr\/wp-json\/wp\/v2\/types\/page"}],"author":[{"embeddable":true,"href":"https:\/\/www.eliteprogram.ca\/fr\/wp-json\/wp\/v2\/users\/1"}],"replies":[{"embeddable":true,"href":"https:\/\/www.eliteprogram.ca\/fr\/wp-json\/wp\/v2\/comments?post=564"}],"version-history":[{"count":5,"href":"https:\/\/www.eliteprogram.ca\/fr\/wp-json\/wp\/v2\/pages\/564\/revisions"}],"predecessor-version":[{"id":586,"href":"https:\/\/www.eliteprogram.ca\/fr\/wp-json\/wp\/v2\/pages\/564\/revisions\/586"}],"wp:attachment":[{"href":"https:\/\/www.eliteprogram.ca\/fr\/wp-json\/wp\/v2\/media?parent=564"}],"curies":[{"name":"wp","href":"https:\/\/api.w.org\/{rel}","templated":true}]}}