{"id":573,"date":"2024-01-15T05:54:25","date_gmt":"2024-01-15T05:54:25","guid":{"rendered":"https:\/\/www.eliteprogram.ca\/fr\/?page_id=573"},"modified":"2024-01-16T09:33:20","modified_gmt":"2024-01-16T09:33:20","slug":"entrevue-avec-une-responsable-de-stage-abby-aiyeleye","status":"publish","type":"page","link":"https:\/\/www.eliteprogram.ca\/fr\/entrevue-avec-une-responsable-de-stage-abby-aiyeleye\/","title":{"rendered":"Entrevue avec une responsable de stage : Abby Aiyeleye"},"content":{"rendered":"\n\n\t<p><strong>Auteure : <\/strong>Adiki Puplampu<\/p>\n<p><strong>Date : <\/strong>08 D\u00e9cembre 2023<\/p>\n<p>&nbsp;<\/p>\n<p><a href=\"https:\/\/clavisstudio.ca\/\">Clavis Studio<\/a> est une plateforme de conception et de rendu avec des outils commerciaux qui aident les professionnels de la conception \u00e0 d\u00e9velopper leur entreprise. <a href=\"https:\/\/www.linkedin.com\/in\/adetoun-abby-aiyeleye\/\">Adetoun Abby Aiyeleye<\/a> est co-PDG pour l&#8217;ex\u00e9cution de Clavis Studio et dirige le d\u00e9veloppement de produits, les partenariats et le d\u00e9veloppement commercial.<\/p>\n<p>Abby a cofond\u00e9 Clavis Studio avec Ayo Aiyeleye pour red\u00e9finir l&#8217;approche de la conception en utilisant l&#8217;intelligence artificielle et la technologie 3D immersive. Son objectif est de favoriser l&#8217;adoption de la technologie dans les secteurs traditionnels ou moins pr\u00e9visibles et de promouvoir une \u00e9conomie ax\u00e9e sur la technologie en cr\u00e9ant des emplois et en \u00e9largissant l&#8217;acc\u00e8s au march\u00e9 mondial pour les entreprises propuls\u00e9es par Clavis.<\/p>\n<p>Les exp\u00e9riences v\u00e9cues par Abby, sa perspective intersectionnelle et ses qualifications continuent d&#8217;alimenter sa volont\u00e9 de fournir des produits ind\u00e9niablement adapt\u00e9s \u00e0 l&#8217;usage pr\u00e9vu, ce qui se refl\u00e8te dans ses multiples distinctions et r\u00e9compenses.<\/p>\n<p>Certaines des reconnaissances notables d&#8217;Abby incluent : r\u00e9cipiendaire de la M\u00e9daille du jubil\u00e9 de la reine Elizabeth II (2023), Femme DMZ de l&#8217;ann\u00e9e (2022), gagnante du Prix de distinction des affaires en Alberta 2022, gagnante 2022 du Startup de l&#8217;ann\u00e9e de Creative Citizen et gagnante 2021 du \u00ab\u00a0D\u00e9marrer l&#8217;entrepreneur\u00a0\u00bb le plus prometteur de l&#8217;ann\u00e9e de D\u00e9marrez Alberta.<\/p>\n<p>Elle contribue \u00e0 l&#8217;\u00e9cosyst\u00e8me en occupant des postes au conseil d&#8217;administration et en tant que b\u00e9n\u00e9vole, notamment : vice-pr\u00e9sidente du R\u00e9seau des femmes immigrantes de l&#8217;Alberta, membre du Conseil de croissance innovatrice d&#8217;Edmonton Unlimited, membre du Conseil d&#8217;administration d&#8217;Ambassadeurs de The A100+, and instructrice\/mentor de masterclass pour les Fondateurs de startups noires.<\/p>\n<p>Cette ann\u00e9e, Abby et Clavis Studio ont accueilli une stagiaire du Programme ELITE et Abby s&#8217;est assise avec nous pour discuter de sa premi\u00e8re ann\u00e9e \u00e0 soutenir une stagiaire du Programme ELITE.<\/p>\n<p><em>Les r\u00e9ponses ont \u00e9t\u00e9 r\u00e9vis\u00e9es par souci de concision et de clart\u00e9.<\/em><\/p>\n<p><em>\u00a0<\/em><strong>Comment Clavis Studio a-t-il d\u00e9couvert le Programme ELITE et qu&#8217;est-ce qui vous a donn\u00e9 envie de vous impliquer en tant que responsable de stage ?<\/strong><\/p>\n<p>Je pense que je l&#8217;ai peut-\u00eatre d&#8217;abord vu sur LinkedIn. Il y avait un article \u00e0 ce sujet et j&#8217;ai consult\u00e9 le programme.\u00a0 J&#8217;allais participer l&#8217;ann\u00e9e derni\u00e8re, mais nous \u00e9tions sur le point de lancer de nouvelles fonctionnalit\u00e9s, donc nous avions beaucoup de choses \u00e0 faire et je ne voulais pas embaucher quelqu&#8217;un que je ne pouvais pas encadrer et soutenir. J&#8217;ai encadr\u00e9 des femmes dans le cadre du Programme WISEST \u00e0 l&#8217;Universit\u00e9 de l&#8217;Alberta et des aspirants fondateurs en technologie, car cela a toujours \u00e9t\u00e9 ma passion. Je veux attirer plus de femmes dans les STIM. Je veux qu&#8217;il y ait plus de femmes noires dans les STIM et j&#8217;ai toujours insist\u00e9 pour que les \u00e9tudiants noirs, les femmes noires, [et] tous les Noirs aient un meilleur acc\u00e8s \u00e0 ce dont ils ont besoin pour se d\u00e9velopper et pour apporter leur pleine contribution \u00e0 la table.<strong>\u00a0<\/strong><\/p>\n<p><strong>Sur quel projet votre stagiaire a-t-il travaill\u00e9 et quelle est l&#8217;importance de ce travail pour Clavis Studio ?<\/strong><\/p>\n<p>Le plus important pour nous, c&#8217;est que Tayla est arriv\u00e9e au bon moment. Nous \u00e9valuons les performances de certaines pages de notre site web et de certains de nos produits, et nous avons r\u00e9alis\u00e9 qu&#8217;il n&#8217;y avait pas un engagement fort et que cela faisait partie de ses comp\u00e9tences. Nous voulions cr\u00e9er de l&#8217;interaction et c&#8217;est ce qu&#8217;elle a fait. Au fil du temps, de nombreuses pages du site web changeront en fonction des mod\u00e8les cr\u00e9\u00e9s par Tayla. Elle travaille en \u00e9troite collaboration avec notre d\u00e9veloppeur full-stack pour cr\u00e9er des mod\u00e8les qui garantissent la meilleure exp\u00e9rience possible pour l&#8217;utilisateur. Elle a \u00e9galement contribu\u00e9 \u00e0 la cr\u00e9ation de pages d&#8217;accueil pour interagir avec les clients lorsque nous assistons \u00e0 des \u00e9v\u00e9nements et \u00e0 des conf\u00e9rences.<\/p>\n<p>Ce que nous ne savions m\u00eame pas qu&#8217;elle pouvait faire avant de commencer, c&#8217;est qu&#8217;elle est une formidable mod\u00e9lisatrice 3D. Dans notre atelier, nous allons d\u00e9ployer la possibilit\u00e9 de visualiser un produit dans votre chambre gr\u00e2ce \u00e0 la r\u00e9alit\u00e9 augment\u00e9e et c&#8217;est elle qui a mod\u00e9lis\u00e9 les meubles et les accessoires pour que vous puissiez voir les pi\u00e8ces dans votre espace.<\/p>\n<p><strong>Dans l&#8217;ensemble, quelle a \u00e9t\u00e9 votre exp\u00e9rience en tant que responsable de stage et que diriez-vous \u00e0 une autre organisation qui envisage de soumettre un projet et d&#8217;embaucher un stagiaire du Programme ELITE ?<\/strong><strong>\u00a0<\/strong><\/p>\n<p>J&#8217;ai vraiment appr\u00e9ci\u00e9 que quelqu&#8217;une d&#8217;ELITE nous rejoigne. J&#8217;aime le fait que vous ayez des programmes dans diff\u00e9rents domaines. J&#8217;ai \u00e9cout\u00e9 l&#8217;enregistrement Zoom [de l&#8217;atelier de pr\u00e9sentations] et j&#8217;ai remarqu\u00e9 que tous les \u00e9tudiants avaient des domaines d&#8217;\u00e9tudes diff\u00e9rents, ce qui est g\u00e9nial. Et les trois derniers mois avec Tayla nous ont aid\u00e9 \u00e0 vraiment grandir \u00e0 pas de g\u00e9ant. L&#8217;une des conf\u00e9rences que nous venons de terminer, Collision Conference, a rassembl\u00e9 tous les documents n\u00e9cessaires pour cette conf\u00e9rence. Les graphiques [et] les annonces que nous avons mis sur la page d&#8217;accueil, elle a travaill\u00e9 sur tout cela pour nous, pour que cette conf\u00e9rence soit un succ\u00e8s. Nous y avons rencontr\u00e9 des investisseurs en capital-risque et des partenaires strat\u00e9giques potentiels, gr\u00e2ce \u00e0 son travail direct sur les documents.<\/p>\n<p>Nous avons engag\u00e9 Tayla pour de futures opportunit\u00e9s de stage et c&#8217;est simplement parce qu&#8217;elle a fait un excellent travail. Ceci dit, mon conseil aux autres entreprises, notamment aux start-up, est de se lancer. Attirez ces \u00e9tudiants, ils sont intelligents, ils savent \u00e0 quoi ressemble l&#8217;avenir du travail. J&#8217;aime l&#8217;id\u00e9e d&#8217;avoir beaucoup de jeunes au sein de Clavis Studio et nous \u00e9coutons ce qu&#8217;ils disent parce qu&#8217;ils savent \u00e0 quoi ressemble l&#8217;avenir et qu&#8217;ils peuvent le construire.<\/p>\n<p><strong>En tant qu&#8217;employeur, et plus particuli\u00e8rement dans le secteur de la technologie, quels conseils donneriez-vous aux \u00e9tudiants qui souhaitent se lancer dans l&#8217;entrepreneuriat ou la technologie ?<\/strong><\/p>\n<p>Je pense que la premi\u00e8re chose est \u00e9videmment de conna\u00eetre vos comp\u00e9tences et d&#8217;obtenir du soutien. C&#8217;est un parcours solitaire si vous \u00eates l&#8217;unique fondateur et que vous essayez de construire des choses par vous-m\u00eame dans votre propre petite bulle. Je sais que des organisations comme <a href=\"https:\/\/edmontonunlimited.com\/\">Edmonton Unlimited<\/a> aident \u00e0 mettre en contact de nouvelles personnes et des fondateurs.<\/p>\n<p>Obtenez le soutien de la communaut\u00e9, assistez \u00e0 des \u00e9v\u00e9nements, \u00e9coutez ce que font les gens. Je me souviens que lorsque nous avons envisag\u00e9 de cr\u00e9er Clavis Studio, nous avons assist\u00e9 \u00e0 une journ\u00e9e de d\u00e9monstration organis\u00e9e par l&#8217;Universit\u00e9 de l&#8217;Alberta, juste pour voir ce qui existait et rencontrer des gens avec qui nous pourrions participer et collaborer. N&#8217;entreprenez donc pas ce parcours seul.<\/p>\n<p><strong>Dans le contexte des affaires et de la technologie en particulier, \u00e0 votre avis, quelle est l&#8217;importance d&#8217;un programme comme le Programme ELITE, en particulier pour les jeunes noirs int\u00e9ress\u00e9s \u00e0 entrer dans ces espaces ?<\/strong><\/p>\n<p>Je ne saurais trop vous r\u00e9p\u00e9ter \u00e0 quel point il est important d&#8217;avoir des programmes comme ELITE. Lorsque j&#8217;\u00e9tais \u00e0 l&#8217;universit\u00e9, et j&#8217;\u00e9tudiais au Royaume-Uni, les \u00e9tudiants avaient la possibilit\u00e9 de participer \u00e0 des activit\u00e9s leur permettant de trouver le bon emploi apr\u00e8s l&#8217;\u00e9cole. Mais les r\u00e8gles du jeu n&#8217;\u00e9taient pas \u00e9quitables. Je connais quelques amis qui ont obtenu leur dipl\u00f4me et qui ont d\u00e9croch\u00e9 ces emplois tr\u00e8s convoit\u00e9s chez Morgan Stanley, ce qui n&#8217;a pas \u00e9t\u00e9 mon cas, et pourtant nous avons tous obtenu d&#8217;assez bons r\u00e9sultats. Il est donc tr\u00e8s important d&#8217;avoir des programmes comme ELITE.<\/p>\n<p>Je suis une Canadienne de premi\u00e8re g\u00e9n\u00e9ration qui travaille \u00e0 b\u00e2tir une fondation pour la g\u00e9n\u00e9ration future, car les recherches d\u00e9montrent que les Canadiens de deuxi\u00e8me et troisi\u00e8me g\u00e9n\u00e9ration ont plus de difficult\u00e9s avec les identit\u00e9s bi ou triculturelles, le pr\u00e9cieux capital social et l&#8217;\u00e9volution de carri\u00e8re. Les Canadiens noirs de deuxi\u00e8me et de troisi\u00e8me g\u00e9n\u00e9ration, en particulier, ont du mal \u00e0 s&#8217;int\u00e9grer \u00e0 la soci\u00e9t\u00e9, \u00e0 exceller dans une bonne carri\u00e8re et \u00e0 prosp\u00e9rer \u00e9conomiquement. Et c&#8217;est simplement parce qu&#8217;ils n&#8217;ont pas la possibilit\u00e9 de se trouver dans des espaces o\u00f9 ils peuvent b\u00e2tir leur carri\u00e8re et construire leur avenir. ELITE est donc un excellent moyen de combler cet \u00e9cart. J&#8217;esp\u00e8re que davantage d&#8217;universit\u00e9s et d&#8217;organisations se joindront au Programme ELITE pour d\u00e9velopper le programme \u00e0 travers le Canada.<\/p>\n<p><img loading=\"lazy\" decoding=\"async\" src=\"https:\/\/www.eliteprogram.ca\/fr\/wp-content\/uploads\/sites\/2\/2024\/01\/Abby-Group-Pic-738x553.jpg\" alt=\"\" width=\"738\" height=\"553\" \/><\/p>\n\n","protected":false},"excerpt":{"rendered":"<p>Auteure : Adiki Puplampu Date : 08 D\u00e9cembre 2023 &nbsp; Clavis Studio est une plateforme de conception et de rendu avec des outils commerciaux qui aident les professionnels de la conception \u00e0 d\u00e9velopper leur entreprise. Adetoun Abby Aiyeleye est co-PDG pour l&#8217;ex\u00e9cution de Clavis Studio et dirige le d\u00e9veloppement de produits, les partenariats et le [&hellip;]<\/p>\n","protected":false},"author":1,"featured_media":0,"parent":0,"menu_order":0,"comment_status":"closed","ping_status":"closed","template":"","meta":{"footnotes":""},"class_list":["post-573","page","type-page","status-publish","hentry"],"_links":{"self":[{"href":"https:\/\/www.eliteprogram.ca\/fr\/wp-json\/wp\/v2\/pages\/573","targetHints":{"allow":["GET"]}}],"collection":[{"href":"https:\/\/www.eliteprogram.ca\/fr\/wp-json\/wp\/v2\/pages"}],"about":[{"href":"https:\/\/www.eliteprogram.ca\/fr\/wp-json\/wp\/v2\/types\/page"}],"author":[{"embeddable":true,"href":"https:\/\/www.eliteprogram.ca\/fr\/wp-json\/wp\/v2\/users\/1"}],"replies":[{"embeddable":true,"href":"https:\/\/www.eliteprogram.ca\/fr\/wp-json\/wp\/v2\/comments?post=573"}],"version-history":[{"count":3,"href":"https:\/\/www.eliteprogram.ca\/fr\/wp-json\/wp\/v2\/pages\/573\/revisions"}],"predecessor-version":[{"id":585,"href":"https:\/\/www.eliteprogram.ca\/fr\/wp-json\/wp\/v2\/pages\/573\/revisions\/585"}],"wp:attachment":[{"href":"https:\/\/www.eliteprogram.ca\/fr\/wp-json\/wp\/v2\/media?parent=573"}],"curies":[{"name":"wp","href":"https:\/\/api.w.org\/{rel}","templated":true}]}}