{"id":580,"date":"2024-01-15T06:28:31","date_gmt":"2024-01-15T06:28:31","guid":{"rendered":"https:\/\/www.eliteprogram.ca\/fr\/?page_id=580"},"modified":"2024-01-16T09:33:47","modified_gmt":"2024-01-16T09:33:47","slug":"profil-dun-stagiaire-jesugbenga-omoniwa","status":"publish","type":"page","link":"https:\/\/www.eliteprogram.ca\/fr\/profil-dun-stagiaire-jesugbenga-omoniwa\/","title":{"rendered":"Profil d\u2019un stagiaire : Jesugbenga Omoniwa"},"content":{"rendered":"\n\n\t\t\t\t<img loading=\"lazy\" decoding=\"async\" src=\"https:\/\/www.eliteprogram.ca\/fr\/wp-content\/uploads\/sites\/2\/2024\/01\/Jesugbenga-Image.jpg\" alt=\"Jesugbenga Image\" itemprop=\"image\" height=\"1200\" width=\"1200\" title=\"Jesugbenga Image\" onerror=\"this.style.display='none'\"  \/>\n\t<p><strong>Auteure : <\/strong>Adiki Puplampu<\/p>\n<p><strong>Date : <\/strong>15 D\u00e9cembre 2023<\/p>\n<p>&nbsp;<\/p>\n<p>Jesugbenga Omoniwa est un \u00e9tudiant nig\u00e9rian en troisi\u00e8me ann\u00e9e d&#8217;informatique qui a de grands r\u00eaves. Passionn\u00e9 par la technologie, l&#8217;innovation et l&#8217;impact social, Jesugbenga aspire \u00e0 travailler en tant que d\u00e9veloppeur de logiciels dans une entreprise qui utilise la technologie pour le bien social.<\/p>\n<p>\u00ab J&#8217;aimerais travailler sur des projets qui ont un impact positif sur la vie des gens, comme l&#8217;\u00e9ducation, les soins de sant\u00e9 ou la durabilit\u00e9 environnementale. \u00bb<\/p>\n<p>Cet \u00e9t\u00e9, il a fait une incursion dans le monde du travail en tant que stagiaire en g\u00e9nie hydraulique chez Enbridge. Au sein de l&#8217;\u00e9quipe de conception de syst\u00e8mes qui fournit un support d&#8217;ing\u00e9nierie hydraulique pour les projets au sein de l&#8217;organisation, Jesugbenga a principalement travaill\u00e9 avec les membres de l&#8217;\u00e9quipe pour d\u00e9velopper un tableau de bord en ligne pour surveiller et analyser les donn\u00e9es des pipelines.<\/p>\n<p>Au cours de son stage, Jesugbenga s&#8217;est appuy\u00e9 et a appris de ses pairs. \u00ab Une chose qui m&#8217;a surpris dans mon exp\u00e9rience de stage, c&#8217;est tout ce que j&#8217;ai appris de mes coll\u00e8gues et mentors. Ils ont \u00e9t\u00e9 solidaires, comp\u00e9tents et serviables.<\/p>\n<p>Se connecter avec ses pairs, partager son travail et d\u00e9couvrir le travail des autres stagiaires lors des ateliers du Programme ELITE a \u00e9t\u00e9 un moment fort du programme pour Jesugbenga, qui a \u00e9galement appr\u00e9ci\u00e9 son temps dans la s\u00e9rie de conception entrepreneuriale, o\u00f9 il a acquis des comp\u00e9tences pratiques allant de la validation d&#8217;id\u00e9es en utilisant les commentaires des clients \u00e0 l&#8217;\u00e9laboration de mod\u00e8les d&#8217;entreprise \u00e0 l&#8217;aide de la m\u00e9thode toile \u00ab Lean \u00bb.<\/p>\n<p>En plus de poursuivre une carri\u00e8re de d\u00e9veloppeur de logiciels, Jesugbenga esp\u00e8re \u00e9galement jouer un jour un r\u00f4le de mentor dans la communaut\u00e9 afin d&#8217;inspirer d&#8217;autres jeunes int\u00e9ress\u00e9s \u00e0 poursuivre une carri\u00e8re dans les STIM.<\/p>\n<p>\u00ab Le Programme ELITE a \u00e9t\u00e9 l&#8217;une des meilleures exp\u00e9riences de ma vie. Cela m&#8217;a donn\u00e9 la chance de travailler sur un projet pertinent, d&#8217;apprendre aupr\u00e8s de mentors extraordinaires, de rencontrer des pairs et des anciens \u00e9l\u00e8ves inspirants et de d\u00e9couvrir de nouvelles opportunit\u00e9s. \u00bb<\/p>\n<p>L&#8217;avenir est prometteur pour Jesugbenga et nous avons h\u00e2te de voir o\u00f9 cela le m\u00e8nera.<\/p>\n\n","protected":false},"excerpt":{"rendered":"<p>Auteure : Adiki Puplampu Date : 15 D\u00e9cembre 2023 &nbsp; Jesugbenga Omoniwa est un \u00e9tudiant nig\u00e9rian en troisi\u00e8me ann\u00e9e d&#8217;informatique qui a de grands r\u00eaves. Passionn\u00e9 par la technologie, l&#8217;innovation et l&#8217;impact social, Jesugbenga aspire \u00e0 travailler en tant que d\u00e9veloppeur de logiciels dans une entreprise qui utilise la technologie pour le bien social. \u00ab [&hellip;]<\/p>\n","protected":false},"author":1,"featured_media":0,"parent":0,"menu_order":0,"comment_status":"closed","ping_status":"closed","template":"","meta":{"footnotes":""},"class_list":["post-580","page","type-page","status-publish","hentry"],"_links":{"self":[{"href":"https:\/\/www.eliteprogram.ca\/fr\/wp-json\/wp\/v2\/pages\/580","targetHints":{"allow":["GET"]}}],"collection":[{"href":"https:\/\/www.eliteprogram.ca\/fr\/wp-json\/wp\/v2\/pages"}],"about":[{"href":"https:\/\/www.eliteprogram.ca\/fr\/wp-json\/wp\/v2\/types\/page"}],"author":[{"embeddable":true,"href":"https:\/\/www.eliteprogram.ca\/fr\/wp-json\/wp\/v2\/users\/1"}],"replies":[{"embeddable":true,"href":"https:\/\/www.eliteprogram.ca\/fr\/wp-json\/wp\/v2\/comments?post=580"}],"version-history":[{"count":4,"href":"https:\/\/www.eliteprogram.ca\/fr\/wp-json\/wp\/v2\/pages\/580\/revisions"}],"predecessor-version":[{"id":594,"href":"https:\/\/www.eliteprogram.ca\/fr\/wp-json\/wp\/v2\/pages\/580\/revisions\/594"}],"wp:attachment":[{"href":"https:\/\/www.eliteprogram.ca\/fr\/wp-json\/wp\/v2\/media?parent=580"}],"curies":[{"name":"wp","href":"https:\/\/api.w.org\/{rel}","templated":true}]}}