{"id":582,"date":"2024-01-15T06:29:36","date_gmt":"2024-01-15T06:29:36","guid":{"rendered":"https:\/\/www.eliteprogram.ca\/fr\/?page_id=582"},"modified":"2024-03-15T08:38:13","modified_gmt":"2024-03-15T08:38:13","slug":"profil-dune-stagiaire-mofi-awoluyi","status":"publish","type":"page","link":"https:\/\/www.eliteprogram.ca\/fr\/profil-dune-stagiaire-mofi-awoluyi\/","title":{"rendered":"Profil d\u2019une stagiaire : Mofi Awoluyi"},"content":{"rendered":"\n\n\t\t\t\t<img loading=\"lazy\" decoding=\"async\" src=\"https:\/\/www.eliteprogram.ca\/fr\/wp-content\/uploads\/sites\/2\/2024\/01\/Mofi-Image.jpg\" alt=\"Mofi Image\" itemprop=\"image\" height=\"1255\" width=\"1170\" title=\"Mofi Image\" onerror=\"this.style.display='none'\"  \/>\n\t<p><strong>Auteure : <\/strong>Adiki Puplampu<\/p>\n<p><strong>Date : <\/strong>15 D\u00e9cembre 2023<\/p>\n<p>&nbsp;<\/p>\n<p>Stagiaire de retour du Programme ELITE, l&#8217;int\u00e9r\u00eat de Mofi Awoluyi pour la recherche a \u00e9t\u00e9 suscit\u00e9 au cours de sa premi\u00e8re ann\u00e9e en tant que stagiaire du programme. \u00c9tudiante en deuxi\u00e8me ann\u00e9e de pharmacologie, Mofi a pass\u00e9 sa premi\u00e8re ann\u00e9e dans le programme dans un stage en ing\u00e9nierie m\u00e9canique, effectuant un travail qui, bien qu&#8217;int\u00e9ressant, n&#8217;\u00e9tait pas dans son domaine d&#8217;int\u00e9r\u00eat. Mais cette pr\u00e9cieuse exp\u00e9rience d&#8217;apprentissage n&#8217;a fait que renforcer son envie d&#8217;explorer et de d\u00e9velopper des comp\u00e9tences dans son propre domaine.<\/p>\n<p>Lors de son stage cette ann\u00e9e, Mofi a travaill\u00e9 dans le laboratoire du <a href=\"https:\/\/apps.ualberta.ca\/directory\/person\/dsauvage\">Dr Dominic Sauvageau<\/a> dans le D\u00e9partement de g\u00e9nie chimique et des mat\u00e9riaux. Ses travaux \u00e9taient ax\u00e9s sur l&#8217;induction de phages chez les bact\u00e9ries m\u00e9thanotrophes dans le but de mieux comprendre la bact\u00e9rie et ses interactions avec l&#8217;environnement. Travaillant en grande partie de mani\u00e8re ind\u00e9pendante, Mofi a eu l&#8217;opportunit\u00e9 de guider son processus de recherche.<\/p>\n<p>\u00ab Avoir la libert\u00e9 de mener mes propres exp\u00e9riences, de r\u00e9soudre les probl\u00e8mes et de faire les choses comme je le souhaite, sans beaucoup de supervision, a \u00e9t\u00e9 vraiment excitant pour moi. \u00bb<\/p>\n<p>En regardant vers l&#8217;avenir, Mofi aimerait poursuivre une carri\u00e8re dans la recherche, en particulier dans la recherche en sciences de la sant\u00e9 qui aide les autres. Lorsqu&#8217;on lui a demand\u00e9 ce qu&#8217;elle dirait aux autres \u00e9tudiants envisageant de postuler au Programme ELITE, Mofi a r\u00e9pondu ceci :<\/p>\n<p>\u00ab Je voudrais simplement les encourager \u00e0 postuler en leur disant que cela aide vraiment \u00e0 \u00e9largir vos horizons et vous aide \u00e0 conserver une certaine comp\u00e9tence, \u00e0 rencontrer de nouvelles personnes et \u00e0 apprendre beaucoup de nouvelles choses passionnantes. \u00bb<\/p>\n\n","protected":false},"excerpt":{"rendered":"<p>Auteure : Adiki Puplampu Date : 15 D\u00e9cembre 2023 &nbsp; Stagiaire de retour du Programme ELITE, l&#8217;int\u00e9r\u00eat de Mofi Awoluyi pour la recherche a \u00e9t\u00e9 suscit\u00e9 au cours de sa premi\u00e8re ann\u00e9e en tant que stagiaire du programme. \u00c9tudiante en deuxi\u00e8me ann\u00e9e de pharmacologie, Mofi a pass\u00e9 sa premi\u00e8re ann\u00e9e dans le programme dans un [&hellip;]<\/p>\n","protected":false},"author":1,"featured_media":0,"parent":0,"menu_order":0,"comment_status":"closed","ping_status":"closed","template":"","meta":{"footnotes":""},"class_list":["post-582","page","type-page","status-publish","hentry"],"_links":{"self":[{"href":"https:\/\/www.eliteprogram.ca\/fr\/wp-json\/wp\/v2\/pages\/582","targetHints":{"allow":["GET"]}}],"collection":[{"href":"https:\/\/www.eliteprogram.ca\/fr\/wp-json\/wp\/v2\/pages"}],"about":[{"href":"https:\/\/www.eliteprogram.ca\/fr\/wp-json\/wp\/v2\/types\/page"}],"author":[{"embeddable":true,"href":"https:\/\/www.eliteprogram.ca\/fr\/wp-json\/wp\/v2\/users\/1"}],"replies":[{"embeddable":true,"href":"https:\/\/www.eliteprogram.ca\/fr\/wp-json\/wp\/v2\/comments?post=582"}],"version-history":[{"count":4,"href":"https:\/\/www.eliteprogram.ca\/fr\/wp-json\/wp\/v2\/pages\/582\/revisions"}],"predecessor-version":[{"id":595,"href":"https:\/\/www.eliteprogram.ca\/fr\/wp-json\/wp\/v2\/pages\/582\/revisions\/595"}],"wp:attachment":[{"href":"https:\/\/www.eliteprogram.ca\/fr\/wp-json\/wp\/v2\/media?parent=582"}],"curies":[{"name":"wp","href":"https:\/\/api.w.org\/{rel}","templated":true}]}}