{"id":6,"date":"2021-01-16T00:04:01","date_gmt":"2021-01-16T00:04:01","guid":{"rendered":"http:\/\/eliteprogram.ca\/fr\/?page_id=6"},"modified":"2023-09-29T20:12:46","modified_gmt":"2023-09-29T20:12:46","slug":"programme","status":"publish","type":"page","link":"https:\/\/www.eliteprogram.ca\/fr\/programme\/","title":{"rendered":"Programme"},"content":{"rendered":"\n\n\t<p>Le Programme d&#8217;apprentissage exp\u00e9rimental en innovation, technologie et entrepreneuriat (ELITE) pour la jeunesse noire a \u00e9t\u00e9 con\u00e7u pour permettre aux jeunes Noir-e-s de d\u00e9velopper des comp\u00e9tences pratiques qui seront facilement transf\u00e9rables dans des technologies r\u00e9volutionnaires, tels que la robotique, l&#8217;automatisation, la fabrication de pointe et l&#8217;ing\u00e9nierie tissulaire.<\/p>\n<p>Ceci est possible gr\u00e2ce au rassemblement d&#8217;enseignant-e-s, ing\u00e9nieur-e-s, scientifiques de l&#8217;Universit\u00e9 de l&#8217;Alberta, InnoTech Alberta, et partenaires de l&#8217;industrie pour faire de la formation int\u00e9gr\u00e9e pratique de vrais projets qui associent des \u00e9quipements appropri\u00e9s. Les stagiaires candidat-e-s seront jumel\u00e9-e-s \u00e0 des responsables de stage pour un stage \u00e0 temps plein ou \u00e0 temps-partiel pour une dur\u00e9e maximale de 8 ou 16 semaines. Tous les stagiaires participeront \u00e0 une formation de leadership et d&#8217;entrepreneuriat. Tous les stagiaires recevront du soutien et de l&#8217;encadrement interactif sur la r\u00e9silience et la gestion d&#8217;une carri\u00e8re professionnelle.<\/p>\n<p><img loading=\"lazy\" decoding=\"async\" src=\"https:\/\/www.eliteprogram.ca\/wp-content\/uploads\/2023\/09\/ELITE Program Presentation Pic.jpg\" width=\"818\" height=\"691\" \/><\/p>\n<p><strong>Pour en savoir plus du Programme ELITE, veuillez consulter nos depliants de renseignements.<\/strong><\/p>\n\t\t\t<a href=\"https:\/\/www.eliteprogram.ca\/fr\/wp-content\/uploads\/sites\/2\/2021\/11\/4-ElitePrograms_Interns_BrochureFR.pdf\" target=\"_blank\" rel=\"noopener\">\n\t\t\t\t\t\t\tBrochure pour les Stagiaires\n\t\t\t\t\t<\/a>\n\t\t\t<a href=\"https:\/\/www.eliteprogram.ca\/fr\/wp-content\/uploads\/sites\/2\/2021\/11\/2-ElitePrograms_Hosts_BrochureFR.pdf\" target=\"_blank\" rel=\"noopener\">\n\t\t\t\t\t\t\tBrochure pour les Responsables de Stages\n\t\t\t\t\t<\/a>\n\t<p><strong>En savoir plus sur certains de nos responsables de stages<\/strong><\/p>\n\t\t\t\t<a href=\"https:\/\/sites.ualberta.ca\/~jdhogan\/\" target=\"_blank\" rel=\"noopener\" itemprop=\"url\">\n\t\t\t\t<img loading=\"lazy\" decoding=\"async\" src=\"https:\/\/www.eliteprogram.ca\/fr\/wp-content\/uploads\/sites\/2\/2021\/07\/1-CDAM-Logo-Subtitle.png\" alt=\"1 - CDAM-Logo-Subtitle\" itemprop=\"image\" height=\"1000\" width=\"2000\" title=\"1 - CDAM-Logo-Subtitle\" onerror=\"this.style.display='none'\"  \/>\n\t\t\t\t<\/a>\n\t\t\t\t<a href=\"http:\/\/www.ncbl.ualberta.ca\" target=\"_blank\" rel=\"noopener\" itemprop=\"url\">\n\t\t\t\t<img loading=\"lazy\" decoding=\"async\" src=\"https:\/\/www.eliteprogram.ca\/fr\/wp-content\/uploads\/sites\/2\/2021\/07\/2-NCBL_Rouhani-Logo.png\" alt=\"2 - NCBL_Rouhani Logo\" itemprop=\"image\" height=\"785\" width=\"1933\" title=\"2 - NCBL_Rouhani Logo\" onerror=\"this.style.display='none'\"  \/>\n\t\t\t\t<\/a>\n\t\t\t\t<a href=\"http:\/\/www.ece.ualberta.ca\/~tbs\" target=\"_blank\" rel=\"noopener\" itemprop=\"url\">\n\t\t\t\t<img loading=\"lazy\" decoding=\"async\" src=\"https:\/\/www.eliteprogram.ca\/fr\/wp-content\/uploads\/sites\/2\/2021\/07\/3-Tavakoli_Robotic-Research.png\" alt=\"3 - Tavakoli_Robotic Research\" itemprop=\"image\" height=\"447\" width=\"1024\" title=\"3 - Tavakoli_Robotic Research\" onerror=\"this.style.display='none'\"  \/>\n\t\t\t\t<\/a>\n\t\t\t\t<a href=\"http:\/\/www.ualberta.ca\/~andre2\/\" target=\"_blank\" rel=\"noopener\" itemprop=\"url\">\n\t\t\t\t<img loading=\"lazy\" decoding=\"async\" src=\"https:\/\/www.eliteprogram.ca\/fr\/wp-content\/uploads\/sites\/2\/2021\/07\/3-AHTSTLAB-Logo.jpg\" alt=\"3 - AHTSTLAB Logo\" itemprop=\"image\" height=\"442\" width=\"679\" title=\"3 - AHTSTLAB Logo\" onerror=\"this.style.display='none'\"  \/>\n\t\t\t\t<\/a>\n\t\t\t\t<a href=\"https:\/\/stantec.jobs\/\" target=\"_blank\" rel=\"noopener\" itemprop=\"url\">\n\t\t\t\t<img loading=\"lazy\" decoding=\"async\" src=\"https:\/\/www.eliteprogram.ca\/fr\/wp-content\/uploads\/sites\/2\/2021\/07\/5-Stantec_blk_pos_rgb_300.png\" alt=\"5 - Stantec_blk_pos_rgb_300\" itemprop=\"image\" height=\"414\" width=\"1558\" title=\"5 - Stantec_blk_pos_rgb_300\" onerror=\"this.style.display='none'\"  \/>\n\t\t\t\t<\/a>\n\t\t\t\t<a href=\"http:\/\/www.tokennaturals.com\" target=\"_blank\" rel=\"noopener\" itemprop=\"url\">\n\t\t\t\t<img loading=\"lazy\" decoding=\"async\" src=\"https:\/\/www.eliteprogram.ca\/fr\/wp-content\/uploads\/sites\/2\/2021\/07\/6-Token_Logo.png\" alt=\"6 - Token_Logo\" itemprop=\"image\" height=\"522\" width=\"1910\" title=\"6 - Token_Logo\" onerror=\"this.style.display='none'\"  \/>\n\t\t\t\t<\/a>\n\t\t\t\t<a href=\"https:\/\/www.enbridge.com\/\" target=\"_blank\" rel=\"noopener\" itemprop=\"url\">\n\t\t\t\t<img loading=\"lazy\" decoding=\"async\" src=\"https:\/\/www.eliteprogram.ca\/fr\/wp-content\/uploads\/sites\/2\/2021\/07\/7-enbridg-logo.png\" alt=\"7-enbridg-logo\" itemprop=\"image\" height=\"122\" width=\"414\" title=\"7-enbridg-logo\" onerror=\"this.style.display='none'\"  \/>\n\t\t\t\t<\/a>\n\n","protected":false},"excerpt":{"rendered":"<p>Le Programme d&#8217;apprentissage exp\u00e9rimental en innovation, technologie et entrepreneuriat (ELITE) pour la jeunesse noire a \u00e9t\u00e9 con\u00e7u pour permettre aux jeunes Noir-e-s de d\u00e9velopper des comp\u00e9tences pratiques qui seront facilement transf\u00e9rables dans des technologies r\u00e9volutionnaires, tels que la robotique, l&#8217;automatisation, la fabrication de pointe et l&#8217;ing\u00e9nierie tissulaire. Ceci est possible gr\u00e2ce au rassemblement d&#8217;enseignant-e-s, ing\u00e9nieur-e-s, [&hellip;]<\/p>\n","protected":false},"author":1,"featured_media":0,"parent":0,"menu_order":0,"comment_status":"closed","ping_status":"closed","template":"","meta":{"footnotes":""},"class_list":["post-6","page","type-page","status-publish","hentry"],"_links":{"self":[{"href":"https:\/\/www.eliteprogram.ca\/fr\/wp-json\/wp\/v2\/pages\/6","targetHints":{"allow":["GET"]}}],"collection":[{"href":"https:\/\/www.eliteprogram.ca\/fr\/wp-json\/wp\/v2\/pages"}],"about":[{"href":"https:\/\/www.eliteprogram.ca\/fr\/wp-json\/wp\/v2\/types\/page"}],"author":[{"embeddable":true,"href":"https:\/\/www.eliteprogram.ca\/fr\/wp-json\/wp\/v2\/users\/1"}],"replies":[{"embeddable":true,"href":"https:\/\/www.eliteprogram.ca\/fr\/wp-json\/wp\/v2\/comments?post=6"}],"version-history":[{"count":11,"href":"https:\/\/www.eliteprogram.ca\/fr\/wp-json\/wp\/v2\/pages\/6\/revisions"}],"predecessor-version":[{"id":539,"href":"https:\/\/www.eliteprogram.ca\/fr\/wp-json\/wp\/v2\/pages\/6\/revisions\/539"}],"wp:attachment":[{"href":"https:\/\/www.eliteprogram.ca\/fr\/wp-json\/wp\/v2\/media?parent=6"}],"curies":[{"name":"wp","href":"https:\/\/api.w.org\/{rel}","templated":true}]}}