{"id":609,"date":"2024-03-15T08:24:43","date_gmt":"2024-03-15T08:24:43","guid":{"rendered":"https:\/\/www.eliteprogram.ca\/fr\/?page_id=609"},"modified":"2024-03-15T08:37:45","modified_gmt":"2024-03-15T08:37:45","slug":"les-freres-et-soeurs-du-programme-elite","status":"publish","type":"page","link":"https:\/\/www.eliteprogram.ca\/fr\/les-freres-et-soeurs-du-programme-elite\/","title":{"rendered":"Les fr\u00e8res et soeurs du Programme ELITE"},"content":{"rendered":"\n\n\t<p><strong>Auteure : <\/strong>Adiki Puplampu<\/p>\n<p><strong>Date : <\/strong>15 Mars 2024<\/p>\n<p>&nbsp;<\/p>\n<p>Depuis les d\u00e9buts du Programme ELITE, l&#8217;int\u00e9r\u00eat pour le programme a \u00e9t\u00e9 aliment\u00e9 par le pouvoir du bouche \u00e0 oreille. Que ce soit les ancien.ne.s du programme qui en parlent \u00e0 leurs ami.e.s et \u00e0 leur famille, ou les professeur.e.s et les professionnel.le.s qui en parlent \u00e0 leurs \u00e9tudiant.e.s et \u00e0 leurs mentor\u00e9.e.s, la croissance du Programme ELITE a \u00e9t\u00e9 aliment\u00e9e par le pouvoir de la communaut\u00e9. Il n&#8217;y a pas de communaut\u00e9 plus proche que la famille et nous l&#8217;avons clairement constat\u00e9 dans la cohorte de stagiaires 2023.<\/p>\n<p>Un examen plus approfondi des donn\u00e9es d\u00e9mographiques de la cohorte a fait appara\u00eetre un ph\u00e9nom\u00e8ne int\u00e9ressant. Des fr\u00e8res et s\u0153urs. Beaucoup de fr\u00e8res et s\u0153urs. En tout, la cohorte 2023 comptait au moins six paires de fr\u00e8res et s\u0153urs. Qu&#8217;il s&#8217;agisse d&#8217;ancien.ne.s ou de nouvel.le.s stagiaires, les stagiaires fr\u00e8res-soeurs repr\u00e9sentaient une grande vari\u00e9t\u00e9 de milieux et d&#8217;exp\u00e9riences.<\/p>\n<p>Nous avons eu la chance de nous entretenir avec quelques paires de fr\u00e8res et s\u0153urs et d&#8217;entendre \u00e0 propos de leur exp\u00e9rience unique du Programme ELITE. D&#8217;un fr\u00e8re et d&#8217;une s\u0153ur poursuivant tous deux des dipl\u00f4mes en neuroscience \u00e0 des fr\u00e8res explorant des carri\u00e8res en ing\u00e9nierie, un large \u00e9ventail d&#8217;histoires ont \u00e9merg\u00e9 de ce groupe. Mais une chose que tous les fr\u00e8res et s\u0153urs avaient en commun \u00e9tait la gratitude pour le temps qu&#8217;ils\/elles ont pass\u00e9 dans le cadre du Programme ELITE et pour leur d\u00e9veloppement professionnel.<\/p>\n<p><img loading=\"lazy\" decoding=\"async\" src=\"https:\/\/www.eliteprogram.ca\/fr\/wp-content\/uploads\/sites\/2\/2024\/03\/2-420x420.jpg\" alt=\"\" width=\"420\" height=\"420\" \/><\/p>\n<p>Wisdom et Gloria Sanouvi-Awoga sont des v\u00e9t\u00e9rans du Programme ELITE. Le fr\u00e8re a\u00een\u00e9, Wisdom, a d&#8217;abord particip\u00e9 au programme apr\u00e8s avoir \u00e9t\u00e9 encourag\u00e9 \u00e0 postuler par le directeur de son \u00e9cole secondaire. Apr\u00e8s son premier \u00e9t\u00e9 dans le cadre du programme, Wisdom a encourag\u00e9 sa s\u0153ur, une \u00e9tudiante du secondaire, \u00e0 postuler l&#8217;\u00e9t\u00e9 suivant.<\/p>\n<p>Pour Wisdom, qui est maintenant en deuxi\u00e8me ann\u00e9e de neurosciences, le Programme ELITE a \u00e9t\u00e9 une exp\u00e9rience transformatrice. Bien qu&#8217;il ait commenc\u00e9 son programme de neurosciences en s&#8217;int\u00e9ressant \u00e0 la chirurgie, son premier stage lui a fait d\u00e9couvrir le monde des sciences de la r\u00e9adaptation, un monde dans lequel il esp\u00e8re b\u00e2tir une carri\u00e8re.<\/p>\n<p>\u00ab Je pense que cet \u00e9t\u00e9 a vraiment renforc\u00e9 mon int\u00e9r\u00eat pour la recherche parce qu&#8217;il m&#8217;en a montr\u00e9 un aspect diff\u00e9rent, celui des essais et des erreurs, et qu&#8217;il m&#8217;a vraiment habitu\u00e9 \u00e0 consid\u00e9rer l&#8217;\u00e9chec comme un moyen d&#8217;apprendre. \u00bb<\/p>\n<p>Bien que Gloria, aujourd&#8217;hui \u00e9l\u00e8ve de 12e ann\u00e9e, s&#8217;int\u00e9resse \u00e9galement aux neurosciences, ses centres d&#8217;int\u00e9r\u00eat diff\u00e8rent un peu de ceux de son fr\u00e8re.<\/p>\n<p>\u00ab Je m&#8217;int\u00e9resse davantage aux maladies d\u00e9g\u00e9n\u00e9ratives ou neurologiques. J&#8217;ai toujours \u00e9t\u00e9 passionn\u00e9e par les personnes dont le cerveau change ou est diff\u00e9rent. J&#8217;ai donc toujours voulu mieux comprendre et aider les personnes atteintes de maladies neurod\u00e9g\u00e9n\u00e9ratives. C&#8217;est une \u00e9preuve difficile que de se battre contre son propre cerveau. \u00bb<\/p>\n<p>L&#8217;\u00e9t\u00e9 dernier, Gloria et Wisdom faisaient partie du grand nombre d&#8217;\u00e9tudiant.e.s en stage au <a href=\"https:\/\/www.ualberta.ca\/rehabilitation\/research\/rehabilitation-robotics\/index.html\">Laboratoire de robotique de r\u00e9habilitation<\/a>, travaillant chacun.e sur une phase diff\u00e9rente d&#8217;un projet de validation. Ayant tous les deux travaill\u00e9 dans ce laboratoire auparavant, cet \u00e9t\u00e9 a \u00e9t\u00e9 l&#8217;occasion pour ce fr\u00e8re et cette s\u0153ur de se plonger dans des projets familiers et de faire preuve d&#8217;une\u00a0 plus grande ind\u00e9pendance dans le laboratoire.<\/p>\n<p>Les deux sont sorti.e.s de cet \u00e9t\u00e9 avec d&#8217;importantes r\u00e9alisations. Pour Wisdom, qui a continu\u00e9 \u00e0 travailler au laboratoire pendant le semestre d&#8217;automne, il s&#8217;agissait de l&#8217;acceptation d&#8217;un abstrait \u00e0 la conf\u00e9rence annuelle d&#8217;ing\u00e9nierie biom\u00e9dicale. Pour Gloria, c&#8217;est d&#8217;avoir pu \u00e9tablir les bases et la proc\u00e9dure d&#8217;un projet de recherche.<\/p>\n<p>\u00ab J&#8217;ai \u00e9t\u00e9 fi\u00e8re de mon travail en voyant qu&#8217;il \u00e9tait utile et que les gens utiliseront cette proc\u00e9dure op\u00e9rationnelle standard pour poursuivre les tests \u00e0 l&#8217;avenir. \u00bb<\/p>\n<p>Pour Gloria, faire un stage dans le m\u00eame laboratoire que son fr\u00e8re \u00e9tait un exercice d&#8217;ind\u00e9pendance et de renforcement de la confiance en soi. M\u00eame si leurs travaux \u00e9taient li\u00e9s, les distinctions dans leurs projets ont aid\u00e9 Gloria \u00e0 construire sa propre identit\u00e9 dans l&#8217;environnement du laboratoire.<\/p>\n<p>\u00ab Cela m&#8217;a vraiment aid\u00e9 d&#8217;avoir mon fr\u00e8re qui m&#8217;expliquait les choses d&#8217;une mani\u00e8re qu&#8217;il savait que je comprendrais. Mais pas au point de suivre son ombre \u00e0 tout moment. C&#8217;\u00e9tait vraiment formidable d&#8217;avoir cette ind\u00e9pendance.\u00bb<\/p>\n<p>Dans le m\u00eame temps, Wisdom a pu voir sa s\u0153ur \u00e9voluer dans le laboratoire et trouver son \u00e9quilibre entre ses devoirs de grand fr\u00e8re et ses devoirs de compagnon de laboratoire.<\/p>\n<p>\u00ab M\u00eame depuis l&#8217;ann\u00e9e derni\u00e8re, j&#8217;ai pu constater qu&#8217;elle s&#8217;\u00e9tait \u00e9panouie. J&#8217;ai essay\u00e9 de ne pas trop la surveiller. Je ne veux pas la mettre dans cette position ou donner l&#8217;impression de jouer au grand fr\u00e8re. \u00bb<\/p>\n<p>En regardant vers l&#8217;avenir, Wisdom esp\u00e8re faire passer ses exp\u00e9riences de recherche \u00e0 un niveau sup\u00e9rieur et explorer la relation entre le cerveau et les proth\u00e8ses, tandis que Gloria esp\u00e8re devenir une neuropsychologue clinicienne s&#8217;impliquant \u00e0 la fois dans la recherche et dans les patient.e.s.<\/p>\n<p><img loading=\"lazy\" decoding=\"async\" src=\"https:\/\/www.eliteprogram.ca\/fr\/wp-content\/uploads\/sites\/2\/2024\/03\/3-420x420.jpg\" alt=\"\" width=\"420\" height=\"420\" \/><\/p>\n<p>Peter Menghesha, <a href=\"https:\/\/www.ualberta.ca\/folio\/2023\/09\/schulich-leaders-aim-to-harness-technology-to-solve-problems-and-improve-lives.html\">leader Schulich 2023<\/a>, s&#8217;est int\u00e9ress\u00e9 au Programme ELITE apr\u00e8s avoir entendu les exp\u00e9riences quotidiennes de son fr\u00e8re a\u00een\u00e9 dans le cadre du programme.<\/p>\n<p>\u00ab Un jour, il travaillait sur le terrain, et le lendemain, il participait \u00e0 la s\u00e9rie d&#8217;activit\u00e9s sur l&#8217;entrepreneuriat ! \u00bb<\/p>\n<p>Son fr\u00e8re Daniel, \u00e9tudiant en troisi\u00e8me ann\u00e9e en g\u00e9nie m\u00e9canique, a particip\u00e9 pour la premi\u00e8re fois au Programme ELITE en tant qu&#8217;\u00e9l\u00e8ve de 12e ann\u00e9e. Approchant maintenant la fin de son dipl\u00f4me, Daniel a pass\u00e9 l&#8217;\u00e9t\u00e9 2023 en stage au <a href=\"https:\/\/sites.google.com\/view\/ehsan-hashemi-uwaterloo\">Laboratoire d&#8217;optimisation, de diagnostic et d&#8217;estimation en r\u00e9seau<\/a> de l&#8217;Universit\u00e9 de l&#8217;Alberta, o\u00f9 il a continu\u00e9 \u00e0 travailler au semestre d&#8217;automne tandis que Peter travaillait comme assistant de recherche au sein du <a href=\"https:\/\/sites.ualberta.ca\/~andre2\/\">Laboratoire de technologies avanc\u00e9es de transfert de chaleur et de surfaces<\/a>.<\/p>\n<p>Comme Wisdom et Gloria, les fr\u00e8res Menghesha sont des stagiaires exp\u00e9riment\u00e9s avec de grands r\u00eaves. Dans 10 ans, Peter se voit diriger une startup en g\u00e9nie m\u00e9canique, tandis que Daniel envisage une carri\u00e8re dans la robotique ou dans l&#8217;industrie automobile.<\/p>\n<p><img loading=\"lazy\" decoding=\"async\" src=\"https:\/\/www.eliteprogram.ca\/fr\/wp-content\/uploads\/sites\/2\/2024\/03\/1-420x420.jpg\" alt=\"\" width=\"420\" height=\"420\" \/><\/p>\n<p>De l&#8217;autre c\u00f4t\u00e9 de l&#8217;exp\u00e9rience du Programme ELITE se trouvent Ezra et Eyasu Dese, deux stagiaires qui participaient au programme pour la premi\u00e8re fois. Pr\u00e9sent\u00e9s au programme par Peter et Daniel, Ezra et Eyasu ont pass\u00e9 l&#8217;\u00e9t\u00e9 dernier \u00e0 travailler respectivement au laboratoire Sameoto et au Laboratoire de robotique de r\u00e9habilitation.<\/p>\n<p>Les fr\u00e8res ont souhait\u00e9 poursuivre des \u00e9tudes d&#8217;ing\u00e9nierie depuis qu&#8217;ils sont enfants, Ezra est actuellement \u00e9tudiant en quatri\u00e8me ann\u00e9e en g\u00e9nie m\u00e9canique et Eyasu, \u00e9tudiant en premi\u00e8re ann\u00e9e, envisage de se sp\u00e9cialiser en g\u00e9nie \u00e9lectrique.<\/p>\n<p>\u00ab Notre p\u00e8re est ing\u00e9nieur. C&#8217;est donc inspirant d&#8217;\u00eatre ing\u00e9nieur et \u00e0 la fois de suivre notre propre chemin \u00bb, dit Ezra.<\/p>\n<p>En dehors de leurs r\u00e9alisations personnelles en tant que stagiaires, qu&#8217;il s&#8217;agisse des r\u00e9sultats positifs des exp\u00e9riences ou de la mise au point de syst\u00e8mes d&#8217;exploitation standard, les fr\u00e8res ont eu l&#8217;occasion d&#8217;\u00eatre t\u00e9moins de leurs r\u00e9alisations mutuelles.<\/p>\n<p>\u00ab Il [Eyasu] \u00e9tait au secondaire \u00e0 l&#8217;\u00e9poque, donc le voir impliqu\u00e9 dans la recherche et le monde universitaire \u00e9tait vraiment quelque chose de sp\u00e9cial \u00bb, d\u00e9clare Ezra.<\/p>\n<p>Pour Eyasu, voir l&#8217;\u00e9thique de travail de son fr\u00e8re se traduire par des prix, notamment le Prix de recherche du doyen, a \u00e9t\u00e9 particuli\u00e8rement marquant.<\/p>\n<p>\u00ab [Ezra et] son d\u00e9vouement, son travail acharn\u00e9, son amour pour le domaine, il fait quelque chose qu&#8217;il aime et il est reconnu [pour cela] \u00bb.<\/p>\n<p><img loading=\"lazy\" decoding=\"async\" src=\"https:\/\/www.eliteprogram.ca\/fr\/wp-content\/uploads\/sites\/2\/2024\/03\/4-420x420.jpg\" alt=\"\" width=\"420\" height=\"420\" \/><\/p>\n<p>Contrairement \u00e0 d&#8217;autres paires de fr\u00e8res et s\u0153urs de la cohorte, les s\u0153urs Tayla et Zahra Hamilton poursuivent des carri\u00e8res tr\u00e8s diff\u00e9rentes. Zahra, une ancienne participante du Programme ELITE, fait un baccalaur\u00e9at en informatique, tandis que Tayla, stagiaire pour la premi\u00e8re fois, fait un baccalaur\u00e9at en commerce et marketing. Malgr\u00e9 leurs int\u00e9r\u00eats divergents, les deux s\u0153urs se soutiennent mutuellement. C&#8217;est Zahra qui a encourag\u00e9 sa s\u0153ur \u00e0 poser sa candidature apr\u00e8s avoir pass\u00e9 un \u00e9t\u00e9 \u00e0 travailler au <a href=\"https:\/\/www.ncbl.ualberta.ca\">Laboratoire de contr\u00f4le neuromusculaire et de biom\u00e9canique<\/a> de l&#8217;Universit\u00e9 d&#8217;Alberta. Ce stage a \u00e9veill\u00e9 son int\u00e9r\u00eat pour la technologie de la r\u00e9habilitation et elle savait que sa s\u0153ur b\u00e9n\u00e9ficierait \u00e9galement d&#8217;un \u00e9t\u00e9 dans le cadre du Programme ELITE.<\/p>\n<p>Apr\u00e8s avoir \u00e9t\u00e9 accept\u00e9e, Tayla a \u00e9t\u00e9 jumel\u00e9e avec <a href=\"https:\/\/www.clavisstudio.com\/\">Clavis Studio<\/a> et embauch\u00e9e pour travailler en tant que concepteur UX\/UI.<\/p>\n<p>\u00ab Mon r\u00f4le consistait \u00e0 \u00e9tudier les interactions avec les utilisateurs, \u00e0 planifier et \u00e0 d\u00e9velopper des strat\u00e9gies de conception, ainsi qu&#8217;\u00e0 travailler en \u00e9troite collaboration avec mon \u00e9quipe pour comprendre les objectifs de l&#8217;entreprise. \u00bb<\/p>\n<p>De l&#8217;autre c\u00f4t\u00e9 du spectre disciplinaire, Zahra a pass\u00e9 l&#8217;\u00e9t\u00e9 en stage au laboratoire <a href=\"https:\/\/blinclab.ca\/\">Bionic Limbs for Improved Natural Control<\/a> (BLINC) de l&#8217;Universit\u00e9 de l&#8217;Alberta.<\/p>\n<p>\u00ab Au cours de ce stage, j&#8217;ai pu non seulement apprendre de nouveaux langages de programmation, mais aussi acqu\u00e9rir des connaissances pr\u00e9cieuses sur la mani\u00e8re dont la technologie peut \u00eatre utilis\u00e9e au profit du secteur de la r\u00e9adaptation. \u00bb<\/p>\n<p>Pour les deux s\u0153urs, un stage au sein du Programme ELITE en m\u00eame temps leur a donn\u00e9 l&#8217;occasion de se voir lutter et surmonter les d\u00e9fis li\u00e9s \u00e0 l&#8217;apprentissage de logiciels et de langages de programmation difficiles.<\/p>\n<p>Interrog\u00e9.e.s sur l&#8217;importance du Programme ELITE pour les \u00e9tudiant.e.s noir.e.s aspirant \u00e0 une carri\u00e8re dans les STIM, les fr\u00e8res et s\u0153urs ont convenu que le Programme ELITE offre une opportunit\u00e9 inestimable aux \u00e9tudiant.e.s.<\/p>\n<p>Selon Ezra Dese, \u00ab donner des opportunit\u00e9s aux \u00e9tudiant.e.s de diverses communaut\u00e9s de se pencher sur le domaine universitaire est vraiment important et \u00e9largit notre diversit\u00e9. \u00bb<\/p>\n<p>La cohorte 2023 de stagiaires du Programme ELITE \u00e9tait la plus nombreuse et la plus diversifi\u00e9e \u00e0 ce jour. La pr\u00e9sence d&#8217;autant de relations familiales dans la cohorte illustre le pouvoir de la communaut\u00e9, du potentiel \u00e9vident de long\u00e9vit\u00e9 du programme et de l&#8217;importance du renforcement des capacit\u00e9s entre les g\u00e9n\u00e9rations.<\/p>\n<p>\u00ab La durabilit\u00e9 du Programme ELITE est illustr\u00e9e par le retour d&#8217;\u00e9tudiant.e.s comme moi pour un deuxi\u00e8me stage, et par le fait que mon fr\u00e8re a ensuite rejoint le programme en 2022. Cela t\u00e9moigne de l&#8217;excellence de l&#8217;\u00e9quipe et de la planification effectu\u00e9e au sein du Programme ELITE, \u00bb dit Daniel Menghesha.<\/p>\n<p>Nous sommes tr\u00e8s ravi.e.s de voir nos fr\u00e8res et s\u0153urs et des ami.e.s apprendre et grandir ensemble et nous nous r\u00e9jouissons d&#8217;accueillir une autre incroyable cohorte d&#8217;\u00e9tudiant.e.s en 2024.<\/p>\n<p>Pour en savoir plus sur notre cohorte de stages 2023, lisez notre rapport d&#8217;impact sur notre page <a href=\"https:\/\/www.eliteprogram.ca\/giving-and-donors\/\">Dons et donateurs<\/a>.<\/p>\n<p><img loading=\"lazy\" decoding=\"async\" src=\"https:\/\/www.eliteprogram.ca\/fr\/wp-content\/uploads\/sites\/2\/2024\/03\/5.jpg\" alt=\"\" width=\"1080\" height=\"1080\" \/><\/p>\n\n","protected":false},"excerpt":{"rendered":"<p>Auteure : Adiki Puplampu Date : 15 Mars 2024 &nbsp; Depuis les d\u00e9buts du Programme ELITE, l&#8217;int\u00e9r\u00eat pour le programme a \u00e9t\u00e9 aliment\u00e9 par le pouvoir du bouche \u00e0 oreille. Que ce soit les ancien.ne.s du programme qui en parlent \u00e0 leurs ami.e.s et \u00e0 leur famille, ou les professeur.e.s et les professionnel.le.s qui en [&hellip;]<\/p>\n","protected":false},"author":1,"featured_media":0,"parent":0,"menu_order":0,"comment_status":"closed","ping_status":"closed","template":"","meta":{"footnotes":""},"class_list":["post-609","page","type-page","status-publish","hentry"],"_links":{"self":[{"href":"https:\/\/www.eliteprogram.ca\/fr\/wp-json\/wp\/v2\/pages\/609","targetHints":{"allow":["GET"]}}],"collection":[{"href":"https:\/\/www.eliteprogram.ca\/fr\/wp-json\/wp\/v2\/pages"}],"about":[{"href":"https:\/\/www.eliteprogram.ca\/fr\/wp-json\/wp\/v2\/types\/page"}],"author":[{"embeddable":true,"href":"https:\/\/www.eliteprogram.ca\/fr\/wp-json\/wp\/v2\/users\/1"}],"replies":[{"embeddable":true,"href":"https:\/\/www.eliteprogram.ca\/fr\/wp-json\/wp\/v2\/comments?post=609"}],"version-history":[{"count":2,"href":"https:\/\/www.eliteprogram.ca\/fr\/wp-json\/wp\/v2\/pages\/609\/revisions"}],"predecessor-version":[{"id":611,"href":"https:\/\/www.eliteprogram.ca\/fr\/wp-json\/wp\/v2\/pages\/609\/revisions\/611"}],"wp:attachment":[{"href":"https:\/\/www.eliteprogram.ca\/fr\/wp-json\/wp\/v2\/media?parent=609"}],"curies":[{"name":"wp","href":"https:\/\/api.w.org\/{rel}","templated":true}]}}