{"id":618,"date":"2024-05-13T23:44:38","date_gmt":"2024-05-13T23:44:38","guid":{"rendered":"https:\/\/www.eliteprogram.ca\/fr\/?page_id=618"},"modified":"2025-03-14T07:59:34","modified_gmt":"2025-03-14T07:59:34","slug":"des-stagiaires-du-programme-elite-remportent-des-bourses-rbc","status":"publish","type":"page","link":"https:\/\/www.eliteprogram.ca\/fr\/des-stagiaires-du-programme-elite-remportent-des-bourses-rbc\/","title":{"rendered":"Des stagiaires du Programme ELITE remportent des bourses RBC"},"content":{"rendered":"\n\n\t<p><strong>Auteure : <\/strong>Adiki Puplampu<\/p>\n<p><strong>Date : <\/strong>10 Avril 2024<\/p>\n<p>Pour la troisi\u00e8me ann\u00e9e cons\u00e9cutive, les stagiaires du Programme ELITE ont particip\u00e9 avec succ\u00e8s au concours des bourses RBC Objectif avenir pour la jeunesse noire. Cette ann\u00e9e, trois stagiaires du Programme ELITE ont re\u00e7u ce prix qui offre un financement annuel de 10 000 $ aux \u00e9tudiants. Les laur\u00e9ats b\u00e9n\u00e9ficient \u00e9galement d&#8217;opportunit\u00e9s de mentorat, d&#8217;enrichissement acad\u00e9mique et de r\u00e9seautage. Ci-dessous, les laur\u00e9ats de cette ann\u00e9e expliquent ce que cela repr\u00e9sente pour eux l&#8217;obtention de cette bourse importante.<\/p>\n<p><img loading=\"lazy\" decoding=\"async\" src=\"https:\/\/www.eliteprogram.ca\/fr\/wp-content\/uploads\/sites\/2\/2024\/05\/Leah-Isaac-300x300.jpg\" alt=\"\" width=\"300\" height=\"300\" \/><\/p>\n<p><strong>Leah Isaac <\/strong><\/p>\n<p>\u00ab Recevoir la bourse RBC Objectif avenir \u00e9largit consid\u00e9rablement ma capacit\u00e9 et mon d\u00e9sir de contribuer \u00e0 la recherche biom\u00e9dicale. En explorant ma fascination pour les sciences de la vie, j&#8217;ai d\u00e9couvert que la recherche en sciences biologiques est l&#8217;une des rares professions qui me permettrait de cr\u00e9er, de repenser et d&#8217;apprendre d&#8217;une mani\u00e8re unique \u00e0 chaque fois que je l&#8217;aborde. Au fil du temps, j&#8217;ai consolid\u00e9 mon d\u00e9sir de poursuivre une ma\u00eetrise et un doctorat dans le domaine de la biologie mol\u00e9culaire et de la g\u00e9n\u00e9tique, et d&#8217;explorer par la suite la recherche postdoctorale dans le milieu universitaire. Recevoir cette bourse me permet en fin de compte de m&#8217;immerger pleinement dans mon parcours acad\u00e9mique et de viser encore plus loin l&#8217;excellence dans ce domaine transformateur. \u00bb<\/p>\n<p>Leah en a expliqu\u00e9 plus sur l&#8217;obtention de cette bourse dans une <a href=\"https:\/\/www.cbc.ca\/listen\/live-radio\/1-52-radio-active\">entrevue avec CBC Radio Active<\/a>.<\/p>\n<p><img loading=\"lazy\" decoding=\"async\" src=\"https:\/\/www.eliteprogram.ca\/fr\/wp-content\/uploads\/sites\/2\/2024\/05\/Gloria-Awoga-300x300.png\" alt=\"\" width=\"300\" height=\"300\" \/><\/p>\n<p><strong>Gloria Sanouvi-Awoga <\/strong><\/p>\n<p>\u00ab Ces quatre ann\u00e9es seront la pierre angulaire de la carri\u00e8re que j&#8217;envisage pour moi-m\u00eame. La r\u00e9habilitation neuropsychologique est un domaine tr\u00e8s nouveau et peu de personnes se sp\u00e9cialisent dans la r\u00e9habilitation chirurgicale des l\u00e9sions c\u00e9r\u00e9brales, de sorte que ce domaine est encore tr\u00e8s r\u00e9cent et peu d\u00e9velopp\u00e9. Gr\u00e2ce \u00e0 des mentors et \u00e0 un r\u00e9seau de personnes partageant les m\u00eames id\u00e9es, je recevrai des conseils qui m&#8217;aideront \u00e0 suivre le bon chemin. Gr\u00e2ce \u00e0 cette bourse, mes \u00e9tudes postsecondaires seront plus cibl\u00e9es, ce qui m&#8217;aidera \u00e0 progresser dans mes objectifs de carri\u00e8re au cours de mes \u00e9tudes sup\u00e9rieures. Elle r\u00e9duira \u00e9galement le stress que je ressens en \u00e9liminant une grande partie du poids financier de mes \u00e9paules, me permettant ainsi de me concentrer davantage sur mes \u00e9tudes. \u00bb<\/p>\n<p><img loading=\"lazy\" decoding=\"async\" src=\"https:\/\/www.eliteprogram.ca\/fr\/wp-content\/uploads\/sites\/2\/2024\/05\/Hamidat-Bello--300x300.png\" alt=\"\" width=\"300\" height=\"300\" \/><\/p>\n<p><strong>Hamidat Bello <\/strong><\/p>\n<p>\u00ab Recevoir la bourse d&#8217;\u00e9tudes RBC Objectif avenir est une validation de mon engagement \u00e0 utiliser la technologie comme force de changement positif. C&#8217;est l&#8217;affirmation que la voie que j&#8217;ai choisie &#8211; int\u00e9grer mon amour pour l&#8217;informatique \u00e0 ma volont\u00e9 de cr\u00e9er un monde technologique plus inclusif et plus accessible &#8211; est non seulement viable mais valoris\u00e9e. Ceci signifie que l&#8217;on croit en mon potentiel \u00e0 contribuer de mani\u00e8re significative \u00e0 la technologie et \u00e0 la soci\u00e9t\u00e9, ce qui me motive \u00e0 repousser les limites de ce qui est possible en cr\u00e9ant des solutions technologiques \u00e9quitables, tout en m&#8217;inspirant \u00e0 poursuivre mon chemin, sachant que mes efforts pour combler les \u00e9carts et renforcer les voix sous-repr\u00e9sent\u00e9es dans les STIM sont reconnus et soutenus. \u00bb<\/p>\n\n","protected":false},"excerpt":{"rendered":"<p>Auteure : Adiki Puplampu Date : 10 Avril 2024 Pour la troisi\u00e8me ann\u00e9e cons\u00e9cutive, les stagiaires du Programme ELITE ont particip\u00e9 avec succ\u00e8s au concours des bourses RBC Objectif avenir pour la jeunesse noire. Cette ann\u00e9e, trois stagiaires du Programme ELITE ont re\u00e7u ce prix qui offre un financement annuel de 10 000 $ aux [&hellip;]<\/p>\n","protected":false},"author":1,"featured_media":0,"parent":0,"menu_order":0,"comment_status":"closed","ping_status":"closed","template":"","meta":{"footnotes":""},"class_list":["post-618","page","type-page","status-publish","hentry"],"_links":{"self":[{"href":"https:\/\/www.eliteprogram.ca\/fr\/wp-json\/wp\/v2\/pages\/618","targetHints":{"allow":["GET"]}}],"collection":[{"href":"https:\/\/www.eliteprogram.ca\/fr\/wp-json\/wp\/v2\/pages"}],"about":[{"href":"https:\/\/www.eliteprogram.ca\/fr\/wp-json\/wp\/v2\/types\/page"}],"author":[{"embeddable":true,"href":"https:\/\/www.eliteprogram.ca\/fr\/wp-json\/wp\/v2\/users\/1"}],"replies":[{"embeddable":true,"href":"https:\/\/www.eliteprogram.ca\/fr\/wp-json\/wp\/v2\/comments?post=618"}],"version-history":[{"count":4,"href":"https:\/\/www.eliteprogram.ca\/fr\/wp-json\/wp\/v2\/pages\/618\/revisions"}],"predecessor-version":[{"id":624,"href":"https:\/\/www.eliteprogram.ca\/fr\/wp-json\/wp\/v2\/pages\/618\/revisions\/624"}],"wp:attachment":[{"href":"https:\/\/www.eliteprogram.ca\/fr\/wp-json\/wp\/v2\/media?parent=618"}],"curies":[{"name":"wp","href":"https:\/\/api.w.org\/{rel}","templated":true}]}}