{"id":629,"date":"2024-08-08T06:45:23","date_gmt":"2024-08-08T06:45:23","guid":{"rendered":"https:\/\/www.eliteprogram.ca\/fr\/?page_id=629"},"modified":"2024-10-29T08:11:22","modified_gmt":"2024-10-29T08:11:22","slug":"le-programme-elite-lance-un-nouveau-partenariat","status":"publish","type":"page","link":"https:\/\/www.eliteprogram.ca\/fr\/le-programme-elite-lance-un-nouveau-partenariat\/","title":{"rendered":"Le Programme ELITE lance un nouveau partenariat"},"content":{"rendered":"\n\n\t<p><strong>Auteure : <\/strong>Adiki Puplampu<\/p>\n<p><strong>Date : <\/strong>02 Ao\u00fbt 2024<\/p>\n<p>Depuis son lancement en 2020, le Programme ELITE pour la jeunesse noire s&#8217;est concentr\u00e9 sur le renforcement des capacit\u00e9s d&#8217;emploi des jeunes \u00e2g\u00e9.e.s de 15 \u00e0 22 ans. \u00c0 cet \u00e2ge, les \u00e9tudiants prennent des d\u00e9cisions formatrices concernant leur d\u00e9veloppement de carri\u00e8re et explorent leurs int\u00e9r\u00eats \u00e0 travers des exp\u00e9riences de travail telles que celles offertes par le Programme ELITE. Il est essentiel d&#8217;atteindre et de soutenir ce groupe d\u00e9mographique, mais que se passerait-il si nous pouvions exposer les jeunes \u00e0 des int\u00e9r\u00eats professionnels potentiels encore plus t\u00f4t ?<\/p>\n<p>Le conseil directeur du Programme ELITE a toujours \u00e9t\u00e9 int\u00e9ress\u00e9 par la participation des jeunes de moins de 15 ans, sachant qu&#8217;en atteignant ce groupe d\u00e9mographique, on promouvoit le d\u00e9veloppement d&#8217;un \u00e9tat d&#8217;esprit favorable aux futures opportunit\u00e9s d&#8217;apprentissage exp\u00e9rientiel. Ce n&#8217;est que cet \u00e9t\u00e9 que l&#8217;occasion d&#8217;atteindre ce groupe d\u00e9mographique s&#8217;est pr\u00e9sent\u00e9e gr\u00e2ce au Programme Fred Otto DiscoverE de l&#8217;Universit\u00e9 de l&#8217;Alberta (Programme DiscoverE).<\/p>\n<p>Avec l&#8217;objectif d&#8217;encourager les jeunes avec leurs identit\u00e9s diverses \u00e0 explorer leurs int\u00e9r\u00eats et \u00e0 trouver une passion dans les sciences, la technologie, l&#8217;ing\u00e9nierie et les math\u00e9matiques (STIM), les liens entre le Programme DiscoverE et le Programme ELITE sont clairs. En partenariat avec le Programme DiscoverE, le Programme ELITE a offert cet \u00e9t\u00e9 une s\u00e9lection de places financ\u00e9es dans le programme d&#8217;\u00e9t\u00e9 DiscoverE sur le campus.<\/p>\n<p><em>\u00ab \u00catre expos\u00e9.e aux STIM d\u00e8s un bas \u00e2ge encourage la r\u00e9solution de probl\u00e8mes, la r\u00e9flexion approfondie et l&#8217;apprentissage du travail en \u00e9quipe. Ces comp\u00e9tences constituent d&#8217;excellentes bases pour aider les jeunes \u00e0 r\u00e9ussir dans tous leurs projets futurs. Par cette association, nous cr\u00e9ons un environnement de collaboration qui incite les jeunes \u00e0 continuer dans le Programme ELITE pour la jeunesse noire. Nous encourageons \u00e9galement les membres de la famille et de la communaut\u00e9 du Programme ELITE \u00e0 rejoindre les camps d&#8217;\u00e9t\u00e9 Fred Otto DiscoverE et \u00e0 \u00eatre inspir\u00e9.e.s par\u00a0 les domaines des STIM. Cette initiative vise \u00e0 r\u00e9duire les obstacles d&#8217;admission de ce groupe \u00e0 l&#8217;Universit\u00e9 d&#8217;Alberta et d&#8217;augmenter la poursuite des \u00e9tudes dans le domaine des STIM. \u00bb<\/em><\/p>\n<p>&#8211; Ilana Young, Gestionnaire, Programme Fred Otto DiscoverE<\/p>\n<p>Pour cette premi\u00e8re ann\u00e9e, plusieurs places ont \u00e9t\u00e9 offertes aux ami.e.s et aux membres de la famille des stagiaires et des ancien.ne.s du Programme ELITE de la 1e \u00e0 la 6e ann\u00e9e. Les stagiaires et ancien.ne.s du Programme ELITE ont \u00e9t\u00e9 encourag\u00e9s \u00e0 faire circuler l&#8217;information au sein de leurs r\u00e9seaux. Les places offertes par le Programme ELITE ont \u00e9t\u00e9 rapidement combl\u00e9es par des jeunes enthousiastes.<\/p>\n<p>\u00ab <em>Ce partenariat avec le Programme DiscoverE de l&#8217;Universit\u00e9 de l&#8217;Alberta est la r\u00e9ponse active du Programme ELITE qui vise \u00e0 renforcer la mobilisation de la jeunesse noire vers l&#8217;apprentissage exp\u00e9rientel des jeunes Noir.e.s participant \u00e0 la formation par l&#8217;exp\u00e9rience. En impliquant les jeunes de moins de 15 ans, nous pr\u00e9parons intentionnellement le terrain pour que les jeunes Noir.e.s se familiarisent avec les STIM et les pr\u00e9parent \u00e0 l&#8217;avance pour une formation int\u00e9gr\u00e9e au travail plus tard dans leur parcours acad\u00e9mique. <\/em>\u00bb<\/p>\n<p>&#8211;\u00a0 Dr Andr\u00e9 McDonald, Directeur du Programme ELITE<\/p>\n<p>D\u00e8s le d\u00e9but du mois de juillet 2024, ces jeunes ont polong\u00e9 dans le monde des STIM gr\u00e2ce \u00e0 des activit\u00e9s d&#8217;apprentissage dynamiques et pratiques. Pendant la p\u00e9riode estivale, ils vont continuer d&#8217;explorer de nouveaux concepts, d\u00e9couvrir leurs passions et appr\u00e9cier l&#8217;exp\u00e9rience d&#8217;apprendre. Et qui sait, souhaitont que dans quelques ann\u00e9es, certains de ces \u00e9l\u00e8ves formeront la future cohorte de stagiaires du Programme ELITE.<\/p>\n<p><img loading=\"lazy\" decoding=\"async\" src=\"https:\/\/www.eliteprogram.ca\/fr\/wp-content\/uploads\/sites\/2\/2024\/08\/Image-2-420x280.png\" alt=\"\" width=\"420\" height=\"280\" \/> <img loading=\"lazy\" decoding=\"async\" src=\"https:\/\/www.eliteprogram.ca\/fr\/wp-content\/uploads\/sites\/2\/2024\/08\/Image-1-420x280.png\" alt=\"\" width=\"420\" height=\"280\" \/><\/p>\n\n","protected":false},"excerpt":{"rendered":"<p>Auteure : Adiki Puplampu Date : 02 Ao\u00fbt 2024 Depuis son lancement en 2020, le Programme ELITE pour la jeunesse noire s&#8217;est concentr\u00e9 sur le renforcement des capacit\u00e9s d&#8217;emploi des jeunes \u00e2g\u00e9.e.s de 15 \u00e0 22 ans. \u00c0 cet \u00e2ge, les \u00e9tudiants prennent des d\u00e9cisions formatrices concernant leur d\u00e9veloppement de carri\u00e8re et explorent leurs int\u00e9r\u00eats [&hellip;]<\/p>\n","protected":false},"author":1,"featured_media":0,"parent":0,"menu_order":0,"comment_status":"closed","ping_status":"closed","template":"","meta":{"footnotes":""},"class_list":["post-629","page","type-page","status-publish","hentry"],"_links":{"self":[{"href":"https:\/\/www.eliteprogram.ca\/fr\/wp-json\/wp\/v2\/pages\/629","targetHints":{"allow":["GET"]}}],"collection":[{"href":"https:\/\/www.eliteprogram.ca\/fr\/wp-json\/wp\/v2\/pages"}],"about":[{"href":"https:\/\/www.eliteprogram.ca\/fr\/wp-json\/wp\/v2\/types\/page"}],"author":[{"embeddable":true,"href":"https:\/\/www.eliteprogram.ca\/fr\/wp-json\/wp\/v2\/users\/1"}],"replies":[{"embeddable":true,"href":"https:\/\/www.eliteprogram.ca\/fr\/wp-json\/wp\/v2\/comments?post=629"}],"version-history":[{"count":3,"href":"https:\/\/www.eliteprogram.ca\/fr\/wp-json\/wp\/v2\/pages\/629\/revisions"}],"predecessor-version":[{"id":632,"href":"https:\/\/www.eliteprogram.ca\/fr\/wp-json\/wp\/v2\/pages\/629\/revisions\/632"}],"wp:attachment":[{"href":"https:\/\/www.eliteprogram.ca\/fr\/wp-json\/wp\/v2\/media?parent=629"}],"curies":[{"name":"wp","href":"https:\/\/api.w.org\/{rel}","templated":true}]}}