{"id":655,"date":"2024-12-07T10:36:36","date_gmt":"2024-12-07T10:36:36","guid":{"rendered":"https:\/\/www.eliteprogram.ca\/fr\/?page_id=655"},"modified":"2025-03-14T08:10:39","modified_gmt":"2025-03-14T08:10:39","slug":"profil-dun-stagiaire-adil-adetunji","status":"publish","type":"page","link":"https:\/\/www.eliteprogram.ca\/fr\/profil-dun-stagiaire-adil-adetunji\/","title":{"rendered":"Profil d\u2019un stagiaire : Adil Adetunji"},"content":{"rendered":"\n\n\t\t\t\t<img loading=\"lazy\" decoding=\"async\" src=\"https:\/\/www.eliteprogram.ca\/fr\/wp-content\/uploads\/sites\/2\/2024\/12\/Adil-A.jpg\" alt=\"Adil A\" itemprop=\"image\" height=\"1169\" width=\"1010\" title=\"Adil A\" onerror=\"this.style.display='none'\"  \/>\n\t<p><strong>Auteure : <\/strong>Adiki Puplampu<\/p>\n<p><strong>Date : <\/strong>07 D\u00e9cembre 2024<\/p>\n<p>Les \u00e9l\u00e8ves du secondaire ont rarement l&#8217;occasion de travailler sur des projets de g\u00e9nie m\u00e9canique ayant des applications industrielles r\u00e9elles. Ainsi, lorsque la chance de devenir stagiaire pour le Programme ELITE a \u00e9t\u00e9 offerte \u00e0 Adil Adetunji, il a saut\u00e9 sur l&#8217;occasion et a d\u00e9m\u00e9nag\u00e9 de Calgary \u00e0 Edmonton pour l&#8217;\u00e9t\u00e9.<\/p>\n<p>Souhaitant acqu\u00e9rir de l&#8217;exp\u00e9rience professionnelle avant d&#8217;entamer sa derni\u00e8re ann\u00e9e d&#8217;\u00e9tudes secondaires, Adil \u00e9tait \u00e0 la recherche d&#8217;un programme de stage. Apr\u00e8s quelques recherches sur Google, il est tomb\u00e9 sur le Programme ELITE et a \u00e9t\u00e9 attir\u00e9 par la possibilit\u00e9 d&#8217;acqu\u00e9rir une exp\u00e9rience pratique en ing\u00e9nierie et par l&#8217;opportunit\u00e9 d&#8217;apprentissage offerte par la s\u00e9rie d&#8217;activit\u00e9s sur la conception entrepreneuriale.<\/p>\n<p>Pour Adil, le charme de l&#8217;ing\u00e9nierie r\u00e9side dans la fa\u00e7on dont les solutions peuvent \u00eatre utilis\u00e9es pour am\u00e9liorer ou modifier les processus qui, \u00e0 leur tour, changent le monde. En travaillant dans le <a href=\"https:\/\/sites.ualberta.ca\/~andre2\/\">laboratoire des technologies avanc\u00e9es de transfert de chaleur et de surface<\/a> de l&#8217;Universit\u00e9 de l&#8217;Alberta, Adil a eu un aper\u00e7u de ce travail qui change le monde.<\/p>\n<p>Adil a travaill\u00e9 sur l&#8217;analyse des rev\u00eatements de surface pour comprendre comment ils sont affect\u00e9s par l&#8217;\u00e9rosion. Les types de rev\u00eatements analys\u00e9s par Adil sont utilis\u00e9s pour r\u00e9duire l&#8217;usure des pi\u00e8ces industrielles, ce qui les rend plus efficaces et plus durables. Plus sp\u00e9cifiquement, le travail d&#8217;Adil s&#8217;est concentr\u00e9 sur les rev\u00eatements appliqu\u00e9s aux profils a\u00e9rodynamiques.<\/p>\n<p>Bien que la transition du contexte de l&#8217;\u00e9cole secondaire, o\u00f9 les devoirs avaient des attentes claires, \u00e0 un apprentissage plus autonome ait \u00e9t\u00e9 initialement difficile pour Adil, une fois qu&#8217;il s&#8217;est adapt\u00e9, il a appr\u00e9ci\u00e9 l&#8217;ind\u00e9pendance et le niveau d&#8217;autonomie qu&#8217;il a pu exercer dans son travail.<\/p>\n<p>\u00ab Avoir la possibilit\u00e9 de travailler sur son propre projet, qui est en grande partie autog\u00e9r\u00e9, permet de gagner en clart\u00e9, par ce qu&#8217;au lieu de se faire dire ce qu&#8217;il faut faire, on doit le faire soi-m\u00eame et on sait alors si c&#8217;est quelque chose que l&#8217;on veut vraiment faire. \u00bb<\/p>\n<p>L&#8217;un des points forts du stage d&#8217;Adil a \u00e9t\u00e9 de recevoir une formation sur les machines d&#8217;ing\u00e9nierie de qualit\u00e9 industrielle dans le laboratoire et de pouvoir r\u00e9fl\u00e9chir \u00e0 des recherches personnelles futures. Bien qu&#8217;il n&#8217;ait pas encore une id\u00e9e pr\u00e9cise de son emploi de r\u00eaves, passer l&#8217;\u00e9t\u00e9 \u00e0 travailler sur les rev\u00eatements par pulv\u00e9risation thermique a \u00e9t\u00e9 une exp\u00e9rience r\u00e9v\u00e9latrice et il se voit travailler dans un domaine qui int\u00e8gre et applique la science des mat\u00e9riaux.<\/p>\n\n","protected":false},"excerpt":{"rendered":"<p>Auteure : Adiki Puplampu Date : 07 D\u00e9cembre 2024 Les \u00e9l\u00e8ves du secondaire ont rarement l&#8217;occasion de travailler sur des projets de g\u00e9nie m\u00e9canique ayant des applications industrielles r\u00e9elles. Ainsi, lorsque la chance de devenir stagiaire pour le Programme ELITE a \u00e9t\u00e9 offerte \u00e0 Adil Adetunji, il a saut\u00e9 sur l&#8217;occasion et a d\u00e9m\u00e9nag\u00e9 de [&hellip;]<\/p>\n","protected":false},"author":1,"featured_media":0,"parent":0,"menu_order":0,"comment_status":"closed","ping_status":"closed","template":"","meta":{"footnotes":""},"class_list":["post-655","page","type-page","status-publish","hentry"],"_links":{"self":[{"href":"https:\/\/www.eliteprogram.ca\/fr\/wp-json\/wp\/v2\/pages\/655","targetHints":{"allow":["GET"]}}],"collection":[{"href":"https:\/\/www.eliteprogram.ca\/fr\/wp-json\/wp\/v2\/pages"}],"about":[{"href":"https:\/\/www.eliteprogram.ca\/fr\/wp-json\/wp\/v2\/types\/page"}],"author":[{"embeddable":true,"href":"https:\/\/www.eliteprogram.ca\/fr\/wp-json\/wp\/v2\/users\/1"}],"replies":[{"embeddable":true,"href":"https:\/\/www.eliteprogram.ca\/fr\/wp-json\/wp\/v2\/comments?post=655"}],"version-history":[{"count":2,"href":"https:\/\/www.eliteprogram.ca\/fr\/wp-json\/wp\/v2\/pages\/655\/revisions"}],"predecessor-version":[{"id":659,"href":"https:\/\/www.eliteprogram.ca\/fr\/wp-json\/wp\/v2\/pages\/655\/revisions\/659"}],"wp:attachment":[{"href":"https:\/\/www.eliteprogram.ca\/fr\/wp-json\/wp\/v2\/media?parent=655"}],"curies":[{"name":"wp","href":"https:\/\/api.w.org\/{rel}","templated":true}]}}