{"id":661,"date":"2024-12-07T10:43:03","date_gmt":"2024-12-07T10:43:03","guid":{"rendered":"https:\/\/www.eliteprogram.ca\/fr\/?page_id=661"},"modified":"2024-12-07T10:43:03","modified_gmt":"2024-12-07T10:43:03","slug":"profil-dune-stagiaire-onami-ademola","status":"publish","type":"page","link":"https:\/\/www.eliteprogram.ca\/fr\/profil-dune-stagiaire-onami-ademola\/","title":{"rendered":"Profil d\u2019une stagiaire : Onami Ademola"},"content":{"rendered":"\n\n\t\t\t\t<img loading=\"lazy\" decoding=\"async\" src=\"https:\/\/www.eliteprogram.ca\/fr\/wp-content\/uploads\/sites\/2\/2024\/12\/Onami-A.jpeg\" alt=\"Onami A.\" itemprop=\"image\" height=\"2016\" width=\"1512\" title=\"Onami A.\" onerror=\"this.style.display='none'\"  \/>\n\t<p><strong>Auteure : <\/strong>Adiki Puplampu<\/p>\n<p><strong>Date : <\/strong>07 D\u00e9cembre 2024<\/p>\n<p>Pendant longtemps, Onami Ademola a pens\u00e9 qu&#8217;elle voulait suivre les pas de son p\u00e8re et devenir m\u00e9decin. Cependant, la d\u00e9couverte de l&#8217;informatique au secondaire a modifi\u00e9 ses int\u00e9r\u00eats et l&#8217;a amen\u00e9e \u00e0 suivre des cours dans tous les domaines, de la conception de sites web et de l&#8217;UX\/UI, \u00e0 la conception d&#8217;applications et au codage. Onami est maintenant \u00e0 sa troisi\u00e8me ann\u00e9e d&#8217;ing\u00e9nierie informatique \u00e0 l&#8217;Universit\u00e9 de l&#8217;Alberta et elle aime en apprendre davantage sur tous les aspects de l&#8217;informatique, du codage au niveau logiciel, \u00e0 la robotique au niveau mat\u00e9riel.<\/p>\n<p>Cet \u00e9t\u00e9, Onami a eu l&#8217;occasion de mettre en pratique sa passion pour l&#8217;informatique au sein du <a href=\"https:\/\/www.ncbl.ualberta.ca\/\">laboratoire de contr\u00f4le neuromusculaire et de biom\u00e9canique (NCBL en anglais)<\/a>. Son stage \u00e9tait ax\u00e9 sur la recherche et le d\u00e9veloppement de jeux bas\u00e9s sur l&#8217;interface neuronale directe (IND) pour les enfants en situation de handicap. Pendant son stage, Onami a d\u00e9velopp\u00e9 des jeux pour aider les chercheurs \u00e0 mieux comprendre comment les enfants en situation de handicap interagissent avec ces jeux.<\/p>\n<p>\u00ab J&#8217;ai d\u00fb apprendre beaucoup de choses \u00e0 la rapidement, ce qui a \u00e9t\u00e9 un d\u00e9fi, mais incroyablement gratifiant. J&#8217;acquiers une exp\u00e9rience pratique et c&#8217;est une excellente occasion d&#8217;appliquer mes connaissances dans un contexte r\u00e9el. \u00bb<\/p>\n<p>Le projet soutenu par Onami contribue \u00e0 l&#8217;am\u00e9lioration des technologies de r\u00e9\u00e9ducation et d&#8217;assistance pour les enfants en situation de handicap. Son travail alimente l&#8217;\u00e9cosyst\u00e8me de la recherche dans ce domaine et sera utilis\u00e9 pour fournir des technologies de r\u00e9adaptation plus efficaces et plus attrayantes qui peuvent am\u00e9liorer la qualit\u00e9 de vie et les interactions avec l&#8217;environnement des enfants en situation de handicap.<\/p>\n<p>Le r\u00eave d&#8217;Onami est de mener une carri\u00e8re qui combine ses int\u00e9r\u00eats pour les logiciels et le mat\u00e9riel informatique. Pour l&#8217;instant, elle imagine travailler dans le domaine de la robotique de pointe ou de l&#8217;Intelligence Artificielle, dans un r\u00f4le qui lui permette de faire preuve de cr\u00e9ativit\u00e9.<\/p>\n<p>\u00ab Je veux occuper un poste qui me permette d&#8217;utiliser des technologies de pointe et de contribuer \u00e0 des projets novateurs, tout en appr\u00e9ciant mon travail et en exprimant ma cr\u00e9ativit\u00e9 \u00bb.<\/p>\n<p>Depuis sa d\u00e9couverte du programme ELITE sur LinkedIn jusqu&#8217;\u00e0 son stage d&#8217;\u00e9t\u00e9, Onami a parcouru un long chemin. Au cours de son stage, Onami a remarqu\u00e9 qu&#8217;elle gagnait en confiance dans sa carri\u00e8re. Travailler en laboratoire lui a fait prendre conscience de l&#8217;importance de chercher de l&#8217;aide lorsqu&#8217;elle est confront\u00e9e \u00e0 des d\u00e9fis et, en fin de compte, elle a appris que presque tous les obstacles peuvent \u00eatre surmont\u00e9s avec du temps, du d\u00e9vouement, de l&#8217;engagement et de la passion.<\/p>\n<p>\u00ab Le dicton \u00ab On \u00e9choue 100 % des coups que l&#8217;on ne prend pas \u00bb n&#8217;a jamais \u00e9t\u00e9 aussi vrai. Une grande partie du travail que j&#8217;ai fait pendant ce stage \u00e9tait une nouvelle exp\u00e9rience pour moi, mais j&#8217;ai adh\u00e9r\u00e9 au processus d&#8217;apprentissage et je suis maintenant meilleure gr\u00e2ce \u00e0 cela. \u00bb<\/p>\n<p>Onami a particuli\u00e8rement appr\u00e9ci\u00e9 son exp\u00e9rience dans le cadre de la s\u00e9rie d&#8217;activit\u00e9s sur la conception entrepreneuriale du Programme ELITE cet \u00e9t\u00e9.<\/p>\n<p>\u00ab Jusqu&#8217;\u00e0 pr\u00e9sent, l&#8217;exp\u00e9rience que j&#8217;ai pr\u00e9f\u00e9r\u00e9e dans le cadre de mon stage du Programme ELITE a \u00e9t\u00e9 la s\u00e9rie d&#8217;activit\u00e9s sur la conception entrepreneuriale. Elles m&#8217;ont ouvert les yeux, surtout parce que j&#8217;ai eu l&#8217;occasion de contribuer et de pr\u00e9senter des id\u00e9es sur place, ce dont je ne savais pas que j&#8217;\u00e9tais capable. \u00bb<\/p>\n<p>Lorsqu&#8217;elle n&#8217;est pas en train d&#8217;apprendre ou de travailler sur un ordinateur, Onami \u00e9coute ou fait de la musique, lit ou \u00e9crit de mani\u00e8re cr\u00e9ative pour son blog. Elle a r\u00e9cemment commenc\u00e9 \u00e0 explorer la th\u00e9orie musicale et, comme pour toutes ses passions, elle s&#8217;est plong\u00e9e dans ce nouvel apprentissage et en profite \u00e0 chaque seconde.<\/p>\n\n","protected":false},"excerpt":{"rendered":"<p>Auteure : Adiki Puplampu Date : 07 D\u00e9cembre 2024 Pendant longtemps, Onami Ademola a pens\u00e9 qu&#8217;elle voulait suivre les pas de son p\u00e8re et devenir m\u00e9decin. Cependant, la d\u00e9couverte de l&#8217;informatique au secondaire a modifi\u00e9 ses int\u00e9r\u00eats et l&#8217;a amen\u00e9e \u00e0 suivre des cours dans tous les domaines, de la conception de sites web et [&hellip;]<\/p>\n","protected":false},"author":1,"featured_media":0,"parent":0,"menu_order":0,"comment_status":"closed","ping_status":"closed","template":"","meta":{"footnotes":""},"class_list":["post-661","page","type-page","status-publish","hentry"],"_links":{"self":[{"href":"https:\/\/www.eliteprogram.ca\/fr\/wp-json\/wp\/v2\/pages\/661","targetHints":{"allow":["GET"]}}],"collection":[{"href":"https:\/\/www.eliteprogram.ca\/fr\/wp-json\/wp\/v2\/pages"}],"about":[{"href":"https:\/\/www.eliteprogram.ca\/fr\/wp-json\/wp\/v2\/types\/page"}],"author":[{"embeddable":true,"href":"https:\/\/www.eliteprogram.ca\/fr\/wp-json\/wp\/v2\/users\/1"}],"replies":[{"embeddable":true,"href":"https:\/\/www.eliteprogram.ca\/fr\/wp-json\/wp\/v2\/comments?post=661"}],"version-history":[{"count":2,"href":"https:\/\/www.eliteprogram.ca\/fr\/wp-json\/wp\/v2\/pages\/661\/revisions"}],"predecessor-version":[{"id":664,"href":"https:\/\/www.eliteprogram.ca\/fr\/wp-json\/wp\/v2\/pages\/661\/revisions\/664"}],"wp:attachment":[{"href":"https:\/\/www.eliteprogram.ca\/fr\/wp-json\/wp\/v2\/media?parent=661"}],"curies":[{"name":"wp","href":"https:\/\/api.w.org\/{rel}","templated":true}]}}