{"id":683,"date":"2025-03-14T08:00:45","date_gmt":"2025-03-14T08:00:45","guid":{"rendered":"https:\/\/www.eliteprogram.ca\/fr\/?page_id=683"},"modified":"2025-03-14T08:03:54","modified_gmt":"2025-03-14T08:03:54","slug":"profil-dun-stagiaire-albert-onyedika","status":"publish","type":"page","link":"https:\/\/www.eliteprogram.ca\/fr\/profil-dun-stagiaire-albert-onyedika\/","title":{"rendered":"Profil d\u2019un stagiaire : Albert Onyedika"},"content":{"rendered":"\n\n\t\t\t\t<img loading=\"lazy\" decoding=\"async\" src=\"https:\/\/www.eliteprogram.ca\/fr\/wp-content\/uploads\/sites\/2\/2025\/03\/Albert-Image.jpg\" alt=\"Albert-Image\" itemprop=\"image\" height=\"1540\" width=\"1110\" title=\"Albert-Image\" onerror=\"this.style.display='none'\"  \/>\n\t<p><strong>Auteure : <\/strong>Adiki Puplampu<\/p>\n<p><strong>Date : <\/strong>10 Mars 2025<\/p>\n<p>Albert Onyedika, un jeune dipl\u00f4m\u00e9 du secondaire, souhaitait profiter de son dernier \u00e9t\u00e9 avant l&#8217;universit\u00e9 pour bonifier ses exp\u00e9riences professionnelles dans son CV. Il souhaitait notamment acqu\u00e9rir de l&#8217;exp\u00e9rience en laboratoire avant de commencer sa premi\u00e8re ann\u00e9e au programme d&#8217;ing\u00e9nierie de l&#8217;Universit\u00e9 de l&#8217;Alberta. Albert avait deux objectifs pour l&#8217;\u00e9t\u00e9 : d&#8217;abord se familiariser avec les processus de laboratoire et ensuite nouer des liens avec des pairs et des mentors potentiels avant le d\u00e9but de l&#8217;ann\u00e9e scolaire.<\/p>\n<p>Au cours de l&#8217;\u00e9t\u00e9, Albert a atteint ces deux objectifs en travaillant au D\u00e9partement de chimie de l&#8217;Universit\u00e9 de l&#8217;Alberta. En stage, au laboratoire du <a href=\"https:\/\/apps.ualberta.ca\/directory\/person\/serpe\">Dr Michael Serpe<\/a>, Albert a travaill\u00e9 avec un \u00e9tudiant dipl\u00f4m\u00e9 sur un projet ax\u00e9 sur les mesures de concentration bact\u00e9rienne. L&#8217;\u00e9tudiant dipl\u00f4m\u00e9 avec lequel Albert a travaill\u00e9 lui a donn\u00e9 l&#8217;occasion de travailler directement sur des sections du plan de travail du projet. Gr\u00e2ce \u00e0 cette relation de travail,\u00a0 qu&#8217;Albert d\u00e9crit comme \u00e9tant \u00ab ind\u00e9pendamment ensemble \u00bb, il a pu d\u00e9velopper sa confiance personnelle et son autonomie dans le laboratoire tout en \u00e9tant bien soutenu par son coll\u00e8gue de laboratoire.<\/p>\n<p>Les recherches qu&#8217;Albert a soutenues au cours de l&#8217;\u00e9t\u00e9 contribuent \u00e0 un ensemble de travaux consacr\u00e9s \u00e0 l&#8217;\u00e9tude des moyens d&#8217;\u00e9liminer certaines bact\u00e9ries des aliments de tous les jours, comme les fruits et les c\u00e9r\u00e9ales. Durant son exp\u00e9rience au laboratoire, Albert a appris en avant-plan \u00e0 quel point il faut travailler fort pour d\u00e9velopper des r\u00e9sultats de recherche de qualit\u00e9 et il a acquis une appr\u00e9ciation des habilet\u00e9s en pens\u00e9e critique n\u00e9cessaires pour trouver des solutions aux probl\u00e8mes de recherche. Son exp\u00e9rience au laboratoire lui a permis de se projeter dans une carri\u00e8re de chercheur plus concr\u00e8tement et il en ressort avec des comp\u00e9tences qui lui seront utiles lorsqu&#8217;il entamera cette nouvelle phase de sa carri\u00e8re universitaire.<\/p>\n<p>Avoir l&#8217;opportunit\u00e9 d&#8217;entrer en contact avec ses pairs lors de pr\u00e9sentations techniques du Programme ELITE, d&#8217;ateliers de conception entrepreneuriale et d&#8217;autres \u00e9v\u00e9nements a donn\u00e9 \u00e0 Albert l&#8217;opportunit\u00e9 d&#8217;atteindre son deuxi\u00e8me objectif. Il a quitt\u00e9 le programme avec de nouveaux amis et a h\u00e2te de revoir des visages familiers dans les couloirs au cours de l&#8217;ann\u00e9e scolaire.<\/p>\n<p>\u00ab C&#8217;\u00e9tait vraiment amusant de faire la connaissance de beaucoup de gens diff\u00e9rents, m\u00eame dans le cadre du programme d&#8217;entrepreneuriat \u00bb, d\u00e9clare Albert.<\/p>\n<p>En ce qui concerne sa future carri\u00e8re, Albert \u00e9tudie encore ses options, mais il aimerait faire un travail pratique qui implique \u00e0 la fois le g\u00e9nie chimique et des mat\u00e9riaux. Nous souhaitons \u00e0 Albert bonne chance dans ses \u00e9tudes !<\/p>\n<p>&nbsp;<\/p>\n\n","protected":false},"excerpt":{"rendered":"<p>Auteure : Adiki Puplampu Date : 10 Mars 2025 Albert Onyedika, un jeune dipl\u00f4m\u00e9 du secondaire, souhaitait profiter de son dernier \u00e9t\u00e9 avant l&#8217;universit\u00e9 pour bonifier ses exp\u00e9riences professionnelles dans son CV. Il souhaitait notamment acqu\u00e9rir de l&#8217;exp\u00e9rience en laboratoire avant de commencer sa premi\u00e8re ann\u00e9e au programme d&#8217;ing\u00e9nierie de l&#8217;Universit\u00e9 de l&#8217;Alberta. Albert avait [&hellip;]<\/p>\n","protected":false},"author":1,"featured_media":0,"parent":0,"menu_order":0,"comment_status":"closed","ping_status":"closed","template":"","meta":{"footnotes":""},"class_list":["post-683","page","type-page","status-publish","hentry"],"_links":{"self":[{"href":"https:\/\/www.eliteprogram.ca\/fr\/wp-json\/wp\/v2\/pages\/683","targetHints":{"allow":["GET"]}}],"collection":[{"href":"https:\/\/www.eliteprogram.ca\/fr\/wp-json\/wp\/v2\/pages"}],"about":[{"href":"https:\/\/www.eliteprogram.ca\/fr\/wp-json\/wp\/v2\/types\/page"}],"author":[{"embeddable":true,"href":"https:\/\/www.eliteprogram.ca\/fr\/wp-json\/wp\/v2\/users\/1"}],"replies":[{"embeddable":true,"href":"https:\/\/www.eliteprogram.ca\/fr\/wp-json\/wp\/v2\/comments?post=683"}],"version-history":[{"count":2,"href":"https:\/\/www.eliteprogram.ca\/fr\/wp-json\/wp\/v2\/pages\/683\/revisions"}],"predecessor-version":[{"id":686,"href":"https:\/\/www.eliteprogram.ca\/fr\/wp-json\/wp\/v2\/pages\/683\/revisions\/686"}],"wp:attachment":[{"href":"https:\/\/www.eliteprogram.ca\/fr\/wp-json\/wp\/v2\/media?parent=683"}],"curies":[{"name":"wp","href":"https:\/\/api.w.org\/{rel}","templated":true}]}}