{"id":687,"date":"2025-03-14T08:08:34","date_gmt":"2025-03-14T08:08:34","guid":{"rendered":"https:\/\/www.eliteprogram.ca\/fr\/?page_id=687"},"modified":"2025-03-27T08:22:27","modified_gmt":"2025-03-27T08:22:27","slug":"profil-dune-stagiaire-irene-nwokeforo","status":"publish","type":"page","link":"https:\/\/www.eliteprogram.ca\/fr\/profil-dune-stagiaire-irene-nwokeforo\/","title":{"rendered":"Profil d\u2019une stagiaire : Irene Nwokeforo"},"content":{"rendered":"\n\n\t\t\t\t<img loading=\"lazy\" decoding=\"async\" src=\"https:\/\/www.eliteprogram.ca\/fr\/wp-content\/uploads\/sites\/2\/2025\/03\/Irene-Image-S.jpg\" alt=\"Irene Image (S)\" itemprop=\"image\" height=\"886\" width=\"886\" title=\"Irene Image (S)\" onerror=\"this.style.display='none'\"  \/>\n\t<p><strong>Auteure : <\/strong>Adiki Puplampu<\/p>\n<p><strong>Date : <\/strong>14 Mars 2025<\/p>\n<p>Irene Nwokeforo, qui a d\u00e9couvert le Programme ELITE gr\u00e2ce \u00e0 une amie, \u00e9tait ravie de trouver un programme con\u00e7u sp\u00e9cialement pour les jeunes noirs, un programme dans lequel elle se reconnaissait. \u00c9tudiante en deuxi\u00e8me ann\u00e9e de g\u00e9nie informatique dans le programme de logiciels, Irene a \u00e9t\u00e9 attir\u00e9e par sa sp\u00e9cialit\u00e9 en raison des liens qu&#8217;elle fait entre le codage et les connaissances en mat\u00e9riel informatique. Passionn\u00e9e de casse-t\u00eates, Irene a toujours \u00e9t\u00e9 attir\u00e9e par les math\u00e9matiques et les sciences, et a m\u00eame donn\u00e9 des cours particuliers \u00e0 d&#8217;autres \u00e9tudiants par l&#8217;interm\u00e9diaire du centre de math\u00e9matiques et de lecture Kumon.<\/p>\n<p>En tant que stagiaire du Programme ELITE durant l&#8217;\u00e9t\u00e9 2024, Irene a eu l&#8217;occasion de travailler au Laboratoire de robotique de r\u00e9habilitation. Son projet \u00e9tait ax\u00e9 sur le d\u00e9veloppement de syst\u00e8mes pour aider les personnes handicap\u00e9es vivant dans des zones rurales \u00e0 effectuer des \u00e9valuations \u00e0 domicile. Ce r\u00f4le lui a permis de mieux comprendre la vie d&#8217;une chercheuse en ing\u00e9nierie, ce qu&#8217;elle a beaucoup appr\u00e9ci\u00e9. Au cours de son stage, Irene a eu l&#8217;occasion de pr\u00e9senter son travail aux investisseurs du projet, l&#8217;une de ses principales r\u00e9alisations au cours de son passage au laboratoire.<\/p>\n<p>Pour Irene, habitu\u00e9e \u00e0 des environnements de travail plus r\u00e9glement\u00e9s, ce fut un d\u00e9fi surprenant de s&#8217;adapter \u00e0 la nature plus improvis\u00e9e et autoguid\u00e9e d&#8217;un laboratoire de recherche.<\/p>\n<p>\u00ab Si jamais je d\u00e9cide de me lancer dans la recherche, j&#8217;aurai une id\u00e9e assez pr\u00e9cise de son fonctionnement, et c&#8217;est ce que j&#8217;ai vraiment retenu de cette exp\u00e9rience \u00bb, a d\u00e9clar\u00e9 Irene.<\/p>\n<p>Nouvellement arriv\u00e9e \u00e0 Edmonton, Irene a particuli\u00e8rement appr\u00e9ci\u00e9 le volet bien-\u00eatre et coaching de la programmation holistique du Programme ELITE. Son exp\u00e9rience dans la s\u00e9rie lui a rappel\u00e9 que bon nombre de ses exp\u00e9riences sont universelles et qu&#8217;il n&#8217;existe pas de m\u00e9thode parfaite pour pratiquer le bien-\u00eatre. \u00c0 la sortie du Programme ELITE, Irene a une id\u00e9e plus claire de sa mission professionnelle : travailler sur des projets qui r\u00e9pondent aux besoins des groupes marginalis\u00e9s. Le Programme ELITE est heureux d&#8217;avoir pu jouer un r\u00f4le, m\u00eame minime, pour aider Irene \u00e0 affiner et \u00e0 renforcer ses objectifs et ses aspirations personnelles.<\/p>\n\n","protected":false},"excerpt":{"rendered":"<p>Auteure : Adiki Puplampu Date : 14 Mars 2025 Irene Nwokeforo, qui a d\u00e9couvert le Programme ELITE gr\u00e2ce \u00e0 une amie, \u00e9tait ravie de trouver un programme con\u00e7u sp\u00e9cialement pour les jeunes noirs, un programme dans lequel elle se reconnaissait. \u00c9tudiante en deuxi\u00e8me ann\u00e9e de g\u00e9nie informatique dans le programme de logiciels, Irene a \u00e9t\u00e9 [&hellip;]<\/p>\n","protected":false},"author":1,"featured_media":0,"parent":0,"menu_order":0,"comment_status":"closed","ping_status":"closed","template":"","meta":{"footnotes":""},"class_list":["post-687","page","type-page","status-publish","hentry"],"_links":{"self":[{"href":"https:\/\/www.eliteprogram.ca\/fr\/wp-json\/wp\/v2\/pages\/687","targetHints":{"allow":["GET"]}}],"collection":[{"href":"https:\/\/www.eliteprogram.ca\/fr\/wp-json\/wp\/v2\/pages"}],"about":[{"href":"https:\/\/www.eliteprogram.ca\/fr\/wp-json\/wp\/v2\/types\/page"}],"author":[{"embeddable":true,"href":"https:\/\/www.eliteprogram.ca\/fr\/wp-json\/wp\/v2\/users\/1"}],"replies":[{"embeddable":true,"href":"https:\/\/www.eliteprogram.ca\/fr\/wp-json\/wp\/v2\/comments?post=687"}],"version-history":[{"count":3,"href":"https:\/\/www.eliteprogram.ca\/fr\/wp-json\/wp\/v2\/pages\/687\/revisions"}],"predecessor-version":[{"id":694,"href":"https:\/\/www.eliteprogram.ca\/fr\/wp-json\/wp\/v2\/pages\/687\/revisions\/694"}],"wp:attachment":[{"href":"https:\/\/www.eliteprogram.ca\/fr\/wp-json\/wp\/v2\/media?parent=687"}],"curies":[{"name":"wp","href":"https:\/\/api.w.org\/{rel}","templated":true}]}}