{"id":696,"date":"2025-04-22T03:29:26","date_gmt":"2025-04-22T03:29:26","guid":{"rendered":"https:\/\/www.eliteprogram.ca\/fr\/?page_id=696"},"modified":"2025-05-05T10:06:20","modified_gmt":"2025-05-05T10:06:20","slug":"entrevue-avec-rhona-sinamtwa","status":"publish","type":"page","link":"https:\/\/www.eliteprogram.ca\/fr\/entrevue-avec-rhona-sinamtwa\/","title":{"rendered":"Entrevue avec Rhona Sinamtwa"},"content":{"rendered":"\n\n\t<p>Rhona Sinamtwa est une consultante ESG en herbe, une entrepreneure sociale et une strat\u00e8ge accomplie, ax\u00e9e sur l&#8217;impact, passionn\u00e9e par la durabilit\u00e9 dans toutes ses dimensions &#8211; affaires, mode et innovation sociale. Dot\u00e9e d&#8217;une solide formation en recherche, en strat\u00e9gie et en mesure d&#8217;impact, elle s&#8217;est engag\u00e9e \u00e0 susciter des changements significatifs \u00e0 l&#8217;intersection de la durabilit\u00e9 et de l&#8217;entrepreneuriat.<\/p>\n<p>Rhona est actuellement directrice du d\u00e9veloppement de carri\u00e8re chez <a href=\"https:\/\/www.leagler.org\/about\">LEagler<\/a>, o\u00f9 elle contribue \u00e0 la mise en place d&#8217;un programme de mentorat visant \u00e0 soutenir les nouveaux arrivants dans leur int\u00e9gration professionnelle et sociale. En tant que laur\u00e9ate <a href=\"https:\/\/onyxinitiative.org\/\">Onyx<\/a>, elle a d\u00e9velopp\u00e9 les comp\u00e9tences et la r\u00e9silience n\u00e9cessaires pour naviguer dans les espaces d&#8217;entreprise en tant qu&#8217;\u00e9tudiante noire, plaidant pour une plus grande inclusivit\u00e9 et une meilleure repr\u00e9sentation au sein de l&#8217;industrie. En outre, dans le cadre de son r\u00f4le au sein de l&#8217;\u00e9quipe charg\u00e9e des programmes de la Black Students Alumni Alberta Association, elle s&#8217;efforce de renforcer les liens avec les anciens \u00e9tudiants en dehors de l&#8217;universit\u00e9, en promouvant une implication professionnelle et communautaire \u00e0 long terme.<\/p>\n<p>Son travail est motiv\u00e9 par son engagement ferme en faveur de la durabilit\u00e9, de la strat\u00e9gie et de l&#8217;innovation &#8211; la mise en place de syst\u00e8mes qui cr\u00e9ent un impact durable dans tous les secteurs d&#8217;activit\u00e9.<\/p>\n<p>Dans cette entrevue, nous avons discut\u00e9 avec Rhona, \u00e9galement ancienne \u00e9tudiante du Programme ELITE 2020,\u00a0 \u00e0 savoir o\u00f9 est-elle en ce moment,\u00a0 la fa\u00e7on dont des programmes tels que le Programme ELITE l&#8217;ont aid\u00e9e \u00e0 se frayer un chemin dans l&#8217;industrie, et de ce qu&#8217;elle pr\u00e9voit faire accomplir.<\/p>\n<p><img loading=\"lazy\" decoding=\"async\" src=\"https:\/\/www.eliteprogram.ca\/fr\/wp-content\/uploads\/sites\/2\/2025\/04\/Rhona-Image-1-768x1024.jpg\" alt=\"\" width=\"768\" height=\"1024\" \/><\/p>\n<p><strong>Pouvez-vous me parler de votre stage au sein du Programme ELITE et de ce que vous avez tir\u00e9 de cette exp\u00e9rience ?<\/strong><\/p>\n<p>\u00c0 l&#8217;\u00e9poque, j&#8217;\u00e9tudiais les sciences de l&#8217;environnement au <a href=\"https:\/\/www.ualberta.ca\/en\/augustana\/programs\/admissions\/future\/index.html?gad_source=1&amp;gbraid=0AAAAABxtSU7zJ62E9l7MbgsUda1jcrCnG&amp;gclid=CjwKCAjwvr--BhB5EiwAd5YbXo__iGJNvYhXctbaJfhmwjm4Gn58nzOMnO855nTO9rZ62dmqY4N0URoCDoIQAvD_BwE\">campus Augustana de l&#8217;Universit\u00e9 de l&#8217;Alberta<\/a>. J&#8217;ai eu le privil\u00e8ge d&#8217;apprendre de la professeure <a href=\"https:\/\/www.ualberta.ca\/en\/sustainability\/about\/news-profiles\/2022\/02-february\/post1.html\">Glynnis Hood<\/a>. J&#8217;ai suivi la plupart de mes cours d&#8217;environnement avec elle. Elle m&#8217;a apport\u00e9 un soutien incroyable tout au long de mon parcours universitaire et, \u00e0 l&#8217;\u00e9t\u00e9 2020, lorsque j&#8217;ai exprim\u00e9 mon int\u00e9r\u00eat pour l&#8217;acquisition de comp\u00e9tences transf\u00e9rables, elle m&#8217;a pr\u00e9sent\u00e9 le Programme ELITE.<\/p>\n<p>Elle m&#8217;a non seulement encourag\u00e9 \u00e0 explorer le programme, mais m&#8217;a \u00e9galement parl\u00e9 d&#8217;une possibilit\u00e9 de stage sous sa supervision, que j&#8217;ai choisie avec enthousiasme. Notre recherche s&#8217;est concentr\u00e9e sur les mammif\u00e8res semi-aquatiques autour du lac Miquelon, et nous avons \u00e9galement men\u00e9 des travaux sur le terrain dans le parc national d&#8217;Elk Island. Elle souhaitait recueillir des donn\u00e9es g\u00e9ographiques et \u00e9valuer l&#8217;impact environnemental de ces mammif\u00e8res, en utilisant des donn\u00e9es pour soutenir sa recherche. Pour moi, cette exp\u00e9rience a constitu\u00e9 une formidable introduction \u00e0 la recherche sur le terrain et m&#8217;a permis de me familiariser avec la collecte et l&#8217;analyse de donn\u00e9es environnementales. Gr\u00e2ce \u00e0 ce travail, j&#8217;ai \u00e9galement pu entrer en contact avec un autre professeur qui \u00e9tudie la v\u00e9g\u00e9tation foresti\u00e8re affect\u00e9e par des infestations d&#8217;insectes sp\u00e9cifiques. Cela a men\u00e9 \u00e0 un voyage de recherche en Colombie-Britannique, o\u00f9 nous avons \u00e9tudi\u00e9 l&#8217;impact de ces infestations sur les \u00e9cosyst\u00e8mes locaux. Le Programme ELITE a v\u00e9ritablement \u00e9largi mes horizons acad\u00e9miques et professionnels, en me mettant en contact avec des professeurs, des opportunit\u00e9s de recherche et des exp\u00e9riences de terrain qui ont finalement renforc\u00e9 ma passion pour les sciences de l&#8217;environnement et le d\u00e9veloppement durable.<\/p>\n<p><strong>Dans quel programme \u00eates-vous actuellement et quel est votre domaine d&#8217;\u00e9tudes ?<\/strong><\/p>\n<p>Je fais actuellement une ma\u00eetrise en durabilit\u00e9 environnementale \u00e0 l&#8217;Universit\u00e9 d&#8217;Ottawa dans le cadre d&#8217;un programme coop\u00e9ratif. Au d\u00e9but de mes \u00e9tudes, j&#8217;avais une formation technique, mais je me suis rendue compte que je voulais voir comment l&#8217;industrie priv\u00e9e et les entreprises \u00e9taient responsables des questions environnementales, sociales et de gouvernance (ESG). Je voulais voir l&#8217;impact que ces entreprises ont sur les communaut\u00e9s par les projets qu&#8217;elles entreprennent puisque les d\u00e9lais dans les gouvernements ont tendance \u00e0 \u00eatre un peu plus longs en fonction de l&#8217;avancement d&#8217;un projet ou de ce que l&#8217;on essaie de mettre en \u0153uvre.<\/p>\n<p>Je me vois davantage dans le domaine de la consultation en vue d&#8217;appuyer le secteur priv\u00e9 pour cr\u00e9er un impact positif. Je me vois faire cela au Canada, mais aussi dans mon pays d&#8217;origine (Tanzanie).<\/p>\n<p><strong>Qu&#8217;est-ce qui vous int\u00e9resse dans ce domaine d&#8217;\u00e9tudes et \u00e0 quel moment avez-vous r\u00e9alis\u00e9 que vous souhaitiez le poursuivre ?<\/strong><\/p>\n<p>Quand j&#8217;\u00e9tais plus jeune, j&#8217;adorais le plein air. En g\u00e9n\u00e9ral, je m&#8217;int\u00e9resse au plein air. Durant mes \u00e9tudes \u00e0 l&#8217;\u00e9cole secondaire, j&#8217;ai suivi quelques cours de sciences de niveau sup\u00e9rieur, mais je voulais une formation compl\u00e8te qui tienne compte de tous mes int\u00e9r\u00eats, alors j&#8217;ai consult\u00e9 mon conseiller qui m&#8217;a parl\u00e9 de l&#8217;option sciences environnementales. J&#8217;ai donc commenc\u00e9 \u00e0 me renseigner sur les programmes.<\/p>\n<p>Un autre aspect qui m&#8217;a pouss\u00e9 \u00e0 m&#8217;int\u00e9resser \u00e0 l&#8217;environnement ou \u00e0 un de ses aspects est que, chez moi, la gestion des d\u00e9chets n&#8217;est pas la meilleure. Les syst\u00e8mes s&#8217;am\u00e9liorent aujourd&#8217;hui, mais l&#8217;environnement que nous avons est tellement beau. Pourtant, parfois, lorsque quelque chose est proche, on n&#8217;en comprend pas la valeur.<\/p>\n<p>Un an avant ma naissance, mes parents ont connu une inondation, El Nino. Je voulais comprendre les diff\u00e9rents m\u00e9canismes qui font que ces choses se produisent. C&#8217;\u00e9tait sans aucun doute un mouvement de Dieu en combinaison avec ces facteurs et finalement, apr\u00e8s ma licence, cela s&#8217;est solidifi\u00e9. L&#8217;environnement est une affaire rentable.<\/p>\n<p><strong>Quel r\u00f4le vos mentors ont-ils jou\u00e9 dans votre parcours ?<\/strong><\/p>\n<p>Mes professeurs m&#8217;ont aid\u00e9 \u00e0 comprendre ce que je voulais faire. L&#8217;initiative Onyx est all\u00e9e encore plus loin, en me permettant d&#8217;entrer en contact avec des personnes de diff\u00e9rents secteurs et en me donnant les moyens de d\u00e9velopper ma confiance et de reconna\u00eetre la valeur que j&#8217;apporte \u00e0 la table.<\/p>\n<p>En tant qu&#8217;\u00e9tudiante internationale, entrer dans un nouvel espace peut \u00eatre accablant et il est facile de penser que l&#8217;on risque de perdre sa voix. Mais Onyx a renforc\u00e9 l&#8217;id\u00e9e que nous ne sommes pas tous pareils &#8211; nous n&#8217;avons pas besoin d&#8217;accepter tout ce qui se pr\u00e9sente \u00e0 nous. Au contraire, nous devons rechercher des opportunit\u00e9s qui correspondent \u00e0 nos points forts et qui nous offrent une r\u00e9elle valeur ajout\u00e9e. Une fois que vous comprenez votre valeur, vous n&#8217;allez pas mendier pour des opportunit\u00e9s ni demander la permission ; vous exploitez vos comp\u00e9tences uniques dans le cadre d&#8217;un \u00e9change de valeur. Les encadreurs sont incroyables &#8211; ils fournissent des conseils sur tous les sujets et me tiennent vraiment responsable, ce qui a \u00e9t\u00e9 d\u00e9terminant pour ma croissance.<\/p>\n<p><strong>Vous sentez-vous bien repr\u00e9sent\u00e9e dans les sciences de l&#8217;environnement et quelle a \u00e9t\u00e9 votre exp\u00e9rience en tant que femme noire dans ce domaine d&#8217;\u00e9tudes ?<\/strong><\/p>\n<p>La r\u00e9ponse est non, mais j&#8217;essaie de changer cela petit \u00e0 petit. Durant mes \u00e9tudes au baccalaur\u00e9at et \u00e0 la ma\u00eetrise, il aurait \u00e9t\u00e9 agr\u00e9able de voir une plus grande repr\u00e9sentation de personnes comme moi, mais cette exp\u00e9rience m&#8217;a pouss\u00e9e \u00e0 rechercher plus d&#8217;opportunit\u00e9s et \u00e0 cr\u00e9er mon propre espace. Le d\u00e9veloppement durable est un domaine tellement vaste qu&#8217;il existe d&#8217;innombrables fa\u00e7ons de s&#8217;y impliquer. De nombreuses personnes issues de communaut\u00e9s marginalis\u00e9es sont depuis longtemps \u00e0 l&#8217;origine des sciences de l&#8217;environnement et de la durabilit\u00e9, car elles comprennent souvent les probl\u00e8mes que ces domaines visent \u00e0 r\u00e9soudre.<\/p>\n<p>Au fur et \u00e0 mesure que j&#8217;avan\u00e7ais, j&#8217;ai vu le paysage changer, avec davantage d&#8217;organisations qui valorisent les perspectives des minorit\u00e9s et des communaut\u00e9s marginalis\u00e9es dans le domaine de la durabilit\u00e9. Ce sont les raisons pour lesquelles, j&#8217;ai consciemment recherch\u00e9 \u00e0 participer \u00e0 joindre ces organisations, y compris celles qui reconnaissent l&#8217;importance de la diversit\u00e9 des voix et s&#8217;efforcent d&#8217;assurer une repr\u00e9sentation plus \u00e9quitable dans ce domaine.<\/p>\n<p><strong>Quels conseils donneriez-vous \u00e0 vous-m\u00eame, \u00e0 18 ans, sur la fa\u00e7on de naviguer dans vos \u00e9tudes postsecondaires et sur vos aspirations professionnelles ?<\/strong><\/p>\n<p>Prendre davantage la parole en public et accepter l&#8217;inconfort qui en d\u00e9coule. \u00c0 mesure que vous grandissez et que vous entrez dans de nouveaux espaces, il est essentiel de d\u00e9finir qui vous \u00eates et ce que vous repr\u00e9sentez. Prendre la parole et s&#8217;impliquer dans des activit\u00e9s qui vous passionnent ouvre des portes et favorise la croissance. La visibilit\u00e9 pour de bonnes choses est essentielle &#8211; elle aide les gens \u00e0 comprendre ce que vous \u00eates, \u00e0 se connecter avec vous et \u00e0 construire des relations significatives bas\u00e9es sur votre authenticit\u00e9.<\/p>\n<p><strong>Comment des stages et des activit\u00e9s extrascolaires ont-ils influenc\u00e9 votre exp\u00e9rience post-secondaire ?<\/strong><\/p>\n<p>Ils m&#8217;ont aid\u00e9 \u00e0 comprendre ma valeur, m&#8217;ont permis de penser au-del\u00e0 des trajectoires de carri\u00e8res traditionnelles. Ce que j&#8217;ai appris, c&#8217;est qu&#8217;une conversation peut changer votre vie. Traiter les gens avec respect, avoir une conversation normale et vous serez surpris. Je pense qu&#8217;ELITE m&#8217;a donn\u00e9 l&#8217;occasion de d\u00e9couvrir certains aspects de l&#8217;entrepreneuriat. Et cela me tient \u00e9galement \u00e0 c\u0153ur. Je me vois bien me lancer dans l&#8217;entrepreneuriat social. Je n&#8217;ai encore aucune id\u00e9e de ce \u00e0 quoi cela ressemblera, mais le fait d&#8217;avoir cette opportunit\u00e9, d&#8217;entendre les histoires des gens sur la cr\u00e9ation d&#8217;une entreprise et d&#8217;avoir des mentors a \u00e9t\u00e9 tr\u00e8s instructif. Je pense que les deux \u00e9l\u00e9ments que sont la connaissance de sa valeur et la voie non conventionnelle ont \u00e9t\u00e9 tr\u00e8s importants.<\/p>\n<p><strong>Quel a \u00e9t\u00e9 votre plus grand d\u00e9fi professionnel ou \u00e9ducatif et comment l&#8217;avez-vous relev\u00e9 ?<\/strong><\/p>\n<p>Dire non. Prioriser plut\u00f4t que la productivit\u00e9. Fixer des priorit\u00e9s vous aide \u00e0 comprendre ce qui d\u00e9finit r\u00e9ellement votre valeur. Personnellement, je me rends compte que ce n&#8217;est pas le nombre de choses auxquelles je participe qui compte, mais plut\u00f4t la qualit\u00e9 des choses qui r\u00e9sultent de ce que je fais. Il est important d&#8217;\u00e9largir son champ d&#8217;action et de comprendre ce que l&#8217;on veut faire. Mais une fois que l&#8217;on a compris cela, il faut g\u00e9rer les priorit\u00e9s et savoir dire non, surtout au d\u00e9but. Ceci pour le moment et peut-\u00eatre cela pour plus tard. C&#8217;est \u00e0 ce moment-l\u00e0 que l&#8217;on peut remplir la tasse des autres.<\/p>\n<p><strong>Quelles sont certaines des choses que vous aimez faire en dehors de l&#8217;\u00e9cole pour vous ressourcer ?<\/strong><\/p>\n<p>Ce qui me comble, c&#8217;est de faire partie de la chorale de l&#8217;\u00e9glise &#8211; cela m&#8217;apporte tellement de joie. Ma relation avec Dieu me donne une base, en particulier le fait de savoir que, quelles que soient les circonstances, toutes les choses concourent \u00e0 mon bien. Je trouve la paix dans cette assurance, ainsi que dans le calme du matin et la contemplation de textes sacr\u00e9s. Je trouve \u00e9galement la paix en passant du temps dans la nature. Le temps pass\u00e9 avec mes amis et ma famille est incroyablement enrichissant, et j&#8217;aime aider les gens quand je peux.<\/p>\n<p><strong>Quel genre de travail envisagez-vous de faire dans les 5 \u00e0 10 prochaines ann\u00e9es ?<\/strong><\/p>\n<p>Je m&#8217;efforce d&#8217;\u00e9tablir les relations n\u00e9cessaires pour entrer dans le secteur de la consultation ind\u00e9pendante &#8211; je veux avoir la possibilit\u00e9 de me bouger et de me d\u00e9velopper. L&#8217;entrepreneuriat social et la consultation ind\u00e9pendante sont des \u00e9l\u00e9ments cl\u00e9s de cette vision et, en fin de compte, je veux susciter un changement significatif. La Tanzanie, mon pays d&#8217;origine, repr\u00e9sente une grande partie de mon identit\u00e9. Je dois donc trouver un moyen de donner en retour, et c&#8217;est l\u00e0 que l&#8217;entrepreneuriat social entre en jeu. Je ne sais pas exactement quand, ni comment cela se produira, mais je suis s\u00fbre que cela se produira. Je suis \u00e9galement passionn\u00e9e par les relations avec les investisseurs, en particulier pour combler le foss\u00e9 entre l&#8217;endroit o\u00f9 je me trouve et mon pays d&#8217;origine. Alors oui, l&#8217;entrepreneuriat social et la consultation font certainement partie de mon avenir, tout comme la mode &#8211; j&#8217;adore la mode ! Il y a tellement de possibilit\u00e9s, et avec la gr\u00e2ce de Dieu \u00e0 l&#8217;\u0153uvre en moi, l&#8217;objectif est d&#8217;\u00eatre excellent dans ce que je fais et d&#8217;avoir un impact r\u00e9el.<\/p>\n<p><strong>En tant que personne travaillant dans le domaine du d\u00e9veloppement durable et de l&#8217;environnement, \u00eates-vous optimiste pour l&#8217;avenir ?<\/strong><\/p>\n<p>Je crois que l&#8217;espoir est ce qu&#8217;on en fait. Je vais garder espoir et chercher des opportunit\u00e9s dans chaque situation. Il est facile de se sentir accabl\u00e9 ou \u00e9puis\u00e9, mais les choses peuvent changer &#8211; ou peuvent encore changer. Par exemple, si le d\u00e9veloppement durable est votre passion, m\u00eame si tout le monde se concentre sur les dossiers commerciaux, vous pouvez trouver un moyen de faire du d\u00e9veloppement durable un dossier commercial \u00e9galement. L&#8217;essentiel est de trouver des opportunit\u00e9s en toute circonstance et de rester fid\u00e8le \u00e0 ses aspirations.<\/p>\n\n","protected":false},"excerpt":{"rendered":"<p>Rhona Sinamtwa est une consultante ESG en herbe, une entrepreneure sociale et une strat\u00e8ge accomplie, ax\u00e9e sur l&#8217;impact, passionn\u00e9e par la durabilit\u00e9 dans toutes ses dimensions &#8211; affaires, mode et innovation sociale. Dot\u00e9e d&#8217;une solide formation en recherche, en strat\u00e9gie et en mesure d&#8217;impact, elle s&#8217;est engag\u00e9e \u00e0 susciter des changements significatifs \u00e0 l&#8217;intersection de [&hellip;]<\/p>\n","protected":false},"author":1,"featured_media":0,"parent":0,"menu_order":0,"comment_status":"closed","ping_status":"closed","template":"","meta":{"footnotes":""},"class_list":["post-696","page","type-page","status-publish","hentry"],"_links":{"self":[{"href":"https:\/\/www.eliteprogram.ca\/fr\/wp-json\/wp\/v2\/pages\/696","targetHints":{"allow":["GET"]}}],"collection":[{"href":"https:\/\/www.eliteprogram.ca\/fr\/wp-json\/wp\/v2\/pages"}],"about":[{"href":"https:\/\/www.eliteprogram.ca\/fr\/wp-json\/wp\/v2\/types\/page"}],"author":[{"embeddable":true,"href":"https:\/\/www.eliteprogram.ca\/fr\/wp-json\/wp\/v2\/users\/1"}],"replies":[{"embeddable":true,"href":"https:\/\/www.eliteprogram.ca\/fr\/wp-json\/wp\/v2\/comments?post=696"}],"version-history":[{"count":3,"href":"https:\/\/www.eliteprogram.ca\/fr\/wp-json\/wp\/v2\/pages\/696\/revisions"}],"predecessor-version":[{"id":704,"href":"https:\/\/www.eliteprogram.ca\/fr\/wp-json\/wp\/v2\/pages\/696\/revisions\/704"}],"wp:attachment":[{"href":"https:\/\/www.eliteprogram.ca\/fr\/wp-json\/wp\/v2\/media?parent=696"}],"curies":[{"name":"wp","href":"https:\/\/api.w.org\/{rel}","templated":true}]}}