{"id":7,"date":"2021-01-16T00:04:02","date_gmt":"2021-01-16T00:04:02","guid":{"rendered":"http:\/\/eliteprogram.ca\/fr\/?page_id=7"},"modified":"2025-11-25T14:17:22","modified_gmt":"2025-11-25T14:17:22","slug":"postuler","status":"publish","type":"page","link":"https:\/\/www.eliteprogram.ca\/fr\/postuler\/","title":{"rendered":"Postuler"},"content":{"rendered":"\n\n\t<p><strong>D\u00e9butez votre aventure !<\/strong><\/p>\n<p>Votre aventure avec le Programme d&#8217;apprentissage exp\u00e9rimental en innovation, technologie et entrepreneuriat (ELITE) pour la jeunesse noire commence ici avec une application. Veuillez lire le Brochure pour les stagiaires que vous pouvez retrouver <a href=\"https:\/\/www.eliteprogram.ca\/fr\/programme\/\" target=\"_blank\" rel=\"noopener\">ICI<\/a> avant de compl\u00e9ter votre application. Les renseignements personnels soumis par le formulaire resteront confidentiels et seront stock\u00e9s, utilis\u00e9s et divulgu\u00e9s uniquement par ce qui est permis par la <em>Loi sur la protection des renseignements personnels<\/em>, L.R.A. 2000, ch. F-25 (amend\u00e9e).<\/p>\n\t\t\t<a href=\"https:\/\/applyportal.eliteprogram.ca\/index.php\/Main_Page?lang=fr\" target=\"_blank\" rel=\"noopener\">\n\t\t\t\t\t\t\tStagiaires ELITE \u00e0 Edmonton Postuler ici\n\t\t\t\t\t<\/a>\n\t\t\t<a href=\"https:\/\/docs.google.com\/forms\/d\/e\/1FAIpQLSfiqL3sbcWC1ji5aPoAYbWylWmKcyYHDq1gp4CR985ndsmRPg\/viewform?usp=dialog\" target=\"_blank\" rel=\"noopener\">\n\t\t\t\t\t\t\tFormulaire de candidature DiscoverE\n\t\t\t\t\t<\/a>\n\t\t\t<a href=\"https:\/\/applyportal.eliteprogram.ca\/index.php\/Main_Page?lang=fr\" target=\"_blank\" rel=\"noopener\">\n\t\t\t\t\t\t\tStagiaires ELITE \u00e0 Ottawa Postuler ici\n\t\t\t\t\t<\/a>\n\n","protected":false},"excerpt":{"rendered":"<p>D\u00e9butez votre aventure ! Votre aventure avec le Programme d&#8217;apprentissage exp\u00e9rimental en innovation, technologie et entrepreneuriat (ELITE) pour la jeunesse noire commence ici avec une application. Veuillez lire le Brochure pour les stagiaires que vous pouvez retrouver ICI avant de compl\u00e9ter votre application. Les renseignements personnels soumis par le formulaire resteront confidentiels et seront stock\u00e9s, [&hellip;]<\/p>\n","protected":false},"author":1,"featured_media":0,"parent":0,"menu_order":0,"comment_status":"closed","ping_status":"closed","template":"","meta":{"footnotes":""},"class_list":["post-7","page","type-page","status-publish","hentry"],"_links":{"self":[{"href":"https:\/\/www.eliteprogram.ca\/fr\/wp-json\/wp\/v2\/pages\/7","targetHints":{"allow":["GET"]}}],"collection":[{"href":"https:\/\/www.eliteprogram.ca\/fr\/wp-json\/wp\/v2\/pages"}],"about":[{"href":"https:\/\/www.eliteprogram.ca\/fr\/wp-json\/wp\/v2\/types\/page"}],"author":[{"embeddable":true,"href":"https:\/\/www.eliteprogram.ca\/fr\/wp-json\/wp\/v2\/users\/1"}],"replies":[{"embeddable":true,"href":"https:\/\/www.eliteprogram.ca\/fr\/wp-json\/wp\/v2\/comments?post=7"}],"version-history":[{"count":13,"href":"https:\/\/www.eliteprogram.ca\/fr\/wp-json\/wp\/v2\/pages\/7\/revisions"}],"predecessor-version":[{"id":741,"href":"https:\/\/www.eliteprogram.ca\/fr\/wp-json\/wp\/v2\/pages\/7\/revisions\/741"}],"wp:attachment":[{"href":"https:\/\/www.eliteprogram.ca\/fr\/wp-json\/wp\/v2\/media?parent=7"}],"curies":[{"name":"wp","href":"https:\/\/api.w.org\/{rel}","templated":true}]}}