{"id":706,"date":"2025-06-09T06:20:28","date_gmt":"2025-06-09T06:20:28","guid":{"rendered":"https:\/\/www.eliteprogram.ca\/fr\/?page_id=706"},"modified":"2025-06-26T05:53:15","modified_gmt":"2025-06-26T05:53:15","slug":"mobilisation-des-connaissances","status":"publish","type":"page","link":"https:\/\/www.eliteprogram.ca\/fr\/mobilisation-des-connaissances\/","title":{"rendered":"Mobilisation des connaissances"},"content":{"rendered":"\n\n\tDepuis sa cr\u00e9ation en 2021, le Programme ELITE a investi dans l&#8217;\u00e9valuation et la recherche de mani\u00e8re constante et croissante. Afin de produire des donn\u00e9es utiles \u00e0 l&#8217;\u00e9volution du programme et de soutenir des initiatives semblables \u00e0 l&#8217;\u00e9chelle du Canada, ces investissements ont donn\u00e9 lieu \u00e0 la publication et \u00e0 la diffusion de divers rapports, \u00e9tudes, guides et bien plus encore. Cette page permanente sera mise \u00e0 jour pr\u00e9sentant les retomb\u00e9es de la recherche et de la mobilisation des connaissances produites par et pour le Programme ELITE \u00e0 l&#8217;usage des administrateurs du programme, des chercheurs, des \u00e9tudiants et d&#8217;autres membres int\u00e9ress\u00e9s au sein de la communaut\u00e9. Pour toute question concernant ces publications et nos efforts de mobilisation des connaissances, veuillez nous contacter par notre site web <a href=\"www.eliteprogram.ca\/contact-us\">www.eliteprogram.ca\/contact-us<\/a>.\n<h2>\n\t\tConception entrepreneuriale\n\t<\/h2>\n<h2>\n\t\tBien-\u00eatre et encadrement\n\t<\/h2>\n\t\t\t<a href=\"https:\/\/www.eliteprogram.ca\/wp-content\/uploads\/2025\/06\/ELITE%20Entrepreneurship%20Infographic%20Report_FRENCH_V3.pdf\" target=\"_self\">\n\t\t\t\t\t\t\tGuide pratique de la s\u00e9rie d&#8217;activit\u00e9s sur la conception entrepreneuriale\n\t\t\t\t\t<\/a>\n\t\t\t<a href=\"https:\/\/www.eliteprogram.ca\/wp-content\/uploads\/2025\/06\/ELITE%20Program%20Entrepreneurship%20Design%20Series%20Playbook_FRENCH.pdf\" target=\"_self\">\n\t\t\t\t\t\t\tRapport infographique sur la s\u00e9rie d&#8217;activit\u00e9s sur la conception entrepreneuriale\n\t\t\t\t\t<\/a>\n\t\t\t<a href=\"https:\/\/www.eliteprogram.ca\/wp-content\/uploads\/2025\/06\/ELITE%20Program%20Wellness%20and%20Coaching%20Series%20Playbook_FRENCH.pdff\" target=\"_self\">\n\t\t\t\t\t\t\tRapport infographique sur la s\u00e9rie d&#8217;activit\u00e9s sur le bien-\u00eatre et l&#8217;encadrement\n\t\t\t\t\t<\/a>\n\t\t\t<a href=\"https:\/\/www.eliteprogram.ca\/wp-content\/uploads\/2025\/06\/FSC%20ELITE%20Project%20Report_FINAL_Redacted%20for%20Web%20Publication.pdf\" target=\"_self\">\n\t\t\t\t\t\t\t\u00c9valuation holistique et rapport complet sur la mobilisation des connaissances\n\t\t\t\t\t<\/a>\n\t<p>Ce manuel d&#8217;une page d\u00e9crit les objectifs, les activit\u00e9s et les r\u00e9sultats de la s\u00e9rie d&#8217;activit\u00e9s sur la conception entrepreneuriale.<\/p>\n\t<p>D\u00e9velopp\u00e9 par l&#8217;association Black Business Ventures en partenariat avec le Programme ELITE, ce rapport fournit une \u00e9valuation r\u00e9capitulative des donn\u00e9es recueillies pendant trois ans dans le cadre de la s\u00e9rie d&#8217;activit\u00e9s de conception entrepreneuriale.<\/p>\n\t<p>Ce guide pratique d&#8217;une page d\u00e9crit les objectifs, les activit\u00e9s et les r\u00e9sultats de la s\u00e9rie d&#8217;activit\u00e9s sur le bien-\u00eatre et l&#8217;encadrement.<\/p>\n\t<p>Financ\u00e9 par le Future Skills Centre, ce projet a \u00e9valu\u00e9 l&#8217;impact du Programme ELITE sur la pr\u00e9paration \u00e0 l&#8217;emploi comme mod\u00e8le pour de futurs programmes.<\/p>\n<p><strong><em>note: rapport seulement disponible en anglais<\/em><\/strong><\/p>\n\t\t\t\t<img loading=\"lazy\" decoding=\"async\" src=\"https:\/\/www.eliteprogram.ca\/fr\/wp-content\/uploads\/sites\/2\/2025\/06\/KM2.jpg\" alt=\"KM2\" itemprop=\"image\" height=\"1077\" width=\"1438\" title=\"KM2\" onerror=\"this.style.display='none'\"  \/>\n\t\t\t\t<img loading=\"lazy\" decoding=\"async\" src=\"https:\/\/www.eliteprogram.ca\/fr\/wp-content\/uploads\/sites\/2\/2025\/06\/KM3.jpg\" alt=\"KM3\" itemprop=\"image\" height=\"1080\" width=\"1080\" title=\"KM3\" onerror=\"this.style.display='none'\"  \/>\n\t\t\t\t<img loading=\"lazy\" decoding=\"async\" src=\"https:\/\/www.eliteprogram.ca\/fr\/wp-content\/uploads\/sites\/2\/2025\/06\/KM4.jpg\" alt=\"KM4\" itemprop=\"image\" height=\"1080\" width=\"1080\" title=\"KM4\" onerror=\"this.style.display='none'\"  \/>\n\t\t\t\t<img loading=\"lazy\" decoding=\"async\" src=\"https:\/\/www.eliteprogram.ca\/fr\/wp-content\/uploads\/sites\/2\/2025\/06\/KM1.jpg\" alt=\"KM1\" itemprop=\"image\" height=\"1080\" width=\"1080\" title=\"KM1\" onerror=\"this.style.display='none'\"  \/>\n\n","protected":false},"excerpt":{"rendered":"<p>Depuis sa cr\u00e9ation en 2021, le Programme ELITE a investi dans l&#8217;\u00e9valuation et la recherche de mani\u00e8re constante et croissante. Afin de produire des donn\u00e9es utiles \u00e0 l&#8217;\u00e9volution du programme et de soutenir des initiatives semblables \u00e0 l&#8217;\u00e9chelle du Canada, ces investissements ont donn\u00e9 lieu \u00e0 la publication et \u00e0 la diffusion de divers rapports, [&hellip;]<\/p>\n","protected":false},"author":1,"featured_media":0,"parent":0,"menu_order":0,"comment_status":"closed","ping_status":"closed","template":"","meta":{"footnotes":""},"class_list":["post-706","page","type-page","status-publish","hentry"],"_links":{"self":[{"href":"https:\/\/www.eliteprogram.ca\/fr\/wp-json\/wp\/v2\/pages\/706","targetHints":{"allow":["GET"]}}],"collection":[{"href":"https:\/\/www.eliteprogram.ca\/fr\/wp-json\/wp\/v2\/pages"}],"about":[{"href":"https:\/\/www.eliteprogram.ca\/fr\/wp-json\/wp\/v2\/types\/page"}],"author":[{"embeddable":true,"href":"https:\/\/www.eliteprogram.ca\/fr\/wp-json\/wp\/v2\/users\/1"}],"replies":[{"embeddable":true,"href":"https:\/\/www.eliteprogram.ca\/fr\/wp-json\/wp\/v2\/comments?post=706"}],"version-history":[{"count":9,"href":"https:\/\/www.eliteprogram.ca\/fr\/wp-json\/wp\/v2\/pages\/706\/revisions"}],"predecessor-version":[{"id":730,"href":"https:\/\/www.eliteprogram.ca\/fr\/wp-json\/wp\/v2\/pages\/706\/revisions\/730"}],"wp:attachment":[{"href":"https:\/\/www.eliteprogram.ca\/fr\/wp-json\/wp\/v2\/media?parent=706"}],"curies":[{"name":"wp","href":"https:\/\/api.w.org\/{rel}","templated":true}]}}