{"id":724,"date":"2025-06-26T05:27:30","date_gmt":"2025-06-26T05:27:30","guid":{"rendered":"https:\/\/www.eliteprogram.ca\/fr\/?page_id=724"},"modified":"2025-06-26T05:39:52","modified_gmt":"2025-06-26T05:39:52","slug":"au-dela-du-stage-visites-de-sites-et-exposition-a-lindustrie","status":"publish","type":"page","link":"https:\/\/www.eliteprogram.ca\/fr\/au-dela-du-stage-visites-de-sites-et-exposition-a-lindustrie\/","title":{"rendered":"Au-del\u00e0 du stage : Visites de sites et exposition \u00e0 l&#8217;industrie"},"content":{"rendered":"\n\n\t<p><strong>Auteure : <\/strong>Adiki Puplampu<\/p>\n<p><strong>Date : <\/strong>26 Juin 2025<\/p>\n<p>Pour le <a href=\"https:\/\/www.eliteprogram.ca\/fr\/\">Programme ELITE<\/a>, offrir aux jeunes Noir.e.s la possibilit\u00e9 d&#8217;\u00eatre expos\u00e9s \u00e0 des exp\u00e9riences d&#8217;innovation r\u00e9elles ax\u00e9es sur l&#8217;industrie est une priorit\u00e9. Qu&#8217;il s&#8217;agisse de travailler directement sur des projets scientifiques ou de se rendre sur le site d&#8217;une grande entreprise industrielle, ces exp\u00e9riences permettent de rendre plus concr\u00e8tes des aspirations professionnelles qui, au d\u00e9part, peuvent sembler abstraites pour les jeunes qui envisagent diverses carri\u00e8res. L&#8217;apprentissage exp\u00e9rientiel contribue \u00e0 fa\u00e7onner les objectifs professionnels des jeunes et les invite \u00e0 envisager des carri\u00e8res qu&#8217;ils n&#8217;auraient peut-\u00eatre pas envisag\u00e9es autrement.<\/p>\n<p>Au cours des derniers mois, les ancien.ne.s stagiaires du Programme ELITE ont \u00e9t\u00e9 invit\u00e9.e.s \u00e0 visiter les installations de deux grandes entreprises canadiennes. Ils ont tout d&#8217;abord eu l&#8217;occasion de visiter la <a href=\"https:\/\/www.imperialoil.ca\/company\/strathcona\">raffinerie <\/a><a href=\"https:\/\/www.imperialoil.ca\/company\/strathcona\">Imperial<\/a><a href=\"https:\/\/www.imperialoil.ca\/company\/strathcona\">\/Esso \u00e0 Strathcona<\/a>. Au cours de cette visite, organis\u00e9e par la Black Employees Support Team (BEST) d&#8217;Imperial, les personnes \u00e9tudiantes ont pu observer de pr\u00e8s le fonctionnement du laboratoire de la raffinerie, les installations d&#8217;exploitation, l&#8217;usine de production de vapeur et d&#8217;\u00e9lectricit\u00e9, et ont\u00a0 eu la chance d&#8217;avoir un aper\u00e7u de l&#8217;usine de diesel renouvelable qui est actuellement en cours de construction. Apr\u00e8s la visite, les personnes \u00e9tudiantes ont pu rencontrer \u00e0 l&#8217;heure du d\u00eener des\u00a0 membres employ\u00e9s de l&#8217;\u00e9quipe BEST et des membres de l&#8217;\u00e9quipe de leadership d&#8217;Imperial. Fond\u00e9e en 1991, l&#8217;initiative BEST a pour mission \u00ab d&#8217;am\u00e9liorer les capacit\u00e9s techniques et de leadership des membres employ\u00e9s noirs afin de favoriser la r\u00e9alisation des objectifs commerciaux d&#8217;Imp\u00e9rial \u00bb. La premi\u00e8re filiale \u00e9tablie en dehors des \u00c9tats-Unis a \u00e9t\u00e9 lanc\u00e9e au Canada en 2017 et l&#8217;initiative est devenue partie int\u00e9grante de la raffinerie de Strathcona il y a trois ans. Au cours de la rencontre, les \u00e9tudiant.e.s ont b\u00e9n\u00e9fici\u00e9 de conversations avec l&#8217;\u00e9quipe professionnelle et des leaders occupant des postes qu&#8217;ils pourraient un jour occuper.<\/p>\n<p><em>\u00ab Imp\u00e9rial a cr\u00e9\u00e9 une strat\u00e9gie dans le domaine STIM pour ses programmes d&#8217;investissement communautaire. Plus pr\u00e9cis\u00e9ment, nous cherchons \u00e0 soutenir les organisations qui proposent des programmes STIM, en mettant l&#8217;accent sur les groupes sous-repr\u00e9sent\u00e9s, afin de contribuer \u00e0 la cr\u00e9ation d&#8217;un levier de talents \u00e0 long terme \u00bb.<\/em><\/p>\n<ul>\n<li>David Akande, Chef du service de soutien aux op\u00e9rations (Raffinerie de Strathcona, Imperial)<\/li>\n<\/ul>\n\t\t\t\t<img decoding=\"async\" src=\"https:\/\/eliteprogram.ca\/public_html\/wp-content\/uploads\/2025\/06\/Industry%20Article%20-%20Image%201.jpg\" alt=\"Emmanuel Ssempala, Ezra Dese, Matthew Benti, Peter Menghesha \u00e0 Imperial\" itemprop=\"image\" title=\"Industry Article - Image 1.jpg\" onerror=\"this.style.display='none'\"  \/>\n\t\tEmmanuel Ssempala, Ezra Dese, Matthew Benti, Peter Menghesha \u00e0 Imperial\n\t\t\t\t<img decoding=\"async\" src=\"https:\/\/eliteprogram.ca\/public_html\/wp-content\/uploads\/2025\/06\/Industry%20Article%20-%20Image%202.jpg\" alt=\"Les ancien.ne.s stagiaires, les directeurs et ing\u00e9nieurs d'Imperial Oil, David Akande et le Dr Andr\u00e9 McDonald se r\u00e9unissent pour une photo de groupe.\" itemprop=\"image\" title=\"Industry Article - Image 2.jpg\" onerror=\"this.style.display='none'\"  \/>\n\t\tLes ancien.ne.s stagiaires, les directeurs et ing\u00e9nieurs d&#039;Imperial Oil, David Akande et le Dr Andr\u00e9 McDonald se r\u00e9unissent pour une photo de groupe.\n\t<p>Destin\u00e9e aux personnes \u00e9tudiantes en ing\u00e9nierie et en sciences, aux personnes \u00e9tudiantes int\u00e9ress\u00e9es par les syst\u00e8mes \u00e9nerg\u00e9tiques et \u00e0 ceux\/celles qui s&#8217;int\u00e9ressent aux \u00e9tudes environnementales, la visite a donn\u00e9 aux personnes \u00e9tudiantes un aper\u00e7u de la fa\u00e7on dont leurs int\u00e9r\u00eats acad\u00e9miques pourraient se traduire dans le travail pratique d&#8217;une organisation comme Imperial.<\/p>\n<p><em>\u00ab Les visites d&#8217;usines offrent aux stagiaires du [Programme] ELITE l&#8217;occasion d&#8217;\u00e9tablir des liens pratiques avec des concepts th\u00e9oriques et d&#8217;envisager leurs futures carri\u00e8res dans le domaine des STIM. Elles offrent \u00e9galement une opportunit\u00e9 de r\u00e9seautage, de rencontrer et d&#8217;interagir directement avec des membres professionnels noirs qui pourraient devenir des mentors leur permettant de prendre des d\u00e9cisions importantes quant \u00e0 leur choix de carri\u00e8re. Ces exp\u00e9riences soutiennent \u00e9galement notre engagement communautaire et offrent \u00e0 nos membres employ\u00e9s l&#8217;occasion de mettre de l&#8217; avant leurs contributions aux STIM. \u00bb<\/em><\/p>\n<ul>\n<li>David Akande<\/li>\n<\/ul>\n<p>La deuxi\u00e8me visite a eu lieu quelques mois plus tard et a \u00e9t\u00e9 organis\u00e9e par la <a href=\"https:\/\/www.cn.ca\/fr\/carrieres\">Compagnie des chemins de fer nationaux du Canada (CN)<\/a> \u00e0 la gare de triage d&#8217;Edmonton du CN, l&#8217;une des plus grandes gares de triage en Am\u00e9rique du Nord. Du c\u00f4t\u00e9 du CN, l&#8217;organisation de la visite a \u00e9t\u00e9 dirig\u00e9e par t&#8217;Olu Adesanwo, gestionnaire de comptes chez CN.<\/p>\n<p><em>\u00ab J&#8217;ai obtenu ma ma\u00eetrise en g\u00e9nie chimique \u00e0 l&#8217;Universit\u00e9 de l&#8217;Alberta et, \u00e0 l&#8217;\u00e9poque, le seul secteur que je connaissais ou auquel je m&#8217;int\u00e9ressais \u00e9tait celui du p\u00e9trole et du gaz. J&#8217;avais tr\u00e8s peu de connaissances sur le secteur ferroviaire ou sur les possibilit\u00e9s de carri\u00e8re qu&#8217;il offrait. Je dis souvent que j&#8217;ai d\u00e9couvert le secteur ferroviaire &#8216;par hasard&#8217;, et j&#8217;ai \u00e9t\u00e9 \u00e9tonn\u00e9 par la vari\u00e9t\u00e9 des cheminements de carri\u00e8re qui s&#8217;offraient \u00e0 moi. Pour moi, le fait que CN facilite cette visite est une fa\u00e7on de combler le manque de connaissances que j&#8217;avais autrefois &#8211; un manque auquel, je crois, de nombreux \u00e9tudiants de premier cycle sont encore confront\u00e9s lorsqu&#8217;il s&#8217;agit de saisir les possibilit\u00e9s qui sont offertes par l&#8217;industrie ferroviaire. \u00bb<\/em><\/p>\n<ul>\n<li>t&#8217;Olu Adesanwo, gestionnaire de comptes, CN Rail<\/li>\n<\/ul>\n<p>Munis de casques de s\u00e9curit\u00e9 et des vestes de s\u00e9curit\u00e9 jaune vif, les \u00e9tudiant.e.s ont parcouru l&#8217;installation, se retrouvant face \u00e0 face avec les trains rouges embl\u00e9matiques du CN. Ils ont visit\u00e9 le centre de contr\u00f4le de la circulation ferroviaire, o\u00f9 est g\u00e9r\u00e9 tout le trafic ferroviaire au Canada, ainsi que le centre des op\u00e9rations m\u00e9caniques, o\u00f9 les locomotives et les wagons sont entretenus et r\u00e9par\u00e9s. Les personnes \u00e9tudiantes ont \u00e9galement rencontr\u00e9 et re\u00e7u une pr\u00e9sentation de la vice-pr\u00e9sidente des op\u00e9rations du r\u00e9seau du CN Rail, Cassandra Mullee, et ont entendu des technicien.ne.s et des ing\u00e9nieur.e.s parler de leur d\u00e9veloppement de carri\u00e8re au CN Rail.<\/p>\n<p>\u00ab Les \u00e9tudiants, en particulier les immigrants (et les \u00e9tudiants noirs), ont souvent du mal \u00e0 obtenir des postes de stages en milieu pratique &#8211; personnellement, je n&#8217;ai pas eu cette chance malgr\u00e9 tous mes efforts. Mais une visite comme celle-ci donne un aper\u00e7u de ce qu&#8217;est r\u00e9ellement le travail dans l&#8217;industrie, que ce soit en tant qu&#8217;ing\u00e9nieur des proc\u00e9d\u00e9s, conducteur de train ou ing\u00e9nieur des transports. \u00bb<\/p>\n<ul>\n<li>t&#8217;Olu Adesanwo<\/li>\n<\/ul>\n\t\t\t\t<img decoding=\"async\" src=\"https:\/\/www.eliteprogram.ca\/wp-content\/uploads\/2025\/06\/Industry-Articke-Image-3.jpg\" alt=\"Les ancien.ne.s stagiaires du Programme ELITE visitent le centre des op\u00e9rations m\u00e9caniques de CN.\" itemprop=\"image\" title=\"Industry-Articke-Image-3.jpg\" onerror=\"this.style.display='none'\"  \/>\n\t\tLes ancien.ne.s stagiaires du Programme ELITE visitent le centre des op\u00e9rations m\u00e9caniques de CN.\n\t<p>Les possibilit\u00e9s d&#8217;apprentissage offertes par ces visites ont permis aux personnes \u00e9tudiantes de vivre une exp\u00e9rience pr\u00e9cieuse et des perspectives de carri\u00e8re \u00e0 un moment d\u00e9terminant dans leur d\u00e9veloppement professionnel. Le Programme ELITE, la Facult\u00e9 de g\u00e9nie, et l&#8217;Universit\u00e9 de l&#8217;Alberta remercient Imp\u00e9rial et le CN pour leur engagement et leur soutien \u00e0 l&#8217;\u00e9gard du Programme ELITE, en tant que responsables de stage dynamiques et enthousiastes, et pour leur soutien continu.<\/p>\n<p>Si vous travaillez pour une organisation int\u00e9ress\u00e9e \u00e0 coordonner une visite ou une opportunit\u00e9 d&#8217;apprentissage exp\u00e9rientiel avec des stagiaires ou des ancien.ne.s du Programme ELITE, veuillez nous contacter \u00e0 <a href=\"mailto:elite@ualberta.ca\">elite@ualberta.ca<\/a>.<\/p>\n\n","protected":false},"excerpt":{"rendered":"<p>Auteure : Adiki Puplampu Date : 26 Juin 2025 Pour le Programme ELITE, offrir aux jeunes Noir.e.s la possibilit\u00e9 d&#8217;\u00eatre expos\u00e9s \u00e0 des exp\u00e9riences d&#8217;innovation r\u00e9elles ax\u00e9es sur l&#8217;industrie est une priorit\u00e9. Qu&#8217;il s&#8217;agisse de travailler directement sur des projets scientifiques ou de se rendre sur le site d&#8217;une grande entreprise industrielle, ces exp\u00e9riences permettent [&hellip;]<\/p>\n","protected":false},"author":1,"featured_media":0,"parent":0,"menu_order":0,"comment_status":"closed","ping_status":"closed","template":"","meta":{"footnotes":""},"class_list":["post-724","page","type-page","status-publish","hentry"],"_links":{"self":[{"href":"https:\/\/www.eliteprogram.ca\/fr\/wp-json\/wp\/v2\/pages\/724","targetHints":{"allow":["GET"]}}],"collection":[{"href":"https:\/\/www.eliteprogram.ca\/fr\/wp-json\/wp\/v2\/pages"}],"about":[{"href":"https:\/\/www.eliteprogram.ca\/fr\/wp-json\/wp\/v2\/types\/page"}],"author":[{"embeddable":true,"href":"https:\/\/www.eliteprogram.ca\/fr\/wp-json\/wp\/v2\/users\/1"}],"replies":[{"embeddable":true,"href":"https:\/\/www.eliteprogram.ca\/fr\/wp-json\/wp\/v2\/comments?post=724"}],"version-history":[{"count":2,"href":"https:\/\/www.eliteprogram.ca\/fr\/wp-json\/wp\/v2\/pages\/724\/revisions"}],"predecessor-version":[{"id":727,"href":"https:\/\/www.eliteprogram.ca\/fr\/wp-json\/wp\/v2\/pages\/724\/revisions\/727"}],"wp:attachment":[{"href":"https:\/\/www.eliteprogram.ca\/fr\/wp-json\/wp\/v2\/media?parent=724"}],"curies":[{"name":"wp","href":"https:\/\/api.w.org\/{rel}","templated":true}]}}