{"id":8,"date":"2021-01-16T00:04:03","date_gmt":"2021-01-16T00:04:03","guid":{"rendered":"http:\/\/eliteprogram.ca\/fr\/?page_id=8"},"modified":"2025-11-25T14:52:49","modified_gmt":"2025-11-25T14:52:49","slug":"medias","status":"publish","type":"page","link":"https:\/\/www.eliteprogram.ca\/fr\/medias\/","title":{"rendered":"M\u00e9dias"},"content":{"rendered":"\n\n\t<h2><strong>Nouvelles<\/strong><\/h2>\n\t\t\t\t<img loading=\"lazy\" decoding=\"async\" src=\"https:\/\/www.eliteprogram.ca\/fr\/wp-content\/uploads\/sites\/2\/2024\/08\/Image-1-420x280.png\" alt=\"Image 1\" itemprop=\"image\" height=\"280\" width=\"420\" title=\"Image 1\" onerror=\"this.style.display='none'\"  \/>\n\t<p><a href=\"https:\/\/www.ualberta.ca\/en\/folio\/2025\/09\/video-summer-camps-spark-stem-opportunities.html\" target=\"_blank\" rel=\"noopener\">Les \u00e9l\u00e8ves noirs du primaire et du secondaire commencent d\u00e8s maintenant \u00e0 explorer des carri\u00e8res en sciences et en g\u00e9nie.<\/a><\/p>\n\t<hr \/>\n\t\t\t\t<img loading=\"lazy\" decoding=\"async\" src=\"https:\/\/www.eliteprogram.ca\/fr\/wp-content\/uploads\/sites\/2\/2025\/04\/Rhona-Image-2.jpg\" alt=\"Rhona Image 2\" itemprop=\"image\" height=\"1167\" width=\"786\" title=\"Rhona Image 2\" onerror=\"this.style.display='none'\"  \/>\n\t<p><a href=\"https:\/\/www.eliteprogram.ca\/fr\/entrevue-avec-rhona-sinamtwa\/\" target=\"_blank\" rel=\"noopener\">Entrevue avec Rhona Sinamtwa<\/a>.<\/p>\n\t\t\t\t<img loading=\"lazy\" decoding=\"async\" src=\"https:\/\/www.eliteprogram.ca\/fr\/wp-content\/uploads\/sites\/2\/2023\/10\/ELITE-Interns-in-RRL-1.jpg\" alt=\"ELITE Interns in RRL (1)\" itemprop=\"image\" height=\"799\" width=\"1501\" title=\"ELITE Interns in RRL (1)\" onerror=\"this.style.display='none'\"  \/>\n\t<p><a href=\"https:\/\/fsc-ccf.ca\/fr\/blog-elite\/\" target=\"_blank\" rel=\"noopener\">Histoire d&#8217;impact : Renforcer l&#8217;avenir en favorisant les occasions pour les jeunes Noirs en STIM.<\/a><\/p>\n\t<hr \/>\n\t\t\t\t<img loading=\"lazy\" decoding=\"async\" src=\"https:\/\/www.eliteprogram.ca\/fr\/wp-content\/uploads\/sites\/2\/2025\/03\/Irene-Image-S.jpg\" alt=\"Irene Image (S)\" itemprop=\"image\" height=\"886\" width=\"886\" title=\"Irene Image (S)\" onerror=\"this.style.display='none'\"  \/>\n\t<p><a href=\"https:\/\/www.eliteprogram.ca\/fr\/profil-dune-stagiaire-irene-nwokeforo\/\">Irene Nwokeforo, \u00e9tudiante en g\u00e9nie informatique, a pass\u00e9 un \u00e9t\u00e9 \u00e0 explorer la recherche et \u00e0 clarifier sa mission professionnelle.<\/a><\/p>\n\t\t\t\t<img loading=\"lazy\" decoding=\"async\" src=\"https:\/\/www.eliteprogram.ca\/fr\/wp-content\/uploads\/sites\/2\/2025\/06\/Industry-Articke-Image-3.jpg\" alt=\"Industry Articke - Image 3\" itemprop=\"image\" height=\"1080\" width=\"1080\" title=\"Industry Articke - Image 3\" onerror=\"this.style.display='none'\"  \/>\n\t<p><a href=\"https:\/\/www.eliteprogram.ca\/fr\/au-dela-du-stage-visites-de-sites-et-exposition-a-lindustrie\/\" target=\"_blank\" rel=\"noopener\">Visiter de grandes corporations offrent des opportunit\u00e9s d&#8217;apprentissage inestimables pour les ancien.ne.s stagiaires du Programme ELITE.<\/a><\/p>\n\t<hr \/>\n\t\t\t\t<img loading=\"lazy\" decoding=\"async\" src=\"https:\/\/www.eliteprogram.ca\/fr\/wp-content\/uploads\/sites\/2\/2025\/03\/Albert-Image.jpg\" alt=\"Albert-Image\" itemprop=\"image\" height=\"1540\" width=\"1110\" title=\"Albert-Image\" onerror=\"this.style.display='none'\"  \/>\n\t<p><a href=\"https:\/\/www.eliteprogram.ca\/fr\/profil-dun-stagiaire-albert-onyedika\/\">R\u00e9cemment dipl\u00f4m\u00e9 des \u00e9tudes secondaires, Albert Onyedika a atteint quelques-uns de ses objectifs professionnels au cours d&#8217;un \u00e9t\u00e9 pass\u00e9 dans le cadre du Programme ELITE.<\/a><\/p>\n\t\t\t<a href=\"https:\/\/www.eliteprogram.ca\/fr\/nouvelles-archives\/\" target=\"_blank\" rel=\"noopener\">\n\t\t\t\t\t\t\tVoir Plus de Nouvelles et d&#8217;Histoires\n\t\t\t\t\t<\/a>\n<h1>\n\t\tVid\u00e9os\n\t<\/h1>\n\t<iframe loading=\"lazy\" title=\"Video Spotlight: Exposing Black youth to STEM research at summer camp\" width=\"1140\" height=\"641\" src=\"https:\/\/www.youtube.com\/embed\/58rFS7F5QyQ?feature=oembed\" frameborder=\"0\" allow=\"accelerometer; autoplay; clipboard-write; encrypted-media; gyroscope; picture-in-picture; web-share\" referrerpolicy=\"strict-origin-when-cross-origin\" allowfullscreen><\/iframe>\nles camps d&#8217;\u00e9t\u00e9 ouvrent des perspectives dans le domaine des STIM (Vid\u00e9o en anglais)\n\t<iframe loading=\"lazy\" title=\"Mechanical Engineering - Biomedical, Biomechanics, and Human Mechanical Systems\" width=\"1140\" height=\"641\" src=\"https:\/\/www.youtube.com\/embed\/CrRu6J6iAP8?feature=oembed\" frameborder=\"0\" allow=\"accelerometer; autoplay; clipboard-write; encrypted-media; gyroscope; picture-in-picture\" allowfullscreen><\/iframe>\nIng\u00e9nierie des syst\u00e8mes biologiques (Vid\u00e9o en anglais)\n\t<iframe loading=\"lazy\" title=\"Mechanical Engineering - Design and Manufacturing\" width=\"1140\" height=\"641\" src=\"https:\/\/www.youtube.com\/embed\/C77L24PHcJY?feature=oembed\" frameborder=\"0\" allow=\"accelerometer; autoplay; clipboard-write; encrypted-media; gyroscope; picture-in-picture\" allowfullscreen><\/iframe>\nCr\u00e9er, d\u00e9velopper, concevoir de nouvelles choses (Vid\u00e9o en anglais)\n\t<iframe loading=\"lazy\" title=\"Mechanical Engineering - Energy and Environment\" width=\"1140\" height=\"641\" src=\"https:\/\/www.youtube.com\/embed\/mA1kOQNQXQ8?feature=oembed\" frameborder=\"0\" allow=\"accelerometer; autoplay; clipboard-write; encrypted-media; gyroscope; picture-in-picture\" allowfullscreen><\/iframe>\nFormation int\u00e9gr\u00e9e au travail en \u00e9nergie (Vid\u00e9o en anglais)\n\t<iframe loading=\"lazy\" title=\"Mechanical Engineering - Fluid Mechanics and Systems\" width=\"1140\" height=\"641\" src=\"https:\/\/www.youtube.com\/embed\/REbpii_Jopk?feature=oembed\" frameborder=\"0\" allow=\"accelerometer; autoplay; clipboard-write; encrypted-media; gyroscope; picture-in-picture\" allowfullscreen><\/iframe>\nFaites-le couler ! (Vid\u00e9o en anglais)\n\t<iframe loading=\"lazy\" title=\"Mechanical Engineering - Mechanics and Materials\" width=\"1140\" height=\"641\" src=\"https:\/\/www.youtube.com\/embed\/mAoci0ICAIQ?feature=oembed\" frameborder=\"0\" allow=\"accelerometer; autoplay; clipboard-write; encrypted-media; gyroscope; picture-in-picture\" allowfullscreen><\/iframe>\nScience des mat\u00e9riaux (Vid\u00e9o en anglais)\n\t<iframe loading=\"lazy\" title=\"Department of Electrical and Computer Engineering\" width=\"1140\" height=\"641\" src=\"https:\/\/www.youtube.com\/embed\/LSZBrXj3voc?feature=oembed\" frameborder=\"0\" allow=\"accelerometer; autoplay; clipboard-write; encrypted-media; gyroscope; picture-in-picture\" allowfullscreen><\/iframe>\nPerspectives en g\u00e9nie \u00e9lectrique! (Vid\u00e9o en anglais)\n\t<iframe loading=\"lazy\" title=\"UAlberta Faculty of Science - learning opportunities\" width=\"1140\" height=\"641\" src=\"https:\/\/www.youtube.com\/embed\/6ooGivaKLh0?feature=oembed\" frameborder=\"0\" allow=\"accelerometer; autoplay; clipboard-write; encrypted-media; gyroscope; picture-in-picture\" allowfullscreen><\/iframe>\nSubmergez-vous dans l&#8217;univers de la science! (Vid\u00e9o en anglais)\n\n","protected":false},"excerpt":{"rendered":"<p>Nouvelles Les \u00e9l\u00e8ves noirs du primaire et du secondaire commencent d\u00e8s maintenant \u00e0 explorer des carri\u00e8res en sciences et en g\u00e9nie. Entrevue avec Rhona Sinamtwa. Histoire d&#8217;impact : Renforcer l&#8217;avenir en favorisant les occasions pour les jeunes Noirs en STIM. Irene Nwokeforo, \u00e9tudiante en g\u00e9nie informatique, a pass\u00e9 un \u00e9t\u00e9 \u00e0 explorer la recherche et [&hellip;]<\/p>\n","protected":false},"author":1,"featured_media":0,"parent":0,"menu_order":0,"comment_status":"closed","ping_status":"closed","template":"","meta":{"footnotes":""},"class_list":["post-8","page","type-page","status-publish","hentry"],"_links":{"self":[{"href":"https:\/\/www.eliteprogram.ca\/fr\/wp-json\/wp\/v2\/pages\/8","targetHints":{"allow":["GET"]}}],"collection":[{"href":"https:\/\/www.eliteprogram.ca\/fr\/wp-json\/wp\/v2\/pages"}],"about":[{"href":"https:\/\/www.eliteprogram.ca\/fr\/wp-json\/wp\/v2\/types\/page"}],"author":[{"embeddable":true,"href":"https:\/\/www.eliteprogram.ca\/fr\/wp-json\/wp\/v2\/users\/1"}],"replies":[{"embeddable":true,"href":"https:\/\/www.eliteprogram.ca\/fr\/wp-json\/wp\/v2\/comments?post=8"}],"version-history":[{"count":75,"href":"https:\/\/www.eliteprogram.ca\/fr\/wp-json\/wp\/v2\/pages\/8\/revisions"}],"predecessor-version":[{"id":743,"href":"https:\/\/www.eliteprogram.ca\/fr\/wp-json\/wp\/v2\/pages\/8\/revisions\/743"}],"wp:attachment":[{"href":"https:\/\/www.eliteprogram.ca\/fr\/wp-json\/wp\/v2\/media?parent=8"}],"curies":[{"name":"wp","href":"https:\/\/api.w.org\/{rel}","templated":true}]}}