{"id":9,"date":"2021-01-16T00:04:03","date_gmt":"2021-01-16T00:04:03","guid":{"rendered":"http:\/\/eliteprogram.ca\/fr\/?page_id=9"},"modified":"2025-12-18T21:29:13","modified_gmt":"2025-12-18T21:29:13","slug":"dons-et-donateurs","status":"publish","type":"page","link":"https:\/\/www.eliteprogram.ca\/fr\/dons-et-donateurs\/","title":{"rendered":"Dons et Donateurs"},"content":{"rendered":"\n\n\t\t\t\t<img decoding=\"async\" src=\"https:\/\/www.eliteprogram.ca\/wp-content\/uploads\/2023\/09\/ELITE%20Demo%20Day.png\" alt=\"ELITE Demo Day.png\" itemprop=\"image\" title=\"ELITE Demo Day.png\" onerror=\"this.style.display='none'\"  \/>\n\t<p>Le Programme d&#8217;apprentissage exp\u00e9rimental en innovation, technologie et entrepreneuriat (ELITE) pour la jeunesse noire est une vision partag\u00e9e pour fa\u00e7onner la prochaine g\u00e9n\u00e9ration de leaders professionnel-le-s Noir-e-s \u00e0 l&#8217;aide d&#8217;un apprentissage pratique et d&#8217;une formation int\u00e9gr\u00e9e dans les domaines de la technologie et de l&#8217;entrepreneuriat.<\/p>\n\t<p>Nous centralisons l&#8217;expertise de chercheur-e-s de renomm\u00e9e internationale dans des domaines r\u00e9volutionnaires et innovants, de professionnel-le-s chevronn\u00e9-e-s, et de partenaires communautaires pour cr\u00e9er un vivier de talentueux jeunes professionnel-le-s Noir-e-s \u00e9quip\u00e9-e-s d&#8217;outils n\u00e9cessaires pour r\u00e9ussir dans leurs carri\u00e8res. En entreprenant cette initiative remarquable et transformatrice pouvant cr\u00e9er des occasions pour les jeunes personnes Noir-e-s dans notre communaut\u00e9, nous sommes reconnaissant-e-s du soutien g\u00e9n\u00e9reux de nos donateurs\/donatrices. Leur g\u00e9n\u00e9rosit\u00e9 est le t\u00e9moignage d&#8217;un engagement in\u00e9branlable en faveur de la diversit\u00e9, d&#8217;un avenir plus prometteur pour les groupes marginalis\u00e9s et de la cr\u00e9ation d&#8217;une soci\u00e9t\u00e9 plus inclusive et de la pr\u00e9sence de possibilit\u00e9s pour tous ses citoyen-ne-s.<\/p>\n\t<p><strong>Rapports d&#8217;impact<\/strong><\/p>\n<p>Le Programme ELITE pour la jeunesse noire a le plaisir de publier les faits saillants de nos activit\u00e9s et r\u00e9alisations dans nos rapports d&#8217;impact annuels.<\/p>\n\t\t\t<a href=\"https:\/\/www.eliteprogram.ca\/fr\/wp-content\/uploads\/sites\/2\/2025\/12\/ElitePrograms_ImpactReport_Oct_2025_FR-FINAL.pdf\" target=\"_blank\" rel=\"noopener\">\n\t\t\t\t\t\t\tRapport d&#8217;impact 2025\n\t\t\t\t\t<\/a>\n\t\t\t<a href=\"https:\/\/www.eliteprogram.ca\/fr\/wp-content\/uploads\/sites\/2\/2024\/11\/ELITE-Program-Report-Impact-Report-2024-FR.pdf\" target=\"_blank\" rel=\"noopener\">\n\t\t\t\t\t\t\tRapport d&#8217;impact 2024\n\t\t\t\t\t<\/a>\n\t\t\t<a href=\"https:\/\/www.eliteprogram.ca\/fr\/wp-content\/uploads\/sites\/2\/2024\/01\/ELITE-Program-Impact-Report-2023-FR.pdf\" target=\"_blank\" rel=\"noopener\">\n\t\t\t\t\t\t\tRapport d&#8217;impact 2023\n\t\t\t\t\t<\/a>\n\t\t\t<a href=\"https:\/\/www.eliteprogram.ca\/fr\/wp-content\/uploads\/sites\/2\/2023\/02\/ELITE-Program-Impact-Report-2022-FR.pdf\" target=\"_blank\" rel=\"noopener\">\n\t\t\t\t\t\t\tRapport d&#8217;impact 2022\n\t\t\t\t\t<\/a>\n\t\t\t<a href=\"https:\/\/www.eliteprogram.ca\/fr\/wp-content\/uploads\/sites\/2\/2021\/11\/ElitePrograms_ImpactReport_francais.pdf\" target=\"_blank\" rel=\"noopener\">\n\t\t\t\t\t\t\tRapport d&#8217;impact 2021\n\t\t\t\t\t<\/a>\n\t<p><strong>Pourquoi donner ?<\/strong><\/p>\n<p>En donnant au Programme ELITE pour la jeunesse noire, vous donnez l&#8217;occasion aux jeunes Noir-e-s d&#8217;acqu\u00e9rir un apprentissage pratique et une formation int\u00e9gr\u00e9e qui aura un effet majeur sur leurs vies personnelles et professionnelles.<\/p>\n<p>Faites un don s\u00e9curis\u00e9 et instantan\u00e9 au Programme ELITE pour la jeunesse noire.<\/p>\n\t\t\t<a href=\"https:\/\/ualberta.alumniq.com\/giving\/personal-link\/p\/2E663AB7-FA6E-49A6-81B77A9BC0457F2E?appealcode=06244\" target=\"_blank\" rel=\"noopener\">\n\t\t\t\t\t\t\tDonnez Maintenant\n\t\t\t\t\t<\/a>\n\t<p><strong>Pour les corporations et fondations<\/strong><\/p>\n<p>Sur la base d&#8217;une vision commune, nous pouvons \u00e9tablir des partenariats avec les corporations et les fondations afin de g\u00e9n\u00e9rer des avantages mutuels par la philanthropie. Discutons ensemble des possibilit\u00e9s de parrainage pour ce programme d&#8217;apprentissage excitant et innovatrice pour la jeunesse noire.<\/p>\n\t\t\t<a href=\"https:\/\/www.eliteprogram.ca\/fr\/contactez-nous\/\" target=\"_blank\" rel=\"noopener\">\n\t\t\t\t\t\t\tContactez-nous Maintenant\n\t\t\t\t\t<\/a>\n\n","protected":false},"excerpt":{"rendered":"<p>Le Programme d&#8217;apprentissage exp\u00e9rimental en innovation, technologie et entrepreneuriat (ELITE) pour la jeunesse noire est une vision partag\u00e9e pour fa\u00e7onner la prochaine g\u00e9n\u00e9ration de leaders professionnel-le-s Noir-e-s \u00e0 l&#8217;aide d&#8217;un apprentissage pratique et d&#8217;une formation int\u00e9gr\u00e9e dans les domaines de la technologie et de l&#8217;entrepreneuriat. Nous centralisons l&#8217;expertise de chercheur-e-s de renomm\u00e9e internationale dans des [&hellip;]<\/p>\n","protected":false},"author":1,"featured_media":0,"parent":0,"menu_order":0,"comment_status":"closed","ping_status":"closed","template":"","meta":{"footnotes":""},"class_list":["post-9","page","type-page","status-publish","hentry"],"_links":{"self":[{"href":"https:\/\/www.eliteprogram.ca\/fr\/wp-json\/wp\/v2\/pages\/9","targetHints":{"allow":["GET"]}}],"collection":[{"href":"https:\/\/www.eliteprogram.ca\/fr\/wp-json\/wp\/v2\/pages"}],"about":[{"href":"https:\/\/www.eliteprogram.ca\/fr\/wp-json\/wp\/v2\/types\/page"}],"author":[{"embeddable":true,"href":"https:\/\/www.eliteprogram.ca\/fr\/wp-json\/wp\/v2\/users\/1"}],"replies":[{"embeddable":true,"href":"https:\/\/www.eliteprogram.ca\/fr\/wp-json\/wp\/v2\/comments?post=9"}],"version-history":[{"count":20,"href":"https:\/\/www.eliteprogram.ca\/fr\/wp-json\/wp\/v2\/pages\/9\/revisions"}],"predecessor-version":[{"id":751,"href":"https:\/\/www.eliteprogram.ca\/fr\/wp-json\/wp\/v2\/pages\/9\/revisions\/751"}],"wp:attachment":[{"href":"https:\/\/www.eliteprogram.ca\/fr\/wp-json\/wp\/v2\/media?parent=9"}],"curies":[{"name":"wp","href":"https:\/\/api.w.org\/{rel}","templated":true}]}}